{"id":64,"date":"2019-02-28T14:11:43","date_gmt":"2019-02-28T14:11:43","guid":{"rendered":"https:\/\/demo-content.kaliumtheme.com\/bookstore\/?page_id=64"},"modified":"2025-07-14T09:13:13","modified_gmt":"2025-07-14T07:13:13","slug":"about","status":"publish","type":"page","link":"https:\/\/stapis.com.pl\/?page_id=64","title":{"rendered":"O nas"},"content":{"rendered":"<div class=\"wpb-content-wrapper\">[vc_row full_width=&#8221;stretch_row_content_no_spaces&#8221;][vc_column][vc_single_image image=&#8221;1014368&#8243; img_size=&#8221;full&#8221; alignment=&#8221;center&#8221; css=&#8221;.vc_custom_1588410649624{margin-bottom: 0px !important;}&#8221;][\/vc_column][\/vc_row][vc_row full_width=&#8221;stretch_row&#8221; css=&#8221;.vc_custom_1554895255746{background-position: center !important;background-repeat: no-repeat !important;background-size: cover !important;}&#8221;][vc_column][lab_heading title_tag=&#8221;H1&#8243; title=&#8221;O nas&#8221; css=&#8221;.vc_custom_1588411486579{margin-top: 0px !important;padding-top: 0px !important;}&#8221;]Historia Wydawnictwa Stapis[\/lab_heading][\/vc_column][\/vc_row][vc_row full_width=&#8221;stretch_row&#8221; css=&#8221;.vc_custom_1554895255746{background-position: center !important;background-repeat: no-repeat !important;background-size: cover !important;}&#8221;][vc_column][vc_column_text]\n<h2>Wydawnictwo <strong>STAPIS<\/strong>. Od 1990 roku.<\/h2>\n[\/vc_column_text][vc_row_inner][vc_column_inner width=&#8221;1\/2&#8243;][vc_column_text]Wydawnictwo Stapis powsta\u0142o w <strong>1990 roku<\/strong>. Za\u0142o\u017cyli je przyjaciele ze studi\u00f3w, Stabrowski i Pisarek, st\u0105d nazwa <strong>STAPIS<\/strong>. Jednorazowym w\u00f3wczas celem wydawnictwa by\u0142o wydanie tylko jednej ksi\u0105\u017cki &#8211; zbioru wci\u0105\u017c aktualizowanych taryf celno-przewozowych. W tamtych czasach pi\u0119knych pocz\u0105tk\u00f3w III RP przedsi\u0119wzi\u0119cie by\u0142o skazane na sukces. Nale\u017ca\u0142o zatem i\u015b\u0107 za ciosem i zacz\u0119\u0142y si\u0119 ukazywa\u0107 kolejne pozycje, ju\u017c nie tylko informacyjne i nie tylko komercyjne. W mi\u0119dzyczasie STAPIS przypad\u0142 w udziale Pisarkowi, ale wsp\u00f3\u0142praca z kumplem pozosta\u0142a do dzi\u015b. Stapis przeszed\u0142 bardzo d\u0142ug\u0105 drog\u0119 i sta\u0142 si\u0119 ikon\u0105 w\u015br\u00f3d wydawnictw g\u00f3rskich. Wci\u0105\u017c jednak poszukujemy i wydajemy kolejne, coraz lepsze i ciekawsze serie.[\/vc_column_text][\/vc_column_inner][vc_column_inner width=&#8221;1\/2&#8243;][vc_column_text]Specjalizujemy si\u0119\u00a0 w niszy literatury o g\u00f3rach, ale wydajemy r\u00f3wnie\u017c ksi\u0105\u017cki zwi\u0105zane z polityk\u0105 i socjologi\u0105, krytyk\u0105 religii, a nawet ksi\u0105\u017cki ezoteryczne i humorystyczne. Podj\u0119li\u015bmy si\u0119 realizacji ogromnego przedsi\u0119wzi\u0119cia: publikacji siedmiotomowej <strong>Wielkiej Encyklopedii G\u00f3r i Alpinizmu<\/strong> (WEGA) oraz r\u00f3wnie\u017c siedmiotomowej kompleksowej historii taternictwa <strong>Zdobycie Tatr<\/strong> &#8211; wszystkie pod redakcj\u0105 Ma\u0142gorzaty i Jana Kie\u0142kowskich. Nasz\u0105 dum\u0105 jest r\u00f3wnie\u017c znana seria<strong> Literatura g\u00f3rska na \u015bwiecie<\/strong>. W jej ramach od niemal 25 lat wydajemy ksi\u0105\u017cki o alpinizmie, himalaizmie, wielkich \u015bcianach, g\u00f3rach, a przede wszystkim o ludziach, kt\u00f3rzy po\u015bwi\u0119cili swoje \u017cycie, by je zdobywa\u0107. Nasz\u0105 kolejn\u0105 dum\u0105 jest seria <strong>Bez bog\u00f3w &#8211; <\/strong>publikujemy w niej (jako jedni z nielicznych w naszym kraju!) ksi\u0105\u017cki krytykuj\u0105ce religi\u0119. W ramach ciekawostki warto tak\u017ce wspomnie\u0107, \u017ce jeste\u015bmy jedynymi w Polsce wydawcami ezoterycznej serii ksi\u0105\u017cek Ramtha, kt\u00f3ra (\u017ceby nie by\u0142o!) z religi\u0105 ma niewiele lub wr\u0119cz nic wsp\u00f3lnego&#8230;[\/vc_column_text][\/vc_column_inner][\/vc_row_inner][\/vc_column][\/vc_row][vc_row full_width=&#8221;stretch_row&#8221; css=&#8221;.vc_custom_1554895255746{background-position: center !important;background-repeat: no-repeat !important;background-size: cover !important;}&#8221;][vc_column][vc_column_text]\n<h1>Poznajmy si\u0119<\/h1>\n<p>Zesp\u00f3\u0142 Wydawnictwa Stapis[\/vc_column_text][vc_row_inner][vc_column_inner][vc_empty_space height=&#8221;50px&#8221;][\/vc_column_inner][vc_column_inner width=&#8221;1\/2&#8243;][vc_column_text]\n<h2>Anna Pisarek<\/h2>\n[\/vc_column_text][vc_column_text]\n<h2>Prezes<\/h2>\n<p>W\u0142a\u015bcicielka Wydawnictwa Stapis. Absolwentka Akademii Wychowania Fizycznego w Katowicach, wieloletni pedagog i organizatorka imprez sportowych. Kochaj\u0105ca \u017cona i matka, mi\u0142o\u015bniczka g\u00f3r i podr\u00f3\u017cy.\u00a0Nieocenione wsparcie i muza Redaktora Naczelnego. G\u0142\u00f3wna konsultantka estetyczna, doradczyni i inspiratorka wszelkich dzia\u0142a\u0144. Dzier\u017cy piecz\u0119 nad ca\u0142ym Wydawnictwem, wnosi \u0142ad, porz\u0105dek i spok\u00f3j, a kiedy trzeba sprowadza Redaktora Naczelnego na ziemi\u0119 i powstrzymuje przed nadmiernym bujaniem w ob\u0142okach.[\/vc_column_text][\/vc_column_inner][vc_column_inner width=&#8221;1\/2&#8243;][vc_single_image image=&#8221;1015585&#8243; img_size=&#8221;medium&#8221; alignment=&#8221;center&#8221;][\/vc_column_inner][vc_column_inner][vc_separator][\/vc_column_inner][\/vc_row_inner][vc_row_inner][vc_column_inner width=&#8221;1\/2&#8243;][vc_column_text]\n<h2>Stanis\u0142aw Pisarek<\/h2>\n[\/vc_column_text][vc_column_text]\n<h2>Redaktor Naczelny<\/h2>\n<p>Mgr oceanografii fizycznej i wychowania fizycznego. Rzeczywi\u015bcie lubi fizyk\u0119 i nauk\u0119 w og\u00f3le. P\u0142ywa, lata, chodzi, wspina si\u0119, penetruje, je\u017adzi, eksploruje. Zrealizowa\u0142 dwa autorskie projekty turystyczne: \u201eCztery ko\u0144ce Europy\u201d w 2005 roku i \u201eW 80 lat dooko\u0142a przygody\u201d w latach 2011-2019, w kt\u00f3rym powtarza\u0142 polskie wyprawy sprzed II wojny \u015bw. Wydaje ksi\u0105\u017cki o g\u00f3rach i te, kt\u00f3re szukaj\u0105 odpowiedzi na pytanie \u201eo co tu, cholera, chodzi w \u017cyciu?\u201d.[\/vc_column_text][\/vc_column_inner][vc_column_inner width=&#8221;1\/2&#8243;][vc_single_image image=&#8221;1014495&#8243; img_size=&#8221;medium&#8221; alignment=&#8221;center&#8221;][\/vc_column_inner][\/vc_row_inner][vc_row_inner][vc_column_inner][vc_separator][\/vc_column_inner][\/vc_row_inner][\/vc_column][\/vc_row][vc_row][vc_column width=&#8221;1\/2&#8243;][vc_row_inner][vc_column_inner][vc_column_text]\n<h2>Beata Bady\u0144ska<\/h2>\n[\/vc_column_text][\/vc_column_inner][\/vc_row_inner][vc_column_text]\n<h2>T\u0142umaczka, nieoceniona kometa i inspiratorka Wydawnictwa<\/h2>\n<p>Doktor nauk humanistycznych z dziedziny j\u0119zykoznawstwa. T\u0142umacz j\u0119zyka francuskiego i w\u0142oskiego, czasami podbiera prac\u0119 anglistom. Dyplomowany sommelier. Niespe\u0142niony prawnik. Progresywna ateistka z wyboru. Czasami lubi nie by\u0107 feministk\u0105 i wtedy z premedytacj\u0105 akceptuje rozd\u0119te m\u0119skie ego koleg\u00f3w. Darzy bezgranicznym uwielbieniem Ernesta Hemingwaya, Yasmina Khadra, Umberto Eco, Wis\u0142aw\u0119 Szymborsk\u0105 i Joe Lansdale itp. itd. Najch\u0119tniej \u017cy\u0142aby z t\u0142umacze\u0144 ksi\u0105\u017cek, ale si\u0119 nie da. Kocha francuski <em>bon ton<\/em> i w\u0142oskie chaotyczne <em>dolce vita<\/em>. S\u0142aba, ale silna.[\/vc_column_text][\/vc_column][vc_column width=&#8221;1\/2&#8243;][vc_single_image image=&#8221;1014961&#8243; img_size=&#8221;medium&#8221; alignment=&#8221;center&#8221;][\/vc_column][vc_column][vc_separator][\/vc_column][\/vc_row][vc_row][vc_column width=&#8221;1\/2&#8243;][vc_row_inner][vc_column_inner][vc_column_text]\n<h2>Barbara Ba\u0144ka<\/h2>\n[\/vc_column_text][\/vc_column_inner][\/vc_row_inner][vc_column_text]\n<h2>Sekretariat, archiwum, wsp\u00f3\u0142praca w sprzeda\u017cy<\/h2>\n<p>Zwi\u0105zana ze Stapisem niemal od pocz\u0105tku jego istnienia. Pami\u0119\u0107 absolutna Wydawnictwa. Kopalnia wiedzy na temat wydarze\u0144, anegdot, liczb i dat. Je\u015bli czego\u015b nie wiesz &#8211; zapytaj Pani Basi. Uczestniczka i wsp\u00f3\u0142organizatorka wielu imprez g\u00f3rskich. Obecnie na emeryturze, cho\u0107 wci\u0105\u017c wspiera prac\u0119 sekretariatu duchowo.[\/vc_column_text][\/vc_column][vc_column width=&#8221;1\/2&#8243;][vc_single_image image=&#8221;1015586&#8243; img_size=&#8221;medium&#8221; alignment=&#8221;center&#8221;][\/vc_column][vc_column][vc_separator][\/vc_column][\/vc_row][vc_row][vc_column width=&#8221;1\/2&#8243;][vc_row_inner][vc_column_inner][vc_column_text]\n<h2>Maciej \u0141ukasik<\/h2>\n[\/vc_column_text][\/vc_column_inner][\/vc_row_inner][vc_column_text]\n<h2>Grafik, projektant, czarodziej od designu<\/h2>\n<p>Magister in\u017cynier, absolwent Politechniki \u015al\u0105skiej w Gliwicach,<br \/>\nWeb&amp;Graphic Designer, Desktop Publisher, Informatyk.<br \/>\nOd 2010 roku prowadzi w\u0142asn\u0105 Agencj\u0119 Interaktywn\u0105 wsp\u00f3\u0142pracuj\u0105c\u0105 z<br \/>\nwieloma firmami, cz\u0119sto z bran\u017cy technicznej i technologicznej. Autor<br \/>\nlicznych projekt\u00f3w ksi\u0105\u017cek, folder\u00f3w i stron internetowych.<br \/>\nAnarchokapitalista, libertarianin i dataista. Mi\u0142o\u015bnik kryptografii,<br \/>\ntechnologii blockchain, DeFi, kryptowalut i wszelkiej decentralizacji.<br \/>\nPrywatnie, szcz\u0119\u015bliwy ojciec lubi\u0105cy uwarzy\u0107 w\u0142asne piwo i pogra\u0107 na<br \/>\ngitarze.[\/vc_column_text][\/vc_column][vc_column width=&#8221;1\/2&#8243;][vc_single_image image=&#8221;1015162&#8243; img_size=&#8221;medium&#8221; alignment=&#8221;center&#8221;][\/vc_column][vc_column][vc_separator][\/vc_column][\/vc_row][vc_row][vc_column width=&#8221;1\/2&#8243;][vc_row_inner][vc_column_inner][vc_column_text]\n<h2>Marcin Pisarek<\/h2>\n[\/vc_column_text][\/vc_column_inner][\/vc_row_inner][vc_column_text]\n<h2>Magazynier, kierowca<\/h2>\n<p>Absolutny mistrz logistyki. Jego doskona\u0142a wsp\u00f3\u0142praca z dzia\u0142em sprzeda\u017cy jest gwarantem zawsze dok\u0142adnych dostaw na czas. Panuje nie tylko nad magazynem, ale i nad pi\u0142k\u0105 no\u017cn\u0105. Prywatnie jest bowiem \u015bwietnym sportowcem i obiecuj\u0105cym m\u0142odym pi\u0142karzem.[\/vc_column_text][\/vc_column][vc_column width=&#8221;1\/2&#8243;][vc_single_image image=&#8221;1015587&#8243; img_size=&#8221;medium&#8221; alignment=&#8221;center&#8221;][\/vc_column][vc_column][\/vc_column][\/vc_row]\n<\/div>","protected":false},"excerpt":{"rendered":"<p>[vc_row full_width=&#8221;stretch_row_content_no_spaces&#8221;][vc_column][vc_single_image image=&#8221;1014368&#8243; img_size=&#8221;full&#8221; alignment=&#8221;center&#8221; css=&#8221;.vc_custom_1588410649624{margin-bottom: 0px !important;}&#8221;][\/vc_column][\/vc_row][vc_row full_width=&#8221;stretch_row&#8221; css=&#8221;.vc_custom_1554895255746{background-position: center !important;background-repeat: no-repeat !important;background-size: cover !important;}&#8221;][vc_column][lab_heading title_tag=&#8221;H1&#8243; title=&#8221;O nas&#8221; css=&#8221;.vc_custom_1588411486579{margin-top: 0px !important;padding-top: 0px !important;}&#8221;]Historia Wydawnictwa Stapis[\/lab_heading][\/vc_column][\/vc_row][vc_row full_width=&#8221;stretch_row&#8221; css=&#8221;.vc_custom_1554895255746{background-position: center !important;background-repeat: no-repeat !important;background-size: cover !important;}&#8221;][vc_column][vc_column_text] Wydawnictwo STAPIS. Od 1990 roku. [\/vc_column_text][vc_row_inner][vc_column_inner width=&#8221;1\/2&#8243;][vc_column_text]Wydawnictwo Stapis powsta\u0142o w 1990 roku. Za\u0142o\u017cyli je przyjaciele ze studi\u00f3w, Stabrowski i Pisarek, st\u0105d&hellip;<\/p>\n","protected":false},"author":2,"featured_media":0,"parent":0,"menu_order":0,"comment_status":"closed","ping_status":"closed","template":"","meta":{"_acf_changed":false,"footnotes":""},"class_list":["post-64","page","type-page","status-publish","hentry"],"acf":[],"jetpack_sharing_enabled":true,"_links":{"self":[{"href":"https:\/\/stapis.com.pl\/index.php?rest_route=\/wp\/v2\/pages\/64","targetHints":{"allow":["GET"]}}],"collection":[{"href":"https:\/\/stapis.com.pl\/index.php?rest_route=\/wp\/v2\/pages"}],"about":[{"href":"https:\/\/stapis.com.pl\/index.php?rest_route=\/wp\/v2\/types\/page"}],"author":[{"embeddable":true,"href":"https:\/\/stapis.com.pl\/index.php?rest_route=\/wp\/v2\/users\/2"}],"replies":[{"embeddable":true,"href":"https:\/\/stapis.com.pl\/index.php?rest_route=%2Fwp%2Fv2%2Fcomments&post=64"}],"version-history":[{"count":31,"href":"https:\/\/stapis.com.pl\/index.php?rest_route=\/wp\/v2\/pages\/64\/revisions"}],"predecessor-version":[{"id":1021545,"href":"https:\/\/stapis.com.pl\/index.php?rest_route=\/wp\/v2\/pages\/64\/revisions\/1021545"}],"wp:attachment":[{"href":"https:\/\/stapis.com.pl\/index.php?rest_route=%2Fwp%2Fv2%2Fmedia&parent=64"}],"curies":[{"name":"wp","href":"https:\/\/api.w.org\/{rel}","templated":true}]}}