{"id":1013948,"date":"2020-03-05T10:03:41","date_gmt":"2020-03-05T09:03:41","guid":{"rendered":"https:\/\/stapis.com.pl\/?post_type=product&#038;p=1013948"},"modified":"2025-02-12T14:54:15","modified_gmt":"2025-02-12T13:54:15","slug":"zdobycie-tatr-tom-iii-jan-kielkowski","status":"publish","type":"product","link":"https:\/\/stapis.com.pl\/?product=zdobycie-tatr-tom-iii-jan-kielkowski","title":{"rendered":"Zdobycie Tatr. Tom III: Lata 1926\u20131945 &#8211; Jan Kie\u0142kowski"},"content":{"rendered":"<h3><span class=\"fontstyle0\">Niezwykle skrupulatna i wci\u0105gaj\u0105ca historia taternictwa<\/span><\/h3>\n<p><span class=\"fontstyle0\">Rozdzia\u0142y tomu trzeciego &#8220;Zdobycia Tatr&#8221; zawieraj\u0105 opis wszystkich wybitniejszych dokona\u0144 taternickich, kt\u00f3re mia\u0142y miejsce w latach 1926\u20131945. Wyr\u00f3\u017cnione zosta\u0142y na przyk\u0142ad prze\u0142omowe przej\u015bcia na Galerii Gankowej czy Mnichu.\u00a0<\/span><span class=\"fontstyle0\">Jak pisze Jan Kie\u0142kowski:<\/span><\/p>\n<blockquote><p><span class=\"fontstyle0\">\u201ePrzechodz\u0105c hakowo wschodni\u0105 \u015bcian\u0119 Mnicha w 1942 roku, Czes\u0142aw \u0141api\u0144ski i Kazimierz Paszucha chyba ostatecznie rozwi\u0105zali problem sz\u00f3stego stopnia w Tatrach, tym razem w wersji w\u0142oskiej \u2013 sesto grado\u201d. Przej\u015bcie to, wraz z przej\u015bciami nowych,ekstremalnych dr\u00f3g na Galerii Gankowej, niew\u0105tpliwie nale\u017cy zaliczy\u0107 do prze\u0142omowych dokona\u0144 w ca\u0142ej historii taternictwa\u201d.<\/span><\/p><\/blockquote>\n<p><span class=\"fontstyle0\">Wielk\u0105 warto\u015bci\u0105 ksi\u0105\u017cki jest obszerna bibliografia, jak r\u00f3wnie\u017c cytaty oryginalnych sprawozda\u0144 i opis\u00f3w historycznych przej\u015b\u0107, a tak\u017ce liczne ilustracje<\/span><\/p>\n","protected":false},"excerpt":{"rendered":"<p>&nbsp;<\/p>\n<p>&nbsp;<\/p>\n<ul>\n<li>Rok wydania:\u00a0\u00a0 2020<\/li>\n<li>Oprawa:\u00a0\u00a0\u00a0\u00a0\u00a0\u00a0\u00a0\u00a0\u00a0\u00a0 twarda<\/li>\n<li>Liczba stron:\u00a0\u00a0\u00a0 344<\/li>\n<li>Format:\u00a0\u00a0\u00a0\u00a0\u00a0\u00a0\u00a0\u00a0\u00a0\u00a0\u00a0 17.0 x 25.0 cm<\/li>\n<li>ISBN:\u00a0\u00a0 978-83-7967-113-7<\/li>\n<li>Producent: Wydawnictwo Stapis Anna Pisarek, ul. Floriana 2a, 40-288 Katowice, biuro@stapis.com.pl, tel. 605 963 179<\/li>\n<li><\/li>\n<\/ul>\n","protected":false},"featured_media":1013949,"comment_status":"closed","ping_status":"closed","template":"","meta":{"_acf_changed":false},"product_brand":[],"product_cat":[52,1369,576],"product_tag":[257,770,255],"class_list":{"0":"post-1013948","1":"product","2":"type-product","3":"status-publish","4":"has-post-thumbnail","6":"product_cat-literatura-gorska-na-swiecie","7":"product_cat-promocje","8":"product_cat-wszystkie","9":"product_tag-alpinizm","10":"product_tag-historia-taternictwa","11":"product_tag-tatry","13":"first","14":"instock","15":"sale","16":"taxable","17":"shipping-taxable","18":"purchasable","19":"product-type-simple","21":"catalog-layout-default","22":"columns-xs-2"},"acf":[],"jetpack_sharing_enabled":true,"_links":{"self":[{"href":"https:\/\/stapis.com.pl\/index.php?rest_route=\/wp\/v2\/product\/1013948","targetHints":{"allow":["GET"]}}],"collection":[{"href":"https:\/\/stapis.com.pl\/index.php?rest_route=\/wp\/v2\/product"}],"about":[{"href":"https:\/\/stapis.com.pl\/index.php?rest_route=\/wp\/v2\/types\/product"}],"replies":[{"embeddable":true,"href":"https:\/\/stapis.com.pl\/index.php?rest_route=%2Fwp%2Fv2%2Fcomments&post=1013948"}],"wp:featuredmedia":[{"embeddable":true,"href":"https:\/\/stapis.com.pl\/index.php?rest_route=\/wp\/v2\/media\/1013949"}],"wp:attachment":[{"href":"https:\/\/stapis.com.pl\/index.php?rest_route=%2Fwp%2Fv2%2Fmedia&parent=1013948"}],"wp:term":[{"taxonomy":"product_brand","embeddable":true,"href":"https:\/\/stapis.com.pl\/index.php?rest_route=%2Fwp%2Fv2%2Fproduct_brand&post=1013948"},{"taxonomy":"product_cat","embeddable":true,"href":"https:\/\/stapis.com.pl\/index.php?rest_route=%2Fwp%2Fv2%2Fproduct_cat&post=1013948"},{"taxonomy":"product_tag","embeddable":true,"href":"https:\/\/stapis.com.pl\/index.php?rest_route=%2Fwp%2Fv2%2Fproduct_tag&post=1013948"}],"curies":[{"name":"wp","href":"https:\/\/api.w.org\/{rel}","templated":true}]}}