{"id":1014065,"date":"2020-03-26T12:51:58","date_gmt":"2020-03-26T11:51:58","guid":{"rendered":"https:\/\/stapis.com.pl\/?post_type=product&#038;p=1014065"},"modified":"2024-01-30T11:40:02","modified_gmt":"2024-01-30T10:40:02","slug":"1014065","status":"publish","type":"product","link":"https:\/\/stapis.com.pl\/?product=1014065","title":{"rendered":"Stworzenie \u015bwiata &#8211; Jean Effel, Kornel Makuszy\u0144ski"},"content":{"rendered":"<p>Na &#8220;Stworzenie \u015bwiata&#8221; sk\u0142adaj\u0105 si\u0119 opowiadanie Kornela Makuszy\u0144skiego &#8220;Rajska opowie\u015b\u0107&#8221; ze zbioru humoresek &#8220;Rzeczy weso\u0142e&#8221; (1910 r.) oraz absolutnie kultowe rysunki satyryczne karykaturzysty Jeana Effela z lat 1945-1955.\u00a0 To ksi\u0105\u017cka pe\u0142na zaskakuj\u0105cego, mocnego humoru i trafnych spostrze\u017ce\u0144 dotycz\u0105cych mitu stworzenia \u015bwiata i pierwszych ludzi, do kt\u00f3rego obaj autorzy maj\u0105 mn\u00f3stwo dystansu.<\/p>\n<p>&#8220;Stworzenie \u015bwiata&#8221; to jedna z pierwszych ksi\u0105\u017cek wydana nak\u0142adem Wydawnictwa Stapis.<\/p>\n<p>ISBN 83-85145-19-2<\/p>\n<p>Ilo\u015b\u0107 stron: 160<\/p>\n","protected":false},"excerpt":{"rendered":"<p>Na &#8220;Stworzenie \u015bwiata&#8221; sk\u0142adaj\u0105 si\u0119 opowiadanie Kornela Makuszy\u0144skiego &#8220;Rajska opowie\u015b\u0107&#8221; ze zbioru humoresek &#8220;Rzeczy weso\u0142e&#8221; (1910 r.) oraz absolutnie kultowe rysunki satyryczne karykaturzysty Jeana Effela z lat 1945-1955.\u00a0 To ksi\u0105\u017cka pe\u0142na zaskakuj\u0105cego, mocnego humoru i trafnych spostrze\u017ce\u0144 dotycz\u0105cych mitu stworzenia \u015bwiata i pierwszych ludzi, do kt\u00f3rego obaj autorzy maj\u0105 mn\u00f3stwo dystansu. &#8220;Stworzenie \u015bwiata&#8221; to jedna&hellip;<\/p>\n","protected":false},"featured_media":1014066,"comment_status":"closed","ping_status":"closed","template":"","meta":{"_acf_changed":false},"product_brand":[],"product_cat":[576],"product_tag":[237,785,787,786,790,788,789],"class_list":{"0":"post-1014065","1":"product","2":"type-product","3":"status-publish","4":"has-post-thumbnail","6":"product_cat-wszystkie","7":"product_tag-humor","8":"product_tag-jean-effel","9":"product_tag-karykatura","10":"product_tag-kornel-makuszynski","11":"product_tag-rajska-opowiesc","12":"product_tag-satyra","13":"product_tag-stworzenie-swiata","15":"first","16":"instock","17":"taxable","18":"shipping-taxable","19":"purchasable","20":"product-type-simple","22":"catalog-layout-default","23":"columns-xs-2"},"acf":[],"jetpack_sharing_enabled":true,"_links":{"self":[{"href":"https:\/\/stapis.com.pl\/index.php?rest_route=\/wp\/v2\/product\/1014065","targetHints":{"allow":["GET"]}}],"collection":[{"href":"https:\/\/stapis.com.pl\/index.php?rest_route=\/wp\/v2\/product"}],"about":[{"href":"https:\/\/stapis.com.pl\/index.php?rest_route=\/wp\/v2\/types\/product"}],"replies":[{"embeddable":true,"href":"https:\/\/stapis.com.pl\/index.php?rest_route=%2Fwp%2Fv2%2Fcomments&post=1014065"}],"wp:featuredmedia":[{"embeddable":true,"href":"https:\/\/stapis.com.pl\/index.php?rest_route=\/wp\/v2\/media\/1014066"}],"wp:attachment":[{"href":"https:\/\/stapis.com.pl\/index.php?rest_route=%2Fwp%2Fv2%2Fmedia&parent=1014065"}],"wp:term":[{"taxonomy":"product_brand","embeddable":true,"href":"https:\/\/stapis.com.pl\/index.php?rest_route=%2Fwp%2Fv2%2Fproduct_brand&post=1014065"},{"taxonomy":"product_cat","embeddable":true,"href":"https:\/\/stapis.com.pl\/index.php?rest_route=%2Fwp%2Fv2%2Fproduct_cat&post=1014065"},{"taxonomy":"product_tag","embeddable":true,"href":"https:\/\/stapis.com.pl\/index.php?rest_route=%2Fwp%2Fv2%2Fproduct_tag&post=1014065"}],"curies":[{"name":"wp","href":"https:\/\/api.w.org\/{rel}","templated":true}]}}