{"id":1015494,"date":"2020-11-19T11:28:07","date_gmt":"2020-11-19T10:28:07","guid":{"rendered":"https:\/\/www.stapis.com.pl\/?post_type=product&#038;p=1015494"},"modified":"2025-02-12T15:18:36","modified_gmt":"2025-02-12T14:18:36","slug":"wskazowki-na-droge-do-domu-ptaah-jani-king","status":"publish","type":"product","link":"https:\/\/stapis.com.pl\/?product=wskazowki-na-droge-do-domu-ptaah-jani-king","title":{"rendered":"Wskaz\u00f3wki na drog\u0119 do domu \u2013 P&#8217;taah, Jani King"},"content":{"rendered":"<h2><i>Mi\u0142o\u015b\u0107 jest prawd\u0105 o tym, kim naprawd\u0119 jeste\u015b&#8230;<\/i><\/h2>\n<p>Kim jest P\u2019taah? To pasmo energii, kt\u00f3re istnieje wsz\u0119dzie i\u00a0w\u00a0ka\u017cdym czasie. Twierdzi, \u017ce by\u0142o z nami zawsze. Teraz zosta\u0142o przywo\u0142ane przez nasze g\u0142\u0119bokie pragnienie, by wiedzie\u0107 lepiej, kim naprawd\u0119 jeste\u015bmy. Przyby\u0142o wype\u0142nione bezwarunkow\u0105 mi\u0142o\u015bci\u0105, by pom\u00f3c nam odnale\u017a\u0107 drog\u0119 do Domu&#8230;<\/p>\n<p>Jani King (ur. 1943 w Nowej Zelandii) \u2013 znane na ca\u0142ym \u015bwiecie medium, dzi\u0119ki kt\u00f3remu poznajemy przes\u0142anie pochodz\u0105cej z konstelacji Plejad istoty o imieniu P\u2019taah. W roku 1989 Jani wzi\u0119\u0142a udzia\u0142 w sesji Azeny Ramanda \u2013 kana\u0142u dla Ducha o imieniu Adamus Saint Germain. Rozmowa z Saint Germainem pozwoli\u0142a jej ujrze\u0107 w\u0142asne dzieci\u0144stwo z zupe\u0142nie nowej perspektywy. To w\u0142a\u015bnie mi\u0119dzy innymi to do\u015bwiadczenie pozwoli\u0142o jej w 1961 roku spotka\u0107 si\u0119 z P\u2019taah, kt\u00f3re ukaza\u0142o si\u0119 jej pod postaci\u0105 cudownie mieni\u0105cego si\u0119 \u015bwiat\u0142em cia\u0142a.<\/p>\n<p>P\u2019taah przekaza\u0142o ludziom swojej przes\u0142anie za po\u015brednictwem cia\u0142a Jani King po raz pierwszy w 1989 roku, a od jesieni 1991 roku co tydzie\u0144 odbywaj\u0105 si\u0119 z nimi sesje channelingu. W ich trakcie P\u2019taah przedstawia swoje podstawowe nauki i odpowiada na szereg pyta\u0144 zadawanych przez obecnych. Sta\u0142y si\u0119 one podstaw\u0105 pierwszej ksi\u0105\u017cki P\u2019taah i Jani King pt. <i>An Act of Faith<\/i> (1991).<\/p>\n<p>Wi\u0119cej informacji na temat Jani King i P\u2019taah mo\u017cna znale\u017a\u0107 na stronie <a href=\"http:\/\/www.ptaah.com.eu\">www.ptaah.com.au<\/a><\/p>\n<p>&nbsp;<\/p>\n<blockquote><p>Generacja za generacj\u0105 wierzyli\u015bcie w <em>K\u0142amstwo. K\u0142amstwo<\/em> wmawia wam, \u017ce jeste\u015bcie bezwarto\u015bciowymi, wype\u0142nionymi poczuciem winy istotami pe\u0142nymi grzechu. M\u00f3wi wam, \u017ce istnieje B\u00f3g, kt\u00f3ry s\u0105dzi i karze, a je\u017celi nie robicie tego czy tamtego, to nie jeste\u015bcie warci mi\u0142o\u015bci Boga ani nikogo innego \u2013 nie zas\u0142ugujecie na cudowno\u015b\u0107<em>,<\/em> kt\u00f3r\u0105 mogliby\u015bcie dla siebie wymarzy\u0107.<\/p>\n<p><em>K\u0142amstwo<\/em> sugeruje, \u017ce aby\u015bcie byli czego\u015b warci, musicie \u017cy\u0107 w zgodzie z przyj\u0119tym sposobem post\u0119powania; z obrz\u0119dami i rytua\u0142ami obowi\u0105zuj\u0105cymi w spo\u0142ecze\u0144stwie. Stawia si\u0119 przed wami przyk\u0142ad \u201esko\u0144czonej, doskona\u0142ej i idealnej osoby\u201d, kt\u00f3r\u0105 mogliby\u015bcie by\u0107, gdyby\u015bcie tylko nie pope\u0142niali b\u0142\u0119d\u00f3w.<\/p>\n<p>Prawd\u0105 jest, \u017ce nigdy nie b\u0119dziecie doskonali i nigdy nie b\u0119dziecie \u201euko\u0144czeni\u201d, poniewa\u017c jeste\u015bcie doskona\u0142o\u015bci\u0105 rozwijaj\u0105c\u0105 si\u0119 w niesko\u0144czono\u015b\u0107. Jak to mo\u017cliwe, \u017ce wy \u2013 <em>My\u015bl-w-Umy\u015ble-Kreacji, Doskona\u0142a i Wieczna Ekspresja \u0179r\u00f3d\u0142a<\/em> \u2013 na co\u015b nie zas\u0142ugujecie?<\/p>\n<p>To zasiane w kolektywnej \u015bwiadomo\u015bci <em>K\u0142amstwo<\/em> by\u0142o i nadal jest najpot\u0119\u017cniejszym narz\u0119dziem manipulacji i kontroli.<\/p>\n<p>Wspaniale si\u0119 jednak sk\u0142ada, \u017ce jako jednostki jeste\u015bcie pot\u0119\u017cniejsi od kolektywnej \u015bwiadomo\u015bci. Poprzez fakt, \u017ce wszyscy jeste\u015bcie po\u0142\u0105czeni, kiedy si\u0119gacie do bardziej rozwini\u0119tej \u015bwiadomo\u015bci samych siebie, przyczyniacie si\u0119 do rozwoju ca\u0142ego gatunku. <em>K\u0142amstwo<\/em> traci wtedy swoj\u0105 moc.<\/p>\n<p>Ka\u017cdy z was jest nieprawdopodobnie pot\u0119\u017cn\u0105, duchow\u0105 istot\u0105, tworz\u0105c\u0105 i <em>wsp\u00f3\u0142-tworz\u0105c\u0105<\/em> codzienn\u0105 egzystencj\u0119. Nie ma sytuacji czy do\u015bwiadczenia, kt\u00f3re mia\u0142oby inne znaczenie ni\u017c to, kt\u00f3re mu nadacie. Kiedy zaczynacie odkrywa\u0107 prawd\u0119 o tym, kim naprawd\u0119 jeste\u015bcie, i rozpoczynacie \u017cycie w wolno\u015bci oraz rado\u015bci, zaprzeczacie <em>K\u0142amstwu<\/em> i stajecie si\u0119 przyk\u0142adem wi\u0119kszych mo\u017cliwo\u015bci.<\/p><\/blockquote>\n<p>&nbsp;<\/p>\n<p>&nbsp;<\/p>\n","protected":false},"excerpt":{"rendered":"<p>&nbsp;<\/p>\n<p>&nbsp;<\/p>\n<p><span style=\"font-weight: 400;\">ISBN: 978-83-7967-136-6<\/span><\/p>\n<p><span style=\"font-weight: 400;\">Ilo\u015b\u0107 stron: 92<\/span><\/p>\n<p><span style=\"font-weight: 400;\">Format: 146 x 206 mm<\/span><\/p>\n<p><span style=\"font-weight: 400;\">Ok\u0142adka: mi\u0119kka<\/span><\/p>\n<p>Producent: Wydawnictwo Stapis Anna Pisarek, ul. Floriana 2a, 40-288 Katowice, biuro@stapis.com.pl, tel. 605 963 179<\/p>\n<p>&nbsp;<\/p>\n<p><a href=\"https:\/\/www.stapis.com.pl\/?product_cat=ezoteryka\"><img loading=\"lazy\" decoding=\"async\" class=\"alignnone wp-image-1015493\" src=\"https:\/\/www.stapis.com.pl\/wp-content\/uploads\/2020\/11\/poszukiwania_logo-300x209.png\" alt=\"\" width=\"210\" height=\"146\" srcset=\"https:\/\/stapis.com.pl\/wp-content\/uploads\/2020\/11\/poszukiwania_logo-300x209.png 300w, https:\/\/stapis.com.pl\/wp-content\/uploads\/2020\/11\/poszukiwania_logo-450x313.png 450w, https:\/\/stapis.com.pl\/wp-content\/uploads\/2020\/11\/poszukiwania_logo-768x534.png 768w, https:\/\/stapis.com.pl\/wp-content\/uploads\/2020\/11\/poszukiwania_logo-600x417.png 600w, https:\/\/stapis.com.pl\/wp-content\/uploads\/2020\/11\/poszukiwania_logo-468x328.png 468w, https:\/\/stapis.com.pl\/wp-content\/uploads\/2020\/11\/poszukiwania_logo-558x388.png 558w, https:\/\/stapis.com.pl\/wp-content\/uploads\/2020\/11\/poszukiwania_logo-655x455.png 655w, https:\/\/stapis.com.pl\/wp-content\/uploads\/2020\/11\/poszukiwania_logo.png 800w\" sizes=\"auto, (max-width: 210px) 100vw, 210px\" \/><\/a><\/p>\n","protected":false},"featured_media":1015492,"comment_status":"closed","ping_status":"closed","template":"","meta":{"_acf_changed":false},"product_brand":[],"product_cat":[57,576],"product_tag":[1216,312,1215,1217,1214,311],"class_list":{"0":"post-1015494","1":"product","2":"type-product","3":"status-publish","4":"has-post-thumbnail","6":"product_cat-ezoteryka","7":"product_cat-wszystkie","8":"product_tag-channeling","9":"product_tag-ezoteryka","10":"product_tag-jani-king","11":"product_tag-medium","12":"product_tag-ptaah","13":"product_tag-poszukiwania","15":"first","16":"instock","17":"taxable","18":"shipping-taxable","19":"purchasable","20":"product-type-simple","22":"catalog-layout-default","23":"columns-xs-2"},"acf":[],"jetpack_sharing_enabled":true,"_links":{"self":[{"href":"https:\/\/stapis.com.pl\/index.php?rest_route=\/wp\/v2\/product\/1015494","targetHints":{"allow":["GET"]}}],"collection":[{"href":"https:\/\/stapis.com.pl\/index.php?rest_route=\/wp\/v2\/product"}],"about":[{"href":"https:\/\/stapis.com.pl\/index.php?rest_route=\/wp\/v2\/types\/product"}],"replies":[{"embeddable":true,"href":"https:\/\/stapis.com.pl\/index.php?rest_route=%2Fwp%2Fv2%2Fcomments&post=1015494"}],"wp:featuredmedia":[{"embeddable":true,"href":"https:\/\/stapis.com.pl\/index.php?rest_route=\/wp\/v2\/media\/1015492"}],"wp:attachment":[{"href":"https:\/\/stapis.com.pl\/index.php?rest_route=%2Fwp%2Fv2%2Fmedia&parent=1015494"}],"wp:term":[{"taxonomy":"product_brand","embeddable":true,"href":"https:\/\/stapis.com.pl\/index.php?rest_route=%2Fwp%2Fv2%2Fproduct_brand&post=1015494"},{"taxonomy":"product_cat","embeddable":true,"href":"https:\/\/stapis.com.pl\/index.php?rest_route=%2Fwp%2Fv2%2Fproduct_cat&post=1015494"},{"taxonomy":"product_tag","embeddable":true,"href":"https:\/\/stapis.com.pl\/index.php?rest_route=%2Fwp%2Fv2%2Fproduct_tag&post=1015494"}],"curies":[{"name":"wp","href":"https:\/\/api.w.org\/{rel}","templated":true}]}}