{"id":1015556,"date":"2020-11-27T14:13:08","date_gmt":"2020-11-27T13:13:08","guid":{"rendered":"https:\/\/www.stapis.com.pl\/?post_type=product&#038;p=1015556"},"modified":"2025-12-23T13:53:46","modified_gmt":"2025-12-23T12:53:46","slug":"zapowiedz-trawers-adam-gomola","status":"publish","type":"product","link":"https:\/\/stapis.com.pl\/?product=zapowiedz-trawers-adam-gomola","title":{"rendered":"Trawers &#8211; Adam Gomola"},"content":{"rendered":"<p><em>To ksi\u0105\u017cka-przewodnik dla tych, kt\u00f3rzy chc\u0105 ciekawiej korzysta\u0107 z nart. Inspiruj\u0105ca opowie\u015b\u0107 o zmaganiu si\u0119 nie tylko z g\u00f3rami, ale r\u00f3wnie\u017c z w\u0142asnymi s\u0142abo\u015bciami. Pasjonuj\u0105ca opowie\u015b\u0107 o pokonywaniu trudnych szlak\u00f3w w Tatrach i Alpach, b\u0119d\u0105c raz na wozie, raz pod wozem, ale za ka\u017cdym razem interesuj\u0105co. Wszystkie opisane przez Autora wyzwania naznaczone s\u0105 wielk\u0105 rado\u015bci\u0105 z uprawiania skialpinizmu, ale przede wszystkim wielk\u0105 pokor\u0105 dla G\u00f3r. Historie z Trawersu \u201ezara\u017caj\u0105\u201d. (<\/em>Krzysztof Wielicki)<\/p>\n<p>&nbsp;<\/p>\n<p><em><span class=\"d2edcug0 hpfvmrgz qv66sw1b c1et5uql rrkovp55 a8c37x1j keod5gw0 nxhoafnm aigsh9s9 d3f4x2em fe6kdd0r mau55g9w c8b282yb iv3no6db jq4qci2q a3bd9o3v knj5qynh oo9gr5id hzawbc8m\" dir=\"auto\">Znam Adama od dawna. Jest jednym z najbardziej do\u015bwiadczonych specjalist\u00f3w od narciarstwa wysokog\u00f3rskiego w Polsce. Zanim wzi\u0105\u0142em t\u0119 ksi\u0105\u017ck\u0119 do r\u0119ki, zna\u0142em go jako utytu\u0142owanego zawodnika w skialpinizmie. Teraz wiem, \u017ce to tak\u017ce spec od d\u0142ugich i wymagaj\u0105cych wypraw narciarskich. I w\u0142a\u015bnie o tym jest ta opowie\u015b\u0107. To szczeg\u00f3\u0142owa, pe\u0142na emocji relacja z wypraw w Tatry i Alpy. Znajdziemy w niej zar\u00f3wno rys historyczny, inspiracje autora, jak i opis przygotowa\u0144 oraz szczeg\u00f3\u0142owy przebieg, m\u00f3wi\u0105c j\u0119zykiem zakopia\u0144czyk\u00f3w, \u201ewyrypy\u201d. Z t\u0105 sprawnie napisan\u0105 ksi\u0105\u017ck\u0105 w r\u0119ku jestem got\u00f3w na wypraw\u0119. \u017bartowa\u0142em\u2026 A na powa\u017cnie, polecam j\u0105 wszystkim, kt\u00f3rzy ju\u017c zamienili zjazd\u00f3wki na narty turowe, ale przede wszystkim tym, kt\u00f3rzy chc\u0105 wyj\u015b\u0107 poza stref\u0119 komfortu i prze\u017cy\u0107 prawdziw\u0105 narciarsk\u0105 przygod\u0119. Adamie, czekam na ci\u0105g dalszy\u2026 (<\/span><\/em>Piotr Pustelnik)<\/p>\n<p>&nbsp;<\/p>\n<h4>Fragment ksi\u0105\u017cki<\/h4>\n<blockquote><p>Jest kwietniowa ciemna noc. Le\u017cymy razem z Ma\u0107kiem na stryszku w schronisku nad Zielonym Stawem Kie\u017cmarskim (Brn\u010dalovej Chacie), przykryci cienkimi kocami, i nie mo\u017cemy zasn\u0105\u0107. Na zewn\u0105trz szaleje wiatr, a w mojej g\u0142owie k\u0142\u0119bi\u0105 si\u0119 ponure my\u015bli. Co przyniesie nast\u0119pny dzie\u0144? Czy sprostamy wyzwaniu, kt\u00f3re sobie postawili\u015bmy? Czy bezpiecznie dotrzemy do Zakopanego? Czy nie pope\u0142nimy jakiego\u015b brzemiennego w skutkach b\u0142\u0119du? Kiedy planujesz tras\u0119 w domowym zaciszu, wszystko wygl\u0105da \u0142atwo, ale zabawa zaczyna si\u0119 dopiero wtedy, gdy musisz zmierzy\u0107 si\u0119 z g\u00f3rsk\u0105 rzeczywisto\u015bci\u0105. G\u00f3ry s\u0105 pi\u0119kne i okrutne zarazem. Daj\u0105 tyle samo rado\u015bci, co i smutku. Gdy wyznaczasz sobie jaki\u015b ambitny cel, musisz zdawa\u0107 sobie spraw\u0119, \u017ce co\u015b mo\u017ce nie p\u00f3j\u015b\u0107 po twojej my\u015bli. Trzeba by\u0107 przygotowanym na r\u00f3\u017cne warianty, by nie znale\u017a\u0107 si\u0119 w sytuacji bez wyj\u015bcia. Zawsze te\u017c tw\u00f3j cel nie powinien przekracza\u0107 twoich aktualnych mo\u017cliwo\u015bci.<\/p><\/blockquote>\n<h4>O Autorze<\/h4>\n<p>Adam Gomola &#8211; przewodnik tatrza\u0144ski i beskidzki, instruktor przewodnictwa i narciarstwa Mistrz Polski i zdobywca Pucharu Polski w narciarstwie wysokog\u00f3rskim. Reprezentant Polski na Mistrzostwach \u015awiata i Europy w narciarstwie wysokog\u00f3rskim. Uczestnik mi\u0119dzynarodowych zawod\u00f3w Pierra Menta, Trofeo Mezzalama, Adamello Ski Raid i Patrouille des Glaciers. Autor jednodniowych przej\u015b\u0107 trawersu Tatr Wysokich z Ma\u0107kiem Borowskim w 2013 r., Tatr Zachodnich z Jackiem Czechem w 2015r., ca\u0142ych Tatr z Bartkiem Golcem w 2017 r. oraz trawersu ca\u0142ych Alp z okolic Wiednia do Nicei w 34 dni,\u00a0 w 2018 r.<\/p>\n<p>&nbsp;<\/p>\n","protected":false},"excerpt":{"rendered":"<p>&nbsp;<\/p>\n<p><b>ISBN: <\/b><b>978-83-7967-147-2<\/b><\/p>\n<p>Format: 161\u00d7236 mm<\/p>\n<p>Ilo\u015b\u0107 stron: 160<\/p>\n<p>Ok\u0142adka: mi\u0119kka ze skrzyde\u0142kami<\/p>\n<p>Producent: Wydawnictwo Stapis Anna Pisarek, ul. Floriana 2a, 40-288 Katowice, biuro@stapis.com.pl, tel. 605 963 179<\/p>\n<p><a href=\"https:\/\/www.stapis.com.pl\/wp-content\/uploads\/2019\/11\/logo-Literat\u00f3ra-G\u00f3rska-na-\u015awiecie.jpg\"><img loading=\"lazy\" decoding=\"async\" class=\"alignnone wp-image-1014061\" src=\"https:\/\/www.stapis.com.pl\/wp-content\/uploads\/2019\/11\/logo-Literat\u00f3ra-G\u00f3rska-na-\u015awiecie-300x134.jpg\" alt=\"logo Literat\u00f3ra G\u00f3rska na \u015awiecie-Wydawnictwo STAPIS\" width=\"264\" height=\"118\" srcset=\"https:\/\/stapis.com.pl\/wp-content\/uploads\/2019\/11\/logo-Literat\u00f3ra-G\u00f3rska-na-\u015awiecie-300x134.jpg 300w, https:\/\/stapis.com.pl\/wp-content\/uploads\/2019\/11\/logo-Literat\u00f3ra-G\u00f3rska-na-\u015awiecie-450x200.jpg 450w, https:\/\/stapis.com.pl\/wp-content\/uploads\/2019\/11\/logo-Literat\u00f3ra-G\u00f3rska-na-\u015awiecie-1024x456.jpg 1024w, https:\/\/stapis.com.pl\/wp-content\/uploads\/2019\/11\/logo-Literat\u00f3ra-G\u00f3rska-na-\u015awiecie-768x342.jpg 768w, https:\/\/stapis.com.pl\/wp-content\/uploads\/2019\/11\/logo-Literat\u00f3ra-G\u00f3rska-na-\u015awiecie-600x267.jpg 600w, https:\/\/stapis.com.pl\/wp-content\/uploads\/2019\/11\/logo-Literat\u00f3ra-G\u00f3rska-na-\u015awiecie-1536x684.jpg 1536w, https:\/\/stapis.com.pl\/wp-content\/uploads\/2019\/11\/logo-Literat\u00f3ra-G\u00f3rska-na-\u015awiecie-2048x912.jpg 2048w, https:\/\/stapis.com.pl\/wp-content\/uploads\/2019\/11\/logo-Literat\u00f3ra-G\u00f3rska-na-\u015awiecie-370x165.jpg 370w, https:\/\/stapis.com.pl\/wp-content\/uploads\/2019\/11\/logo-Literat\u00f3ra-G\u00f3rska-na-\u015awiecie-1040x463.jpg 1040w\" sizes=\"auto, (max-width: 264px) 100vw, 264px\" \/><\/a><\/p>\n<p>&nbsp;<\/p>\n<p>&nbsp;<\/p>\n<p>&nbsp;<\/p>\n","protected":false},"featured_media":1015557,"comment_status":"closed","ping_status":"closed","template":"","meta":{"_acf_changed":false},"product_brand":[],"product_cat":[52,1369,576],"product_tag":[1219,257,1220,365,43,93,1218],"class_list":{"0":"post-1015556","1":"product","2":"type-product","3":"status-publish","4":"has-post-thumbnail","6":"product_cat-literatura-gorska-na-swiecie","7":"product_cat-promocje","8":"product_cat-wszystkie","9":"product_tag-adam-gomola","10":"product_tag-alpinizm","11":"product_tag-askialpinizm","12":"product_tag-literatura-gorska","13":"product_tag-literatura-gorska-na-swiecie","14":"product_tag-ludzie-gor","15":"product_tag-narciarstwo","17":"first","18":"instock","19":"sale","20":"taxable","21":"shipping-taxable","22":"purchasable","23":"product-type-simple","25":"catalog-layout-default","26":"columns-xs-2"},"acf":[],"jetpack_sharing_enabled":true,"_links":{"self":[{"href":"https:\/\/stapis.com.pl\/index.php?rest_route=\/wp\/v2\/product\/1015556","targetHints":{"allow":["GET"]}}],"collection":[{"href":"https:\/\/stapis.com.pl\/index.php?rest_route=\/wp\/v2\/product"}],"about":[{"href":"https:\/\/stapis.com.pl\/index.php?rest_route=\/wp\/v2\/types\/product"}],"replies":[{"embeddable":true,"href":"https:\/\/stapis.com.pl\/index.php?rest_route=%2Fwp%2Fv2%2Fcomments&post=1015556"}],"wp:featuredmedia":[{"embeddable":true,"href":"https:\/\/stapis.com.pl\/index.php?rest_route=\/wp\/v2\/media\/1015557"}],"wp:attachment":[{"href":"https:\/\/stapis.com.pl\/index.php?rest_route=%2Fwp%2Fv2%2Fmedia&parent=1015556"}],"wp:term":[{"taxonomy":"product_brand","embeddable":true,"href":"https:\/\/stapis.com.pl\/index.php?rest_route=%2Fwp%2Fv2%2Fproduct_brand&post=1015556"},{"taxonomy":"product_cat","embeddable":true,"href":"https:\/\/stapis.com.pl\/index.php?rest_route=%2Fwp%2Fv2%2Fproduct_cat&post=1015556"},{"taxonomy":"product_tag","embeddable":true,"href":"https:\/\/stapis.com.pl\/index.php?rest_route=%2Fwp%2Fv2%2Fproduct_tag&post=1015556"}],"curies":[{"name":"wp","href":"https:\/\/api.w.org\/{rel}","templated":true}]}}