{"id":1015808,"date":"2021-01-04T12:56:17","date_gmt":"2021-01-04T11:56:17","guid":{"rendered":"https:\/\/www.stapis.com.pl\/?post_type=product&#038;p=1015808"},"modified":"2026-04-07T22:53:38","modified_gmt":"2026-04-07T20:53:38","slug":"krolowa-lhotse-89-jerzy-kukuczka-katarzyna-ziolo","status":"publish","type":"product","link":"https:\/\/stapis.com.pl\/?product=krolowa-lhotse-89-jerzy-kukuczka-katarzyna-ziolo","title":{"rendered":"Kr\u00f3lowa. Lhotse \u201889 &#8211; Jerzy Kukuczka, Katarzyna Zio\u0142o"},"content":{"rendered":"<p align=\"justify\">4 pa\u017adziernika 1979 roku Jerzy Kukuczka rozpoczyna himalajsk\u0105 karier\u0119 staj\u0105c na szczycie swojego pierwszego o\u015bmiotysi\u0119cznika \u2013 Lhotse. Dziesi\u0119\u0107 lat p\u00f3\u017aniej, jako jeden z najs\u0142ynniejszych himalaist\u00f3w na \u015bwiecie i drugi po Reinholdzie Messnerze zdobywca Korony Himalaj\u00f3w i Karakorum wraca pod ten sam szczyt. Pr\u00f3buje osi\u0105gn\u0105\u0107 co\u015b wielkiego, co\u015b czego nie dokona\u0142 w\u00f3wczas nikt inny. Chce zdoby\u0107 Lhotse od po\u0142udnia \u2013 przechodz\u0105c legendarn\u0105 po\u0142udniow\u0105 \u015bcian\u0119. \u015acian\u0119, kt\u00f3ra zabi\u0142a tak wielu. Decyduj\u0105c si\u0119 na t\u0119 wpraw\u0119, pomimo szeregu przeciwno\u015bci i niepewno\u015bci, w swoim dzienniku notuje: \u201ePostanowi\u0142em zrobi\u0107 to tak, jak robi\u0142em wielokrotnie, poszed\u0142em za podszeptem czego\u015b wewn\u0119trznego, teraz albo nigdy!\u201d.<\/p>\n<p align=\"justify\">\u201eKr\u00f3lowa\u201d to kolejne wydawnictwo Fundacji Wielki Cz\u0142owiek, drugie z serii \u201eZ archiwum Jerzego Kukuczki\u201d. Trzonem publikacji, powstaj\u0105cej z okazji 30 rocznicy \u015bmierci himalaisty, jest jego dziennik spisany podczas wyprawy na Lhotse w 1989 roku. Integralnymi elementami historii s\u0105 i tym razem archiwalia \u2013 fotografie, dokumenty, listy, ale te\u017c multimedia ukryte w kodach QR takie jak nagrania wideo i audio. \u201eKr\u00f3lowa\u201d to opowie\u015b\u0107 &#8211; podr\u00f3\u017c, kt\u00f3ra snuje si\u0119 pomi\u0119dzy s\u0142owem, obrazem i d\u017awi\u0119kiem. To realistyczna, subiektywna ekspedycja, bez literackich upi\u0119ksze\u0144, w kt\u00f3r\u0105 pragniemy zabra\u0107 czytelnik\u00f3w. \u201eDziwnie zaczyna mi si\u0119 ta wyprawa. My\u015bla\u0142em o tej \u015bcianie wielokrotnie. Pierwszy raz zobaczy\u0142em j\u0105 na fotografii i Szymona Wdowiaka, kt\u00f3ra by\u0142a planem wyprawy chyba w\u0142a\u015bnie na Lhotse 1974 r. Zdj\u0119cie to pokaza\u0142o si\u0119 w druku w formie kalendarza. Patrzy\u0142em na nie jak na \u0142adny obrazek z \u0142adn\u0105 formacj\u0105 \u015bciany, ale tak odleg\u0142\u0105 od rzeczywisto\u015bci \u2013 mo\u017cliwo\u015bci, \u017ce mog\u0142em j\u0105 odbiera\u0107 tylko jako&#8230; \u0142adny obrazek.\u201d Jerzy Kukuczka, fragment dziennika.<\/p>\n<p><em>Partnerem projektu jest Akademia Wychowania Fizycznego w Katowicach.<\/em><br \/>\n<em>Wydawnictwo dofinansowano ze \u015brodk\u00f3w Ministra Kultury i Dziedzictwa Narodowego oraz bud\u017cetu Miasta\u00a0<\/em><em>Katowice. <\/em><\/p>\n<p align=\"justify\"><strong>Kupuj\u0105c produkty Fundacji Wielki Cz\u0142owiek wspierasz popularyzacj\u0119 dokona\u0144 Jerzego Kukuczki.<\/strong><\/p>\n","protected":false},"excerpt":{"rendered":"<p>4 pa\u017adziernika 1979r. Jerzy Kukuczka rozpoczyna himalajsk\u0105 karier\u0119 staj\u0105c na szczycie swojego pierwszego o\u015bmiotysi\u0119cznika \u2013 Lhotse. Dziesi\u0119\u0107 lat p\u00f3\u017aniej, jako jeden z najs\u0142ynniejszych himalaist\u00f3w i drugi po R. Messnerze (zdobywcy Korony), wraca pod ten sam szczyt. Pr\u00f3buje osi\u0105gn\u0105\u0107 co\u015b wielkiego, co\u015b czego nie dokona\u0142 nikt inny.<\/p>\n<p>ISBN: 978-83-65095-03-9<\/p>\n<p>Format: 200 x 220<\/p>\n<p>Rok wydania: \u00a0\u00a0 2019<\/p>\n<p>Ok\u0142adka : twarda<\/p>\n<p>Producent: Fundacja Wielki Cz\u0142owiek, ul. Wyzwolenia 12, 40-756 Katowice, tel. 537 365\u00a0 519, fundacja@wielkiczlowiek.pl<\/p>\n<p><a href=\"https:\/\/www.stapis.com.pl\/wp-content\/uploads\/2020\/12\/FWCz_logo.jpg\"><img loading=\"lazy\" decoding=\"async\" class=\"alignnone size-medium wp-image-1015784\" src=\"https:\/\/www.stapis.com.pl\/wp-content\/uploads\/2020\/12\/FWCz_logo-300x300.jpg\" alt=\"\" width=\"300\" height=\"300\" srcset=\"https:\/\/stapis.com.pl\/wp-content\/uploads\/2020\/12\/FWCz_logo-300x300.jpg 300w, https:\/\/stapis.com.pl\/wp-content\/uploads\/2020\/12\/FWCz_logo-220x220.jpg 220w, https:\/\/stapis.com.pl\/wp-content\/uploads\/2020\/12\/FWCz_logo-450x450.jpg 450w, https:\/\/stapis.com.pl\/wp-content\/uploads\/2020\/12\/FWCz_logo-150x150.jpg 150w, https:\/\/stapis.com.pl\/wp-content\/uploads\/2020\/12\/FWCz_logo-768x768.jpg 768w, https:\/\/stapis.com.pl\/wp-content\/uploads\/2020\/12\/FWCz_logo-600x600.jpg 600w, https:\/\/stapis.com.pl\/wp-content\/uploads\/2020\/12\/FWCz_logo-468x468.jpg 468w, https:\/\/stapis.com.pl\/wp-content\/uploads\/2020\/12\/FWCz_logo-806x806.jpg 806w, https:\/\/stapis.com.pl\/wp-content\/uploads\/2020\/12\/FWCz_logo-558x558.jpg 558w, https:\/\/stapis.com.pl\/wp-content\/uploads\/2020\/12\/FWCz_logo-655x655.jpg 655w, https:\/\/stapis.com.pl\/wp-content\/uploads\/2020\/12\/FWCz_logo.jpg 900w\" sizes=\"auto, (max-width: 300px) 100vw, 300px\" \/><\/a><\/p>\n","protected":false},"featured_media":1015809,"comment_status":"closed","ping_status":"closed","template":"","meta":{"_acf_changed":false},"product_brand":[],"product_cat":[1239],"product_tag":[45,1197,1240,365],"class_list":{"0":"post-1015808","1":"product","2":"type-product","3":"status-publish","4":"has-post-thumbnail","6":"product_cat-jerzy-kukuczka","7":"product_tag-historia-himalaizmu","8":"product_tag-jerzy-kukuczka","9":"product_tag-jurek-kukuczka","10":"product_tag-literatura-gorska","12":"first","13":"outofstock","14":"taxable","15":"shipping-taxable","16":"purchasable","17":"product-type-simple","19":"catalog-layout-default","20":"columns-xs-2"},"acf":[],"jetpack_sharing_enabled":true,"_links":{"self":[{"href":"https:\/\/stapis.com.pl\/index.php?rest_route=\/wp\/v2\/product\/1015808","targetHints":{"allow":["GET"]}}],"collection":[{"href":"https:\/\/stapis.com.pl\/index.php?rest_route=\/wp\/v2\/product"}],"about":[{"href":"https:\/\/stapis.com.pl\/index.php?rest_route=\/wp\/v2\/types\/product"}],"replies":[{"embeddable":true,"href":"https:\/\/stapis.com.pl\/index.php?rest_route=%2Fwp%2Fv2%2Fcomments&post=1015808"}],"wp:featuredmedia":[{"embeddable":true,"href":"https:\/\/stapis.com.pl\/index.php?rest_route=\/wp\/v2\/media\/1015809"}],"wp:attachment":[{"href":"https:\/\/stapis.com.pl\/index.php?rest_route=%2Fwp%2Fv2%2Fmedia&parent=1015808"}],"wp:term":[{"taxonomy":"product_brand","embeddable":true,"href":"https:\/\/stapis.com.pl\/index.php?rest_route=%2Fwp%2Fv2%2Fproduct_brand&post=1015808"},{"taxonomy":"product_cat","embeddable":true,"href":"https:\/\/stapis.com.pl\/index.php?rest_route=%2Fwp%2Fv2%2Fproduct_cat&post=1015808"},{"taxonomy":"product_tag","embeddable":true,"href":"https:\/\/stapis.com.pl\/index.php?rest_route=%2Fwp%2Fv2%2Fproduct_tag&post=1015808"}],"curies":[{"name":"wp","href":"https:\/\/api.w.org\/{rel}","templated":true}]}}