{"id":1015916,"date":"2021-05-05T10:02:21","date_gmt":"2021-05-05T08:02:21","guid":{"rendered":"https:\/\/www.stapis.com.pl\/?post_type=product&#038;p=1015916"},"modified":"2025-12-15T12:23:45","modified_gmt":"2025-12-15T11:23:45","slug":"haramosh-gora-bez-powrotu-ralf-barker","status":"publish","type":"product","link":"https:\/\/stapis.com.pl\/?product=haramosh-gora-bez-powrotu-ralf-barker","title":{"rendered":"Haramosh. G\u00f3ra bez powrotu &#8211; Ralph Barker"},"content":{"rendered":"<p><strong>Uznany na \u015bwiecie g\u00f3rski klasyk, stawiany w jednym rz\u0119dzie z <em>Dotkni\u0119ciem pustki<\/em> Joe Simpsona. <em>Haramosh. G\u00f3ra bez powrotu<\/em> Ralpha Barkera to epicka opowie\u015b\u0107 o przyja\u017ani i m\u0119stwie w obliczu wielkiej tragedii.<\/strong><\/p>\n<p>Wstrz\u0105saj\u0105ca historia tragicznej wyprawy z 1957 roku na g\u00f3r\u0119 Haramosh w Karakorum. Gdy wymarzony szczyt okazuje si\u0119 nieosi\u0105galny, czw\u00f3rka m\u0142odych himalaist\u00f3w decyduje si\u0119 na powr\u00f3t do obozu. Kr\u00f3tki odpoczynek na zrobienie kilku zdj\u0119\u0107 i po\u017cegnanie z pi\u0119knym widokiem przerywa lawina, kt\u00f3ra dw\u00f3ch z nich porywa setki metr\u00f3w w d\u00f3\u0142. Cudem udaje im si\u0119 prze\u017cy\u0107. Na ratunek \u015bpiesz\u0105 im pozostali uczestnicy wyprawy, lecz wi\u0119zn\u0105 w \u015bniegu tu\u017c obok&#8230;<\/p>\n<p>Pr\u00f3ba bezpiecznego powrotu do obozu po \u017cywno\u015b\u0107, wod\u0119 i pomoc okazuje si\u0119 jednak dramatyczn\u0105 walk\u0105 o prze\u017cycie. Okrutny los zn\u00f3w obraca si\u0119 przeciwko nim&#8230;<\/p>\n<p>&nbsp;<\/p>\n<p><em>Ksi\u0105\u017cka Barkera jest dla mojego pokolenia najbardziej trzymaj\u0105c\u0105 w napi\u0119ciu g\u00f3rsk\u0105 opowie\u015bci\u0105 o przetrwaniu, z jak\u0105 kiedykolwiek mieli\u015bmy do czynienia. A przy tym najlepsz\u0105 do czytania. <\/em><\/p>\n<p>Denis Grey, wspinacz, alpinista, pisarz, wieloletni Sekretarz British Mountaineering Council<\/p>\n<p>&nbsp;<\/p>\n<p><em>Ralph Barker nie ocenia, nie os\u0105dza ani nie d\u0105\u017cy do wyci\u0105gni\u0119cia z tej tragedii lekcji dla innych. Napisa\u0142 ksi\u0105\u017ck\u0119 pe\u0142n\u0105 wsp\u00f3\u0142czucia, z kompetencj\u0105 badacza, a przy tym wyobra\u017ani\u0105 pisarza.\u00a0 <\/em><\/p>\n<ol>\n<li>L. Jenkins, Alpine Journal<\/li>\n<\/ol>\n<p>&nbsp;<\/p>\n<p><em>Musz\u0119 si\u0119 przyzna\u0107, \u017ce kiedy przeczyta\u0142em ostatni\u0105 stron\u0119<\/em> G\u00f3ry bez powrotu<em> i zamkn\u0105\u0142em ksi\u0105\u017ck\u0119, powiedzia\u0142em po cichu \u201edzi\u0119kuj\u0119\u201d. Nie tylko Ralphowi Barkerowi za napisanie tej doskona\u0142ej ksi\u0105\u017cki, ale te\u017c Tony\u2019emu Streatherowi i jego przyjacio\u0142om wspinaczom, kt\u00f3rych epopeja o odwadze i odporno\u015bci pozostanie inspiracj\u0105 dla przysz\u0142ych pokole\u0144. <\/em><\/p>\n<p>Matt Johnson, pisarz, by\u0142y pilot i oficer policji, autor nagrodzonego thrillera <em>Wicked Game. <\/em><\/p>\n<p>&nbsp;<\/p>\n<p><em>W tej ksi\u0105\u017cce absolutnie niezwyk\u0142e jest to, \u017ce jej autor nie jest alpinist\u0105, lecz profesjonalnym pisarzem, kt\u00f3ry ma na swoim koncie szereg powa\u017cnych ksi\u0105\u017cek, m.in. o lotnictwie. To jego jedyna ksi\u0105\u017cka g\u00f3rska, a spos\u00f3b, w jaki prowadzi narracj\u0119, opisuj\u0105c histori\u0119 tej ekspedycji, jest niesamowity. Dzi\u0119ki jej wznowieniu (&#8230;) nowe pokolenie wspinaczy i ludzi g\u00f3r b\u0119dzie mog\u0142o uzupe\u0142ni\u0107 swoj\u0105 biblioteczk\u0119 warto\u015bciow\u0105 pozycj\u0105. <\/em><\/p>\n<p>Alex Roddie, pisarz, fotograf, redaktor \u201eTGO Magazine\u201d,\u00a0 specjalizuj\u0105cy si\u0119 w outdoorze i literaturze g\u00f3rskiej.<\/p>\n<p>&nbsp;<\/p>\n<p><strong>O AUTORZE<\/strong><\/p>\n<p><strong>Ralph Barker (1917-2011).<\/strong> Brytyjski pisarz i historyk specjalizuj\u0105cy si\u0119 g\u0142ownie w lotnictwie z okresu II wojny \u015bwiatowej (RFC i RAF). Zyska\u0142 uznanie jako m\u0142ody, obiecuj\u0105cy pisarz, a kilka jego scenariuszy zosta\u0142o wystawionych na deskach Windmill Theatre (dzisiaj Independance Theatre).<\/p>\n<p>W 1940 do\u0142\u0105czy\u0142 do RAF-u i po odbyciu szkolenia wzi\u0105\u0142 udzia\u0142 w kilku niebezpiecznych misjach lotniczych przeciwko niemieckim statkom dostawczym. Po wojnie wsp\u00f3\u0142pracowa\u0142 z British Forces Network i brytyjskim Ministerstwem Lotnictwa, a w 1961 wr\u00f3ci\u0142 na sta\u0142e do pisarstwa.<\/p>\n<p><em>Harmosh. G\u00f3r\u0119 bez powrotu<\/em> (<em>The Last Blue Mountain, 1959 <\/em>) pisarz opar\u0142 na dziennikach z wyprawy oraz rozmowach z tymi, kt\u00f3rym uda\u0142o si\u0119 prze\u017cy\u0107 tragedi\u0119 na Haramosh.<\/p>\n","protected":false},"excerpt":{"rendered":"<p>&nbsp;<\/p>\n<p>&nbsp;<\/p>\n<p><strong>T\u0142umaczenie: Wac\u0142aw Sonelski, Danuta Ho\u0142ata-Loetz<\/strong><\/p>\n<p>ISBN Druk: 978-83-7967-135-9<br \/>\nISBN Epub: 978-83-7967-159-5<br \/>\nISBN Mobi: 978-83-7967-160-1<br \/>\nFormat: 161\u00d7236\u00a0mm<br \/>\nOk\u0142adka: mi\u0119kka ze skrzyde\u0142kami<\/p>\n<p><strong>Premiera: wiosna 2021<br \/>\n<\/strong><\/p>\n<p>Producent: Wydawnictwo Stapis Anna Pisarek, ul. Floriana 2a, 40-288 Katowice, biuro@stapis.com.pl, tel. 605 963 179<\/p>\n<p>&nbsp;<\/p>\n<p><a href=\"https:\/\/www.stapis.com.pl\/wp-content\/uploads\/2019\/11\/logo-Literat\u00f3ra-G\u00f3rska-na-\u015awiecie.jpg\"><img loading=\"lazy\" decoding=\"async\" class=\"alignnone wp-image-1014061\" src=\"https:\/\/www.stapis.com.pl\/wp-content\/uploads\/2019\/11\/logo-Literat\u00f3ra-G\u00f3rska-na-\u015awiecie-300x134.jpg\" alt=\"logo Literat\u00f3ra G\u00f3rska na \u015awiecie-Wydawnictwo STAPIS\" width=\"229\" height=\"102\" srcset=\"https:\/\/stapis.com.pl\/wp-content\/uploads\/2019\/11\/logo-Literat\u00f3ra-G\u00f3rska-na-\u015awiecie-300x134.jpg 300w, https:\/\/stapis.com.pl\/wp-content\/uploads\/2019\/11\/logo-Literat\u00f3ra-G\u00f3rska-na-\u015awiecie-450x200.jpg 450w, https:\/\/stapis.com.pl\/wp-content\/uploads\/2019\/11\/logo-Literat\u00f3ra-G\u00f3rska-na-\u015awiecie-1024x456.jpg 1024w, https:\/\/stapis.com.pl\/wp-content\/uploads\/2019\/11\/logo-Literat\u00f3ra-G\u00f3rska-na-\u015awiecie-768x342.jpg 768w, https:\/\/stapis.com.pl\/wp-content\/uploads\/2019\/11\/logo-Literat\u00f3ra-G\u00f3rska-na-\u015awiecie-600x267.jpg 600w, https:\/\/stapis.com.pl\/wp-content\/uploads\/2019\/11\/logo-Literat\u00f3ra-G\u00f3rska-na-\u015awiecie-1536x684.jpg 1536w, https:\/\/stapis.com.pl\/wp-content\/uploads\/2019\/11\/logo-Literat\u00f3ra-G\u00f3rska-na-\u015awiecie-2048x912.jpg 2048w, https:\/\/stapis.com.pl\/wp-content\/uploads\/2019\/11\/logo-Literat\u00f3ra-G\u00f3rska-na-\u015awiecie-370x165.jpg 370w, https:\/\/stapis.com.pl\/wp-content\/uploads\/2019\/11\/logo-Literat\u00f3ra-G\u00f3rska-na-\u015awiecie-1040x463.jpg 1040w\" sizes=\"auto, (max-width: 229px) 100vw, 229px\" \/><\/a><\/p>\n<p>&nbsp;<\/p>\n<p>&nbsp;<\/p>\n<p>&nbsp;<\/p>\n","protected":false},"featured_media":1015932,"comment_status":"closed","ping_status":"closed","template":"","meta":{"_acf_changed":false},"product_brand":[],"product_cat":[52,1369,576],"product_tag":[1243,176,43],"class_list":{"0":"post-1015916","1":"product","2":"type-product","3":"status-publish","4":"has-post-thumbnail","6":"product_cat-literatura-gorska-na-swiecie","7":"product_cat-promocje","8":"product_cat-wszystkie","9":"product_tag-gorskie-tragedie","10":"product_tag-historia-alpinizmu","11":"product_tag-literatura-gorska-na-swiecie","13":"first","14":"outofstock","15":"sale","16":"taxable","17":"shipping-taxable","18":"purchasable","19":"product-type-simple","21":"catalog-layout-default","22":"columns-xs-2"},"acf":[],"jetpack_sharing_enabled":true,"_links":{"self":[{"href":"https:\/\/stapis.com.pl\/index.php?rest_route=\/wp\/v2\/product\/1015916","targetHints":{"allow":["GET"]}}],"collection":[{"href":"https:\/\/stapis.com.pl\/index.php?rest_route=\/wp\/v2\/product"}],"about":[{"href":"https:\/\/stapis.com.pl\/index.php?rest_route=\/wp\/v2\/types\/product"}],"replies":[{"embeddable":true,"href":"https:\/\/stapis.com.pl\/index.php?rest_route=%2Fwp%2Fv2%2Fcomments&post=1015916"}],"wp:featuredmedia":[{"embeddable":true,"href":"https:\/\/stapis.com.pl\/index.php?rest_route=\/wp\/v2\/media\/1015932"}],"wp:attachment":[{"href":"https:\/\/stapis.com.pl\/index.php?rest_route=%2Fwp%2Fv2%2Fmedia&parent=1015916"}],"wp:term":[{"taxonomy":"product_brand","embeddable":true,"href":"https:\/\/stapis.com.pl\/index.php?rest_route=%2Fwp%2Fv2%2Fproduct_brand&post=1015916"},{"taxonomy":"product_cat","embeddable":true,"href":"https:\/\/stapis.com.pl\/index.php?rest_route=%2Fwp%2Fv2%2Fproduct_cat&post=1015916"},{"taxonomy":"product_tag","embeddable":true,"href":"https:\/\/stapis.com.pl\/index.php?rest_route=%2Fwp%2Fv2%2Fproduct_tag&post=1015916"}],"curies":[{"name":"wp","href":"https:\/\/api.w.org\/{rel}","templated":true}]}}