{"id":1015921,"date":"2021-06-05T11:22:50","date_gmt":"2021-06-05T09:22:50","guid":{"rendered":"https:\/\/www.stapis.com.pl\/?post_type=product&#038;p=1015921"},"modified":"2025-02-27T12:47:50","modified_gmt":"2025-02-27T11:47:50","slug":"dusza-bez-boga-katherine-ozment","status":"publish","type":"product","link":"https:\/\/stapis.com.pl\/?product=dusza-bez-boga-katherine-ozment","title":{"rendered":"Dusza bez Boga \u2013 Katherine Ozment"},"content":{"rendered":"<h2><span lang=\"EN-US\">Dusza bez boga. W poszukiwaniu sensu, celu i wsp\u00f3lnoty w \u015bwieckim \u017cyciu<\/span><\/h2>\n<h4><\/h4>\n<p><strong>KATHERINE OZMENT<\/strong> to nagradzana dziennikarka, dawna redaktorka w <em>National Geographic<\/em>. Jej artyku\u0142y i eseje by\u0142y publikowane w takich pismach jak <em>New York Times<\/em>, <em>National Geographic<\/em> czy <em>Salon<\/em>. Obecnie wraz z m\u0119\u017cem i tr\u00f3jk\u0105 dzieci mieszka w Chicago.<\/p>\n<p>&nbsp;<\/p>\n<p>Poznajmy \u201eNon\u00f3w\u201d \u2013 szybko rosn\u0105c\u0105 grup\u0119 mieszka\u0144c\u00f3w USA niewyznaj\u0105cych \u017cadnej religii (s\u0105 tak nazywani, poniewa\u017c pytani o wyznanie, zwykle zaznaczaj\u0105 odpowied\u017a \u201enone of the above\u201d \u2013 \u017cadne z powy\u017cszych). Chocia\u017c wielu Amerykan\u00f3w wychowuje si\u0119 w tradycji religijnej, w ostatnich dziesi\u0119cioleciach du\u017ca liczba rodzin oddala si\u0119 od swych ko\u015bcio\u0142\u00f3w, synagog i meczet\u00f3w, zaprzestaj\u0105c praktykowania wiary. Co trac\u0105, odchodz\u0105c od zorganizowanej religii?<\/p>\n<p>Tradycja religijna daje nam mocne podstawy moralne i poczucie to\u017csamo\u015bci, tworz\u0105c poczucie zwi\u0105zku z przesz\u0142o\u015bci\u0105 i silne wi\u0119zi spo\u0142eczne. Dzi\u0119ki niej stajemy si\u0119 te\u017c szcz\u0119\u015bliwsi, zdrowsi, bardziej ofiarni. Jak bez takiego religijnego \u201esupermarketu\u201d osoby niereligijne mog\u0105 zaspokoi\u0107 potrzeb\u0119 rytua\u0142u, historii, spo\u0142eczno\u015bci, a przede wszystkim celu i sensu \u017cycia?<\/p>\n<p>Katherine Ozment zacz\u0119\u0142a mierzy\u0107 si\u0119 z tym fundamentalnym problemem Non\u00f3w, kiedy syn zada\u0142 jej proste pytanie: \u201eKim jeste\u015bmy?\u201d. Poruszona jedyn\u0105 odpowiedzi\u0105, jaka przysz\u0142a jej do g\u0142owy \u2013 \u201eNikim\u201d \u2013 wyruszy\u0142a na wypraw\u0119 przez zmieniaj\u0105cy si\u0119 pejza\u017c Ameryki, by poszuka\u0107 lepszej.<\/p>\n<p><em>Dusza bez Boga<\/em> to zar\u00f3wno osobista opowie\u015b\u0107, jak i krytyczna analiza wielu sposob\u00f3w, w jakie niereligijni Amerykanie tworz\u0105 w\u0142asne tradycje i w\u0142asne spo\u0142eczno\u015bci w coraz bardziej zsekularyzowanych czasach. Wnikliwa, zaskakuj\u0105ca i porywaj\u0105ca wyprawa Ozment pokazuje, jak szuka\u0107 w\u0142asnej drogi do satysfakcjonuj\u0105cego \u017cycia.<\/p>\n<p>&nbsp;<\/p>\n<p><em>Niewa\u017cne, czy jeste\u015b ateist\u0105, kim\u015b duchowym-ale-niereligijnym, czy niekiedy medytujesz albo sta\u0142e\u015b si\u0119 zagubionym poszukiwaczem, Dusza bez Boga pomo\u017ce ci znale\u017a\u0107 odpowied\u017a na wielkie pytania \u017cycia.<\/em><\/p>\n<p>Laura Fraser, autorka <em>An Italian Affair<\/em><\/p>\n<p>&nbsp;<\/p>\n<p><em>Z wielk\u0105 wnikliwo\u015bci\u0105 i wra\u017cliwo\u015bci\u0105 Ozment prezentuje porywaj\u0105cy, pouczaj\u0105cy i inspiruj\u0105cy opis tworz\u0105cej si\u0119 kultury \u015bwieckiej. Szczerze polecam wszystkim, kt\u00f3rzy ju\u017c nie wierz\u0105 i nie praktykuj\u0105, ale pragn\u0105 mimo to wie\u015b\u0107 \u017cycie pe\u0142ne sensu i znaczenia.<\/em><\/p>\n<p>Phil Zuckerman, autor <em>Living a Secular Life<\/em><\/p>\n<p>&nbsp;<\/p>\n<p><em>Dusza bez Boga fundamentalnie zmieni\u0142a spos\u00f3b, w jaki zamierzam wychowywa\u0107 swoje dzieci.<\/em><\/p>\n<p>Steven D. Levitt, autor <em>Freakonomics<\/em><\/p>\n<p>&nbsp;<\/p>\n<p><em>Nie b\u0119dzie spoilerem stwierdzenie, \u017ce Katherine Ozment wyrusza na poszukiwanie duszy tylko po to, by odkry\u0107, \u017ce posiada\u0142a j\u0105 przez ca\u0142y czas. Czuj\u0119 si\u0119 dumna, \u017ce nale\u017c\u0119 do jej plemienia \u2013 ludzkiego i bezbo\u017cnego.<\/em><\/p>\n<p>Catherine Newman, autorka <em>Catastrophic Happiness<\/em><\/p>\n<p>&nbsp;<\/p>\n<p>FRAGMENTY:<\/p>\n<p><em><span style=\"font-weight: 400;\">Kt\u00f3rego\u015b wieczoru przed pi\u0119ciu laty us\u0142ysza\u0142am dziwne odg\u0142osy za oknem naszego domku niedaleko Bostonu. Sta\u0142 naprzeciw greckiej cerkwi prawos\u0142awnej, niskiej kamiennej budowli z kopu\u0142\u0105 zwie\u0144czon\u0105 krzy\u017cem. Mia\u0142am akurat i\u015b\u0107 do \u0142\u00f3\u017cka, kiedy dobieg\u0142 do mnie dziwny odg\u0142os st\u0142umionych st\u0105pa\u0144, jakby setek sun\u0105cych st\u00f3p, zbli\u017caj\u0105cych si\u0119 coraz bardziej.<\/span><\/em><\/p>\n<p><em><span style=\"font-weight: 400;\">\u2013 Mamo! \u2013 zawo\u0142a\u0142 m\u00f3j syn, wtedy o\u015bmioletni. \u2013 Chod\u017a popatrz!\u00a0<\/span><\/em><\/p>\n<p><em><span style=\"font-weight: 400;\">Do\u0142\u0105czy\u0142am do niego przy oknie i razem przygl\u0105dali\u015bmy si\u0119, jak wierni \u2013 starsi, w \u015brednim wieku, dwudziestokilkulatkowie, nastolatki i dzieci \u2013 maszeruj\u0105 t\u0142umnie ulic\u0105 \u2013 zamkni\u0119t\u0105, by umo\u017cliwi\u0107 im przej\u015bcie. Szli w milczeniu, ka\u017cdy ze \u015bwiec\u0105 w d\u0142oniach, prowadzeni przez kap\u0142ana w d\u0142ugiej szacie. Tu\u017c za nim kilku m\u0119\u017cczyzn d\u017awiga\u0142o ozdobne mary okryte \u015bwie\u017cymi kwiatami, z le\u017c\u0105c\u0105 na nich ma\u0142\u0105 lalk\u0105 w bia\u0142ej sukience. Patrzyli\u015bmy z synem, a procesja zatrzyma\u0142a si\u0119 przed naszym domem. Mali ch\u0142opcy poprawiali zbyt mocno zawi\u0105zane krawaty, dziewczynki ko\u0142ysa\u0142y si\u0119 w d\u0142ugich sukniach, m\u0119\u017cowie i \u017cony przytulali si\u0119 w ch\u0142odnym wieczornym powietrzu.<\/span><\/em><\/p>\n<p><em><span style=\"font-weight: 400;\">\u2013 Co oni robi\u0105? \u2013 zapyta\u0142.<\/span><\/em><\/p>\n<p><em><span style=\"font-weight: 400;\">\u2013 To rytua\u0142 \u2013 odpar\u0142am; uzna\u0142am, \u017ce chyba jest Wielki Pi\u0105tek.<\/span><\/em><\/p>\n<p><em><span style=\"font-weight: 400;\">\u2013 A dlaczego my tak nie robimy?<\/span><\/em><\/p>\n<p><em><span style=\"font-weight: 400;\">\u2013 Bo nie jeste\u015bmy wyznawcami greckiego prawos\u0142awia.<\/span><\/em><\/p>\n<p><em><span style=\"font-weight: 400;\">\u2013 To czym jeste\u015bmy?<\/span><\/em><\/p>\n<p><em><span style=\"font-weight: 400;\">Pomy\u015bla\u0142am o s\u0142odyczach i zabawkach, kt\u00f3re kupowa\u0142am dla niego i jego dw\u00f3ch m\u0142odszych si\u00f3str na ka\u017cd\u0105 Wielkanoc, o tych pe\u0142niutkich koszykach, jakie stawia\u0142am im w pokojach, kiedy spali, o poszukiwaniach wielkanocnych pisanek, jakie im organizowa\u0142am. Tylko tyle moje dzieci kojarzy\u0142y z najwi\u0119kszym \u015bwi\u0119tem chrze\u015bcija\u0144stwa: kolorowe plastikowe jajka i opakowane w sreberko czekoladowe kr\u00f3liczki. Nawet ta lalka w bia\u0142ej sukience \u2013 przedstawiaj\u0105ca ma\u0142ego Jezuska \u2013 by\u0142a dla nich tajemnic\u0105.<\/span><\/em><\/p>\n<p><em><span style=\"font-weight: 400;\">[&#8230;]<\/span><\/em><\/p>\n<p><em><span style=\"font-weight: 400;\">Kiedy ulica opustosza\u0142a, m\u00f3j syn odwr\u00f3ci\u0142 si\u0119 od okna.<\/span><\/em><\/p>\n<p><em><span style=\"font-weight: 400;\">\u2013 No wi\u0119c czym jeste\u015bmy? \u2013 powt\u00f3rzy\u0142 pytanie.<\/span><\/em><\/p>\n<p><em><span style=\"font-weight: 400;\">Patrzy\u0142am na niego, czuj\u0105c, \u017ce si\u0119 czerwieni\u0119. Szuka\u0142am jakiej\u015b przemy\u015blanej, spokojnej odpowiedzi, ale w efekcie wyrzuci\u0142am z siebie s\u0142owa, kt\u00f3rych natychmiast po\u017ca\u0142owa\u0142am.<\/span><\/em><\/p>\n<p><em><span style=\"font-weight: 400;\">\u2013 Niczym nie jeste\u015bmy.<\/span><\/em><\/p>\n<p>Fragment I<\/p>\n<p>&nbsp;<\/p>\n<p><em>[&#8230;] wkroczy\u0142am w ameryka\u0144skie \u017cycie pozareligijne, by sprawdzi\u0107, jak ludzie realizuj\u0105 potrzeby, kiedy\u015b zaspokajane \u0142\u0105cznie przez religi\u0119. Odkry\u0142am grupy \u015bwieckie i humanistyczne \u2013 nazywane \u201ebezbo\u017cnymi kongregacjami\u201d \u2013 i przekona\u0142am si\u0119, \u017ce zaczynaj\u0105 zyskiwa\u0107 popularno\u015b\u0107, \u0142\u0105cz\u0105c ludzi niereligijnych we wsp\u00f3lnoty oparte na wsp\u00f3lnych warto\u015bciach. Zbada\u0142am tak\u017ce dobrze ju\u017c znane opcje \u201elekko religijne\u201d, takie jak uniwersalizm unitaria\u0144ski, humanistyczny judaizm i kultur\u0119 etyczn\u0105. Czym r\u00f3\u017cni\u0105 si\u0119 te zbiorowo\u015bci od nowszych tak zwanych ko\u015bcio\u0142\u00f3w ateistycznych? Czy\u00a0 takie eklektyczne do\u015bwiadczenie religijne jest lepsze ni\u017c \u017cadne?<\/em><\/p>\n<p><em>Podr\u00f3\u017cowa\u0142am do religijnych i niereligijnych zgromadze\u0144, rozmawia\u0142am z naukowcami, dzia\u0142aczami spo\u0142ecznymi i rodzicami, obserwowa\u0142am swoj\u0105 i inne rodziny, I ca\u0142y czas pr\u00f3bowa\u0142am znale\u017a\u0107 odpowied\u017a na pytanie \u2013 to, jak mi si\u0119 wydawa\u0142o, kt\u00f3re m\u00f3j syn zada\u0142 naprawd\u0119: czy moja rodzina i ja potrafi dla tego dobra, jakie niesie religia, znale\u017a\u0107 wa\u017ckie alternatywy? W\u0119dr\u00f3wka doprowadzi\u0142a mnie do programu wchodzenia w dojrza\u0142o\u015b\u0107, zast\u0119puj\u0105cego tradycyjn\u0105 bar micw\u0119 i konfirmacj\u0119, na szczyty g\u00f3r, gdzie moje dzieci i ja odczuli\u015bmy je\u015bli nie obecno\u015b\u0107 Boga to w ka\u017cdym razie zachwyt i podziw, na \u015bwieckie buddyjskie rekolekcje w Nowym Meksyku, gdzie duchowo\u015b\u0107 oznacza siedzenie bez ruchu i oddychanie.<\/em><\/p>\n<p>Fragment II<\/p>\n<p>&nbsp;<\/p>\n<p><em>Carter jest ojcem czterech dziewczynek i mieszka w Jackson, w Missisipi. Wychowywa\u0142 si\u0119 w po\u0142udniowej tradycji baptyst\u00f3w, i trwa\u0142 w niej, dop\u00f3ki sobie nie u\u015bwiadomi\u0142, \u017ce nie wierzy ju\u017c w Boga ani w biblijn\u0105 nauk\u0119. Opowiedzia\u0142 [&#8230;], \u017ce kiedy odszed\u0142 od religii, nie mia\u0142 nikogo. Religia by\u0142a ca\u0142ym jego \u017cyciem i nagle zosta\u0142 ca\u0142kiem sam. Straci\u0142 \u017con\u0119, straci\u0142 swoj\u0105 wsp\u00f3lnot\u0119; kiedy kto\u015b z uczni\u00f3w wykry\u0142, \u017ce jest niewierz\u0105cy, musia\u0142 zrezygnowa\u0107 z pracy w konserwatywnej szkole, \u017ceby uczy\u0107 gdzie indziej. Kiedy spyta\u0142am, jak to jest, by\u0107 ateist\u0105 w Jackson, nie stara\u0142 si\u0119 dobiera\u0107 s\u0142\u00f3w.<\/em><\/p>\n<p><em>\u2013 Missisipi jest najbardziej religijnym stanem \u2013 powiedzia\u0142. \u2013 Ujawni\u0107 si\u0119 jako niewierz\u0105cy to towarzyskie samob\u00f3jstwo. <\/em><\/p>\n<p>Fragment III<\/p>\n<p>&nbsp;<\/p>\n<p>&nbsp;<\/p>\n<p>&nbsp;<\/p>\n","protected":false},"excerpt":{"rendered":"<p>&nbsp;<\/p>\n<p>T\u0142umaczenie: Piotr W. Cholewa<\/p>\n<p>ISBN druk: 978-83-7967-170-0<\/p>\n<p>Epub: 978-83-7967-171-7<\/p>\n<p>Mobi: 978-83-7967-172-4<\/p>\n<p>Ok\u0142adka: mi\u0119kka ze skrzyde\u0142kami<\/p>\n<p>Format: 161 x 236 mm<\/p>\n<p>Premiera: lipiec 2021<\/p>\n<p>Producent: Wydawnictwo Stapis Anna Pisarek, ul. Floriana 2a, 40-288 Katowice, biuro@stapis.com.pl, tel. 605 963 179<\/p>\n<p>&nbsp;<\/p>\n<p><a href=\"https:\/\/www.stapis.com.pl\/wp-content\/uploads\/2019\/11\/logo-bez-bog\u00f3w-1.jpg\"><img loading=\"lazy\" decoding=\"async\" class=\"alignnone size-medium wp-image-1014649\" src=\"https:\/\/www.stapis.com.pl\/wp-content\/uploads\/2019\/11\/logo-bez-bog\u00f3w-1-300x202.jpg\" alt=\"\" width=\"300\" height=\"202\" srcset=\"https:\/\/stapis.com.pl\/wp-content\/uploads\/2019\/11\/logo-bez-bog\u00f3w-1-300x202.jpg 300w, https:\/\/stapis.com.pl\/wp-content\/uploads\/2019\/11\/logo-bez-bog\u00f3w-1-450x302.jpg 450w, https:\/\/stapis.com.pl\/wp-content\/uploads\/2019\/11\/logo-bez-bog\u00f3w-1.jpg 506w\" sizes=\"auto, (max-width: 300px) 100vw, 300px\" \/><\/a><\/p>\n<p>&nbsp;<\/p>\n<p>&nbsp;<\/p>\n","protected":false},"featured_media":1016141,"comment_status":"closed","ping_status":"closed","template":"","meta":{"_acf_changed":false},"product_brand":[],"product_cat":[359,1369,576],"product_tag":[354,1244,356,355],"class_list":{"0":"post-1015921","1":"product","2":"type-product","3":"status-publish","4":"has-post-thumbnail","6":"product_cat-bez-bogow","7":"product_cat-promocje","8":"product_cat-wszystkie","9":"product_tag-ateizm","10":"product_tag-instytucje-koscielne","11":"product_tag-kosciol","12":"product_tag-religia","14":"first","15":"instock","16":"sale","17":"taxable","18":"shipping-taxable","19":"purchasable","20":"product-type-simple","22":"catalog-layout-default","23":"columns-xs-2"},"acf":[],"jetpack_sharing_enabled":true,"_links":{"self":[{"href":"https:\/\/stapis.com.pl\/index.php?rest_route=\/wp\/v2\/product\/1015921","targetHints":{"allow":["GET"]}}],"collection":[{"href":"https:\/\/stapis.com.pl\/index.php?rest_route=\/wp\/v2\/product"}],"about":[{"href":"https:\/\/stapis.com.pl\/index.php?rest_route=\/wp\/v2\/types\/product"}],"replies":[{"embeddable":true,"href":"https:\/\/stapis.com.pl\/index.php?rest_route=%2Fwp%2Fv2%2Fcomments&post=1015921"}],"wp:featuredmedia":[{"embeddable":true,"href":"https:\/\/stapis.com.pl\/index.php?rest_route=\/wp\/v2\/media\/1016141"}],"wp:attachment":[{"href":"https:\/\/stapis.com.pl\/index.php?rest_route=%2Fwp%2Fv2%2Fmedia&parent=1015921"}],"wp:term":[{"taxonomy":"product_brand","embeddable":true,"href":"https:\/\/stapis.com.pl\/index.php?rest_route=%2Fwp%2Fv2%2Fproduct_brand&post=1015921"},{"taxonomy":"product_cat","embeddable":true,"href":"https:\/\/stapis.com.pl\/index.php?rest_route=%2Fwp%2Fv2%2Fproduct_cat&post=1015921"},{"taxonomy":"product_tag","embeddable":true,"href":"https:\/\/stapis.com.pl\/index.php?rest_route=%2Fwp%2Fv2%2Fproduct_tag&post=1015921"}],"curies":[{"name":"wp","href":"https:\/\/api.w.org\/{rel}","templated":true}]}}