{"id":1016342,"date":"2021-09-01T10:25:49","date_gmt":"2021-09-01T08:25:49","guid":{"rendered":"https:\/\/www.stapis.com.pl\/?post_type=product&#038;p=1016342"},"modified":"2025-02-12T14:18:51","modified_gmt":"2025-02-12T13:18:51","slug":"moj-stosunek-do-kosciola-i-inne-pisma-jan-niecislaw-ignacy-baudouin-de-courtenay","status":"publish","type":"product","link":"https:\/\/stapis.com.pl\/?product=moj-stosunek-do-kosciola-i-inne-pisma-jan-niecislaw-ignacy-baudouin-de-courtenay","title":{"rendered":"M\u00f3j stosunek do ko\u015bcio\u0142a i inne pisma &#8211; Jan Niecis\u0142aw Ignacy Baudouin de Courtenay"},"content":{"rendered":"<h1><strong>M\u00f3j stosunek do ko\u015bcio\u0142a i inne pisma<\/strong><\/h1>\n<p><strong>Jan Niecis\u0142aw Ignacy Baudouin de Courtenay<\/strong> (1845\u20131929) \u2013 jeden z najwybitniejszych j\u0119zykoznawc\u00f3w\u00a0 w historii tej dyscypliny (jego my\u015bl zna\u0142 i rozwin\u0105\u0142 Ferdynand de Saussure) i znakomity publicysta skoncentrowany wok\u00f3\u0142 tematyki spo\u0142ecznej, zw\u0142aszcza zwi\u0105zanej z prze\u015bladowaniem mniejszo\u015bci narodowych i prawami cz\u0142owieka, przeciwnik antysemityzmu i wszelkich przejaw\u00f3w ksenofobii. Profesor wielu znakomitych uczelni, m.in.: Uniwersytetu Kaza\u0144skiego (1875), Dorpackiego (1883\u20131893), Jagiello\u0144skiego (1893\u20131900), Pitrogradzkiego (do 1918), Warszawskiego (od 1918).\u00a0Autor niezliczonych esej\u00f3w, pism, artyku\u0142\u00f3w. Norman Davies w <em>Bo\u017cym igrzysku<\/em> napisa\u0142 o nim: \u201eBy\u0142 pacyfist\u0105, zwolennikiem walki o ochron\u0119 \u015brodowiska, feminist\u0105, bojownikiem o post\u0119p w dziedzinie edukacji i wolnomy\u015blicielem, wyst\u0119powa\u0142 tak\u017ce przeciwko wi\u0119kszo\u015bci konwencji spo\u0142ecznych i umys\u0142owych, jakie panowa\u0142y w jego czasach\u201d. Agnostyk, wolnomy\u015bliciel, poliglota, wolnomy\u015bliciel.<\/p>\n<p>&nbsp;<\/p>\n<p>W niniejszej publikacji zawarto eseje Jana Baudouina de Courtenay\u00a0 skoncentrowane na krytyce religii oraz analizie konsekwencji \u015bwiatopogl\u0105du opartego na wierze. Wielki j\u0119zykoznawca w spos\u00f3b niepozostawiaj\u0105cy w\u0105tpliwo\u015bci, nierzadko bezkompromisowy, z przekonaniem popartym olbrzymi\u0105 wiedz\u0105 i logiczn\u0105 argumentacj\u0105 przedstawia i krytykuje zjawiska zwi\u0105zane z nadmiernym zaufaniem do instytucji, g\u0142\u00f3wnie ko\u015bcielnych, czy z wiar\u0105 we wszelkiego rodzaju ideologie.<\/p>\n<p>Tekst, kt\u00f3ry mimo \u017ce powsta\u0142 przesz\u0142o sto lat temu, nie straci\u0142 na aktualno\u015bci. Lektura obowi\u0105zkowa dla sceptyk\u00f3w, poszukuj\u0105cych i dla ludzi, kt\u00f3rzy kochaj\u0105 pi\u0119kno j\u0119zyka.<\/p>\n<p>&nbsp;<\/p>\n<p><em>Dotychczas dla prawdziwie wierz\u0105cych ksi\u0105dz, jako spadkobierca znachora, jest ostateczn\u0105 wyroczni\u0105 w sprawach higieny, w sprawach po\u017cywienia, w sprawach \u017cycia osobistego i spo\u0142ecznego. To uznawanie uniwersalno\u015bci kap\u0142a\u0144skiej i uprawnienia kap\u0142an\u00f3w do wyrokowania we wszelkich kwestiach spornych pochodzi z epoki niezr\u00f3\u017cniczkowania specjalno\u015bci, z epoki spe\u0142niania wszelkich funkcji spo\u0142ecznych przez jedn\u0105 i t\u0119 sam\u0105 osob\u0119. Z dzisiejszym pogl\u0105dem na ustr\u00f3j spo\u0142ecze\u0144stwa nie da si\u0119 to w \u017caden spos\u00f3b pogodzi\u0107.<\/em><\/p>\n<p><em>\u2009W stosunku do Boga ksi\u0105dz jest obdarzony nies\u0142ychan\u0105 moc\u0105. Jest on pot\u0119\u017cniejszy od Boga. Kiedy bowiem przy odprawianiu Mszy \u015awi\u0119tej rozkazuje Bogu Wszechmog\u0105cemu wcieli\u0107 si\u0119 w op\u0142atek i wino, B\u00f3g nie mo\u017ce mu odm\u00f3wi\u0107 i musi si\u0119 wcieli\u0107. A takim nadboskim potentatem, pot\u0119\u017cniejszym od samego Boga (co\u015b w rodzaju przewodnicz\u0105cego Tr\u00f3jcy \u015awi\u0119tej), jest ka\u017cdy osobnik, odznaczony sakramentem kap\u0142a\u0144stwa (\u2026)<\/em><\/p>\n<p>&nbsp;<\/p>\n<p>(fragment)<\/p>\n","protected":false},"excerpt":{"rendered":"<p>&nbsp;<\/p>\n<p><strong>Seria: Bez bog\u00f3w<\/strong><\/p>\n<p><strong>ISBN: 978-83-7967-173-1<\/strong><\/p>\n<p><strong>Ilo\u015b\u0107 stron: 295<\/strong><\/p>\n<p><strong>Ok\u0142adka: mi\u0119kka ze skrzyde\u0142kami<\/strong><\/p>\n<p><strong>Format: 161 x 236 mm<\/strong><\/p>\n<p><strong>Rok wydania: 2021<\/strong><\/p>\n<p><strong>Cena detaliczna: 39,90 z\u0142<\/strong><\/p>\n<p>Producent: Wydawnictwo Stapis Anna Pisarek, ul. Floriana 2a, 40-288 Katowice, biuro@stapis.com.pl, tel. 605 963 179<\/p>\n","protected":false},"featured_media":1016343,"comment_status":"closed","ping_status":"closed","template":"","meta":{"_acf_changed":false},"product_brand":[],"product_cat":[359,576],"product_tag":[354,1132,631,355],"class_list":{"0":"post-1016342","1":"product","2":"type-product","3":"status-publish","4":"has-post-thumbnail","6":"product_cat-bez-bogow","7":"product_cat-wszystkie","8":"product_tag-ateizm","9":"product_tag-bez-bogow","10":"product_tag-krytyka-religii","11":"product_tag-religia","13":"first","14":"instock","15":"taxable","16":"shipping-taxable","17":"purchasable","18":"product-type-simple","20":"catalog-layout-default","21":"columns-xs-2"},"acf":[],"jetpack_sharing_enabled":true,"_links":{"self":[{"href":"https:\/\/stapis.com.pl\/index.php?rest_route=\/wp\/v2\/product\/1016342","targetHints":{"allow":["GET"]}}],"collection":[{"href":"https:\/\/stapis.com.pl\/index.php?rest_route=\/wp\/v2\/product"}],"about":[{"href":"https:\/\/stapis.com.pl\/index.php?rest_route=\/wp\/v2\/types\/product"}],"replies":[{"embeddable":true,"href":"https:\/\/stapis.com.pl\/index.php?rest_route=%2Fwp%2Fv2%2Fcomments&post=1016342"}],"wp:featuredmedia":[{"embeddable":true,"href":"https:\/\/stapis.com.pl\/index.php?rest_route=\/wp\/v2\/media\/1016343"}],"wp:attachment":[{"href":"https:\/\/stapis.com.pl\/index.php?rest_route=%2Fwp%2Fv2%2Fmedia&parent=1016342"}],"wp:term":[{"taxonomy":"product_brand","embeddable":true,"href":"https:\/\/stapis.com.pl\/index.php?rest_route=%2Fwp%2Fv2%2Fproduct_brand&post=1016342"},{"taxonomy":"product_cat","embeddable":true,"href":"https:\/\/stapis.com.pl\/index.php?rest_route=%2Fwp%2Fv2%2Fproduct_cat&post=1016342"},{"taxonomy":"product_tag","embeddable":true,"href":"https:\/\/stapis.com.pl\/index.php?rest_route=%2Fwp%2Fv2%2Fproduct_tag&post=1016342"}],"curies":[{"name":"wp","href":"https:\/\/api.w.org\/{rel}","templated":true}]}}