{"id":1016440,"date":"2021-10-13T13:23:05","date_gmt":"2021-10-13T11:23:05","guid":{"rendered":"https:\/\/www.stapis.com.pl\/?post_type=product&#038;p=1016440"},"modified":"2025-09-18T11:11:36","modified_gmt":"2025-09-18T09:11:36","slug":"polski-model-panstwa-wyznaniowego-miroslaw-woroniecki","status":"publish","type":"product","link":"https:\/\/stapis.com.pl\/?product=polski-model-panstwa-wyznaniowego-miroslaw-woroniecki","title":{"rendered":"Polski model pa\u0144stwa wyznaniowego &#8211; Miros\u0142aw Woroniecki"},"content":{"rendered":"<p><span style=\"font-weight: 400;\">Narastaj\u0105cy konflikt \u015bwiatopogl\u0105dowy w spo\u0142ecze\u0144stwie polskim wywo\u0142any jest wyj\u0105tkowo wysok\u0105 pozycj\u0105 prawn\u0105\u00a0 Ko\u015bcio\u0142a katolickiego oraz\u00a0 podniesieniem katolicyzmu do rangi ideologii pa\u0144stwowej.\u00a0 Analiza sytuacji polityczno -prawnej w Polsce po 1989 roku przeprowadzona przez autora, a w szczeg\u00f3lno\u015bci relacji pa\u0144stwo- ko\u015bci\u00f3\u0142, prowadzi do interesuj\u0105cych wniosk\u00f3w.\u00a0<\/span><\/p>\n<p><i><span style=\"font-weight: 400;\">Idea\u0142 demokratycznego, \u015bwieckiego pa\u0144stwa jest trudny do osi\u0105gni\u0119cia i mo\u017ce wymaga\u0107 nie tylko przebudowy systemu polityczno-prawnego, ale przede wszystkim zmian w \u015bwiadomo\u015bci spo\u0142ecznej. W tym celu konieczne mo\u017ce okaza\u0107 si\u0119 propagowanie alternatywnych modeli wielokulturowo\u015bci poszerzaj\u0105cych horyzonty oraz znaczenia osobistego rozwoju intelektualnego wobec narodowo-katolickiego wzorca polsko\u015bci.\u00a0<\/span><\/i><\/p>\n<p>&nbsp;<\/p>\n<p><b>Miros\u0142aw Woroniecki &#8211; <\/b><span style=\"font-weight: 400;\">\u00a0jest adwokatem, publicyst\u0105 i dzia\u0142aczem spo\u0142ecznym. W 1980 roku uko\u0144czy\u0142 Wydzia\u0142 Prawa UW. Od 1997 roku prowadzi\u0142 praktyk\u0119 adwokack\u0105. Po zako\u0144czeniu dzia\u0142alno\u015bci zawodowej swoje zainteresowania skierowa\u0142 w stron\u0119 stosunk\u00f3w pa\u0144stwa z ko\u015bcio\u0142em, dokonuj\u0105c analizy obowi\u0105zuj\u0105cego w Polsce prawa wyznaniowego. W 2017 roku za\u0142o\u017cy\u0142 stowarzyszenie Kongres \u015awiecko\u015bci prowadz\u0105ce aktywn\u0105 dzia\u0142alno\u015b\u0107\u00a0 na rzecz laicko\u015bci pa\u0144stwa. Liczne artyku\u0142y zamieszczane m.in. w Dzienniku Trybuna oraz ksi\u0105\u017cka\u00a0 <\/span><i><span style=\"font-weight: 400;\">Autorytarny klerykalizm i socjalliberalna alternatywa<\/span><\/i><span style=\"font-weight: 400;\">,\u00a0 wydana w 2018 roku przez RES Humana, stanowi\u0142y podstaw\u0119 do przygotowania niniejszej publikacji.<\/span><\/p>\n<p>&nbsp;<\/p>\n<p><b>Fragment I<\/b><\/p>\n<p><i><span style=\"font-weight: 400;\">Przeciwdzia\u0142anie natr\u0119tnej klerykalizacji kraju i takiemu nasyceniu rzeczywisto\u015bci religi\u0105, kt\u00f3re jest niestrawne nawet dla ludzi wierz\u0105cych, wymaga ogromnej mobilizacji wszystkich si\u0142 sprzeciwu wobec w\u0142adzy i sprzymierzonego z ni\u0105 Ko\u015bcio\u0142a katolickiego<\/span><\/i><span style=\"font-weight: 400;\">.<\/span><\/p>\n<p><b>Fragment II<\/b><\/p>\n<p><i><span style=\"font-weight: 400;\">Istnienie monopolu wyznaniowego przy znacznej liczbie nawet jedynie nominalnie wiernych w spos\u00f3b obiektywny prowadzi do zacie\u015bniania relacji w\u0142adzy z instytucja religijn\u0105, co przy przyj\u0119ciu zasady wsp\u00f3\u0142dzia\u0142ania w warunkach wzmo\u017cenia religijnego uzale\u017cnia pa\u0144stwo od religii dominuj\u0105cej.<\/span><\/i><\/p>\n<p><b>Fragment III<\/b><\/p>\n<p><i><span style=\"font-weight: 400;\">Uzasadnieniem wprowadzania religii do sfery publicznej, a przede wszystkim szkolnictwa, by\u0142o rzekomo d\u0105\u017cenie pa\u0144stwa do realizacji zasady pluralizmu \u015bwiatopogl\u0105dowego, poszerzania przestrzeni wolno\u015bci m.in. poprzez r\u00f3wnouprawnienie wyzna\u0144 religijnych i umacnianie postaw tolerancji, otwarto\u015bci i poszanowania r\u00f3\u017cnorodno\u015bci. Takie w\u0142a\u015bnie cele mia\u0142a realizowa\u0107 m.in. szko\u0142a publiczna, do kt\u00f3rej wprowadzona zosta\u0142a katecheza. W efekcie wprowadzenia lekcji religii jako przedmiotu nieobowi\u0105zkowego do planu zaj\u0119\u0107 szkolnych osi\u0105gni\u0119ty zosta\u0142 rezultat zupe\u0142nie odmienny od za\u0142o\u017conego.<\/span><\/i><\/p>\n<p><b>Fragment IV<\/b><\/p>\n<p><i><span style=\"font-weight: 400;\">Efektem zawarcia konkordatu by\u0142o te\u017c stopniowe, coraz intensywniejsze nasycanie systemu edukacji publicznej katechez\u0105 szkoln\u0105 oraz rozw\u00f3j systemu szkolnictwa ko\u015bcielnego, kt\u00f3re uzyska\u0142y oficjalne wsparcie, w tym przede wszystkim finansowe, ze strony pa\u0144stwa.<\/span><\/i><\/p>\n<p><b>Fragment V<\/b><\/p>\n<p><span style=\"font-weight: 400;\">Obecnie obserwujemy wzrost zakresu finansowania ko\u015bcio\u0142\u00f3w i zwi\u0105zk\u00f3w wyznaniowych, a tak naprawd\u0119 przede wszystkim Ko\u015bcio\u0142a katolickiego, przy okazji wprowadzania do szk\u00f3\u0142 i przedszkoli publicznych nauki religii, dotacji dla uczelni ko\u015bcielnych, wprowadzania kapelan\u00f3w nie tylko do wojska, policji czy wi\u0119ziennictwa, ale do coraz wi\u0119kszej ilo\u015bci instytucji publicznych, jak ostatnio do struktur Krajowej Administracji Skarbowej.<\/span><\/p>\n","protected":false},"excerpt":{"rendered":"<p><b>Seria: Bez bog\u00f3w<\/b><\/p>\n<p><b>ISBN druk: <\/b><b>978-83-7967-202-8<\/b><b>\u00a0<\/b><\/p>\n<p><b>Epub: <\/b><b>978-83-7967-203-5<\/b><\/p>\n<p><b>Mobi: <\/b><b>978-83-7967-204-2<\/b><\/p>\n<p><b>Ilo\u015b\u0107 stron: 208<\/b><\/p>\n<p><b>Ok\u0142adka: mi\u0119kka\u00a0<\/b><\/p>\n<p><b>Format: 161 x 236 mm<\/b><\/p>\n<p><b>Rok wydania: 2021<\/b><\/p>\n<p>Producent: Wydawnictwo Stapis Anna Pisarek, ul. Floriana 2a, 40-288 Katowice, biuro@stapis.com.pl, tel. 605 963 179<\/p>\n","protected":false},"featured_media":1016441,"comment_status":"closed","ping_status":"closed","template":"","meta":{"_acf_changed":false},"product_brand":[],"product_cat":[359,576],"product_tag":[354,1132,1260,631,1258,1259],"class_list":{"0":"post-1016440","1":"product","2":"type-product","3":"status-publish","4":"has-post-thumbnail","6":"product_cat-bez-bogow","7":"product_cat-wszystkie","8":"product_tag-ateizm","9":"product_tag-bez-bogow","10":"product_tag-krytyka-katolicyzmu","11":"product_tag-krytyka-religii","12":"product_tag-panstwo-wyznaniowe","13":"product_tag-polskie-panstwo-wyznaniowe","15":"first","16":"instock","17":"taxable","18":"shipping-taxable","19":"purchasable","20":"product-type-simple","22":"catalog-layout-default","23":"columns-xs-2"},"acf":[],"jetpack_sharing_enabled":true,"_links":{"self":[{"href":"https:\/\/stapis.com.pl\/index.php?rest_route=\/wp\/v2\/product\/1016440","targetHints":{"allow":["GET"]}}],"collection":[{"href":"https:\/\/stapis.com.pl\/index.php?rest_route=\/wp\/v2\/product"}],"about":[{"href":"https:\/\/stapis.com.pl\/index.php?rest_route=\/wp\/v2\/types\/product"}],"replies":[{"embeddable":true,"href":"https:\/\/stapis.com.pl\/index.php?rest_route=%2Fwp%2Fv2%2Fcomments&post=1016440"}],"wp:featuredmedia":[{"embeddable":true,"href":"https:\/\/stapis.com.pl\/index.php?rest_route=\/wp\/v2\/media\/1016441"}],"wp:attachment":[{"href":"https:\/\/stapis.com.pl\/index.php?rest_route=%2Fwp%2Fv2%2Fmedia&parent=1016440"}],"wp:term":[{"taxonomy":"product_brand","embeddable":true,"href":"https:\/\/stapis.com.pl\/index.php?rest_route=%2Fwp%2Fv2%2Fproduct_brand&post=1016440"},{"taxonomy":"product_cat","embeddable":true,"href":"https:\/\/stapis.com.pl\/index.php?rest_route=%2Fwp%2Fv2%2Fproduct_cat&post=1016440"},{"taxonomy":"product_tag","embeddable":true,"href":"https:\/\/stapis.com.pl\/index.php?rest_route=%2Fwp%2Fv2%2Fproduct_tag&post=1016440"}],"curies":[{"name":"wp","href":"https:\/\/api.w.org\/{rel}","templated":true}]}}