{"id":1016628,"date":"2022-01-27T12:58:32","date_gmt":"2022-01-27T11:58:32","guid":{"rendered":"https:\/\/www.stapis.com.pl\/?post_type=product&#038;p=1016628"},"modified":"2025-02-27T08:42:45","modified_gmt":"2025-02-27T07:42:45","slug":"cztery-pary-w-kroku-maciej-t-wijatkowski","status":"publish","type":"product","link":"https:\/\/stapis.com.pl\/?product=cztery-pary-w-kroku-maciej-t-wijatkowski","title":{"rendered":"Cztery pary w kroku &#8211; Maciej T. Wijatkowski"},"content":{"rendered":"<p><b>MACIEJ T. WIJATKOWSKI<\/b><span style=\"font-weight: 400;\"> \u2013 rocznik 1962. Bardzo dobry rocznik. Wykszta\u0142cony na anglist\u0119, uprawia\u0142 i uprawia setk\u0119 zawod\u00f3w i zaj\u0119\u0107: aktora estradowego i ekranowego, redaktora telewizyjnego, projektanta mebli, publicysty, dziennikarza, t\u0142umacza, kierowcy. Upierdliwie bezpartyjny od urodzenia, bo brzydzi si\u0119 polityk\u0105, okre\u015blany bywa czasami jako: \u201elewicuj\u0105cy chadek o odchyleniu hedonistycznym\u201d.\u00a0<\/span><\/p>\n<p>&nbsp;<\/p>\n<p><b>Opis<\/b><\/p>\n<p><span style=\"font-weight: 400;\">Ten tomik skrzy si\u0119 od anegdot i nieznanych dot\u0105d fakt\u00f3w z dziej\u00f3w powsta\u0142ego p\u00f3\u0142 wieku temu Bractwa Satyrycznego LO\u017bA 44, jednego z najbardziej znacz\u0105cych zjawisk w dziejach polskiej satyry spo\u0142ecznej i politycznej XX wieku. Iros\u0142aw Szyma\u0144ski, tw\u00f3rca i jedyny autor LO\u017bY 44, stworzy\u0142 oryginalny styl i j\u0119zyk, w kt\u00f3rym czu\u0107 dalekie echa niedo\u015bcignionej szko\u0142y absurdu wielkich tw\u00f3rc\u00f3w satyry Dwudziestolecia Mi\u0119dzywojennego. Ksi\u0105\u017cka pod\u0105\u017ca \u015bladami prze\u017cy\u0107 i wspomnie\u0144 jednego z cz\u0142onk\u00f3w s\u0142ynnego zespo\u0142u, ale r\u00f3wnie\u017c porz\u0105dkuje cz\u0119\u015b\u0107 historii. Odkrywa nieznane fakty i zakulisowe zdarzenia z okresu najwi\u0119kszej aktywno\u015bci i popularno\u015bci LO\u017bY, lat osiemdziesi\u0105tych i pocz\u0105tku dziewi\u0119\u0107dziesi\u0105tych ubieg\u0142ego stulecia. Dzia\u0142aniom grupy towarzyszyli wtedy wsparciem znani, s\u0142awni i wybitni rodacy: Kazimierz Kutz, Ignacy Gogolewski, Bronis\u0142aw Cie\u015blak, a do s\u0142ownika polskich ulic i salon\u00f3w wesz\u0142y lo\u017cowe klisze j\u0119zykowe. Nie tylko publiczno\u015b\u0107 \u015bwietnie bawi\u0142a si\u0119 z LO\u017b\u0104 44; cz\u0142onkowie zespo\u0142u r\u00f3wnie znakomicie bawili si\u0119 ze sob\u0105! O tym jest ta ksi\u0105\u017cka.<\/span><\/p>\n<p>&nbsp;<\/p>\n<p><b>Fragment I<\/b><\/p>\n<p><i><span style=\"font-weight: 400;\">Bractwo Satyryczne LO\u017bA 44 by\u0142o legend\u0105 niespecjalnie oficjalnej estrady. Oficjalnej te\u017c, ale nie zapraszano tego zespo\u0142u na okoliczno\u015bciowe wyst\u0119py, festiwale i obchody. LO\u017bA m\u00f3wi\u0142a zawsze \u201ena odlew\u201d, bez uwa\u017cania, \u015bpiewa\u0142a tak samo, albo jeszcze lepiej, niespecjalnie przejmuj\u0105c si\u0119 cenzur\u0105, kt\u00f3ra wtedy trzyma\u0142a niezale\u017cne my\u015blenie za mord\u0119.<\/span><\/i><\/p>\n<p>&nbsp;<\/p>\n<p><b>Fragment II<\/b><\/p>\n<p><i><span style=\"font-weight: 400;\">Wiele lat p\u00f3\u017aniej opowiada\u0142em o tym moim ma\u0142oletnim wtedy Synom, podkre\u015blaj\u0105c nasze, gastronomicznych kombatant\u00f3w, heroiczne boje o ka\u017cdy plasterek pasztetowej i puszk\u0119 szynki \u201ez dar\u00f3w zagranicznych\u201d. Kiedy doszed\u0142em do octu na p\u00f3\u0142kach i podkre\u015bli\u0142em, \u017ce poza nim nie by\u0142o w sklepie niczego, us\u0142ysza\u0142em pytanie: \u201eA Milky Way?\u201d<\/span><\/i><\/p>\n<p>&nbsp;<\/p>\n<p><b>Fragment III<\/b><\/p>\n<p><i><span style=\"font-weight: 400;\">Wa\u017cn\u0105, godn\u0105 wspomnienia, cz\u0119\u015bci\u0105 naszych telewizyjnych i scenicznych boj\u00f3w by\u0142y potyczki z cenzur\u0105. Nie trzeba chyba zbyt obszernie t\u0142umaczy\u0107, co to jest, ale wtr\u0105c\u0119 tu tylko, \u017ce cenzura pojawia si\u0119 zawsze wesp\u00f3\u0142 z zamordyzmem, kiedy aktualnie rz\u0105dz\u0105cy s\u0105 kochani g\u0142\u00f3wnie sami przez siebie. To ma u\u00a0 nas miejsce cyklicznie; wtedy cenzura by\u0142a or\u0119\u017cem tak zwanej komuny w walce z prawd\u0105 w oczy, kt\u00f3ra durni\u00f3w boli najbardziej.<\/span><\/i><\/p>\n<p>&nbsp;<\/p>\n","protected":false},"excerpt":{"rendered":"<p><b>ISBN druk: <\/b><b>978-83-7967-218-9<\/b><\/p>\n<p><b>Epub: <\/b><b>978-83-7967-219-6<\/b><\/p>\n<p><b>Mobi: <\/b><b>978-83-7967-220-2<\/b><\/p>\n<p><b>Ilo\u015b\u0107 stron: 160<\/b><\/p>\n<p><b>Ok\u0142adka: mi\u0119kka<\/b><\/p>\n<p><b>Format: 168 x 240 cm<\/b><\/p>\n<p><b>Rok wydania: 2022<\/b><\/p>\n<p><b>Cena detaliczna: 34,90 z\u0142<\/b><\/p>\n<p>Producent: Wydawnictwo Stapis Anna Pisarek, ul. Floriana 2a, 40-288 Katowice, biuro@stapis.com.pl, tel. 605 963 179<\/p>\n","protected":false},"featured_media":1016629,"comment_status":"closed","ping_status":"closed","template":"","meta":{"_acf_changed":false},"product_brand":[],"product_cat":[1407,56,1369,576],"product_tag":[237,1277,1276,1278,788,38],"class_list":{"0":"post-1016628","1":"product","2":"type-product","3":"status-publish","4":"has-post-thumbnail","6":"product_cat-biblioteka-boomera","7":"product_cat-humor","8":"product_cat-promocje","9":"product_cat-wszystkie","10":"product_tag-humor","11":"product_tag-kabaret","12":"product_tag-loza-44","13":"product_tag-maciej-wijatkowski","14":"product_tag-satyra","15":"product_tag-wspomnienia","17":"first","18":"instock","19":"sale","20":"taxable","21":"shipping-taxable","22":"purchasable","23":"product-type-simple","25":"catalog-layout-default","26":"columns-xs-2"},"acf":[],"jetpack_sharing_enabled":true,"_links":{"self":[{"href":"https:\/\/stapis.com.pl\/index.php?rest_route=\/wp\/v2\/product\/1016628","targetHints":{"allow":["GET"]}}],"collection":[{"href":"https:\/\/stapis.com.pl\/index.php?rest_route=\/wp\/v2\/product"}],"about":[{"href":"https:\/\/stapis.com.pl\/index.php?rest_route=\/wp\/v2\/types\/product"}],"replies":[{"embeddable":true,"href":"https:\/\/stapis.com.pl\/index.php?rest_route=%2Fwp%2Fv2%2Fcomments&post=1016628"}],"wp:featuredmedia":[{"embeddable":true,"href":"https:\/\/stapis.com.pl\/index.php?rest_route=\/wp\/v2\/media\/1016629"}],"wp:attachment":[{"href":"https:\/\/stapis.com.pl\/index.php?rest_route=%2Fwp%2Fv2%2Fmedia&parent=1016628"}],"wp:term":[{"taxonomy":"product_brand","embeddable":true,"href":"https:\/\/stapis.com.pl\/index.php?rest_route=%2Fwp%2Fv2%2Fproduct_brand&post=1016628"},{"taxonomy":"product_cat","embeddable":true,"href":"https:\/\/stapis.com.pl\/index.php?rest_route=%2Fwp%2Fv2%2Fproduct_cat&post=1016628"},{"taxonomy":"product_tag","embeddable":true,"href":"https:\/\/stapis.com.pl\/index.php?rest_route=%2Fwp%2Fv2%2Fproduct_tag&post=1016628"}],"curies":[{"name":"wp","href":"https:\/\/api.w.org\/{rel}","templated":true}]}}