{"id":1016793,"date":"2022-05-04T13:59:33","date_gmt":"2022-05-04T11:59:33","guid":{"rendered":"https:\/\/www.stapis.com.pl\/?post_type=product&#038;p=1016793"},"modified":"2025-02-12T14:50:15","modified_gmt":"2025-02-12T13:50:15","slug":"opowiesci-pod-psem-z-gorami-w-tle-stanislaw-cholewa","status":"publish","type":"product","link":"https:\/\/stapis.com.pl\/?product=opowiesci-pod-psem-z-gorami-w-tle-stanislaw-cholewa","title":{"rendered":"Opowie\u015bci pod psem z g\u00f3rami w tle &#8211; Stanis\u0142aw Cholewa"},"content":{"rendered":"<p><b>STANIS\u0141AW CHOLEWA <\/b><span style=\"font-weight: 400;\">\u00a0(urodzi\u0142 si\u0119 w 1940 r. w Borys\u0142awiu). Taternik, alpinista, fotograf g\u00f3rski, kolekcjoner. Z zawodu in\u017cynier elektryk \u2013 specjalista od rozruchu elektrowni. Od 1960 r. cz\u0142onek Klubu Wysokog\u00f3rskiego w Gliwicach. W 1975 r. w Afryce uczestniczy\u0142 w pierwszym trawersowaniu wszystkich lodowcowych masyw\u00f3w g\u00f3r Ruwenzori. Na Kilimand\u017caro dokona\u0142 pierwszego polskiego wej\u015bcia na wierzcho\u0142ek Kibo lodowcem Heima i na Mawenzi, oraz wej\u015bcia na Mount Kenya. W 1976 r. w Hindukuszu Wysokim wszed\u0142 na Kohe Tez, w 1979 r. w Himalajach na Lhotse (8. wej\u015bcie). W 1981 r. wspina\u0142 si\u0119 w Cordillerze Huayhuash, w 1988 r. zdoby\u0142 Aconcagu\u0119 i Illimani. D\u0142ugoletni instruktor wspinaczki w wojskach powietrznodesantowych. Uhonorowany br\u0105zowym medalem \u201eZa Wybitne Osi\u0105gni\u0119cia Sportowe\u201d.<\/span><\/p>\n<h1><\/h1>\n<p><span style=\"font-weight: 400;\">Autor zabiera nas w sentymentaln\u0105 podr\u00f3\u017c do czas\u00f3w, kiedy uczestniczy\u0142 w wyprawach g\u00f3rskich od Mogielnicy po Lhotse. Inspiracj\u0105 do opowiedzenia ka\u017cdej z historii jest pies, czasem b\u0119d\u0105cy towarzyszem w\u0119dr\u00f3wki, innym razem dzika bestia stanowi\u0105ca zagro\u017cenie. Opisane wydarzenia dope\u0142niaj\u0105 fotografie z rodzinnego archiwum autora.<\/span><\/p>\n<p>&nbsp;<\/p>\n<h3><b>Fragmenty<\/b><\/h3>\n<p><b>Fragment I<\/b><\/p>\n<p><i><span style=\"font-weight: 400;\">\u015acie\u017cka ubita setkami racic by\u0142a wyra\u017ana, a jej po\u017c\u0105dany kierunek dawa\u0142 nadziej\u0119, \u017ce bez problemu<\/span><\/i><\/p>\n<p><i><span style=\"font-weight: 400;\">doprowadzi mnie do \u201ecywilizacji\u201d. Rozkoszna wizja zimnego \u201eEfezu\u201d, czekaj\u0105cego mnie za godzin\u0119 w Ahmed Birahanesi znikn\u0119\u0142a nag\u0142e, wymazana przez parali\u017cuj\u0105ce odczucie jakiego\u015b strasznego<\/span><\/i><\/p>\n<p><i><span style=\"font-weight: 400;\">zagro\u017cenia. Po u\u0142amku sekundy rejestruje je r\u00f3wnie\u017c \u015bwiadomo\u015b\u0107 \u2013 od czarnego namiotu, stoj\u0105cego w cieniu roz\u0142o\u017cystych pinii, bezg\u0142o\u015bnie p\u0119dzi w moj\u0105 stron\u0119 sfora dzikich nomadzkich ps\u00f3w.<\/span><\/i><\/p>\n<p>&nbsp;<\/p>\n<p><b>Fragment II<\/b><\/p>\n<p><i><span style=\"font-weight: 400;\">Po kilku minutach zbieram si\u0119 na odwag\u0119 i zbli\u017cam do nich. Teraz ja z kolei zostaj\u0119 r\u00f3wnie entuzjastycznie powitany. Z trudem utrzymuj\u0119 si\u0119 na nogach, gdy olbrzymie zwierz\u0119 wspiera si\u0119 o mnie przednimi \u0142apami i pr\u00f3buje mi z\u0142o\u017cy\u0107 na twarzy braterski poca\u0142unek.\u00a0<\/span><\/i><\/p>\n<p>&nbsp;<\/p>\n<p><b>Fragment III<\/b><\/p>\n<p><i><span style=\"font-weight: 400;\">Powoli obrazy uk\u0142adaj\u0105 si\u0119 w jak\u0105\u015b ca\u0142o\u015b\u0107: id\u0119 p\u0142askowy\u017cem, od czarnego namiotu, stoj\u0105cego w cieniu kilku pinii, biegnie w moj\u0105 stron\u0119 sfora nomadzkich ps\u00f3w. Dzieli mnie od nich kilkadziesi\u0105t metr\u00f3w, a na zupe\u0142nej r\u00f3wninie nie mam \u017cadnych szans na ucieczk\u0119.\u00a0<\/span><\/i><\/p>\n","protected":false},"excerpt":{"rendered":"<p><b>Seria: Literatura g\u00f3rska na \u015bwiecie<\/b><\/p>\n<p><b>ISBN druk: 978-83-7967-226-4<\/b><\/p>\n<p><b>Epub: <\/b><b>978-83-7967-227-1<\/b><\/p>\n<p><b>Mobi: <\/b><b>978-83-7967-228-8<\/b><\/p>\n<p><b>Ilo\u015b\u0107 stron: 144<\/b><\/p>\n<p><b>Ok\u0142adka: mi\u0119kka ze skrzyde\u0142kami<\/b><\/p>\n<p><b>Format: <\/b><b>\u00a0<\/b><b>161\u00d7236 mm<\/b><\/p>\n<p><b>Rok wydania: 2022<\/b><\/p>\n<p><b>Cena detaliczna: 29,90<\/b><\/p>\n<p>Producent: Wydawnictwo Stapis Anna Pisarek, ul. Floriana 2a, 40-288 Katowice, biuro@stapis.com.pl, tel. 605 963 179<\/p>\n","protected":false},"featured_media":1016795,"comment_status":"closed","ping_status":"closed","template":"","meta":{"_acf_changed":false},"product_brand":[],"product_cat":[52,576],"product_tag":[1129,1296,365,43,1295,1294],"class_list":{"0":"post-1016793","1":"product","2":"type-product","3":"status-publish","4":"has-post-thumbnail","6":"product_cat-literatura-gorska-na-swiecie","7":"product_cat-wszystkie","8":"product_tag-ksiazki-o-gorach","9":"product_tag-ksiazki-o-psach","10":"product_tag-literatura-gorska","11":"product_tag-literatura-gorska-na-swiecie","12":"product_tag-psy-w-gorach","13":"product_tag-stanislaw-cholewa","15":"first","16":"instock","17":"taxable","18":"shipping-taxable","19":"purchasable","20":"product-type-simple","22":"catalog-layout-default","23":"columns-xs-2"},"acf":[],"jetpack_sharing_enabled":true,"_links":{"self":[{"href":"https:\/\/stapis.com.pl\/index.php?rest_route=\/wp\/v2\/product\/1016793","targetHints":{"allow":["GET"]}}],"collection":[{"href":"https:\/\/stapis.com.pl\/index.php?rest_route=\/wp\/v2\/product"}],"about":[{"href":"https:\/\/stapis.com.pl\/index.php?rest_route=\/wp\/v2\/types\/product"}],"replies":[{"embeddable":true,"href":"https:\/\/stapis.com.pl\/index.php?rest_route=%2Fwp%2Fv2%2Fcomments&post=1016793"}],"wp:featuredmedia":[{"embeddable":true,"href":"https:\/\/stapis.com.pl\/index.php?rest_route=\/wp\/v2\/media\/1016795"}],"wp:attachment":[{"href":"https:\/\/stapis.com.pl\/index.php?rest_route=%2Fwp%2Fv2%2Fmedia&parent=1016793"}],"wp:term":[{"taxonomy":"product_brand","embeddable":true,"href":"https:\/\/stapis.com.pl\/index.php?rest_route=%2Fwp%2Fv2%2Fproduct_brand&post=1016793"},{"taxonomy":"product_cat","embeddable":true,"href":"https:\/\/stapis.com.pl\/index.php?rest_route=%2Fwp%2Fv2%2Fproduct_cat&post=1016793"},{"taxonomy":"product_tag","embeddable":true,"href":"https:\/\/stapis.com.pl\/index.php?rest_route=%2Fwp%2Fv2%2Fproduct_tag&post=1016793"}],"curies":[{"name":"wp","href":"https:\/\/api.w.org\/{rel}","templated":true}]}}