{"id":1016872,"date":"2022-07-22T14:29:39","date_gmt":"2022-07-22T12:29:39","guid":{"rendered":"https:\/\/www.stapis.com.pl\/?post_type=product&#038;p=1016872"},"modified":"2025-02-12T14:49:57","modified_gmt":"2025-02-12T13:49:57","slug":"sudeckosc-zbigniew-piotrowicz","status":"publish","type":"product","link":"https:\/\/stapis.com.pl\/?product=sudeckosc-zbigniew-piotrowicz","title":{"rendered":"Sudecko\u015b\u0107 &#8211; Zbigniew Piotrowicz"},"content":{"rendered":"<p><b>Opis<\/b><span style=\"font-weight: 400;\">\u00a0<\/span><\/p>\n<p><b>ZBIGNIEW PIOTROWICZ<\/b><span style=\"font-weight: 400;\"> (1958) \u2013 psycholog, taternik, podr\u00f3\u017cnik, dzia\u0142acz samorz\u0105dowy, menad\u017cer, ale tak\u017ce stolarz, hodowca owiec, redaktor naczelny \u201eTaternika\u201d, publicysta, bloger, winiarz, pszczelarz, pomys\u0142odawca i\u00a0organizator Przegl\u0105du Film\u00f3w G\u00f3rskich im. Andrzeja Zawady w\u00a0L\u0105dku Zdroju, autor i\u00a0redaktor kilku ksi\u0105\u017cek oraz przewodnika wspinaczkowego po Ska\u0142kach L\u0105deckich, tw\u00f3rca enigmatycznej wytw\u00f3rni filmowej Lasy Pa\u0144stwowe Forever. Gaw\u0119dziarz. Czasem wokalista. Mieszka pod lasem w\u00a0Radochowie w\u00a0G\u00f3rach Z\u0142otych.<\/span><\/p>\n<p>&nbsp;<\/p>\n<p><span style=\"font-weight: 400;\">Sudecko\u015b\u0107, jest s\u0142owem, kt\u00f3rego nie znajdziemy w\u00a0s\u0142ownikach, prowokuj\u0105cym, bez definicji. Mo\u017ce mie\u0107 znaczenie wszelakie, ale zawsze zwi\u0105zane z\u00a0 g\u00f3rami, ci\u0105gn\u0105cymi si\u0119 \u0142a\u0144cuchem 22 pasm na przestrzeni 300 km. To Sudety. Znane i\u00a0eksplorowane od stuleci. G\u00f3ry bogate, pi\u0119kne, tajemnicze, po\u017c\u0105dane, z\u00a0mocno skomplikowan\u0105 histori\u0105. W\u00a0 te g\u00f3ry kilkadziesi\u0105t lat temu, jeszcze jako student, wkroczy\u0142 autor. Po latach opisa\u0142 swoj\u0105 \u017cyciow\u0105 \u015bcie\u017ck\u0119, kr\u0119t\u0105, sudeck\u0105. W\u00a0literaturze g\u00f3rskiej pojawi\u0142a si\u0119 nowa pozycja o\u00a0nieznanej do tej pory narracji. Czy \u201esudecko\u015b\u0107\u201d w\u00a0wydaniu Zbyszka jest pr\u00f3b\u0105 pokazania rodz\u0105cej si\u0119 od dziesi\u0119cioleci warto\u015bci i\u00a0to\u017csamo\u015bci regionalnej? Czytelnik znajdzie odpowied\u017a po wnikliwym przeczytaniu tej pasjonuj\u0105cej lektury.\u00a0<\/span><\/p>\n<p><span style=\"font-weight: 400;\">Marian Sajnog<\/span><\/p>\n<p>&nbsp;<\/p>\n<p><b>Fragmenty<\/b><\/p>\n<p><b>Fragment I<\/b><\/p>\n<p><i><span style=\"font-weight: 400;\">Te wakacje zapad\u0142y mi mocno w\u00a0pami\u0119\u0107. Do dzisiaj jestem pe\u0142en uznania dla Rodzic\u00f3w, \u017ce z\u00a0dw\u00f3jk\u0105 ma\u0142ych dzieci zdecydowali si\u0119 na tak ekstrawagancki wyjazd. Nie pami\u0119tam, \u017ceby narzekali. Im te\u017c si\u0119 podoba\u0142o, cho\u0107 ten namiot, materace, z\u00a0kt\u00f3rych wiecznie schodzi\u0142o powietrze i\u00a0w\u0142asna garkuchnia nie wynika\u0142y z\u00a0wyboru, lecz z\u00a0konieczno\u015bci. By\u0142y wr\u0119cz \u017ca\u0142osne. Na prawdziwe wczasy nie by\u0142o ich sta\u0107. A\u00a0mnie si\u0119 bardzo podoba\u0142o. By\u0142em grzecznym ch\u0142opczykiem ch\u0142on\u0105cym \u015bwiat i\u00a0wszelkie nowe do\u015bwiadczenia. Nie wiedzia\u0142em w\u00f3wczas, \u017ce ten wyjazd, sprezentowany przez los, to bardzo wa\u017cny etap pomi\u0119dzy ch\u0142odnym wieczorem na szczycie Kasprowego i\u00a0p\u00f3\u017aniejsz\u0105 egzaltacj\u0105 zacinaj\u0105cym deszczem gdzie\u015b w\u00a0Beskidach. Nie mog\u0142em wiedzie\u0107, \u017ce Sudety mia\u0142y si\u0119 w\u00a0przysz\u0142o\u015bci okaza\u0107 dla mnie celem tej metafizycznej wyprawy przez \u017cycie.<\/span><\/i><\/p>\n<p>&nbsp;<\/p>\n<p><b>Fragment II<\/b><\/p>\n<p><i><span style=\"font-weight: 400;\">Skalny St\u00f3\u0142 jest miejscem wyj\u0105tkowym. Szczyt to sp\u0119kana kamienna p\u0142yta, wznosz\u0105ca si\u0119 nad lasem, troch\u0119 jak wielki balkon. Tu zawsze, bez wzgl\u0119du na pogod\u0119, przysiada\u0142em na chwil\u0119, wiedz\u0105c, \u017ce ju\u017c nie musz\u0119 si\u0119 nigdzie \u015bpieszy\u0107. Do celu by\u0142o tylko pi\u0119\u0107 minut. Zim\u0105 dotarcie z\u00a0poci\u0105gu w\u00a0Jeleniej G\u00f3rze do Chatki ukrytej w\u00a0lesie, pod wierzcho\u0142kiem Skalnego Sto\u0142u, poch\u0142ania\u0142o tyle czasu, \u017ce na miejsce dociera\u0142em zazwyczaj po po\u0142udniu. Po otwarciu zamarzni\u0119tych k\u0142\u00f3dek i\u00a0odkr\u0119ceniu specjalnym kluczem \u015bruby przytrzymuj\u0105cej od wewn\u0105trz metalow\u0105 sztab\u0119, mog\u0142em wej\u015b\u0107 do \u015brodka. Nast\u0119pn\u0105 czynno\u015bci\u0105 by\u0142o odkr\u0119cenie wewn\u0119trznych \u015brub przytrzymuj\u0105cych okiennic\u0119 od jedynego okna i\u00a0w\u0142a\u015bciwie mog\u0142em na chwil\u0119 przysi\u0105\u015b\u0107. By\u0142em w\u00a0Chatce.<\/span><\/i><\/p>\n<p><b>Fragment III<\/b><\/p>\n<p><i><span style=\"font-weight: 400;\">Po wieczornym pikniku s\u0142o\u0144ce ukry\u0142o si\u0119 za horyzontem w\u00a0naszych nogach i\u00a0zaraz potem wsta\u0142o nad naszymi g\u0142owami. Z\u00a0drugiej strony Ziemi. To by\u0142a bardzo kr\u00f3tka noc, jedna z\u00a0tych, kiedy ciemno jest zaledwie przez pi\u0119\u0107 godzin i\u00a0w\u0142a\u015bciwie nie ma czasu aby spa\u0107. Takich chwil si\u0119 nie przesypia. Dla nich si\u0119 \u017cyje\u2026<\/span><\/i><\/p>\n<p><b>Fragment IV<\/b><\/p>\n<p><i><span style=\"font-weight: 400;\">Czesi, cho\u0107 mieszkaj\u0105 w\u00a0tych samych Sudetach, ale po ich drugiej stronie, s\u0105 jacy\u015b inni,. Ta inno\u015b\u0107, to do\u015b\u0107 trywialna obserwacja, ale wr\u00f3\u0107my do Krecika w\u00a0psychodelicznej stodole. Przecie\u017c my te\u017c w\u00a0m\u0142odo\u015bci ogl\u0105dali\u015bmy na dobranoc te same czeskie bajki. Bawi\u0142y nas groteskowe dialogi i\u00a0 absurdalne klimaty. Bawi\u0142y, bo rozumieli\u015bmy je. Wcale nie by\u0142y dziwaczne, przynajmniej wtedy. A\u00a0teraz zr\u00f3bcie eksperyment i\u00a0obejrzyjcie je jeszcze raz. Czy\u017c muzyka w\u00a0tych filmach nie jest nieco transowa, troch\u0119 w\u00a0stylu ambient? Czy te same opowie\u015bci po latach nie zaskocz\u0105 was estetyk\u0105 blisk\u0105 psychodelicznym podr\u00f3\u017com gdzie\u015b w\u00a0g\u0142\u0105b siebie? Odkryjecie, \u017ce i\u00a0Krecik, i\u00a0\u017bwirek i\u00a0Muchomorek, i\u00a0Makowa (!!!) Panienka, i\u00a0Wodnik Szuwarek, to skrzy\u017cowanie hipisowskiego odjazdu i\u00a0hrabalowskiej pochwa\u0142y zwyczajno\u015bci, bo ta zwyczajno\u015b\u0107 jest jeszcze bardziej odjechana? \u017be te filmy \u015bwietnie nadaj\u0105 si\u0119 na ekstatyczn\u0105 imprez\u0119, na kt\u00f3rej wynurzenia instruktora bhp w\u00a0mleczarni s\u0105 jej niezb\u0119dnym dope\u0142nieniem? Powt\u00f3rz\u0119, Czesi s\u0105 jacy\u015b inni, ale przecie\u017c my te\u017c kiedy\u015b dostali\u015bmy t\u0119 estetyk\u0119, ten klimat w\u00a0prezencie i\u00a0\u2013\u00a0dorastaj\u0105c \u2013\u00a0gdzie\u015b to wszystko musieli\u015bmy zgubi\u0107. Dlatego psychodeliczne stodo\u0142y s\u0105 u\u00a0nas wielk\u0105 rzadko\u015bci\u0105.<\/span><\/i><\/p>\n","protected":false},"excerpt":{"rendered":"<p>&nbsp;<\/p>\n<p><b>Seria: Literatura g\u00f3rska na \u015bwiecie<\/b><\/p>\n<p><b>ISBN druk: <\/b><b>978-83-7967-237-0<\/b><\/p>\n<p><b>Epub: <\/b><b>978-83-7967-238-7<\/b><\/p>\n<p><b>Mobi: <\/b><b>978-83-7967-239-4<\/b><\/p>\n<p><b>Ilo\u015b\u0107 stron: 240<\/b><\/p>\n<p><b>Ok\u0142adka: mi\u0119kka ze skrzyde\u0142kami<\/b><\/p>\n<p><b>Format: <\/b><b>\u00a0<\/b><b>161\u00d7236 mm<\/b><\/p>\n<p><b>Rok wydania: 2022<\/b><\/p>\n<p><b>Cena detaliczna: 49,90 z\u0142<\/b><\/p>\n<p>Producent: Wydawnictwo Stapis Anna Pisarek, ul. Floriana 2a, 40-288 Katowice, biuro@stapis.com.pl, tel. 605 963 179<\/p>\n","protected":false},"featured_media":1016873,"comment_status":"closed","ping_status":"closed","template":"","meta":{"_acf_changed":false},"product_brand":[],"product_cat":[52,576],"product_tag":[35,78,79,40,776,1129,365,43,31,32,93,1302,38,97,1303],"class_list":{"0":"post-1016872","1":"product","2":"type-product","3":"status-publish","4":"has-post-thumbnail","6":"product_cat-literatura-gorska-na-swiecie","7":"product_cat-wszystkie","8":"product_tag-biografia","9":"product_tag-geografia","10":"product_tag-gory","11":"product_tag-historia","12":"product_tag-ksiazki-gorskie","13":"product_tag-ksiazki-o-gorach","14":"product_tag-literatura-gorska","15":"product_tag-literatura-gorska-na-swiecie","16":"product_tag-literatura-podroznicza","17":"product_tag-literatura-turystyczna","18":"product_tag-ludzie-gor","19":"product_tag-sudety","20":"product_tag-wspomnienia","21":"product_tag-wyprawa","22":"product_tag-zbigniew-piotrowicz","24":"first","25":"instock","26":"taxable","27":"shipping-taxable","28":"purchasable","29":"product-type-simple","31":"catalog-layout-default","32":"columns-xs-2"},"acf":[],"jetpack_sharing_enabled":true,"_links":{"self":[{"href":"https:\/\/stapis.com.pl\/index.php?rest_route=\/wp\/v2\/product\/1016872","targetHints":{"allow":["GET"]}}],"collection":[{"href":"https:\/\/stapis.com.pl\/index.php?rest_route=\/wp\/v2\/product"}],"about":[{"href":"https:\/\/stapis.com.pl\/index.php?rest_route=\/wp\/v2\/types\/product"}],"replies":[{"embeddable":true,"href":"https:\/\/stapis.com.pl\/index.php?rest_route=%2Fwp%2Fv2%2Fcomments&post=1016872"}],"wp:featuredmedia":[{"embeddable":true,"href":"https:\/\/stapis.com.pl\/index.php?rest_route=\/wp\/v2\/media\/1016873"}],"wp:attachment":[{"href":"https:\/\/stapis.com.pl\/index.php?rest_route=%2Fwp%2Fv2%2Fmedia&parent=1016872"}],"wp:term":[{"taxonomy":"product_brand","embeddable":true,"href":"https:\/\/stapis.com.pl\/index.php?rest_route=%2Fwp%2Fv2%2Fproduct_brand&post=1016872"},{"taxonomy":"product_cat","embeddable":true,"href":"https:\/\/stapis.com.pl\/index.php?rest_route=%2Fwp%2Fv2%2Fproduct_cat&post=1016872"},{"taxonomy":"product_tag","embeddable":true,"href":"https:\/\/stapis.com.pl\/index.php?rest_route=%2Fwp%2Fv2%2Fproduct_tag&post=1016872"}],"curies":[{"name":"wp","href":"https:\/\/api.w.org\/{rel}","templated":true}]}}