{"id":1016879,"date":"2022-07-26T13:36:44","date_gmt":"2022-07-26T11:36:44","guid":{"rendered":"https:\/\/www.stapis.com.pl\/?post_type=product&#038;p=1016879"},"modified":"2025-02-27T08:36:08","modified_gmt":"2025-02-27T07:36:08","slug":"dlaczego-wierzymy-w-boga-ow-j-anderson-thomson-jr-i-clare-aukofer","status":"publish","type":"product","link":"https:\/\/stapis.com.pl\/?product=dlaczego-wierzymy-w-boga-ow-j-anderson-thomson-jr-i-clare-aukofer","title":{"rendered":"Dlaczego wierzymy w boga(-\u00f3w) &#8211; J. Anderson Thomson Jr. i Clare Aukofer"},"content":{"rendered":"<h4><i><span style=\"font-weight: 400;\">Kr\u00f3tki przewodnik po nauce o wierze<\/span><\/i><\/h4>\n<p><i><span style=\"font-weight: 400;\">Niniejsza ksi\u0105\u017cka \u2013 opisuj\u0105ca ewolucyjne mechanizmy nap\u0119dowe religijno\u015bci \u2013 sprawi\u0142aby [Darwinowi] wielk\u0105 rado\u015b\u0107. [\u2026] Kolejno, jeden po drugim, pozosta\u0142e elementy religii \u2013 wsp\u00f3lnotowe praktyki religijne, pos\u0142usze\u0144stwo wobec w\u0142adzy kap\u0142a\u0144skiej, rytua\u0142 \u2013 zostaj\u0105 odpowiednio zdiagnozowane i potraktowane przez doktora Thomsona. Ka\u017cda poczyniona przez niego uwaga brzmi prawdziwie i poparta jest rzeczowym stylem i sugestywnymi obrazami. Andy Thomson jest niezwykle elokwentnym wyk\u0142adowc\u0105 i wida\u0107 to wyra\u017anie w jego pisarstwie. T\u0119 niewielk\u0105, napisan\u0105 z nerwem ksi\u0105\u017ck\u0119 czyta si\u0119 szybko \u2013 ale pozostaje ona w pami\u0119ci na d\u0142ugo.<\/span><\/i><\/p>\n<p><i><span style=\"font-weight: 400;\">RICHARD DAWKINS, autor Boga urojonego<\/span><\/i><\/p>\n<p><span style=\"font-weight: 400;\">W swojej nowatorskiej pracy J. Anderson Thomson wraz z Clare Aukofer oferuje zwi\u0119z\u0142e, lecz wszechstronne studium na temat, w jaki spos\u00f3b i dlaczego m\u00f3zg ludzki generuje wierzenia religijne. Dr Thomson \u2013 uznany i ceniony psychiatra znany ze swoich bada\u0144 nad terroryzmem samob\u00f3jczym \u2013 przeprowadza badanie sk\u0142adnik\u00f3w i przyczyn wiary religijnej w taki sam spos\u00f3b, w jaki ka\u017cdy naukowiec bada\u0142by ruch cia\u0142 niebieskich lub ewolucj\u0119 \u017cycia, kt\u00f3re s\u0105 czysto naturalnymi zjawiskami.<\/span><\/p>\n<p><span style=\"font-weight: 400;\">Mo\u017cna podziwia\u0107, jak dr Thomson przedstawia dowody z dziedziny psychologii kognitywnej oraz neurobiologii \u2013 w spos\u00f3b przyst\u0119pny dla ka\u017cdego czytelnika oraz wyj\u0105tkowo przekonuj\u0105cy \u2013 prezentuj\u0105c tez\u0119, \u017ce b\u00f3g(-owie) zosta\u0142\/li stworzeni przez cz\u0142owieka, a nie odwrotnie. Wraz z t\u0105 ksi\u0105\u017ck\u0105 dr Thomson sta\u0142 si\u0119 jednym z tych autor\u00f3w, kt\u00f3rych prace s\u0105 lektur\u0105 obowi\u0105zkow\u0105, i jednocze\u015bnie jednym z wiod\u0105cych my\u015blicieli w debacie na temat prymatu rozumu i nauki nad przes\u0105dami i religi\u0105.<\/span><\/p>\n<p><span style=\"font-weight: 400;\">\u00a0<\/span><\/p>\n<p><span style=\"font-weight: 400;\">J. <\/span>Anderson Thomson, Jr.<\/p>\n<p><span style=\"font-weight: 400;\">(ur. 1948) jest psychiatr\u0105, doktorem medycyny, cz\u0142onkiem wielu ameryka\u0144skich i mi\u0119dzynarodowych stowarzysze\u0144 medycznych oraz pracownikiem Uniwersytetu Virginia. Autor wielu prac na temat m.in. rasizmu, zaburze\u0144 osobowo\u015bci, terroryzmu samob\u00f3jczego (jako ekspert s\u0105dowy), depresji i zespo\u0142u stresu pourazowego oraz psychologiczno-biograficznych esej\u00f3w o Lee Harveyu Oswaldzie i Robercie E. Lee. Wsp\u00f3\u0142autor ksi\u0105\u017cki<\/span><i><span style=\"font-weight: 400;\"> Facing Bipolar: The Young Adult\u2019s Guide to Dealing With Bipolar Disorder<\/span><\/i><span style=\"font-weight: 400;\">.Swoje obecne zainteresowania badawcze koncentruje wok\u00f3\u0142 obszaru psychologii ewolucyjnej i wykorzystania jej zasad do zrozumienia zagadnie\u0144 depresji, terroryzmu samob\u00f3jczego i wierze\u0144 religijnych.\u00a0 Od 2007 roku dr Thomson jest cz\u0142onkiem zarz\u0105du Fundacji Richarda Dawkinsa na Rzecz Rozumu i Nauki <\/span><i><span style=\"font-weight: 400;\">(Richard Dawkins Foundation for Reason and Science)<\/span><\/i><span style=\"font-weight: 400;\">.<\/span><\/p>\n<p><span style=\"font-weight: 400;\">Clare Aukofer jest pisark\u0105 i redaktork\u0105 literatury medycznej w Charlottesville, Virginia.<\/span><\/p>\n<p><span style=\"font-weight: 400;\">Oficjalna strona autora: <\/span><a href=\"http:\/\/www.jandersonthomson.com\/\"><span style=\"font-weight: 400;\">jandersonthomson.com<\/span><\/a><\/p>\n<p><span style=\"font-weight: 400;\">\u00a0<\/span><\/p>\n<p><i><span style=\"font-weight: 400;\">Poszukiwania odpowiedzi na pytania o nasz\u0105 ewolucyjn\u0105 przesz\u0142o\u015b\u0107 s\u0105 bardziej fascynuj\u0105ce ni\u017c rozwi\u0105zywanie najbardziej z\u0142o\u017conych zagadek kryminalnych. Ta ksi\u0105\u017cka to wynik fascynuj\u0105cej podr\u00f3\u017cy, kt\u00f3ra rozpocz\u0119\u0142a si\u0105 od pyta\u0144 o motywy dzia\u0142ania religijnych samob\u00f3jc\u00f3w z 11 wrze\u015bnia 2001 roku, a zaprowadzi\u0142a autora do ewolucyjnych pocz\u0105tk\u00f3w rodzaju homo. Przyst\u0119pnie cho\u0107 bez uproszcze\u0144, bezpo\u015brednio ale bez agresji, autor ukazuje ewolucyjny rodow\u00f3d religii.<\/span><\/i><\/p>\n<p><i><span style=\"font-weight: 400;\">TOMASZ WITKOWSKI, autor Zakazanej psychologii<\/span><\/i><\/p>\n<p><span style=\"font-weight: 400;\">\u00a0<\/span><\/p>\n<p><i><span style=\"font-weight: 400;\">Andy Thomson, wraz z Clare Aukofer, napisa\u0142 niezwykle zwi\u0119z\u0142e wprowadzenie do naszego rosn\u0105cego naukowego rozumienia religii. Je\u015bli chcieliby\u015bcie dowiedzie\u0107 si\u0119, w przeci\u0105gu godziny, dlaczego mamy wszelkie powody, aby s\u0105dzi\u0107, \u017ce B\u00f3g jest dzie\u0142em cz\u0142owieka \u2013 to jest w\u0142a\u015bnie ta ksi\u0105\u017cka, kt\u00f3r\u0105 nale\u017cy przeczyta\u0107.<\/span><\/i><\/p>\n<p><i><span style=\"font-weight: 400;\">SAM HARRIS, autor ksi\u0105\u017cek Koniec wiary, Pejza\u017c moralny oraz Letter to a Christian Nation<\/span><\/i><\/p>\n<p><span style=\"font-weight: 400;\">\u00a0<\/span><\/p>\n<p><i><span style=\"font-weight: 400;\">Niewielka (niemal kieszonkowa) ksi\u0105\u017cka, [\u2026] kt\u00f3ra wzbudzi zainteresowanie zar\u00f3wno wierz\u0105cych, jak i niewierz\u0105cych.<\/span><\/i><\/p>\n<p><i><span style=\"font-weight: 400;\">BOOKLIST, czasopismo Stowarzyszenia Bibliotek Ameryka\u0144skich (American Library Association) \u2013 najstarszej i najwi\u0119kszej tego typu organizacji na \u015bwiecie<\/span><\/i><\/p>\n<p><span style=\"font-weight: 400;\">\u00a0<\/span><\/p>\n<p><i><span style=\"font-weight: 400;\">Jako stolarz amator mog\u0119 stwierdzi\u0107 z w\u0142asnego do\u015bwiadczenia, \u017ce nic nie dor\u00f3wna narz\u0119dziom dobranym do pracy, kt\u00f3r\u0105 staramy si\u0119 wykona\u0107. Oto w\u0142a\u015bnie Andy Thomson i Clare Aukofer zmontowali niesamowicie por\u0119czn\u0105 skrzynk\u0119 z narz\u0119dziami dla ka\u017cdego laika, kt\u00f3ry chce ja\u015bniej my\u015ble\u0107 o \u2013 mniej mistycznym, ni\u017c zawsze s\u0105dzili\u015bmy \u2013 pochodzeniu wierze\u0144 religijnych.<\/span><\/i><\/p>\n<p><i><span style=\"font-weight: 400;\">AUGUST E. BRUNSMAN IV, dyrektor naczelny Secular Student Alliance<\/span><\/i><\/p>\n<p><span style=\"font-weight: 400;\">\u00a0<\/span><\/p>\n<p><i><span style=\"font-weight: 400;\">M\u00f3wi\u0105c po prostu, ksi\u0105\u017cka ta oferuje najbardziej frapuj\u0105ce naukowe wyja\u015bnienie religii, jakie do tej pory przedstawiono. Andy Thomson i Clare Aukofer obja\u015bniaj\u0105 precyzyjnie, jak powsta\u0142e na drodze ewolucji mechanizmy psychiki i m\u00f3zgu \u0142\u0105cz\u0105 si\u0142y, by wywo\u0142a\u0107 doznania religijne, oraz pokazuj\u0105, w jaki spos\u00f3b przyw\u00f3dcy religijni wykorzystuj\u0105 te mechanizmy, czasem z fatalnymi skutkami. Ta ksi\u0105\u017cka jest fascynuj\u0105ca od pocz\u0105tku do ko\u0144ca. Znajduje si\u0119 na samej g\u00f3rze mojej listy \u201eksi\u0105\u017cek najgor\u0119cej polecanych\u201d w 2011 r.<\/span><\/i><\/p>\n<p><i><span style=\"font-weight: 400;\">DAVID M. BUSS, autor ksi\u0105\u017cki Psychologia ewolucyjna. Jak wyt\u0142umaczy\u0107 spo\u0142eczne zachowania cz\u0142owieka? Najnowsze koncepcje<\/span><\/i><\/p>\n","protected":false},"excerpt":{"rendered":"<p><span style=\"font-weight: 400;\">Przek\u0142ad: Dariusz Jamrozowicz<\/span><\/p>\n<p><span style=\"font-weight: 400;\">Stron: 224<\/span><\/p>\n<p><span style=\"font-weight: 400;\">ISBN 978-83-933851-1-9<\/span><\/p>\n<p><span style=\"font-weight: 400;\">Format: 13 x 19,5 cm,\u00a0<\/span><\/p>\n<p><span style=\"font-weight: 400;\">Oprawa: twarda<\/span><\/p>\n<p>Producent: Wydawnictwo Stapis Anna Pisarek, ul. Floriana 2a, 40-288 Katowice, biuro@stapis.com.pl, tel. 605 963 179<\/p>\n<p>&nbsp;<\/p>\n","protected":false},"featured_media":1016881,"comment_status":"closed","ping_status":"closed","template":"","meta":{"_acf_changed":false},"product_brand":[],"product_cat":[359,1369,576],"product_tag":[1309,354,1132,1305,1310,1306,442,1308,631,1307,355],"class_list":{"0":"post-1016879","1":"product","2":"type-product","3":"status-publish","4":"has-post-thumbnail","6":"product_cat-bez-bogow","7":"product_cat-promocje","8":"product_cat-wszystkie","9":"product_tag-andy-thomson","10":"product_tag-ateizm","11":"product_tag-bez-bogow","12":"product_tag-blekitna-kropka","13":"product_tag-clare-aukofer","14":"product_tag-dlaczego-wierzymy-w-boga","15":"product_tag-filozofia","16":"product_tag-j-anderson-thomson-jr","17":"product_tag-krytyka-religii","18":"product_tag-nauka-o-wierze","19":"product_tag-religia","21":"first","22":"instock","23":"sale","24":"taxable","25":"shipping-taxable","26":"purchasable","27":"product-type-simple","29":"catalog-layout-default","30":"columns-xs-2"},"acf":[],"jetpack_sharing_enabled":true,"_links":{"self":[{"href":"https:\/\/stapis.com.pl\/index.php?rest_route=\/wp\/v2\/product\/1016879","targetHints":{"allow":["GET"]}}],"collection":[{"href":"https:\/\/stapis.com.pl\/index.php?rest_route=\/wp\/v2\/product"}],"about":[{"href":"https:\/\/stapis.com.pl\/index.php?rest_route=\/wp\/v2\/types\/product"}],"replies":[{"embeddable":true,"href":"https:\/\/stapis.com.pl\/index.php?rest_route=%2Fwp%2Fv2%2Fcomments&post=1016879"}],"wp:featuredmedia":[{"embeddable":true,"href":"https:\/\/stapis.com.pl\/index.php?rest_route=\/wp\/v2\/media\/1016881"}],"wp:attachment":[{"href":"https:\/\/stapis.com.pl\/index.php?rest_route=%2Fwp%2Fv2%2Fmedia&parent=1016879"}],"wp:term":[{"taxonomy":"product_brand","embeddable":true,"href":"https:\/\/stapis.com.pl\/index.php?rest_route=%2Fwp%2Fv2%2Fproduct_brand&post=1016879"},{"taxonomy":"product_cat","embeddable":true,"href":"https:\/\/stapis.com.pl\/index.php?rest_route=%2Fwp%2Fv2%2Fproduct_cat&post=1016879"},{"taxonomy":"product_tag","embeddable":true,"href":"https:\/\/stapis.com.pl\/index.php?rest_route=%2Fwp%2Fv2%2Fproduct_tag&post=1016879"}],"curies":[{"name":"wp","href":"https:\/\/api.w.org\/{rel}","templated":true}]}}