{"id":1016887,"date":"2022-07-27T11:26:19","date_gmt":"2022-07-27T09:26:19","guid":{"rendered":"https:\/\/www.stapis.com.pl\/?post_type=product&#038;p=1016887"},"modified":"2026-03-03T11:06:40","modified_gmt":"2026-03-03T10:06:40","slug":"wszystkie-winy-izraela-andrzej-koraszewski","status":"publish","type":"product","link":"https:\/\/stapis.com.pl\/?product=wszystkie-winy-izraela-andrzej-koraszewski","title":{"rendered":"Wszystkie winy Izraela &#8211; Andrzej Koraszewski"},"content":{"rendered":"<p><span style=\"font-weight: 400;\">\u00a0\u201c<\/span><i><span style=\"font-weight: 400;\">Szczere, kontrowersyjne i \u201eniepoprawne\u201d pogl\u0105dy Andrzeja Koraszewskiego nie spodobaj\u0105 si\u0119 wielu, oburz\u0105, wywo\u0142aj\u0105 w\u015bciek\u0142o\u015b\u0107. <\/span><\/i><i><span style=\"font-weight: 400;\">To bardzo dobrze. Mo\u017ce pobudz\u0105 do my\u015blenia\u201d.<\/span><\/i><\/p>\n<p><i><span style=\"font-weight: 400;\">PIOTR IBRAHIM KALWAS \u2013 prozaik, eseista, scenarzysta telewizyjny, autor m.in. ksi\u0105\u017cek Salam oraz Egipt: haram, halal<\/span><\/i><\/p>\n<h4><span style=\"font-weight: 400;\">Od autora<\/span><\/h4>\n<p><span style=\"font-weight: 400;\">Od wielu lat nosi\u0142em si\u0119 z zamiarem napisania ksi\u0105\u017cki, nie o Izraelu, a o stosunku \u015bwiata do Izraela. Dlaczego ten male\u0144ki kraj budzi tyle uwagi i tyle emocji, dlaczego \u201ekrytyka\u201d Izraela tak doskonale wypiera krytyk\u0119 \u0142amania praw cz\u0142owieka na \u015bwiecie, dlaczego analiza tej \u201ekrytyki\u201d pokazuje, jak cz\u0119sto jest ona zwyczajn\u0105 kontynuacj\u0105 d\u0142ugiej tradycji antysemityzmu?<\/span><\/p>\n<p><span style=\"font-weight: 400;\">O tym stosunku \u015bwiata do Izraela w ci\u0105gu ostatnich dziesi\u0119cioleci napisa\u0142em kilkaset artyku\u0142\u00f3w, ta ksi\u0105\u017cka powsta\u0142a jednak przypadkiem jako efekt \u015bledzenia blogu Agnieszki Zagner <\/span><i><span style=\"font-weight: 400;\">Orient Express<\/span><\/i><span style=\"font-weight: 400;\">. Formu\u0142a list\u00f3w pozwala\u0142a przedstawi\u0107 te problemy w bardziej osobisty i bardziej przyst\u0119pny spos\u00f3b.<\/span><\/p>\n<p><span style=\"font-weight: 400;\">\u00a0<\/span><\/p>\n<p><span style=\"font-weight: 400;\">Andrzej Koraszewski<\/span><\/p>\n<p><span style=\"font-weight: 400;\">Publicysta, by\u0142y dziennikarz i wicedyrektor Polskiej Sekcji BBC, publicysta paryskiej \u201eKultury\u201d, dzia\u0142acz opozycyjny. Laureat nagrody publicystycznej im. Juliusza Mieroszewskiego.<\/span><\/p>\n<p><span style=\"font-weight: 400;\">Studiowa\u0142 socjologi\u0119 na Uniwersytecie Warszawskim, w 1971 roku wyemigrowa\u0142 do Szwecji, przez kr\u00f3tki czas pracowa\u0142 na wydziale socjologii na uniwersytecie w Uppsali, zajmowa\u0142 si\u0119 dziennikarstwem, pracowa\u0142 w Instytucie Historii Ekonomii w Lund. Na emigracji publikowa\u0142 w \u201eAneksie\u201d, w \u201eKulturze\u201d i w wielu innych czasopismach emigracyjnych, zajmowa\u0142 si\u0119 pomoc\u0105 dla opozycji w kraju. W 1986 roku przeni\u00f3s\u0142 si\u0119 do Londynu, gdzie pracowa\u0142 w BBC. Po przej\u015bciu na emerytur\u0119 w 1998 roku wr\u00f3ci\u0142 do Polski i osiad\u0142 w Dobrzyniu nad Wis\u0142\u0105.<\/span><\/p>\n<p><span style=\"font-weight: 400;\">Przez wiele lat by\u0142 zast\u0119pc\u0105 redaktora naczelnego portalu \u201eRacjonalista\u201d. Obecnie prowadzi z \u017con\u0105 magazyn internetowy \u201eListy z naszego sadu\u201d po\u015bwi\u0119cony nauce, problemom religii i sprawom mi\u0119dzynarodowym. Wsp\u00f3\u0142pracuje z portalem \u201eStudio Opinii\u201d.<\/span><\/p>\n<p><span style=\"font-weight: 400;\">W 1992 r. ukaza\u0142a si\u0119 w PWN jego ksi\u0105\u017cka <\/span><i><span style=\"font-weight: 400;\">Wielki poker<\/span><\/i><span style=\"font-weight: 400;\"> \u2013 o historii reform gospodarczych w rolnictwie.<\/span><\/p>\n<p><span style=\"font-weight: 400;\">W 1996 wydawnictwo Naukowe Scholar opublikowa\u0142o <\/span><i><span style=\"font-weight: 400;\">W grzechu pocz\u0119ci \u2013 wiara i seks we wsp\u00f3\u0142czesnym \u015bwiecie<\/span><\/i><span style=\"font-weight: 400;\"> \u2013 ksi\u0105\u017ck\u0119 o stosunku Ko\u015bcio\u0142a katolickiego do seksu i planowania rodziny.<\/span><\/p>\n<p><i><span style=\"font-weight: 400;\">I z wichru odezwa\u0142 si\u0119 Pan<\/span><\/i><span style=\"font-weight: 400;\"> \u2013 zbi\u00f3r opowiada\u0144 wydany przez Art Factory\/Racjonalist\u0119 w 2007 r.<\/span><\/p>\n<p><i><span style=\"font-weight: 400;\">Ateusza portret w\u0142asny<\/span><\/i><span style=\"font-weight: 400;\"> \u2013 zbi\u00f3r artyku\u0142\u00f3w wydany przez Racjonalist\u0119 w 2010 r.<\/span><\/p>\n<p><span style=\"font-weight: 400;\">\u00a0<\/span><\/p>\n<p><i><span style=\"font-weight: 400;\">Koraszewski nie jest publicyst\u0105 wdaj\u0105cym si\u0119 w dziennikarskie utarczki. Jest moralist\u0105, kt\u00f3remu zdarza si\u0119 popada\u0107 w ponury i pesymistyczny ton. Mo\u017cna si\u0119 z nim nie zgadza\u0107, mo\u017cna mie\u0107 do niego pretensj\u0119, \u017ce si\u0119 czepia nadmiernie, \u017ce przesadza. Ale to nie wystarcza by odrzuci\u0107 jego przenikliwe i oparte na \u017cmudnych lekturach tezy. Obawiam si\u0119, \u017ce ma racj\u0119 gdy pisze: \u201eSalonowy lekko w antysyjonizm udrapowany antysemityzm udziela coraz wi\u0119cej przyzwolenia temu antysemityzmowi, kt\u00f3ry nie owija ju\u017c niczego w bawe\u0142n\u0119. Tysi\u0105ce drobnych wydarze\u0144 pokazuj\u0105 jak wzbieraj\u0105ce strumienie zaczynaj\u0105 si\u0119 zlewa\u0107 w pot\u0119\u017cn\u0105 rzek\u0119\u201d.<\/span><\/i><\/p>\n<p><i><span style=\"font-weight: 400;\">To jest r\u00f3wnie\u017c pow\u00f3d by Wszystkie winy Izraela nie tylko przeczyta\u0107, ale i g\u0142\u0119boko przemy\u015ble\u0107. Ta ksi\u0105\u017cka nie tylko prowokuje bowiem do my\u015blenia, ona zmienia nasze spojrzenie na wsp\u00f3\u0142czesny \u015bwiat.<\/span><\/i><\/p>\n<p><i><span style=\"font-weight: 400;\">PROF. STANIS\u0141AW OBIREK \u2013 teolog, historyk, antropolog kultury, autor m.in. ksi\u0105\u017cek O Bogu i cz\u0142owieku. Rozmowy (z Zygmuntem Baumanem) oraz Polak katolik?<\/span><\/i><\/p>\n<p><i><span style=\"font-weight: 400;\">Nienawi\u015b\u0107. Nienawi\u015b\u0107 do \u017byd\u00f3w \u2013 jeden z najwi\u0119kszych, najtragiczniejszych i najbrutalniejszych irracjonalizm\u00f3w w historii ludzkiej. Przybieraj\u0105cy r\u00f3\u017cne formy, zak\u0142adaj\u0105cy r\u00f3\u017cne maski: antyjudaizmu, antysyjonizmu, a przede wszystkim antysemityzmu, obecnie cz\u0119sto kryj\u0105cego si\u0119 za tak zwan\u0105 \u201epoprawno\u015bci\u0105 polityczn\u0105\u201d.<\/span><\/i><\/p>\n<p><i><span style=\"font-weight: 400;\">To antysemityzm o wielu obliczach: chrze\u015bcija\u0144ski, polski, europejski, a tak\u017ce gwa\u0142townie narastaj\u0105cy antysemityzm muzu\u0142ma\u0144ski. O jego \u017ar\u00f3d\u0142ach, powodach i skutkach pisze Andrzej Koraszewski w tym fascynuj\u0105cym zbiorze esej\u00f3w, stanowi\u0105cym polemik\u0119 z polsk\u0105 dziennikark\u0105 i jej czytelnikami, kt\u00f3rzy za parawanem internetowej anonimowo\u015bci, cz\u0119sto pod p\u0142aszczykiem owej politycznej poprawno\u015bci i fa\u0142szywego poparcia dla Palesty\u0144czyk\u00f3w, s\u0105cz\u0105 odwieczny jad nienawi\u015bci do \u017byd\u00f3w i Izraela.<\/span><\/i><\/p>\n<p><i><span style=\"font-weight: 400;\">Bo jest to tak\u017ce ksi\u0105\u017cka o Izraelu. O dynamice, m\u0105dro\u015bci, nies\u0142ychanej innowacyjno\u015bci jego mieszka\u0144c\u00f3w, kt\u00f3rzy w ci\u0105gu kilku dekad zmienili kawa\u0142ek ja\u0142owej pustyni w jeden z najnowocze\u015bniejszych kraj\u00f3w \u015bwiata.<\/span><\/i><\/p>\n<p><i><span style=\"font-weight: 400;\">To ksi\u0105\u017cka tak\u017ce o islamie, o ciemnych stronach archaicznego, zacofanego islamskiego tradycjonalizmu, ale te\u017c o liberalnych, tolerancyjnych i otwartych muzu\u0142ma\u0144skich dysydentach-intelektualistach, wspania\u0142ych ludziach kt\u00f3rzy z nara\u017ceniem \u017cycia walcz\u0105 o odnow\u0119 swej religii, walcz\u0105 o humanizm, tolerancj\u0119, wolno\u015b\u0107, r\u00f3wno\u015b\u0107, braterstwo. O to wszystko, czego w muzu\u0142ma\u0144skim \u015bwiecie ci\u0105gle nie ma.<\/span><\/i><\/p>\n<p><i><span style=\"font-weight: 400;\">Szczere, kontrowersyjne i \u201eniepoprawne\u201d pogl\u0105dy Andrzeja Koraszewskiego nie spodobaj\u0105 si\u0119 wielu, oburz\u0105, wywo\u0142aj\u0105 w\u015bciek\u0142o\u015b\u0107.<\/span><\/i><\/p>\n<p><i><span style=\"font-weight: 400;\">To bardzo dobrze. Mo\u017ce pobudz\u0105 do my\u015blenia.<\/span><\/i><\/p>\n<p><i><span style=\"font-weight: 400;\">PIOTR IBRAHIM KALWAS \u2013 prozaik, eseista, scenarzysta telewizyjny, autor m.in. ksi\u0105\u017cek Salam oraz Egipt: haram, halal<\/span><\/i><\/p>\n","protected":false},"excerpt":{"rendered":"<p><span style=\"font-weight: 400;\">Stron: 344<\/span><\/p>\n<p><span style=\"font-weight: 400;\">ISBN 978-83-933851-3-3<\/span><\/p>\n<p><span style=\"font-weight: 400;\">ISBN (ebook) 978-83-933851-6-4<\/span><\/p>\n<p><span style=\"font-weight: 400;\">Format: 14,5 x 20,5 cm,\u00a0<\/span><\/p>\n<p><span style=\"font-weight: 400;\">Oprawa: twarda<\/span><\/p>\n<p>Producent: Wydawnictwo Stapis Anna Pisarek, ul. Floriana 2a, 40-288 Katowice, biuro@stapis.com.pl, tel. 605 963 179<\/p>\n","protected":false},"featured_media":1016888,"comment_status":"closed","ping_status":"closed","template":"","meta":{"_acf_changed":false},"product_brand":[],"product_cat":[359,576],"product_tag":[525,1132,631,1316],"class_list":{"0":"post-1016887","1":"product","2":"type-product","3":"status-publish","4":"has-post-thumbnail","6":"product_cat-bez-bogow","7":"product_cat-wszystkie","8":"product_tag-andrzej-koraszewski","9":"product_tag-bez-bogow","10":"product_tag-krytyka-religii","11":"product_tag-wszystkie-winy-izraela","13":"first","14":"outofstock","15":"taxable","16":"shipping-taxable","17":"purchasable","18":"product-type-simple","20":"catalog-layout-default","21":"columns-xs-2"},"acf":[],"jetpack_sharing_enabled":true,"_links":{"self":[{"href":"https:\/\/stapis.com.pl\/index.php?rest_route=\/wp\/v2\/product\/1016887","targetHints":{"allow":["GET"]}}],"collection":[{"href":"https:\/\/stapis.com.pl\/index.php?rest_route=\/wp\/v2\/product"}],"about":[{"href":"https:\/\/stapis.com.pl\/index.php?rest_route=\/wp\/v2\/types\/product"}],"replies":[{"embeddable":true,"href":"https:\/\/stapis.com.pl\/index.php?rest_route=%2Fwp%2Fv2%2Fcomments&post=1016887"}],"wp:featuredmedia":[{"embeddable":true,"href":"https:\/\/stapis.com.pl\/index.php?rest_route=\/wp\/v2\/media\/1016888"}],"wp:attachment":[{"href":"https:\/\/stapis.com.pl\/index.php?rest_route=%2Fwp%2Fv2%2Fmedia&parent=1016887"}],"wp:term":[{"taxonomy":"product_brand","embeddable":true,"href":"https:\/\/stapis.com.pl\/index.php?rest_route=%2Fwp%2Fv2%2Fproduct_brand&post=1016887"},{"taxonomy":"product_cat","embeddable":true,"href":"https:\/\/stapis.com.pl\/index.php?rest_route=%2Fwp%2Fv2%2Fproduct_cat&post=1016887"},{"taxonomy":"product_tag","embeddable":true,"href":"https:\/\/stapis.com.pl\/index.php?rest_route=%2Fwp%2Fv2%2Fproduct_tag&post=1016887"}],"curies":[{"name":"wp","href":"https:\/\/api.w.org\/{rel}","templated":true}]}}