{"id":1018039,"date":"2023-12-11T12:38:53","date_gmt":"2023-12-11T11:38:53","guid":{"rendered":"https:\/\/www.stapis.com.pl\/?post_type=product&#038;p=1018039"},"modified":"2026-03-31T14:44:24","modified_gmt":"2026-03-31T12:44:24","slug":"doradztwo-religijne-lucjan-ferus","status":"publish","type":"product","link":"https:\/\/stapis.com.pl\/?product=doradztwo-religijne-lucjan-ferus","title":{"rendered":"Doradztwo religijne &#8211; Lucjan Ferus"},"content":{"rendered":"<p><b>LUCJAN FERUS <\/b><span style=\"font-weight: 400;\">to ewidentny przyk\u0142ad autora widmo. Nie wiadomo, kim jest, jak wygl\u0105da i gdzie mieszka. Skrupulatnie strze\u017ce swojej prywatno\u015bci, a nieliczne informacje o nim pochodz\u0105 wy\u0142\u0105cznie z niekt\u00f3rych jego tekst\u00f3w. Na przyk\u0142ad, \u017ce w\u00a0dzieci\u0144stwie wychowywany by\u0142 przez dziadk\u00f3w, w wojsku by\u0142 kierowc\u0105-mechanikiem czo\u0142gu (i o ma\u0142o nie wzi\u0105\u0142 udzia\u0142u w \u201epokojowej misji\u201d w Czechos\u0142owacji). Obecnie jest emerytowanym kaligrafem i artyst\u0105 r\u0119kodzielnikiem (snycerzem). Je\u015bli za\u015b chodzi o literack\u0105 pasj\u0119, rozwija\u0142 j\u0105 od pocz\u0105tku lat 90. ubieg\u0142ego wieku. Jednak czytelnikom da\u0142 si\u0119 pozna\u0107 dopiero w 2002 roku za po\u015brednictwem portalu Racjonalista, gdzie do 2013 roku opublikowa\u0142 130 tekst\u00f3w. Od roku 2014 wsp\u00f3\u0142pracuje z\u00a0portalem Listy z Naszego Sadu, w kt\u00f3rym przeczyta\u0107 mo\u017cna ponad 450 jego artyku\u0142\u00f3w. Z tego powodu wydawca ksi\u0105\u017cki mia\u0142 du\u017cy problem z wyborem tekst\u00f3w, tak by reprezentowa\u0142y mo\u017cliwie najszerszy przekr\u00f3j jego tw\u00f3rczo\u015bci.<\/span><\/p>\n<p><span style=\"font-weight: 400;\">Wydawcy pozostaje tylko uszanowa\u0107 jego (do\u015b\u0107 nietypow\u0105 jak na dzisiejsze czasy) potrzeb\u0119 prywatno\u015bci, jak i zasad\u0119, kt\u00f3r\u0105 kieruje si\u0119 w tym wzgl\u0119dzie: \u201eAutor powinien by\u0107 niewidzialny\u201d (Jewgienij Zamiatin). Wi\u0119cej niech powiedz\u0105 jego teksty.<\/span><\/p>\n<p>&nbsp;<\/p>\n<p>&nbsp;<\/p>\n<p><span style=\"font-weight: 400;\">Pomys\u0142 na ten nietypowy rodzaj us\u0142ugi \u201eDoradztwa religijnego\u201d wzi\u0105\u0142 si\u0119 z pr\u00f3by odpowiedzi na pytanie: czy da si\u0119 w prostszy i kr\u00f3tszy spos\u00f3b przedstawi\u0107 &#8211; przynajmniej niekt\u00f3re &#8211; zak\u0142amania religijne? Poniewa\u017c wielokrotnie dawano mi do zrozumienia, i\u017c niekt\u00f3re z moich tekst\u00f3w o religiach s\u0105 zbyt d\u0142ugie, jak na mo\u017cliwo\u015bci ich odbioru przez niekt\u00f3rych Czytelnik\u00f3w, postanowi\u0142em spr\u00f3bowa\u0107 znale\u017a\u0107 tak\u0105 form\u0119 ich przekazu, aby poda\u0107 je w mo\u017cliwie du\u017cym \u201eskondensowaniu\u201d.\u00a0<\/span><\/p>\n<p><span style=\"font-weight: 400;\">Lucjan Ferus<\/span><\/p>\n<p>&nbsp;<\/p>\n<p><span style=\"font-weight: 400;\">Niezwyk\u0142a erudycja Autora po\u0142\u0105czona z poczuciem humoru daje w efekcie zestaw tekst\u00f3w sk\u0142aniaj\u0105cych do refleksji nad religi\u0105 i wiar\u0105, podanych w lekkiej i przyst\u0119pnej formie. Fikcja literacka, kt\u00f3ra mog\u0142aby zdarzy\u0107 si\u0119 naprawd\u0119.<\/span><\/p>\n<p>&nbsp;<\/p>\n<p><b>Fragment I<\/b><\/p>\n<p><i><span style=\"font-weight: 400;\">Ucze\u0144: Interesuje mnie taki jeden problem religijny. Zastanawiam si\u0119 dlaczego nasi pasterze duchowi, w\u0142\u0105cznie z hierarchami, staraj\u0105 si\u0119 tak usilnie przekona\u0107 wiernych do wiary w szatana? Przecie\u017c to obciach, no nie? Kto w dzisiejszych czasach w to uwierzy?! \u015aredniowiecze ju\u017c dawno si\u0119 sko\u0144czy\u0142o! Czy nie mo\u017cna po prostu wierzy\u0107 w Boga, nie wierz\u0105c jednocze\u015bnie w istnienie szatana i diab\u0142\u00f3w? Czy takie podej\u015bcie do tych spraw nie by\u0142oby bardziej racjonalne?<\/span><\/i><\/p>\n<p><i><span style=\"font-weight: 400;\">D: No, no! C\u00f3\u017c za post\u0119pow\u0105 i rozs\u0105dn\u0105 m\u0142odzie\u017c teraz mamy! Wiara w istnienie szatana to \u201eobciach\u201d, m\u00f3wisz? W przeciwie\u0144stwie do wiary w Boga, kt\u00f3ra oczywi\u015bcie nie jest \u201eobciachem\u201d?<\/span><\/i><\/p>\n<p><i><span style=\"font-weight: 400;\">U: B\u00f3g to co innego! S\u0105 przecie\u017c dowody na jego istnienie, a poza tym cz\u0142owiek musi w co\u015b wierzy\u0107, prawda? Bez tego nie by\u0142by cz\u0142owiekiem chyba. A szatan i diab\u0142y to zwyk\u0142y przes\u0105d i zabobony! Tak mi si\u0119 przynajmniej wydaje.<\/span><\/i><\/p>\n<p><i><span style=\"font-weight: 400;\">D: Dobrze ci si\u0119 wydaje\u2026 ale tylko po\u0142owicznie. Bowiem szatan jak i jego pomocnicy \u2013 diab\u0142y, nale\u017c\u0105 do tej samej bajki co i B\u00f3g.\u00a0<\/span><\/i><\/p>\n","protected":false},"excerpt":{"rendered":"<p><b>Seria: Bez bog\u00f3w<\/b><\/p>\n<p><b>ISBN druk: <\/b><b>978-83-7967-290-5<\/b><\/p>\n<p><b>Epub: <\/b><b>978-83-7967-291-2<\/b><\/p>\n<p><b>Mobi: <\/b><b>978-83-7967-292-9<\/b><\/p>\n<p><b>Ilo\u015b\u0107 stron: 312<\/b><\/p>\n<p><b>Ok\u0142adka: mi\u0119kka ze skrzyde\u0142kami<\/b><\/p>\n<p><b>Format: <\/b><b>\u00a0<\/b><b>161\u00d7236 mm<\/b><\/p>\n<p><b>Rok wydania: 2024<\/b><\/p>\n<p>Producent: Wydawnictwo Stapis, ul. Floriana 2a, 40-288 Katowice, biuro@stapis.com.pl, tel. 605 963 179<\/p>\n","protected":false},"featured_media":1018040,"comment_status":"closed","ping_status":"closed","template":"","meta":{"_acf_changed":false},"product_brand":[],"product_cat":[359,576],"product_tag":[],"class_list":{"0":"post-1018039","1":"product","2":"type-product","3":"status-publish","4":"has-post-thumbnail","6":"product_cat-bez-bogow","7":"product_cat-wszystkie","9":"first","10":"instock","11":"taxable","12":"shipping-taxable","13":"purchasable","14":"product-type-simple","16":"catalog-layout-default","17":"columns-xs-2"},"acf":[],"jetpack_sharing_enabled":true,"_links":{"self":[{"href":"https:\/\/stapis.com.pl\/index.php?rest_route=\/wp\/v2\/product\/1018039","targetHints":{"allow":["GET"]}}],"collection":[{"href":"https:\/\/stapis.com.pl\/index.php?rest_route=\/wp\/v2\/product"}],"about":[{"href":"https:\/\/stapis.com.pl\/index.php?rest_route=\/wp\/v2\/types\/product"}],"replies":[{"embeddable":true,"href":"https:\/\/stapis.com.pl\/index.php?rest_route=%2Fwp%2Fv2%2Fcomments&post=1018039"}],"wp:featuredmedia":[{"embeddable":true,"href":"https:\/\/stapis.com.pl\/index.php?rest_route=\/wp\/v2\/media\/1018040"}],"wp:attachment":[{"href":"https:\/\/stapis.com.pl\/index.php?rest_route=%2Fwp%2Fv2%2Fmedia&parent=1018039"}],"wp:term":[{"taxonomy":"product_brand","embeddable":true,"href":"https:\/\/stapis.com.pl\/index.php?rest_route=%2Fwp%2Fv2%2Fproduct_brand&post=1018039"},{"taxonomy":"product_cat","embeddable":true,"href":"https:\/\/stapis.com.pl\/index.php?rest_route=%2Fwp%2Fv2%2Fproduct_cat&post=1018039"},{"taxonomy":"product_tag","embeddable":true,"href":"https:\/\/stapis.com.pl\/index.php?rest_route=%2Fwp%2Fv2%2Fproduct_tag&post=1018039"}],"curies":[{"name":"wp","href":"https:\/\/api.w.org\/{rel}","templated":true}]}}