{"id":1019667,"date":"2024-04-23T12:40:13","date_gmt":"2024-04-23T10:40:13","guid":{"rendered":"https:\/\/stapis.com.pl\/?post_type=product&#038;p=1019667"},"modified":"2026-03-31T14:40:10","modified_gmt":"2026-03-31T12:40:10","slug":"zycie-po-wierze-philip-kitcher","status":"publish","type":"product","link":"https:\/\/stapis.com.pl\/?product=zycie-po-wierze-philip-kitcher","title":{"rendered":"\u017bycie po wierze &#8211; Philip Kitcher"},"content":{"rendered":"<p><b>PHILIP KITCHER<\/b> <span style=\"font-weight: 400;\">\u00a0\u2013 jest emerytowanym profesorem filozofii na\u00a0 Uniwersytecie Columbia. Wykszta\u0142cenie na\u00a0 poziomie uniwersyteckim rozpocz\u0105\u0142 w\u00a0 Christ\u2019s College w Wielkiej Brytanii, natomiast stopie\u0144 doktora uzyska\u0142 na\u00a0 Uniwersytecie Princeton w Stanach Zjednoczonych. Laureat nagrody im. Imre Lakatosa (1988) za szczeg\u00f3lny wk\u0142ad w\u00a0 filozofi\u0119 nauki oraz\u00a0 Prometheus Prize (2006), przyznawanej przez Ameryka\u0144skie Towarzystwo Filozoficzne, za prac\u0119 na rzecz poszerzania granic nauki i filozofii. Autor wielu ksi\u0105\u017cek i monografii naukowych. W latach 1997-1998 pe\u0142ni\u0142 funkcj\u0119 prezesa American Philosophical Association.\u00a0<\/span><\/p>\n<p>&nbsp;<\/p>\n<p><strong>OPIS<\/strong><\/p>\n<p><span style=\"font-weight: 400;\">Cho\u0107 nie brakuje publikacji kwestionuj\u0105cych religie, niewiele z\u00a0 nich oferuje alternatyw\u0119 i niewiele odpowiada na pytanie: jak wie\u015b\u0107 satysfakcjonuj\u0105ce \u017cycie bez wsparcia jakie daje nam wiara? Publikacja Philipa Kitchera z\u00a0 pewno\u015bci\u0105 wype\u0142nia t\u0119 luk\u0119. Autor podobnie jak przedstawiciele nurtu nowego ateizmu, rozwini\u0119tego przez Richarda Dawkinsa, Christophera Hitchensa, Daniela Dennetta czy Sama Harrisa dokonuje konsekwentnej krytyki religii, jednak docenia jej funkcj\u0119 spo\u0142eczn\u0105. Dotychczas potrzeba wsp\u00f3lnoty, poczucia to\u017csamo\u015bci, istnienia obiektywnych prawd moralnych czy poczucia sensu realizowane by\u0142y na gruncie wierze\u0144 religijnych. Kitcher rozdzia\u0142 po rozdziale udowadnia, \u017ce sensowne \u017cycie bez religii jest mo\u017cliwe.<\/span><\/p>\n<p>&nbsp;<\/p>\n","protected":false},"excerpt":{"rendered":"<p><b>Seria: Bez bog\u00f3w<\/b><\/p>\n<p><b>T\u0142umaczenie: Andrzej Dominiczak<\/b><\/p>\n<p><b>ISBN druk: <\/b><b>978-83-7967-296-7<\/b><\/p>\n<p><b>Epub: <\/b><b>978-83-7967-297-4<\/b><\/p>\n<p><b>Mobi: <\/b><b>978-83-7967-298-1<\/b><\/p>\n<p><b>Ilo\u015b\u0107 stron: 208<\/b><\/p>\n<p><b>Ok\u0142adka: mi\u0119kka ze skrzyde\u0142kami<\/b><\/p>\n<p><b>Format: <\/b><b>\u00a0<\/b><b>161\u00d7236 mm<\/b><\/p>\n<p><b>Rok wydania: 2024<\/b><\/p>\n<p>Producent: Wydawnictwo Stapis, ul. Floriana 2a, 40-288 Katowice, biuro@stapis.com.pl, tel. 605 963 179<\/p>\n","protected":false},"featured_media":1019668,"comment_status":"closed","ping_status":"closed","template":"","meta":{"_acf_changed":false},"product_brand":[],"product_cat":[359,576],"product_tag":[1380,354,1132,1379,1357,1336,1381,1378],"class_list":{"0":"post-1019667","1":"product","2":"type-product","3":"status-publish","4":"has-post-thumbnail","6":"product_cat-bez-bogow","7":"product_cat-wszystkie","8":"product_tag-ateisci","9":"product_tag-ateizm","10":"product_tag-bez-bogow","11":"product_tag-duchowosc","12":"product_tag-ksiazki-ateistyczne","13":"product_tag-nowy-ateizm","14":"product_tag-philip-kitcher","15":"product_tag-zycie-po-wierze","17":"first","18":"instock","19":"taxable","20":"shipping-taxable","21":"purchasable","22":"product-type-simple","24":"catalog-layout-default","25":"columns-xs-2"},"acf":[],"jetpack_sharing_enabled":true,"_links":{"self":[{"href":"https:\/\/stapis.com.pl\/index.php?rest_route=\/wp\/v2\/product\/1019667","targetHints":{"allow":["GET"]}}],"collection":[{"href":"https:\/\/stapis.com.pl\/index.php?rest_route=\/wp\/v2\/product"}],"about":[{"href":"https:\/\/stapis.com.pl\/index.php?rest_route=\/wp\/v2\/types\/product"}],"replies":[{"embeddable":true,"href":"https:\/\/stapis.com.pl\/index.php?rest_route=%2Fwp%2Fv2%2Fcomments&post=1019667"}],"wp:featuredmedia":[{"embeddable":true,"href":"https:\/\/stapis.com.pl\/index.php?rest_route=\/wp\/v2\/media\/1019668"}],"wp:attachment":[{"href":"https:\/\/stapis.com.pl\/index.php?rest_route=%2Fwp%2Fv2%2Fmedia&parent=1019667"}],"wp:term":[{"taxonomy":"product_brand","embeddable":true,"href":"https:\/\/stapis.com.pl\/index.php?rest_route=%2Fwp%2Fv2%2Fproduct_brand&post=1019667"},{"taxonomy":"product_cat","embeddable":true,"href":"https:\/\/stapis.com.pl\/index.php?rest_route=%2Fwp%2Fv2%2Fproduct_cat&post=1019667"},{"taxonomy":"product_tag","embeddable":true,"href":"https:\/\/stapis.com.pl\/index.php?rest_route=%2Fwp%2Fv2%2Fproduct_tag&post=1019667"}],"curies":[{"name":"wp","href":"https:\/\/api.w.org\/{rel}","templated":true}]}}