{"id":1019893,"date":"2024-06-07T14:32:16","date_gmt":"2024-06-07T12:32:16","guid":{"rendered":"https:\/\/stapis.com.pl\/?post_type=product&#038;p=1019893"},"modified":"2026-03-31T14:38:39","modified_gmt":"2026-03-31T12:38:39","slug":"czeladzki-klub-sportowy-pawel-jonczyk","status":"publish","type":"product","link":"https:\/\/stapis.com.pl\/?product=czeladzki-klub-sportowy-pawel-jonczyk","title":{"rendered":"Czeladzki Klub Sportowy &#8211; Pawe\u0142 Jo\u0144czyk"},"content":{"rendered":"<p>Pierwsza cz\u0119\u015b\u0107 historii Czeladzkiego Klubu Sportowego, obejmuj\u0105ca lata 1924-1939. W ksi\u0105\u017cce opisano trudne pocz\u0105tki dzia\u0142alno\u015bci CKS, a tak\u017ce dynamiczny rozw\u00f3j klubu, kt\u00f3ry w ci\u0105gu dekady sta\u0142 si\u0119 wiod\u0105c\u0105 organizacj\u0105 sportow\u0105 w regionie. Opisano drog\u0119 dru\u017cyny pi\u0142karskiej od klasy C do mistrzostwa Zag\u0142\u0119bia D\u0105browskiego, rozkwit sekcji lekkoatletycznej, kt\u00f3ra szczyci\u0142a si\u0119 nie tylko znakomitymi wynikami zawodniczek i zawodnik\u00f3w, ale i organizowa\u0142a imprezy sportowe na \u015bwiatowym poziomie. Przybli\u017cono dzia\u0142alno\u015b\u0107 sekcji scenicznej, kolarskiej, bokserskiej, tenisa sto\u0142owego oraz siatkarskiej i koszykarskiej. W ksi\u0105\u017cce zamieszczono zestawienie mecz\u00f3w pi\u0142ki no\u017cnej, a tak\u017ce tabele rozgrywek mistrzowskich z udzia\u0142em CKS.<\/p>\n","protected":false},"excerpt":{"rendered":"<p><b>ISBN druk: 978 -83-7967-308-7<\/b><\/p>\n<p><b>Ilo\u015b\u0107 stron: 320<\/b><\/p>\n<p><b>Ok\u0142adka: twarda<\/b><\/p>\n<p><b>Rok wydania: 2024<\/b><\/p>\n<p>Producent: Wydawnictwo Stapis, ul. Floriana 2a, 40-288 Katowice, biuro@stapis.com.pl, tel. 605 963 179<\/p>\n","protected":false},"featured_media":1019899,"comment_status":"closed","ping_status":"closed","template":"","meta":{"_acf_changed":false},"product_brand":[],"product_cat":[1238],"product_tag":[],"class_list":{"0":"post-1019893","1":"product","2":"type-product","3":"status-publish","4":"has-post-thumbnail","6":"product_cat-inne","8":"first","9":"instock","10":"taxable","11":"shipping-taxable","12":"purchasable","13":"product-type-simple","15":"catalog-layout-default","16":"columns-xs-2"},"acf":[],"jetpack_sharing_enabled":true,"_links":{"self":[{"href":"https:\/\/stapis.com.pl\/index.php?rest_route=\/wp\/v2\/product\/1019893","targetHints":{"allow":["GET"]}}],"collection":[{"href":"https:\/\/stapis.com.pl\/index.php?rest_route=\/wp\/v2\/product"}],"about":[{"href":"https:\/\/stapis.com.pl\/index.php?rest_route=\/wp\/v2\/types\/product"}],"replies":[{"embeddable":true,"href":"https:\/\/stapis.com.pl\/index.php?rest_route=%2Fwp%2Fv2%2Fcomments&post=1019893"}],"wp:featuredmedia":[{"embeddable":true,"href":"https:\/\/stapis.com.pl\/index.php?rest_route=\/wp\/v2\/media\/1019899"}],"wp:attachment":[{"href":"https:\/\/stapis.com.pl\/index.php?rest_route=%2Fwp%2Fv2%2Fmedia&parent=1019893"}],"wp:term":[{"taxonomy":"product_brand","embeddable":true,"href":"https:\/\/stapis.com.pl\/index.php?rest_route=%2Fwp%2Fv2%2Fproduct_brand&post=1019893"},{"taxonomy":"product_cat","embeddable":true,"href":"https:\/\/stapis.com.pl\/index.php?rest_route=%2Fwp%2Fv2%2Fproduct_cat&post=1019893"},{"taxonomy":"product_tag","embeddable":true,"href":"https:\/\/stapis.com.pl\/index.php?rest_route=%2Fwp%2Fv2%2Fproduct_tag&post=1019893"}],"curies":[{"name":"wp","href":"https:\/\/api.w.org\/{rel}","templated":true}]}}