{"id":1020590,"date":"2024-12-09T14:17:39","date_gmt":"2024-12-09T13:17:39","guid":{"rendered":"https:\/\/stapis.com.pl\/?post_type=product&#038;p=1020590"},"modified":"2026-03-31T13:55:30","modified_gmt":"2026-03-31T11:55:30","slug":"wiara-vs-fakty-z-autografem-autora-jerry-a-coyne","status":"publish","type":"product","link":"https:\/\/stapis.com.pl\/?product=wiara-vs-fakty-z-autografem-autora-jerry-a-coyne","title":{"rendered":"Wiara vs fakty \u2013 Jerry A. Coyne"},"content":{"rendered":"<h3>Dlaczego pr\u00f3ba pogodzenia wiary z nauk\u0105 jest skazana na niepowodzenie? Odpowied\u017a prof. biologii Jerry\u2019ego Coyne\u2019a nie pozostawia w\u0105tpliwo\u015bci!<\/h3>\n<p>&nbsp;<\/p>\n<p>Autor bestsellerowej ksi\u0105\u017cki\u00a0<em>Ewolucja jest faktem<\/em>\u00a0(Pr\u00f3szy\u0144ski i S-ka, 2009) dog\u0142\u0119bnie wyja\u015bnia, dlaczego ka\u017cda pr\u00f3ba pogodzenia wiary z nauk\u0105 jest skazana na niepowodzenie. Dowodzi jasno i bez emocji, \u017ce narz\u0119dzia naukowe oparte na rozumie i badaniach empirycznych s\u0105 niezawodne. Natomiast te, kt\u00f3rymi pos\u0142uguje si\u0119 religia, prowadz\u0105 do b\u0142\u0119dnych, niesprawdzalnych lub sprzecznych wniosk\u00f3w.<\/p>\n<p>&nbsp;<\/p>\n<blockquote><p><em>Wnikliwy, cudowny tekst, dobitnie pokazuj\u0105cy, \u017ce szczere w\u0105tpliwo\u015bci w nauce s\u0105 lepsze ni\u017c fa\u0142szywe pewniki w religii.<\/em> (Sam Harris)<\/p><\/blockquote>\n<blockquote><p><em>Znakomicie uargumentowana ksi\u0105\u017cka.<\/em>\u00a0(Richard Dawkins)<\/p><\/blockquote>\n<p>&nbsp;<\/p>\n<p><strong>Jerry Allen Coyne<\/strong>\u00a0(ur. 30\u00a0grudnia 1949) \u2013 profesor biologii na\u00a0Wydziale Ekologii i\u00a0Ewolucji University of Chicago, znany z\u00a0krytyki koncepcji \u201einteligentnego projektu\u201d. Obroni\u0142\u00a0 doktorat na\u00a0Uniwersytecie Harwarda, a\u00a0w\u00a01988\u00a0roku otrzyma\u0142 Stypendium Guggenheima. By\u0142 prezesem\u00a0<em>Society for the Study of Evolution<\/em>\u00a0(1996) i\u00a0redaktorem periodyk\u00f3w \u201eEvolution\u201d (1985-1988; 1994-2000) oraz\u00a0\u201eThe American Naturalist\u201d (1990-1993). Obecnie uczy biologii ewolucyjnej, specjacji i\u00a0analizy genetycznej, poza tym interesuje si\u0119 powi\u0105zaniami zagadnie\u0144 spo\u0142ecznych i\u00a0wiedzy naukowej. Jego artyku\u0142y ukazuj\u0105 si\u0119 m.in.\u00a0w\u00a0takich pismach, jak: \u201eThe New York Times\u201d, \u201eThe Times Literary Supplement\u201d i\u00a0\u201eThe New Republic\u201d.<\/p>\n<p><em>Wiara vs Fakty<\/em>\u00a0to\u00a0druga \u2013 po\u00a0<em>Ewolucja jest Faktem<\/em>\u00a0(Pr\u00f3szy\u0144ski i\u00a0S-ka, 2009) \u2013 ksi\u0105\u017cka tego autora, kt\u00f3ra\u00a0ukazuje si\u0119 w\u00a0Polsce.\u00a0 Jerry Coyne wyja\u015bnia w\u00a0niej, dlaczego ka\u017cda pr\u00f3ba pogodzenia wiary z\u00a0nauk\u0105 jest skazana na\u00a0niepowodzenie. Autor dowodzi jasno i\u00a0bez\u00a0zb\u0119dnych emocji, \u017ce\u00a0narz\u0119dzia naukowe oparte na\u00a0rozumie i\u00a0badaniach empirycznych s\u0105 niezawodne, podczas gdy\u00a0te, kt\u00f3rymi pos\u0142uguje si\u0119 religia prowadz\u0105 do\u00a0b\u0142\u0119dnych, niesprawdzalnych lub sprzecznych wniosk\u00f3w.<\/p>\n","protected":false},"excerpt":{"rendered":"<p><strong>Przek\u0142ad: Monika Stogowska-Woszczyk<\/strong><\/p>\n<p>ISBN: 978-83-7967-112-0<br \/>\nIlo\u015b\u0107 stron: 336<br \/>\nOk\u0142adka: mi\u0119kka ze\u00a0skrzyde\u0142kami<br \/>\nFormat: 161 x\u00a0236 mm<br \/>\nRok wydania: 2020<\/p>\n<p>Producent: Wydawnictwo Stapis, ul. Floriana 2a, 40-288 Katowice, biuro@stapis.com.pl, tel. 605 963 179<\/p>\n<p>&nbsp;<\/p>\n<p>&nbsp;<\/p>\n","protected":false},"featured_media":1014665,"comment_status":"closed","ping_status":"closed","template":"","meta":{"_acf_changed":false},"product_brand":[],"product_cat":[359,1238],"product_tag":[],"class_list":{"0":"post-1020590","1":"product","2":"type-product","3":"status-publish","4":"has-post-thumbnail","6":"product_cat-bez-bogow","7":"product_cat-inne","9":"first","10":"instock","11":"taxable","12":"shipping-taxable","13":"purchasable","14":"product-type-simple","16":"catalog-layout-default","17":"columns-xs-2"},"acf":[],"jetpack_sharing_enabled":true,"_links":{"self":[{"href":"https:\/\/stapis.com.pl\/index.php?rest_route=\/wp\/v2\/product\/1020590","targetHints":{"allow":["GET"]}}],"collection":[{"href":"https:\/\/stapis.com.pl\/index.php?rest_route=\/wp\/v2\/product"}],"about":[{"href":"https:\/\/stapis.com.pl\/index.php?rest_route=\/wp\/v2\/types\/product"}],"replies":[{"embeddable":true,"href":"https:\/\/stapis.com.pl\/index.php?rest_route=%2Fwp%2Fv2%2Fcomments&post=1020590"}],"wp:featuredmedia":[{"embeddable":true,"href":"https:\/\/stapis.com.pl\/index.php?rest_route=\/wp\/v2\/media\/1014665"}],"wp:attachment":[{"href":"https:\/\/stapis.com.pl\/index.php?rest_route=%2Fwp%2Fv2%2Fmedia&parent=1020590"}],"wp:term":[{"taxonomy":"product_brand","embeddable":true,"href":"https:\/\/stapis.com.pl\/index.php?rest_route=%2Fwp%2Fv2%2Fproduct_brand&post=1020590"},{"taxonomy":"product_cat","embeddable":true,"href":"https:\/\/stapis.com.pl\/index.php?rest_route=%2Fwp%2Fv2%2Fproduct_cat&post=1020590"},{"taxonomy":"product_tag","embeddable":true,"href":"https:\/\/stapis.com.pl\/index.php?rest_route=%2Fwp%2Fv2%2Fproduct_tag&post=1020590"}],"curies":[{"name":"wp","href":"https:\/\/api.w.org\/{rel}","templated":true}]}}