{"id":1020740,"date":"2025-01-30T13:40:50","date_gmt":"2025-01-30T12:40:50","guid":{"rendered":"https:\/\/stapis.com.pl\/?post_type=product&#038;p=1020740"},"modified":"2025-11-18T19:27:53","modified_gmt":"2025-11-18T18:27:53","slug":"pokemon-tcg-scarlet-violet-prismatic-evolutions-binder-collection","status":"publish","type":"product","link":"https:\/\/stapis.com.pl\/?product=pokemon-tcg-scarlet-violet-prismatic-evolutions-binder-collection","title":{"rendered":"Pok\u00e9mon TCG: Scarlet &#038; Violet &#8211; Prismatic Evolutions &#8211; Binder Collection"},"content":{"rendered":"<div class=\"elementToProof\">Odkryj najlepszy spos\u00f3b na organizacj\u0119 i prezentacj\u0119 Twojej rosn\u0105cej kolekcji kart <b>Pok\u00e9mon TCG<\/b>!<\/div>\n<div><b>Scarlet &amp; Violet &#8211; Prismatic Evolutions &#8211; Binder Collection<\/b>\u00a0to gratka dla ka\u017cdego fana. W tym niezwyk\u0142ym zestawie znajduje si\u0119 elegancki i funkcjonalny album, kt\u00f3ry pomie\u015bci a\u017c 378 kart, pozwalaj\u0105c Ci efektownie wyeksponowa\u0107 swoje najcenniejsze egzemplarze. Zacznij swoj\u0105 przygod\u0119 z kolekcjonowaniem w wielkim stylu, wraz z do\u0142\u0105czonymi paczkami kart. Nie przegap szansy na stworzenie imponuj\u0105cej kolekcji, kt\u00f3ra z czasem mo\u017ce tylko zyska\u0107 na warto\u015bci!<\/div>\n<div><\/div>\n<div>W <b>Prismatic Evolutions<\/b>, mi\u0142o\u015bnicy Eevee i jego o\u015bmiu ewolucji znajd\u0105 co\u015b dla siebie, gdy\u017c wszystkie te formy s\u0105 dost\u0119pne jako ol\u015bniewaj\u0105ce Pok\u00e9mon ex typu Stellar Tera. Rozszerzenie to tak\u017ce kopalnia rzadkich kart z unikatowymi, osza\u0142amiaj\u0105cymi ilustracjami, kt\u00f3re podkre\u015blaj\u0105 pi\u0119kno \u015bwiata Pok\u00e9mon.<\/div>\n","protected":false},"excerpt":{"rendered":"<p>Odkryj najlepszy spos\u00f3b na organizacj\u0119 i prezentacj\u0119 Twojej rosn\u0105cej kolekcji kart Pok\u00e9mon TCG! Scarlet &amp; Violet &#8211; Prismatic Evolutions &#8211; Binder Collection\u00a0to gratka dla ka\u017cdego fana. W tym niezwyk\u0142ym zestawie znajduje si\u0119 elegancki i funkcjonalny album, kt\u00f3ry pomie\u015bci a\u017c 378 kart, pozwalaj\u0105c Ci efektownie wyeksponowa\u0107 swoje najcenniejsze egzemplarze. Zacznij swoj\u0105 przygod\u0119 z kolekcjonowaniem w wielkim&hellip;<\/p>\n","protected":false},"featured_media":1020742,"comment_status":"closed","ping_status":"closed","template":"","meta":{"_acf_changed":false},"product_brand":[],"product_cat":[1401],"product_tag":[],"class_list":{"0":"post-1020740","1":"product","2":"type-product","3":"status-publish","4":"has-post-thumbnail","6":"product_cat-prismatic-evolutions","8":"first","9":"outofstock","10":"sale","11":"taxable","12":"shipping-taxable","13":"purchasable","14":"product-type-simple","16":"catalog-layout-default","17":"columns-xs-2"},"acf":[],"jetpack_sharing_enabled":true,"_links":{"self":[{"href":"https:\/\/stapis.com.pl\/index.php?rest_route=\/wp\/v2\/product\/1020740","targetHints":{"allow":["GET"]}}],"collection":[{"href":"https:\/\/stapis.com.pl\/index.php?rest_route=\/wp\/v2\/product"}],"about":[{"href":"https:\/\/stapis.com.pl\/index.php?rest_route=\/wp\/v2\/types\/product"}],"replies":[{"embeddable":true,"href":"https:\/\/stapis.com.pl\/index.php?rest_route=%2Fwp%2Fv2%2Fcomments&post=1020740"}],"wp:featuredmedia":[{"embeddable":true,"href":"https:\/\/stapis.com.pl\/index.php?rest_route=\/wp\/v2\/media\/1020742"}],"wp:attachment":[{"href":"https:\/\/stapis.com.pl\/index.php?rest_route=%2Fwp%2Fv2%2Fmedia&parent=1020740"}],"wp:term":[{"taxonomy":"product_brand","embeddable":true,"href":"https:\/\/stapis.com.pl\/index.php?rest_route=%2Fwp%2Fv2%2Fproduct_brand&post=1020740"},{"taxonomy":"product_cat","embeddable":true,"href":"https:\/\/stapis.com.pl\/index.php?rest_route=%2Fwp%2Fv2%2Fproduct_cat&post=1020740"},{"taxonomy":"product_tag","embeddable":true,"href":"https:\/\/stapis.com.pl\/index.php?rest_route=%2Fwp%2Fv2%2Fproduct_tag&post=1020740"}],"curies":[{"name":"wp","href":"https:\/\/api.w.org\/{rel}","templated":true}]}}