{"id":1021392,"date":"2025-05-30T12:05:17","date_gmt":"2025-05-30T10:05:17","guid":{"rendered":"https:\/\/stapis.com.pl\/?post_type=product&#038;p=1021392"},"modified":"2026-03-31T12:47:22","modified_gmt":"2026-03-31T10:47:22","slug":"swojosc-zbigniew-piotrowicz","status":"publish","type":"product","link":"https:\/\/stapis.com.pl\/?product=swojosc-zbigniew-piotrowicz","title":{"rendered":"Swojo\u015b\u0107 \u2013 Zbigniew Piotrowicz"},"content":{"rendered":"<p><b>ZBIGNIEW PIOTROWICZ<\/b><span style=\"font-weight: 400;\"> \u2013 czterdzie\u015bci lat temu przeni\u00f3s\u0142 si\u0119 w Sudety, do\u0142\u0105czaj\u0105c do pokolenia, kt\u00f3re w wewn\u0119trznej emigracji poszukiwa\u0142o pomys\u0142u na \u017cycie. Podr\u00f3\u017cnik, alpinista, czasem dziennikarz, czasem pisarz. Autor m.in. <\/span><i><span style=\"font-weight: 400;\">Sudecko\u015bci<\/span><\/i><span style=\"font-weight: 400;\">. By\u0142 rolnikiem, pracownikiem wysoko\u015bciowym, stolarzem, redaktorem naczelnym, winiarzem, pszczelarzem, handlowa\u0142 u\u017cywanymi telewizorami i marmurem. Pomys\u0142odawca i wieloletni szef Przegl\u0105du Film\u00f3w G\u00f3rskich im. Andrzeja Zawady w L\u0105dku Zdroju. Ma troje doros\u0142ych dzieci, dla kt\u00f3rych Sudety to ich Kraina. Mieszka pod lasem w G\u00f3rach Z\u0142otych.<\/span><\/p>\n<p><b>Opis<\/b><\/p>\n<p><span style=\"font-weight: 400;\">Czy Swojo\u015b\u0107 pozwoli nam zrozumie\u0107 miejsce, w kt\u00f3rym \u017cyjemy? I to, Kim jeste\u015bmy, Kim stajemy si\u0119 w\u0142a\u015bnie dzi\u0119ki temu miejscu? A na koniec, gdy ju\u017c wiemy\u2026 co nam daje takie zrozumienie? Jaka wi\u0119\u017a wytwarza si\u0119 mi\u0119dzy nami a tym od niedawna \u201enaszym\u201d miejscem? Jakie tworz\u0105 si\u0119 tutaj relacje? Od zawsze t\u0119skni\u0119 za domem, a dom m\u00f3j jest w\u0142a\u015bnie w Sudetach. To absolutnie moja Ojczyzna. Miejsca i ich histori\u0119 tworz\u0105 ludzie, cz\u0119sto Ci, kt\u00f3rzy stawiaj\u0105 op\u00f3r zewn\u0119trznemu niezrozumieniu. Jestem st\u0105d. Jak Zbyszek, kt\u00f3ry tak pi\u0119knie t\u0119 zale\u017cno\u015b\u0107 zauwa\u017cy\u0142 i uj\u0105\u0142 w s\u0142owa. Polecam.\u00a0<\/span><\/p>\n<p style=\"text-align: right;\"><span style=\"font-weight: 400;\">Rafa\u0142 Fronia<\/span><\/p>\n<p><b>Fragment I<\/b><\/p>\n<p><i><span style=\"font-weight: 400;\">W\u0142a\u015bnie to pokolenie na prze\u0142omie lat siedemdziesi\u0105tych i osiemdziesi\u0105tych tworzy\u0142o Sudety na nowo. Nieswojo\u015b\u0107 ko\u0142ataj\u0105c\u0105 si\u0119 gdzie\u015b w g\u0142owach pierwszych powojennych mieszka\u0144c\u00f3w Sudet\u00f3w, zacz\u0119li zmienia\u0107 we w\u0142asn\u0105 to\u017csamo\u015b\u0107, w sudecko\u015b\u0107 w\u0142a\u015bnie.<\/span><\/i><\/p>\n<p><b>Fragment II<\/b><\/p>\n<p><i><span style=\"font-weight: 400;\">Wiele lat p\u00f3\u017aniej, przeje\u017cd\u017caj\u0105c wielokrotnie przez prze\u0142\u0119cz, zastanawia\u0142em si\u0119, czego tak pilnowano na tej granicy? Czego si\u0119 bano? Za lasem, w kt\u00f3rym ustawione by\u0142y graniczne s\u0142upki, \u017cyli tacy sami\u00a0<\/span><\/i><i><span style=\"font-weight: 400;\">ludzie, mieli te same problemy, nie byli ani bogatsi, ani biedniejsi. Nawet \u015blimaki by\u0142y takie same. Po drugiej stronie nie by\u0142o \u017cadnej tajemnicy&#8230;<\/span><\/i><\/p>\n<p>&nbsp;<\/p>\n","protected":false},"excerpt":{"rendered":"<h5>Seria: Literatura g\u00f3rska na \u015bwiecie<br \/>\nISBN druk: 978-83-7967-327-8<br \/>\nIlo\u015b\u0107 stron: 250<br \/>\nOk\u0142adka: mi\u0119kka ze skrzyde\u0142kami<br \/>\nFormat: 161 \u00d7 236 mm<br \/>\nRok wydania: 2025<br \/>\nProducent: Wydawnictwo Stapis, ul. Floriana 2a, 40-288 Katowice, biuro@stapis.com.pl, tel. 605 963 179<\/h5>\n<p>&nbsp;<\/p>\n<p><span style=\"font-weight: 400;\">Czy Swojo\u015b\u0107 pozwoli nam zrozumie\u0107 miejsce, w kt\u00f3rym \u017cyjemy? I to, Kim jeste\u015bmy, Kim stajemy si\u0119 w\u0142a\u015bnie dzi\u0119ki temu miejscu? A na koniec, gdy ju\u017c wiemy\u2026 co nam daje takie zrozumienie? Jaka wi\u0119\u017a wytwarza si\u0119 mi\u0119dzy nami a tym od niedawna \u201enaszym\u201d miejscem? Jakie tworz\u0105 si\u0119 tutaj relacje? Od zawsze t\u0119skni\u0119 za domem, a dom m\u00f3j jest w\u0142a\u015bnie w Sudetach. To absolutnie moja Ojczyzna. Miejsca i ich histori\u0119 tworz\u0105 ludzie, cz\u0119sto Ci, kt\u00f3rzy stawiaj\u0105 op\u00f3r zewn\u0119trznemu niezrozumieniu. Jestem st\u0105d. Jak Zbyszek, kt\u00f3ry tak pi\u0119knie t\u0119 zale\u017cno\u015b\u0107 zauwa\u017cy\u0142 i uj\u0105\u0142 w s\u0142owa. Polecam.\u00a0<\/span><\/p>\n<p style=\"text-align: right;\"><span style=\"font-weight: 400;\">Rafa\u0142 Fronia<\/span><\/p>\n","protected":false},"featured_media":1021393,"comment_status":"closed","ping_status":"closed","template":"","meta":{"_acf_changed":false},"product_brand":[],"product_cat":[52,1198,576],"product_tag":[],"class_list":{"0":"post-1021392","1":"product","2":"type-product","3":"status-publish","4":"has-post-thumbnail","6":"product_cat-literatura-gorska-na-swiecie","7":"product_cat-nowosci","8":"product_cat-wszystkie","10":"first","11":"instock","12":"taxable","13":"shipping-taxable","14":"purchasable","15":"product-type-simple","17":"catalog-layout-default","18":"columns-xs-2"},"acf":[],"jetpack_sharing_enabled":true,"_links":{"self":[{"href":"https:\/\/stapis.com.pl\/index.php?rest_route=\/wp\/v2\/product\/1021392","targetHints":{"allow":["GET"]}}],"collection":[{"href":"https:\/\/stapis.com.pl\/index.php?rest_route=\/wp\/v2\/product"}],"about":[{"href":"https:\/\/stapis.com.pl\/index.php?rest_route=\/wp\/v2\/types\/product"}],"replies":[{"embeddable":true,"href":"https:\/\/stapis.com.pl\/index.php?rest_route=%2Fwp%2Fv2%2Fcomments&post=1021392"}],"wp:featuredmedia":[{"embeddable":true,"href":"https:\/\/stapis.com.pl\/index.php?rest_route=\/wp\/v2\/media\/1021393"}],"wp:attachment":[{"href":"https:\/\/stapis.com.pl\/index.php?rest_route=%2Fwp%2Fv2%2Fmedia&parent=1021392"}],"wp:term":[{"taxonomy":"product_brand","embeddable":true,"href":"https:\/\/stapis.com.pl\/index.php?rest_route=%2Fwp%2Fv2%2Fproduct_brand&post=1021392"},{"taxonomy":"product_cat","embeddable":true,"href":"https:\/\/stapis.com.pl\/index.php?rest_route=%2Fwp%2Fv2%2Fproduct_cat&post=1021392"},{"taxonomy":"product_tag","embeddable":true,"href":"https:\/\/stapis.com.pl\/index.php?rest_route=%2Fwp%2Fv2%2Fproduct_tag&post=1021392"}],"curies":[{"name":"wp","href":"https:\/\/api.w.org\/{rel}","templated":true}]}}