{"id":1021395,"date":"2025-05-30T12:10:41","date_gmt":"2025-05-30T10:10:41","guid":{"rendered":"https:\/\/stapis.com.pl\/?post_type=product&#038;p=1021395"},"modified":"2026-03-31T11:19:17","modified_gmt":"2026-03-31T09:19:17","slug":"nie-ma-jak-pod-gore-ryszard-warecki","status":"publish","type":"product","link":"https:\/\/stapis.com.pl\/?product=nie-ma-jak-pod-gore-ryszard-warecki","title":{"rendered":"Nie ma jak pod g\u00f3r\u0119 \u2013 Ryszard Warecki"},"content":{"rendered":"<p><b>RYSZARD WARECKI <\/b><span style=\"font-weight: 400;\">\u2013 ur. 3 kwietnia 1952 w Elbl\u0105gu, himalaista, filmowiec, biznesmen i wydawca.<\/span><\/p>\n<p><span style=\"font-weight: 400;\">M\u0142odo\u015b\u0107 sp\u0119dzi\u0142 w Kro\u015bnie, a w 1971 roku przeni\u00f3s\u0142 si\u0119 do Katowic, gdzie studiowa\u0142 na Politechnice \u015al\u0105skiej i anga\u017cowa\u0142 si\u0119 w harcerski Klub Taternicki oraz Klub Wysokog\u00f3rski. Jako pierwszy Polak w 1987 roku zdoby\u0142 Sziszapangm\u0119 (8047 m n.p.m.), ko\u0144cz\u0105c er\u0119 zdobywania 14 o\u015bmiotysi\u0119cznik\u00f3w przez Polak\u00f3w. Tworzy\u0142 filmy dokumentalne o najwa\u017cniejszych polskich wyprawach wysokog\u00f3rskich, kt\u00f3re organizowa\u0142 wsp\u00f3lnie z Jerzym Kukuczk\u0105, Arturem Hajzerem i innymi polskimi himalaistami. Stworzy\u0142 tak\u017ce bogate archiwum filmowe dokumentuj\u0105ce lata 70. i 80., kt\u00f3re w du\u017cej cz\u0119\u015bci obejmowa\u0142o wywiady z najwa\u017cniejszymi osobami zwi\u0105zanymi z g\u00f3rami w Polsce. W dzia\u0142alno\u015bci biznesowej by\u0142 wsp\u00f3\u0142za\u0142o\u017cycielem firm Alpinus i Summit, zajmuj\u0105cych si\u0119 produkcj\u0105 odzie\u017cy sportowej i dystrybucj\u0105 sprz\u0119tu sportowego. Pe\u0142ni\u0142 i pe\u0142ni r\u00f3wnie\u017c funkcje w innych przedsi\u0119biorstwach zwi\u0105zanych z odzie\u017c\u0105 i rozrywk\u0105, jak Tajlor Sp. z o.o., Karpacz Ski Arena Sp. z o.o. i inne.<\/span><\/p>\n<p>&nbsp;<\/p>\n<p><b>Fragment I<\/b><\/p>\n<p><i><span style=\"font-weight: 400;\">\u2013 Uwaga! Lawina!<\/span><\/i><\/p>\n<p><i><span style=\"font-weight: 400;\">Widz\u0119, jak Andrzej Sm\u00f3l odwraca si\u0119 do mnie i z lekcewa\u017ceniem macha czekanem. Nim si\u0119 odwr\u00f3ci, \u015bnie\u017cna zamie\u0107 go poch\u0142ania. Wbijam z ca\u0142ej si\u0142y drzewce czekana a\u017c po g\u0142owic\u0119, przywieram do stoku. Uderzenie by\u0142o pot\u0119\u017cne jak na py\u0142\u00f3wk\u0119. Wcze\u015bniej w kilku ju\u017c by\u0142em, ale ta by\u0142a zdecydowanie najmocniejsza. Po jakim\u015b czasie nap\u00f3r zaczyna s\u0142abn\u0105\u0107. Pomy\u015bla\u0142em: Dobrze, ju\u017c po wszystkim. Nie by\u0142o po wszystkim. Nagle mi\u0119dzy moje r\u0119ce trzymaj\u0105ce g\u0142owic\u0119 czekana wpada noga w\u00a0 bucie z\u00a0 rakami. Nawet nie poczu\u0142em b\u00f3lu rozerwanej d\u0142oni, a ju\u017c wyrwany z czekanem zaczynam w koz\u0142ach spada\u0107 w d\u00f3\u0142. Przelatuj\u0119 przez progi skalne. Potworny b\u00f3l uderze\u0144. Gwa\u0142towne szarpni\u0119cia. Nie mam <\/span><\/i><span style=\"font-weight: 400;\">ju\u017c czekana.\u00a0<\/span><\/p>\n<p><b>Fragment II<\/b><\/p>\n<p><i><span style=\"font-weight: 400;\">W tym trudnym czasie wielk\u0105 pomoc\u0105 byli dla mnie cz\u0142onkowie Harcerskiego Klubu Taternickiego. Codziennie dostawa\u0142em kilka list\u00f3w i poczt\u00f3wek od nich. Wszystkie je trzymam, mimo wielu przeprowadzek. Tak, tak, to ju\u017c prawie p\u00f3\u0142 wieku. Trzymam jak najwi\u0119ksz\u0105 \u015bwi\u0119to\u015b\u0107. Najpi\u0119kniejsze listy pisa\u0142a Krystyna. Kilka lat p\u00f3\u017aniej zgodzi\u0142a si\u0119 zosta\u0107 moj\u0105 \u017con\u0105. Na te mi\u0142e mi s\u0142owa wsparcia odpowiada\u0142em w szczeg\u00f3lny spos\u00f3b. W tamtych czasach du\u017co ludzi zaczyna\u0142o list od przedwojennej formu\u0142ki: \u201eU nas wszyscy zdrowi, czego i Wam serdecznie \u017cyczymy\u201d. Ja natomiast zaczyna\u0142em now\u0105, stosown\u0105 do miejsca formu\u0142k\u0105: \u201eU nas wszyscy chorzy, czego i Wam serdecznie \u017cyczymy\u201d.<\/span><\/i><\/p>\n<p><b>Fragment III<\/b><\/p>\n<p><i><span style=\"font-weight: 400;\">Tam te\u017c po raz pierwszy spotka\u0142em si\u0119 z Jurkiem Kukuczk\u0105. By\u0142o to ju\u017c pod koniec jesieni. Przyszed\u0142 do klubu i opowiada\u0142, jak wspinali si\u0119 w Dolomitach na wyje\u017adzie centralnym z Polskiego Zwi\u0105zku Alpinizmu. To by\u0142y dla mnie magiczne chwile. Ju\u017c wcze\u015bniej wiedzia\u0142em, \u017ce \u015bwietnie si\u0119 wspina, porobi\u0142 nowe drogi w ska\u0142kach i Tatrach.<\/span><\/i><\/p>\n<p><b>Fragment IV<\/b><\/p>\n<p><i><span style=\"font-weight: 400;\">Ale do rzeczy. Jurek jako\u015b chcia\u0142 uhonorowa\u0107 obecno\u015b\u0107 Wojtka Kurtyki na wyprawie i zleci\u0142, \u017ce pod komend\u0105 rzeczonego spakujemy baga\u017c na Manaslu. Pami\u0119tajmy, \u017ce w planie by\u0142a w tym sezonie jeszcze Annapurna. Czyli maksymalnie miesi\u0105c na Manaslu i przeskok na Annapurn\u0119. Trwa\u0142 bowiem jeszcze wy\u015bcig z Messnerem. Tak nawiasem m\u00f3wi\u0105c, gdyby Krzysiek Wielicki pojecha\u0142 z nami, co mu proponowali\u015bmy, to by\u0107 mo\u017ce Jurek by\u0142by pierwszy w zdobyciu 14 o\u015bmiotysi\u0119cznik\u00f3w.<\/span><\/i><\/p>\n<p><b>Fragment V<\/b><\/p>\n<p><i><span style=\"font-weight: 400;\">Wandzia Rutkiewicz. Pi\u0119kna kobieta, twarda, ciep\u0142a, delikatna i m\u0119ska zarazem. Przy tym taka&#8230; taka kobieca. Trudna do zdefiniowania. Cudowny tembr. Bajeczny g\u0142os, pos\u0142uchajcie jej gdzie\u015b na nagraniach. Przy tym inteligentna, m\u0105dra. Dlaczego tak g\u0142upio zgin\u0119\u0142a? Wielka szkoda, bo to nietuzinkowa posta\u0107. Dosta\u0142em od niej spodnie. Jej spodnie. Moje stare zwyk\u0142e spodnie, przerobione przez mam\u0119 na g\u00f3rskie pumpki, rozpad\u0142y si\u0119. Chocia\u017c nie do ko\u0144ca takie zwyczajne, bo ameryka\u0144skie, zakupione na ciuchach (targowica) w Kro\u015bnie. Widz\u0105c to, Wandzia si\u0119gn\u0119\u0142a do swej beczki, wyci\u0105gn\u0119\u0142a i m\u00f3wi: \u201eMasz\u201d. Masz i tyle. Idealnie pasowa\u0142y. Mia\u0142a oko. W\u0142a\u015bciwie co\u015b innego mia\u0142a takie samo jak ja. Jak chodzi o rozmiar. Bez \u017cadnych dodatkowych tekst\u00f3w. Kocham j\u0105 za to. By\u0142 to szwajcarski Mammut. Elastyczne, rozci\u0105gliwe, nieprzewiewne i ciep\u0142e. By\u0142o to kilkana\u015bcie kilogram\u00f3w temu (mo\u017ce nawet troch\u0119 wi\u0119cej). Uwielbia\u0142em w nich chodzi\u0107. Mam je do tej pory, oczywi\u015bcie w powyprawowej beczce. Nie dam nikomu. Ani beczki, ani spodni!<\/span><\/i><\/p>\n<p><b>Fragment VI<\/b><\/p>\n<p><i><span style=\"font-weight: 400;\">Podsumowanie: w g\u00f3rach wysokich nikt nie jest niezniszczalny, a wr\u0119cz odwrotnie. I z powodu lekcewa\u017cenia tej zasady wzi\u0119\u0142y si\u0119 niepotrzebne \u015bmierci Wandy, Artura, Ramira czy Aleksandra i wielu, wielu innych, \u017ce o Tomku Kowalskim i Ma\u0107ku Berbece nie wspomn\u0119. I jeszcze raz podkre\u015bl\u0119, jak wa\u017cna jest empatia przyjaci\u00f3\u0142, kt\u00f3rzy ci\u0119 nie zostawi\u0105 i pomog\u0105 lub zmusz\u0105 do zej\u015bcia. Ale i nieprzecenianie swoich mo\u017cliwo\u015bci mog\u0142o ocali\u0107 wiele istnie\u0144 warto\u015bciowych ludzi&#8230; Lepiej ocali\u0107 \u017cycie, ni\u017c zdoby\u0107 g\u00f3r\u0119. Ci, kt\u00f3rzy odeszli, b\u0119d\u0105 zawsze w mojej pami\u0119ci i zawsze b\u0119dzie mi towarzyszy\u0107 \u017cal, \u017ce nie ma ich w\u015br\u00f3d nas.<\/span><\/i><\/p>\n<p>&nbsp;<\/p>\n","protected":false},"excerpt":{"rendered":"<h5>Seria: Literatura g\u00f3rska na \u015bwiecie<br \/>\nISBN druk: 978-83-7967-323-0<br \/>\nIlo\u015b\u0107 stron: 392<br \/>\nOk\u0142adka: mi\u0119kka ze skrzyde\u0142kami<br \/>\nFormat: 190 x 255 mm<br \/>\nRok wydania: 2025<br \/>\nProducent: Wydawnictwo Stapis, ul. Floriana 2a, 40-288 Katowice, biuro@stapis.com.pl, tel. 605 963 179<\/h5>\n<p>&nbsp;<\/p>\n<p><span style=\"font-weight: 400;\">To jest ksi\u0105\u017cka Ry\u015bka. Jest szczera, zabawna, niepoprawna, irytuj\u0105ca. Osobna i inna. Tak jak jej autor. Nie znajdziemy w literaturze g\u00f3rskiej drugiej takiej pozycji. Nie gloryfikuje opisywanych wydarze\u0144. Nie tworzy mit\u00f3w. Nie jest demaskatorska i nie wzbudza taniej sensacji, nie stara si\u0119 na si\u0142\u0119 odbr\u0105zowi\u0107 legend polskiego himalaizmu. Jest prawdziwa. Ukazuje historie Kukuczki, Wielickiego, Hajzera, Kurtyki i innych w nowym \u015bwietle. A tym samym ostatecznie \u2013 last but not least \u2013 opisuje histori\u0119 samego Autora. Warecki by\u0142 w centrum wydarze\u0144. Opowiada wbrew politycznej poprawno\u015bci, jest na bakier z oczekiwaniami i tym, co wypada, a co nie. Dostajemy literatur\u0119 intensywn\u0105, bogat\u0105, g\u0119st\u0105. W trakcie jej lektury ma si\u0119 wra\u017cenie bezpo\u015bredniego prze\u017cywania opisywanych wydarze\u0144, wr\u0119cz do\u015bwiadcza si\u0119 ich na w\u0142asnej sk\u00f3rze. Ale czasem \u2013 jak w historii Andrzeja Sm\u00f3la \u2013 przychodzi refleksja: czy naprawd\u0119 warto.<\/span><\/p>\n<p style=\"text-align: right;\"><span style=\"font-weight: 400;\">Pawe\u0142 Wysocza\u0144ski<\/span><\/p>\n","protected":false},"featured_media":1021396,"comment_status":"closed","ping_status":"closed","template":"","meta":{"_acf_changed":false},"product_brand":[],"product_cat":[52,1198,576],"product_tag":[257,79,89,46,776,1129,44,365,43,93],"class_list":{"0":"post-1021395","1":"product","2":"type-product","3":"status-publish","4":"has-post-thumbnail","6":"product_cat-literatura-gorska-na-swiecie","7":"product_cat-nowosci","8":"product_cat-wszystkie","9":"product_tag-alpinizm","10":"product_tag-gory","11":"product_tag-himalaizm","12":"product_tag-himalaizm-zimowy","13":"product_tag-ksiazki-gorskie","14":"product_tag-ksiazki-o-gorach","15":"product_tag-literatura-alpinistyczna","16":"product_tag-literatura-gorska","17":"product_tag-literatura-gorska-na-swiecie","18":"product_tag-ludzie-gor","20":"first","21":"instock","22":"sale","23":"taxable","24":"shipping-taxable","25":"purchasable","26":"product-type-simple","28":"catalog-layout-default","29":"columns-xs-2"},"acf":[],"jetpack_sharing_enabled":true,"_links":{"self":[{"href":"https:\/\/stapis.com.pl\/index.php?rest_route=\/wp\/v2\/product\/1021395","targetHints":{"allow":["GET"]}}],"collection":[{"href":"https:\/\/stapis.com.pl\/index.php?rest_route=\/wp\/v2\/product"}],"about":[{"href":"https:\/\/stapis.com.pl\/index.php?rest_route=\/wp\/v2\/types\/product"}],"replies":[{"embeddable":true,"href":"https:\/\/stapis.com.pl\/index.php?rest_route=%2Fwp%2Fv2%2Fcomments&post=1021395"}],"wp:featuredmedia":[{"embeddable":true,"href":"https:\/\/stapis.com.pl\/index.php?rest_route=\/wp\/v2\/media\/1021396"}],"wp:attachment":[{"href":"https:\/\/stapis.com.pl\/index.php?rest_route=%2Fwp%2Fv2%2Fmedia&parent=1021395"}],"wp:term":[{"taxonomy":"product_brand","embeddable":true,"href":"https:\/\/stapis.com.pl\/index.php?rest_route=%2Fwp%2Fv2%2Fproduct_brand&post=1021395"},{"taxonomy":"product_cat","embeddable":true,"href":"https:\/\/stapis.com.pl\/index.php?rest_route=%2Fwp%2Fv2%2Fproduct_cat&post=1021395"},{"taxonomy":"product_tag","embeddable":true,"href":"https:\/\/stapis.com.pl\/index.php?rest_route=%2Fwp%2Fv2%2Fproduct_tag&post=1021395"}],"curies":[{"name":"wp","href":"https:\/\/api.w.org\/{rel}","templated":true}]}}