{"id":1021981,"date":"2026-01-22T19:06:32","date_gmt":"2026-01-22T18:06:32","guid":{"rendered":"https:\/\/stapis.com.pl\/?post_type=product&#038;p=1021981"},"modified":"2026-01-22T19:20:29","modified_gmt":"2026-01-22T18:20:29","slug":"pokemon-tcg-mega-evolution-ascended-heroes-elite-trainer-box-dragonite","status":"publish","type":"product","link":"https:\/\/stapis.com.pl\/?product=pokemon-tcg-mega-evolution-ascended-heroes-elite-trainer-box-dragonite","title":{"rendered":"Pok\u00e9mon TCG: Mega Evolution &#8211; Ascended Heroes &#8211; Elite Trainer Box &#8211; Dragonite"},"content":{"rendered":"<p>Podejmij nowe wyzwanie i zachwy\u0107 si\u0119 ogromnym potencja\u0142em Mega Dragonite ex, kt\u00f3ry swoj\u0105 pot\u0119g\u0105 wyniesie Ci\u0119 w przestworza! Pok\u00e9mony Trener\u00f3w oraz Stellar Tera Pok\u00e9mon ex do\u0142\u0105czaj\u0105 do powracaj\u0105cych i nowo odkrytych Mega Evolution Pok\u00e9mon ex &#8211; zaprezentuj\u0105 si\u0119 dzi\u0119ki specjalnym ilustracjom pokazuj\u0105cym ich najwi\u0119ksze i najodwa\u017cniejsze ataki.<\/p>\n<p>\u015awi\u0119tuj powr\u00f3t gwiazd z dodatk\u00f3w Scarlet &amp; Violet i nadej\u015bcie Pok\u00e9mon\u00f3w Mega Evolution wraz z dodatkiem\u00a0<strong>Pok\u00e9mon TCG: Mega Evolution &#8211; Ascended Heroes<\/strong>!<\/p>\n<p>Zestaw\u00a0<strong>Pok\u00e9mon TCG: Mega Evolution &#8211; Ascended Heroes &#8211; Elite Trainer Box &#8211; Dragonite\u00a0<\/strong>zawiera:<\/p>\n<ul>\n<li>9 booster\u00f3w<\/li>\n<li>1 kart\u0119 full-art foil promo &#8211; N&#8217;s Zekrom<\/li>\n<li>65 koszulek na karty<\/li>\n<li>40 kart energii<\/li>\n<li>przewodnik po dodatku Mega Evolution &#8211; Ascended Heroes<\/li>\n<li>6 ko\u015bci obra\u017ce\u0144<\/li>\n<li>1 monet\u0119<\/li>\n<li>1 ko\u015b\u0107<\/li>\n<li>1 pude\u0142ko do przechowywania kart, z przegr\u00f3dkami<\/li>\n<li>1 kart\u0119 kodu Pok\u00e9mon TCG Live<\/li>\n<\/ul>\n","protected":false},"excerpt":{"rendered":"<p>Podejmij nowe wyzwanie i zachwy\u0107 si\u0119 ogromnym potencja\u0142em Mega Dragonite ex, kt\u00f3ry swoj\u0105 pot\u0119g\u0105 wyniesie Ci\u0119 w przestworza! Pok\u00e9mony Trener\u00f3w oraz Stellar Tera Pok\u00e9mon ex do\u0142\u0105czaj\u0105 do powracaj\u0105cych i nowo odkrytych Mega Evolution Pok\u00e9mon ex &#8211; zaprezentuj\u0105 si\u0119 dzi\u0119ki specjalnym ilustracjom pokazuj\u0105cym ich najwi\u0119ksze i najodwa\u017cniejsze ataki. \u015awi\u0119tuj powr\u00f3t gwiazd z dodatk\u00f3w Scarlet &amp; Violet&hellip;<\/p>\n","protected":false},"featured_media":1021983,"comment_status":"closed","ping_status":"closed","template":"","meta":{"_acf_changed":false},"product_brand":[],"product_cat":[1417],"product_tag":[],"class_list":{"0":"post-1021981","1":"product","2":"type-product","3":"status-publish","4":"has-post-thumbnail","6":"product_cat-ascended-heroes","8":"first","9":"outofstock","10":"taxable","11":"shipping-taxable","12":"purchasable","13":"product-type-simple","15":"catalog-layout-default","16":"columns-xs-2"},"acf":[],"jetpack_sharing_enabled":true,"_links":{"self":[{"href":"https:\/\/stapis.com.pl\/index.php?rest_route=\/wp\/v2\/product\/1021981","targetHints":{"allow":["GET"]}}],"collection":[{"href":"https:\/\/stapis.com.pl\/index.php?rest_route=\/wp\/v2\/product"}],"about":[{"href":"https:\/\/stapis.com.pl\/index.php?rest_route=\/wp\/v2\/types\/product"}],"replies":[{"embeddable":true,"href":"https:\/\/stapis.com.pl\/index.php?rest_route=%2Fwp%2Fv2%2Fcomments&post=1021981"}],"wp:featuredmedia":[{"embeddable":true,"href":"https:\/\/stapis.com.pl\/index.php?rest_route=\/wp\/v2\/media\/1021983"}],"wp:attachment":[{"href":"https:\/\/stapis.com.pl\/index.php?rest_route=%2Fwp%2Fv2%2Fmedia&parent=1021981"}],"wp:term":[{"taxonomy":"product_brand","embeddable":true,"href":"https:\/\/stapis.com.pl\/index.php?rest_route=%2Fwp%2Fv2%2Fproduct_brand&post=1021981"},{"taxonomy":"product_cat","embeddable":true,"href":"https:\/\/stapis.com.pl\/index.php?rest_route=%2Fwp%2Fv2%2Fproduct_cat&post=1021981"},{"taxonomy":"product_tag","embeddable":true,"href":"https:\/\/stapis.com.pl\/index.php?rest_route=%2Fwp%2Fv2%2Fproduct_tag&post=1021981"}],"curies":[{"name":"wp","href":"https:\/\/api.w.org\/{rel}","templated":true}]}}