{"id":1021985,"date":"2026-01-22T19:26:33","date_gmt":"2026-01-22T18:26:33","guid":{"rendered":"https:\/\/stapis.com.pl\/?post_type=product&#038;p=1021985"},"modified":"2026-01-22T19:26:33","modified_gmt":"2026-01-22T18:26:33","slug":"pokemon-tcg-mega-evolution-ascended-heroes-mini-tin-bundle-10","status":"publish","type":"product","link":"https:\/\/stapis.com.pl\/?product=pokemon-tcg-mega-evolution-ascended-heroes-mini-tin-bundle-10","title":{"rendered":"Pok\u00e9mon TCG: Mega Evolution &#8211; Ascended Heroes &#8211; Mini Tin &#8211; Bundle (10)"},"content":{"rendered":"<p>Dodaj wi\u0119cej kart do swojej kolekcji Pok\u00e9mon TCG i zgarnij wyj\u0105tkow\u0105 kolekcjonersk\u0105 pami\u0105tk\u0119 z ka\u017cdym uroczym Mini Tinem. W sumie dost\u0119pnych jest pi\u0119\u0107 wzor\u00f3w, a ka\u017cdy z nich ozdobiony jest grafik\u0105, kt\u00f3r\u0105 mo\u017cna po\u0142\u0105czy\u0107 w jeden du\u017cy obraz. Wybierz sw\u00f3j ulubiony wz\u00f3r puszki albo zbierz wszystkie pi\u0119\u0107 &#8211; bez wzgl\u0119du na decyzj\u0119, te Mini Tiny pozwol\u0105 Ci przechowywa\u0107 ulubione Pok\u00e9mony wygodnie i pod r\u0119k\u0105.<\/p>\n<p><strong>Pok\u00e9mon TCG: Mega Evolution &#8211; Ascended Heroes &#8211; Mini Tin &#8211; Bundle (10)<\/strong>\u00a0zawiera:<\/p>\n<ul>\n<li>2x Pok\u00e9mon TCG: Mega Evolution &#8211; Ascended Heroes &#8211; Mini Tin &#8211; Riolu\/Darumaka<\/li>\n<li>2x Pok\u00e9mon TCG: Mega Evolution &#8211; Ascended Heroes &#8211; Mini Tin &#8211; Clefairy\/Chikorita<\/li>\n<li>2x Pok\u00e9mon TCG: Mega Evolution &#8211; Ascended Heroes &#8211; Mini Tin &#8211; Pikachu\/Tepig<\/li>\n<li>2x Pok\u00e9mon TCG: Mega Evolution &#8211; Ascended Heroes &#8211; Mini Tin &#8211; Togepi\/Totodile<\/li>\n<li>2x Pok\u00e9mon TCG: Mega Evolution &#8211; Ascended Heroes &#8211; Mini Tin &#8211; Zorua\/Cramorant<\/li>\n<\/ul>\n<p>Ka\u017cda puszka\u00a0<strong>Pok\u00e9mon TCG: Mega Evolution &#8211; Ascended Heroes &#8211; Mini Tin<\/strong>\u00a0sk\u0142ada si\u0119 z 2 booster\u00f3w, 1 arkusza naklejek i kart\u0119 z ilustracj\u0105 z puszki.<\/p>\n","protected":false},"excerpt":{"rendered":"<p>Dodaj wi\u0119cej kart do swojej kolekcji Pok\u00e9mon TCG i zgarnij wyj\u0105tkow\u0105 kolekcjonersk\u0105 pami\u0105tk\u0119 z ka\u017cdym uroczym Mini Tinem. W sumie dost\u0119pnych jest pi\u0119\u0107 wzor\u00f3w, a ka\u017cdy z nich ozdobiony jest grafik\u0105, kt\u00f3r\u0105 mo\u017cna po\u0142\u0105czy\u0107 w jeden du\u017cy obraz. Wybierz sw\u00f3j ulubiony wz\u00f3r puszki albo zbierz wszystkie pi\u0119\u0107 &#8211; bez wzgl\u0119du na decyzj\u0119, te Mini Tiny&hellip;<\/p>\n","protected":false},"featured_media":1021986,"comment_status":"closed","ping_status":"closed","template":"","meta":{"_acf_changed":false},"product_brand":[],"product_cat":[1417],"product_tag":[],"class_list":{"0":"post-1021985","1":"product","2":"type-product","3":"status-publish","4":"has-post-thumbnail","6":"product_cat-ascended-heroes","8":"first","9":"outofstock","10":"taxable","11":"shipping-taxable","12":"purchasable","13":"product-type-simple","15":"catalog-layout-default","16":"columns-xs-2"},"acf":[],"jetpack_sharing_enabled":true,"_links":{"self":[{"href":"https:\/\/stapis.com.pl\/index.php?rest_route=\/wp\/v2\/product\/1021985","targetHints":{"allow":["GET"]}}],"collection":[{"href":"https:\/\/stapis.com.pl\/index.php?rest_route=\/wp\/v2\/product"}],"about":[{"href":"https:\/\/stapis.com.pl\/index.php?rest_route=\/wp\/v2\/types\/product"}],"replies":[{"embeddable":true,"href":"https:\/\/stapis.com.pl\/index.php?rest_route=%2Fwp%2Fv2%2Fcomments&post=1021985"}],"wp:featuredmedia":[{"embeddable":true,"href":"https:\/\/stapis.com.pl\/index.php?rest_route=\/wp\/v2\/media\/1021986"}],"wp:attachment":[{"href":"https:\/\/stapis.com.pl\/index.php?rest_route=%2Fwp%2Fv2%2Fmedia&parent=1021985"}],"wp:term":[{"taxonomy":"product_brand","embeddable":true,"href":"https:\/\/stapis.com.pl\/index.php?rest_route=%2Fwp%2Fv2%2Fproduct_brand&post=1021985"},{"taxonomy":"product_cat","embeddable":true,"href":"https:\/\/stapis.com.pl\/index.php?rest_route=%2Fwp%2Fv2%2Fproduct_cat&post=1021985"},{"taxonomy":"product_tag","embeddable":true,"href":"https:\/\/stapis.com.pl\/index.php?rest_route=%2Fwp%2Fv2%2Fproduct_tag&post=1021985"}],"curies":[{"name":"wp","href":"https:\/\/api.w.org\/{rel}","templated":true}]}}