{"id":1021994,"date":"2026-01-22T21:16:07","date_gmt":"2026-01-22T20:16:07","guid":{"rendered":"https:\/\/stapis.com.pl\/?post_type=product&#038;p=1021994"},"modified":"2026-01-22T21:16:07","modified_gmt":"2026-01-22T20:16:07","slug":"pokemon-tcg-mega-evolution-ascended-heroes-tech-sticker-collection","status":"publish","type":"product","link":"https:\/\/stapis.com.pl\/?product=pokemon-tcg-mega-evolution-ascended-heroes-tech-sticker-collection","title":{"rendered":"Pok\u00e9mon TCG: Mega Evolution &#8211; Ascended Heroes &#8211; Tech Sticker Collection"},"content":{"rendered":"<p>Pok\u00e9mony z regionu Kanto wznosz\u0105 si\u0119 na wy\u017cyny &#8211; i prezentuj\u0105 swoj\u0105 pot\u0119g\u0119 w formie kart promo, jak i uroczych naklejek! W tym zestawie znajdziesz Charmandera lub Gastly\u2019ego jako po\u0142yskuj\u0105c\u0105 kart\u0119 promo foil, a tak\u017ce arkusz naklejek tech stickers z Charmanderem i Mega Charizardem Y lub Gastlym i Mega Gengarem. A na koniec &#8211; jeszcze wi\u0119cej Pok\u00e9mon\u00f3w w trzech boosterach ze specjalnego dodatku\u00a0<strong>Pok\u00e9mon TCG: Mega Evolution &#8211; Ascended Heroes<\/strong>!<\/p>\n<div class=\"woocommerce-tabs wc-tabs-wrapper\">\n<div id=\"tab-description\" class=\"woocommerce-Tabs-panel woocommerce-Tabs-panel--description panel entry-content wc-tab post-formatting\" role=\"tabpanel\" aria-labelledby=\"tab-title-description\">\n<p>Wariant produktu wysy\u0142any losowo.<\/p>\n<\/div>\n<\/div>\n","protected":false},"excerpt":{"rendered":"<p>Pok\u00e9mony z regionu Kanto wznosz\u0105 si\u0119 na wy\u017cyny &#8211; i prezentuj\u0105 swoj\u0105 pot\u0119g\u0119 w formie kart promo, jak i uroczych naklejek! W tym zestawie znajdziesz Charmandera lub Gastly\u2019ego jako po\u0142yskuj\u0105c\u0105 kart\u0119 promo foil, a tak\u017ce arkusz naklejek tech stickers z Charmanderem i Mega Charizardem Y lub Gastlym i Mega Gengarem. A na koniec &#8211; jeszcze&hellip;<\/p>\n","protected":false},"featured_media":1021995,"comment_status":"closed","ping_status":"closed","template":"","meta":{"_acf_changed":false},"product_brand":[],"product_cat":[1417],"product_tag":[],"class_list":{"0":"post-1021994","1":"product","2":"type-product","3":"status-publish","4":"has-post-thumbnail","6":"product_cat-ascended-heroes","8":"first","9":"outofstock","10":"taxable","11":"shipping-taxable","12":"purchasable","13":"product-type-simple","15":"catalog-layout-default","16":"columns-xs-2"},"acf":[],"jetpack_sharing_enabled":true,"_links":{"self":[{"href":"https:\/\/stapis.com.pl\/index.php?rest_route=\/wp\/v2\/product\/1021994","targetHints":{"allow":["GET"]}}],"collection":[{"href":"https:\/\/stapis.com.pl\/index.php?rest_route=\/wp\/v2\/product"}],"about":[{"href":"https:\/\/stapis.com.pl\/index.php?rest_route=\/wp\/v2\/types\/product"}],"replies":[{"embeddable":true,"href":"https:\/\/stapis.com.pl\/index.php?rest_route=%2Fwp%2Fv2%2Fcomments&post=1021994"}],"wp:featuredmedia":[{"embeddable":true,"href":"https:\/\/stapis.com.pl\/index.php?rest_route=\/wp\/v2\/media\/1021995"}],"wp:attachment":[{"href":"https:\/\/stapis.com.pl\/index.php?rest_route=%2Fwp%2Fv2%2Fmedia&parent=1021994"}],"wp:term":[{"taxonomy":"product_brand","embeddable":true,"href":"https:\/\/stapis.com.pl\/index.php?rest_route=%2Fwp%2Fv2%2Fproduct_brand&post=1021994"},{"taxonomy":"product_cat","embeddable":true,"href":"https:\/\/stapis.com.pl\/index.php?rest_route=%2Fwp%2Fv2%2Fproduct_cat&post=1021994"},{"taxonomy":"product_tag","embeddable":true,"href":"https:\/\/stapis.com.pl\/index.php?rest_route=%2Fwp%2Fv2%2Fproduct_tag&post=1021994"}],"curies":[{"name":"wp","href":"https:\/\/api.w.org\/{rel}","templated":true}]}}