{"id":1021999,"date":"2026-01-22T21:22:07","date_gmt":"2026-01-22T20:22:07","guid":{"rendered":"https:\/\/stapis.com.pl\/?post_type=product&#038;p=1021999"},"modified":"2026-01-22T21:22:07","modified_gmt":"2026-01-22T20:22:07","slug":"pokemon-tcg-mega-evolution-ascended-heroes-premium-poster-collection","status":"publish","type":"product","link":"https:\/\/stapis.com.pl\/?product=pokemon-tcg-mega-evolution-ascended-heroes-premium-poster-collection","title":{"rendered":"Pok\u00e9mon TCG: Mega Evolution &#8211; Ascended Heroes &#8211; Premium Poster Collection"},"content":{"rendered":"<div class=\"woocommerce-tabs wc-tabs-wrapper\">\n<div id=\"tab-description\" class=\"woocommerce-Tabs-panel woocommerce-Tabs-panel--description panel entry-content wc-tab post-formatting\" role=\"tabpanel\" aria-labelledby=\"tab-title-description\">\n<p>Dzi\u0119ki pot\u0119\u017cnym atakom i wysokiemu HP Mega Lucario ex oraz Mega Gardevoir ex prze\u0142amuj\u0105 wszelkie granice w walce! Po\u0142\u0105cz si\u0142y z jednym z tych pot\u0119\u017cnych Mega Evolution Pok\u00e9mon ex dzi\u0119ki kartom w wariancie full-art foil oraz boosterom z dodatku Mega Evolution &#8211; Ascended Heroes. W zestawie znajdziesz tak\u017ce du\u017cy plakat przedstawiaj\u0105cy Mega Lucario lub Mega Gardevoir oraz inne Pok\u00e9mony pojawiaj\u0105ce si\u0119 w tym wyj\u0105tkowym rozszerzeniu.<\/p>\n<p>Wariant produktu wysy\u0142any losowo.<\/p>\n<\/div>\n<\/div>\n","protected":false},"excerpt":{"rendered":"<p>Dzi\u0119ki pot\u0119\u017cnym atakom i wysokiemu HP Mega Lucario ex oraz Mega Gardevoir ex prze\u0142amuj\u0105 wszelkie granice w walce! Po\u0142\u0105cz si\u0142y z jednym z tych pot\u0119\u017cnych Mega Evolution Pok\u00e9mon ex dzi\u0119ki kartom w wariancie full-art foil oraz boosterom z dodatku Mega Evolution &#8211; Ascended Heroes. W zestawie znajdziesz tak\u017ce du\u017cy plakat przedstawiaj\u0105cy Mega Lucario lub Mega&hellip;<\/p>\n","protected":false},"featured_media":1022000,"comment_status":"closed","ping_status":"closed","template":"","meta":{"_acf_changed":false},"product_brand":[],"product_cat":[1417],"product_tag":[],"class_list":{"0":"post-1021999","1":"product","2":"type-product","3":"status-publish","4":"has-post-thumbnail","6":"product_cat-ascended-heroes","8":"first","9":"outofstock","10":"taxable","11":"shipping-taxable","12":"purchasable","13":"product-type-simple","15":"catalog-layout-default","16":"columns-xs-2"},"acf":[],"jetpack_sharing_enabled":true,"_links":{"self":[{"href":"https:\/\/stapis.com.pl\/index.php?rest_route=\/wp\/v2\/product\/1021999","targetHints":{"allow":["GET"]}}],"collection":[{"href":"https:\/\/stapis.com.pl\/index.php?rest_route=\/wp\/v2\/product"}],"about":[{"href":"https:\/\/stapis.com.pl\/index.php?rest_route=\/wp\/v2\/types\/product"}],"replies":[{"embeddable":true,"href":"https:\/\/stapis.com.pl\/index.php?rest_route=%2Fwp%2Fv2%2Fcomments&post=1021999"}],"wp:featuredmedia":[{"embeddable":true,"href":"https:\/\/stapis.com.pl\/index.php?rest_route=\/wp\/v2\/media\/1022000"}],"wp:attachment":[{"href":"https:\/\/stapis.com.pl\/index.php?rest_route=%2Fwp%2Fv2%2Fmedia&parent=1021999"}],"wp:term":[{"taxonomy":"product_brand","embeddable":true,"href":"https:\/\/stapis.com.pl\/index.php?rest_route=%2Fwp%2Fv2%2Fproduct_brand&post=1021999"},{"taxonomy":"product_cat","embeddable":true,"href":"https:\/\/stapis.com.pl\/index.php?rest_route=%2Fwp%2Fv2%2Fproduct_cat&post=1021999"},{"taxonomy":"product_tag","embeddable":true,"href":"https:\/\/stapis.com.pl\/index.php?rest_route=%2Fwp%2Fv2%2Fproduct_tag&post=1021999"}],"curies":[{"name":"wp","href":"https:\/\/api.w.org\/{rel}","templated":true}]}}