{"id":1022004,"date":"2026-01-22T21:29:23","date_gmt":"2026-01-22T20:29:23","guid":{"rendered":"https:\/\/stapis.com.pl\/?post_type=product&#038;p=1022004"},"modified":"2026-01-22T21:29:23","modified_gmt":"2026-01-22T20:29:23","slug":"pokemon-tcg-mega-evolution-ascended-heroes-deluxe-pin-collection-first-partners","status":"publish","type":"product","link":"https:\/\/stapis.com.pl\/?product=pokemon-tcg-mega-evolution-ascended-heroes-deluxe-pin-collection-first-partners","title":{"rendered":"Pok\u00e9mon TCG: Mega Evolution &#8211; Ascended Heroes &#8211; Deluxe Pin Collection &#8211; First Partners"},"content":{"rendered":"<p>Zachwy\u0107 si\u0119 pot\u0119g\u0105, gdy Mega Dragonite ex wzlatuje w przestworza, prowadz\u0105c do walki prawdziw\u0105 dru\u017cyn\u0119 gwiazd \u015bwiata Pok\u00e9mon!\u00a0Do\u0142\u0105czaj\u0105 do niego Pok\u00e9mony Trener\u00f3w, Stellar Tera Pok\u00e9mon ex oraz dobrze znane i zupe\u0142nie nowe Mega Evolution Pok\u00e9mon ex &#8211; niekt\u00f3re z nich w specjalnych wersjach graficznych, kt\u00f3re prezentuj\u0105 ich najbardziej spektakularne ataki!<\/p>\n<p>Czas na widowiskowe starcia na najwy\u017cszym poziomie!<\/p>\n<p>&nbsp;<\/p>\n","protected":false},"excerpt":{"rendered":"<p>Zachwy\u0107 si\u0119 pot\u0119g\u0105, gdy Mega Dragonite ex wzlatuje w przestworza, prowadz\u0105c do walki prawdziw\u0105 dru\u017cyn\u0119 gwiazd \u015bwiata Pok\u00e9mon!\u00a0Do\u0142\u0105czaj\u0105 do niego Pok\u00e9mony Trener\u00f3w, Stellar Tera Pok\u00e9mon ex oraz dobrze znane i zupe\u0142nie nowe Mega Evolution Pok\u00e9mon ex &#8211; niekt\u00f3re z nich w specjalnych wersjach graficznych, kt\u00f3re prezentuj\u0105 ich najbardziej spektakularne ataki! Czas na widowiskowe starcia na&hellip;<\/p>\n","protected":false},"featured_media":1022005,"comment_status":"closed","ping_status":"closed","template":"","meta":{"_acf_changed":false},"product_brand":[],"product_cat":[1417],"product_tag":[],"class_list":{"0":"post-1022004","1":"product","2":"type-product","3":"status-publish","4":"has-post-thumbnail","6":"product_cat-ascended-heroes","8":"first","9":"outofstock","10":"taxable","11":"shipping-taxable","12":"purchasable","13":"product-type-simple","15":"catalog-layout-default","16":"columns-xs-2"},"acf":[],"jetpack_sharing_enabled":true,"_links":{"self":[{"href":"https:\/\/stapis.com.pl\/index.php?rest_route=\/wp\/v2\/product\/1022004","targetHints":{"allow":["GET"]}}],"collection":[{"href":"https:\/\/stapis.com.pl\/index.php?rest_route=\/wp\/v2\/product"}],"about":[{"href":"https:\/\/stapis.com.pl\/index.php?rest_route=\/wp\/v2\/types\/product"}],"replies":[{"embeddable":true,"href":"https:\/\/stapis.com.pl\/index.php?rest_route=%2Fwp%2Fv2%2Fcomments&post=1022004"}],"wp:featuredmedia":[{"embeddable":true,"href":"https:\/\/stapis.com.pl\/index.php?rest_route=\/wp\/v2\/media\/1022005"}],"wp:attachment":[{"href":"https:\/\/stapis.com.pl\/index.php?rest_route=%2Fwp%2Fv2%2Fmedia&parent=1022004"}],"wp:term":[{"taxonomy":"product_brand","embeddable":true,"href":"https:\/\/stapis.com.pl\/index.php?rest_route=%2Fwp%2Fv2%2Fproduct_brand&post=1022004"},{"taxonomy":"product_cat","embeddable":true,"href":"https:\/\/stapis.com.pl\/index.php?rest_route=%2Fwp%2Fv2%2Fproduct_cat&post=1022004"},{"taxonomy":"product_tag","embeddable":true,"href":"https:\/\/stapis.com.pl\/index.php?rest_route=%2Fwp%2Fv2%2Fproduct_tag&post=1022004"}],"curies":[{"name":"wp","href":"https:\/\/api.w.org\/{rel}","templated":true}]}}