{"id":1083,"date":"2017-05-15T10:21:32","date_gmt":"2017-05-15T08:21:32","guid":{"rendered":"http:\/\/stapis.com.pl\/?post_type=product&#038;p=1083"},"modified":"2025-02-27T13:20:05","modified_gmt":"2025-02-27T12:20:05","slug":"smiech-na-linie-ivan-bajo-literatura-gorska-stapis","status":"publish","type":"product","link":"https:\/\/stapis.com.pl\/?product=smiech-na-linie-ivan-bajo-literatura-gorska-stapis","title":{"rendered":"\u015amiech na linie \u2013 Ivan Bajo"},"content":{"rendered":"<h4>\u00a0Anegdoty i gaw\u0119dy i Tatrach i taternikach okraszone satyrycznymi ilustracjami Ivana Bajo<\/h4>\n<p>&nbsp;<\/p>\n<p>W <em>\u015amiechu na linie<\/em> Ivan Bajo \u2013 s\u0142owacki taternik, alpinista, a tak\u017ce rysownik i publicysta \u2013 dzieli si\u0119 swoj\u0105 rado\u015bci\u0105 \u017cycia i wspinaczkow\u0105 pasj\u0105. Opowiada o g\u00f3rach z szacunkiem, ale te\u017c z olbrzymi\u0105 dawk\u0105 autoironii oraz\u00a0humoru. Jak Stanis\u0142aw Bareja socjalistyczn\u0105 Polsk\u0119, tak Ivan pokazuje nam taternictwo. Ostro, wyra\u017anie i cz\u0119sto z ca\u0142kiem innej, niedostrzegalnej dla wi\u0119kszo\u015bci strony. Wykazuje si\u0119\u00a0przy tym niezwyk\u0142ym zmys\u0142em obserwacji\u00a0i umiej\u0119tno\u015bci\u0105\u00a0oddania kwintesencji stylu \u017cycia, jaki obra\u0142 on i wielu innych wspinaczkowych\u00a0maniak\u00f3w \u2013 biwaki, ogniska, imprezy, a przede wszystkim wci\u0105\u017c nowe drogi i nowe przyja\u017anie.\u00a0Jego historyjki jednak nie ograniczaj\u0105 si\u0119 tylko i wy\u0142\u0105cznie do anegdot g\u00f3rskich\u2026<\/p>\n<p>&nbsp;<\/p>\n<blockquote><p>Na podstawie wieloletniego do\u015bwiadczenia stwierdzam, \u017ce polowanie na rekreacyjnych biegaczy nale\u017cy do najbardziej ulubionych rozrywek wi\u0119kszo\u015bci ps\u00f3w. Biegn\u0105cy cz\u0142owiek wyzwala u psa instynkt \u0142owiecki, stajecie si\u0119 wtedy dla niego zdobycz\u0105. Pewnego razu bieg\u0142em wzd\u0142u\u017c p\u0142otu i rzuci\u0142y si\u0119 na mnie dwa psy wielko\u015bci cielaka. Z gro\u017anym warczeniem i wyszczerzonymi k\u0142ami p\u0119dzi\u0142y za mn\u0105. Oddziela\u0142 nas jeszcze p\u0142ot. Gdyby go nie by\u0142o, sta\u0142bym si\u0119 smacznym podwieczorkiem, pomy\u015bla\u0142em. A potem w momencie zamar\u0142em. P\u0142ot rzeczywi\u015bcie si\u0119 sko\u0144czy\u0142! Psy entuzjastycznie gna\u0142y na podwieczorek. (fragment)<\/p><\/blockquote>\n","protected":false},"excerpt":{"rendered":"<p>ISBN: 978-83-7967-053-6<\/p>\n<p>Stron: 232<\/p>\n<p>Format: 161 x 234 cm<\/p>\n<p>Ok\u0142adka: mi\u0119kka ze skrzyde\u0142kami<\/p>\n<p>Rok wydania: 2017<\/p>\n<p>Producent: Wydawnictwo Stapis Anna Pisarek, ul. Floriana 2a, 40-288 Katowice, biuro@stapis.com.pl, tel. 605 963 179<\/p>\n<blockquote><p>&nbsp;<\/p><\/blockquote>\n<p><a href=\"https:\/\/www.stapis.com.pl\/?product_cat=literatura-gorska-na-swiecie\"><img loading=\"lazy\" decoding=\"async\" class=\"alignnone wp-image-293\" src=\"http:\/\/stapis.com.pl\/wp-content\/uploads\/2016\/10\/czarna_lit_gor_n_Swiecie-300x134.jpg\" alt=\"czarna_lit_gor_n_swiecie\" width=\"287\" height=\"128\" srcset=\"https:\/\/stapis.com.pl\/wp-content\/uploads\/2016\/10\/czarna_lit_gor_n_Swiecie-300x134.jpg 300w, https:\/\/stapis.com.pl\/wp-content\/uploads\/2016\/10\/czarna_lit_gor_n_Swiecie-450x200.jpg 450w, https:\/\/stapis.com.pl\/wp-content\/uploads\/2016\/10\/czarna_lit_gor_n_Swiecie-768x342.jpg 768w, https:\/\/stapis.com.pl\/wp-content\/uploads\/2016\/10\/czarna_lit_gor_n_Swiecie-1024x456.jpg 1024w\" sizes=\"auto, (max-width: 287px) 100vw, 287px\" \/><\/a><\/p>\n<p><em>W\u00a0serii\u00a0<strong>Literatura G\u00f3rska na\u00a0\u015awiecie<\/strong> prezentujemy najciekawsze, nagradzane ksi\u0105\u017cki g\u00f3rskie, alpinistyczne i wspinaczkowe, pisane przez lub po\u015bwi\u0119cone ludziom, kt\u00f3rzy oddali swoje \u017cycie g\u00f3rom i ich poznawaniu&#8230;<\/em><\/p>\n<p>&nbsp;<\/p>\n<p><strong>\u00a0<\/strong><\/p>\n<p>&nbsp;<\/p>\n","protected":false},"featured_media":969,"comment_status":"closed","ping_status":"closed","template":"","meta":{"_acf_changed":false},"product_brand":[],"product_cat":[56,52,1369,576],"product_tag":[239,240,237,238,776,1129,43,93,256,1170,255,171],"class_list":{"0":"post-1083","1":"product","2":"type-product","3":"status-publish","4":"has-post-thumbnail","6":"product_cat-humor","7":"product_cat-literatura-gorska-na-swiecie","8":"product_cat-promocje","9":"product_cat-wszystkie","10":"product_tag-anegdoty","11":"product_tag-gory-na-wesolo","12":"product_tag-humor","13":"product_tag-ivan-bajo","14":"product_tag-ksiazki-gorskie","15":"product_tag-ksiazki-o-gorach","16":"product_tag-literatura-gorska-na-swiecie","17":"product_tag-ludzie-gor","18":"product_tag-taternictwo","19":"product_tag-tatralia","20":"product_tag-tatry","21":"product_tag-wspinaczka","23":"first","24":"instock","25":"sale","26":"taxable","27":"shipping-taxable","28":"purchasable","29":"product-type-simple","31":"catalog-layout-default","32":"columns-xs-2"},"acf":[],"jetpack_sharing_enabled":true,"_links":{"self":[{"href":"https:\/\/stapis.com.pl\/index.php?rest_route=\/wp\/v2\/product\/1083","targetHints":{"allow":["GET"]}}],"collection":[{"href":"https:\/\/stapis.com.pl\/index.php?rest_route=\/wp\/v2\/product"}],"about":[{"href":"https:\/\/stapis.com.pl\/index.php?rest_route=\/wp\/v2\/types\/product"}],"replies":[{"embeddable":true,"href":"https:\/\/stapis.com.pl\/index.php?rest_route=%2Fwp%2Fv2%2Fcomments&post=1083"}],"wp:featuredmedia":[{"embeddable":true,"href":"https:\/\/stapis.com.pl\/index.php?rest_route=\/wp\/v2\/media\/969"}],"wp:attachment":[{"href":"https:\/\/stapis.com.pl\/index.php?rest_route=%2Fwp%2Fv2%2Fmedia&parent=1083"}],"wp:term":[{"taxonomy":"product_brand","embeddable":true,"href":"https:\/\/stapis.com.pl\/index.php?rest_route=%2Fwp%2Fv2%2Fproduct_brand&post=1083"},{"taxonomy":"product_cat","embeddable":true,"href":"https:\/\/stapis.com.pl\/index.php?rest_route=%2Fwp%2Fv2%2Fproduct_cat&post=1083"},{"taxonomy":"product_tag","embeddable":true,"href":"https:\/\/stapis.com.pl\/index.php?rest_route=%2Fwp%2Fv2%2Fproduct_tag&post=1083"}],"curies":[{"name":"wp","href":"https:\/\/api.w.org\/{rel}","templated":true}]}}