{"id":1173,"date":"2017-06-21T09:09:39","date_gmt":"2017-06-21T07:09:39","guid":{"rendered":"http:\/\/stapis.com.pl\/?post_type=product&#038;p=1173"},"modified":"2025-02-27T13:19:22","modified_gmt":"2025-02-27T12:19:22","slug":"baba-i-gory-zapiski-z-wypraw-grazyna-szuba","status":"publish","type":"product","link":"https:\/\/stapis.com.pl\/?product=baba-i-gory-zapiski-z-wypraw-grazyna-szuba","title":{"rendered":"Baba i g\u00f3ry. Zapiski z wypraw &#8211; Gra\u017cyna Szuba"},"content":{"rendered":"<p>To ksi\u0105\u017cka o g\u00f3rskich przygodach, ale i sposobie na \u017cycie. Bardzo cz\u0119sto okazuje si\u0119, \u017ce z pasma imprez tylko kilka by\u0142o naprawd\u0119 udanych, ze wszystkich urlop\u00f3w tylko par\u0119 zas\u0142ugiwa\u0142o na powt\u00f3rk\u0119, \u017ce z poznanych ludzi niewielu tak naprawd\u0119 ma dla nas znaczenie. Znacznie wi\u0119cej takich fajnych, ale i wa\u017cnych moment\u00f3w prze\u017cywaj\u0105 ludzie maj\u0105cy jak\u0105\u015b pasj\u0119. Kt\u00f3rzy buduj\u0105 i realizuj\u0105 jakie\u015b cele. Tak w\u0142a\u015bnie robi bohaterka tej ksi\u0105\u017cki. Ka\u017cda wyprawa to pomys\u0142, planowanie, przygotowanie i sam wyjazd. Dzi\u0119ki temu wi\u0119cej marzy i wi\u0119cej planuje. Tak\u017ce znacznie wi\u0119cej dostrzega i ocenia. Poznaje innych ludzi, inne kultury, religie, obyczaje. \u015awiat staje si\u0119 mniej obcy i bardziej zrozumia\u0142y. Nie ma tu wprawdzie mowy o wielkich wspinaczkach, dramatycznych chwilach z zagro\u017ceniem \u017cycia w g\u00f3rach, ale w\u0142a\u015bnie pokazanie nie napuszonej, nie okraszonej wymy\u015blonymi, byleby tylko sensacyjnie czy dramatycznie lub komediowo brzmi\u0105cymi historyjkami, pi\u0119knie sytuuje t\u0119 ksi\u0105\u017ck\u0119 w\u015br\u00f3d prawdziwych, rzeczywistych opis\u00f3w ciekawego \u017cycia.<\/p>\n<p>&nbsp;<\/p>\n<blockquote><p><strong>\u201eBaba i g\u00f3ry\u201d<\/strong> to pozycja napisana lekko i z polotem. Autorka opowiada o swoich prze\u017cyciach i przygodach \u017cywo i barwnie, niekiedy z przymru\u017ceniem oka, a przede wszystkim z ogromnym poczuciem humoru, szczeg\u00f3lnie gdy pisze o rozmaitych perypetiach, jakie j\u0105 spotyka\u0142y. Jej zapiski niejeden raz wywo\u0142ywa\u0142y na mojej twarzy u\u015bmiech, a nawet wzbudza\u0142y g\u0142o\u015bny, szczery \u015bmiech. Pozwoli\u0142y mi wczu\u0107 si\u0119 w jej sytuacj\u0119 oraz wyra\u017anie odczu\u0107 klimat i atmosfer\u0119 g\u00f3rskich w\u0119dr\u00f3wek.<br \/>\nNaturalny, swobodny styl i \u017cartobliwy, zabarwiony nutk\u0105 subtelnego humoru j\u0119zyk, jakimi pos\u0142uguje si\u0119 autorka, a tak\u017ce jej pasja, sprawi\u0142y, i\u017c z miejsca zacz\u0119\u0142am bezwiednie si\u0119 z ni\u0105 uto\u017csamia\u0107. Czu\u0142am si\u0119, jakbym to ja by\u0142a na jej miejscu i odczuwa\u0142a zm\u0119czenie trudn\u0105 i d\u0142ug\u0105 drog\u0105, b\u0142\u0105dzi\u0142a po g\u00f3rskich szlakach, pi\u0142a w schronisku herbat\u0119 z cytryn\u0105, przemok\u0142a niejeden raz do suchej nitki czy zdobywa\u0142a Mont Blanc. W wyobra\u017ani widzia\u0142am sam\u0105 siebie, jak wielokrotnie przepakowuj\u0119 si\u0119, jak usi\u0142uj\u0119, mimo odwo\u0142anego niespodziewanie lotu, dotrze\u0107 do Maroka, jak trafiam tam do niezbyt ekskluzywnego hoteliku, w kt\u00f3rym musz\u0119 bra\u0107 prysznic w zlewie i nocowa\u0107 z paj\u0105kami korsarzami, jak \u015bpi\u0119 na pod\u0142odze w nieprawdopodobnie przeludnionym alpejskim schronisku i przez ca\u0142\u0105 noc m\u0119cz\u0119 si\u0119, s\u0142uchaj\u0105c odg\u0142os\u00f3w chrapania wsp\u00f3\u0142lokator\u00f3w. A gdy musia\u0142am przerwa\u0107 lektur\u0119, nie mog\u0142am si\u0119 doczeka\u0107, kiedy do niej wr\u00f3c\u0119, by na nowo prze\u017cywa\u0107 ciekawe przygody.<\/p>\n<p style=\"text-align: right;\">(Dorota Pansewicz)<\/p>\n<\/blockquote>\n<p>&nbsp;<\/p>\n<p>&nbsp;<\/p>\n","protected":false},"excerpt":{"rendered":"<p>&nbsp;<\/p>\n<p>Format: A5<br \/>\nLiczba stron: 164<br \/>\nOprawa: mi\u0119kka<br \/>\nISBN: 978-83-61050-86-5<\/p>\n<p>Producent: Wydawnictwo Stapis Anna Pisarek, ul. Floriana 2a, 40-288 Katowice, biuro@stapis.com.pl, tel. 605 963 179<\/p>\n","protected":false},"featured_media":1175,"comment_status":"closed","ping_status":"closed","template":"","meta":{"_acf_changed":false},"product_brand":[],"product_cat":[52,576],"product_tag":[245,247,243,246,81,244,97],"class_list":{"0":"post-1173","1":"product","2":"type-product","3":"status-publish","4":"has-post-thumbnail","6":"product_cat-literatura-gorska-na-swiecie","7":"product_cat-wszystkie","8":"product_tag-gorskie-przygody","9":"product_tag-nocleg-w-gorach","10":"product_tag-polskie-gory","11":"product_tag-schronisko","12":"product_tag-szczyty","13":"product_tag-wedrowanie","14":"product_tag-wyprawa","16":"first","17":"instock","18":"taxable","19":"shipping-taxable","20":"purchasable","21":"product-type-simple","23":"catalog-layout-default","24":"columns-xs-2"},"acf":[],"jetpack_sharing_enabled":true,"_links":{"self":[{"href":"https:\/\/stapis.com.pl\/index.php?rest_route=\/wp\/v2\/product\/1173","targetHints":{"allow":["GET"]}}],"collection":[{"href":"https:\/\/stapis.com.pl\/index.php?rest_route=\/wp\/v2\/product"}],"about":[{"href":"https:\/\/stapis.com.pl\/index.php?rest_route=\/wp\/v2\/types\/product"}],"replies":[{"embeddable":true,"href":"https:\/\/stapis.com.pl\/index.php?rest_route=%2Fwp%2Fv2%2Fcomments&post=1173"}],"wp:featuredmedia":[{"embeddable":true,"href":"https:\/\/stapis.com.pl\/index.php?rest_route=\/wp\/v2\/media\/1175"}],"wp:attachment":[{"href":"https:\/\/stapis.com.pl\/index.php?rest_route=%2Fwp%2Fv2%2Fmedia&parent=1173"}],"wp:term":[{"taxonomy":"product_brand","embeddable":true,"href":"https:\/\/stapis.com.pl\/index.php?rest_route=%2Fwp%2Fv2%2Fproduct_brand&post=1173"},{"taxonomy":"product_cat","embeddable":true,"href":"https:\/\/stapis.com.pl\/index.php?rest_route=%2Fwp%2Fv2%2Fproduct_cat&post=1173"},{"taxonomy":"product_tag","embeddable":true,"href":"https:\/\/stapis.com.pl\/index.php?rest_route=%2Fwp%2Fv2%2Fproduct_tag&post=1173"}],"curies":[{"name":"wp","href":"https:\/\/api.w.org\/{rel}","templated":true}]}}