{"id":1179,"date":"2017-06-21T09:36:06","date_gmt":"2017-06-21T07:36:06","guid":{"rendered":"http:\/\/stapis.com.pl\/?post_type=product&#038;p=1179"},"modified":"2025-02-27T13:18:44","modified_gmt":"2025-02-27T12:18:44","slug":"solo-solista-ueli-steck-gabriella-baumann-von-arx","status":"publish","type":"product","link":"https:\/\/stapis.com.pl\/?product=solo-solista-ueli-steck-gabriella-baumann-von-arx","title":{"rendered":"Solo. Solista Ueli Steck &#8211; Gabriella Baumann-von Arx"},"content":{"rendered":"<p>Szwajcar Ueli Steck (1976-2017) w wieku 18 lat wspi\u0105\u0142 si\u0119 na Eiger legendarn\u0105 p\u00f3\u0142nocn\u0105 \u015bcian\u0105, klasyczn\u0105 drog\u0105 Heckmaira. Dzi\u015b znany jest przede wszystkim z tego, \u017ce pokonywa\u0142 solo bardzo trudne drogi wspinaczkowe w rekordowym tempie. W 2008 roku osi\u0105gn\u0105\u0142 Grandes Jorasses w czasie 2 godziny 21 minut, w 2009 na Matterhornie osi\u0105gn\u0105\u0142 czas 1 godzina 56 minut. W 2010 roku ustanowi\u0142 rekord wej\u015bcia p\u00f3\u0142nocn\u0105 \u015bcian\u0105 na Les Droites (masyw Mont Blanc) &#8211; 2 godziny 8 minut. W roku 2011, w 10,5 godziny wszed\u0142 na Shisha Pangm\u0119. To dzi\u0119ki takim wyczynom zyska\u0142 przydomek \u201eSwiss Machine\u201d. \u00a0Zgin\u0105\u0142\u00a0 po Mt Everestem, w okolicach obozu I na stokach Nuptse, w trakcie wyprawy, kt\u00f3rej celem by\u0142 trawers Mount Everest-Lhotse.<\/p>\n<p>Ksi\u0105\u017cka jest wywiadem-rzek\u0105 z jednym z najwybitniejszych\u00a0 alpinist\u00f3w ostatnich lat&#8230;<\/p>\n","protected":false},"excerpt":{"rendered":"<p>&nbsp;<\/p>\n<p>&nbsp;<\/p>\n<p>Przek\u0142ad: Ma\u0142gorzata Kie\u0142kowska<br \/>\nFormat: 161 x 234 mm<br \/>\nLiczba stron: 262<br \/>\nOprawa: mi\u0119kka ze skrzyde\u0142kami<br \/>\nISBN: 978-83-61050-46-9<\/p>\n<p>Producent: Wydawnictwo Stapis Anna Pisarek, ul. Floriana 2a, 40-288 Katowice, biuro@stapis.com.pl, tel. 605 963 179<\/p>\n<p><a href=\"http:\/\/stapis.com.pl\/wp-content\/uploads\/2016\/10\/czarna_lit_gor_n_Swiecie.jpg\"><img loading=\"lazy\" decoding=\"async\" class=\"alignnone size-medium wp-image-293\" src=\"http:\/\/stapis.com.pl\/wp-content\/uploads\/2016\/10\/czarna_lit_gor_n_Swiecie-300x134.jpg\" alt=\"\" width=\"300\" height=\"134\" srcset=\"https:\/\/stapis.com.pl\/wp-content\/uploads\/2016\/10\/czarna_lit_gor_n_Swiecie-300x134.jpg 300w, https:\/\/stapis.com.pl\/wp-content\/uploads\/2016\/10\/czarna_lit_gor_n_Swiecie-450x200.jpg 450w, https:\/\/stapis.com.pl\/wp-content\/uploads\/2016\/10\/czarna_lit_gor_n_Swiecie-768x342.jpg 768w, https:\/\/stapis.com.pl\/wp-content\/uploads\/2016\/10\/czarna_lit_gor_n_Swiecie-1024x456.jpg 1024w\" sizes=\"auto, (max-width: 300px) 100vw, 300px\" \/><\/a><\/p>\n","protected":false},"featured_media":1180,"comment_status":"closed","ping_status":"closed","template":"","meta":{"_acf_changed":false},"product_brand":[],"product_cat":[52,576],"product_tag":[35,94,44,43,93,116,182,248,249,85,38,97],"class_list":{"0":"post-1179","1":"product","2":"type-product","3":"status-publish","4":"has-post-thumbnail","6":"product_cat-literatura-gorska-na-swiecie","7":"product_cat-wszystkie","8":"product_tag-biografia","9":"product_tag-himalaisci","10":"product_tag-literatura-alpinistyczna","11":"product_tag-literatura-gorska-na-swiecie","12":"product_tag-ludzie-gor","13":"product_tag-najwyzsze-szczyty","14":"product_tag-solo","15":"product_tag-solowanie","16":"product_tag-wspinaczka-samotna","17":"product_tag-wspinanie","18":"product_tag-wspomnienia","19":"product_tag-wyprawa","21":"first","22":"instock","23":"taxable","24":"shipping-taxable","25":"purchasable","26":"product-type-simple","28":"catalog-layout-default","29":"columns-xs-2"},"acf":[],"jetpack_sharing_enabled":true,"_links":{"self":[{"href":"https:\/\/stapis.com.pl\/index.php?rest_route=\/wp\/v2\/product\/1179","targetHints":{"allow":["GET"]}}],"collection":[{"href":"https:\/\/stapis.com.pl\/index.php?rest_route=\/wp\/v2\/product"}],"about":[{"href":"https:\/\/stapis.com.pl\/index.php?rest_route=\/wp\/v2\/types\/product"}],"replies":[{"embeddable":true,"href":"https:\/\/stapis.com.pl\/index.php?rest_route=%2Fwp%2Fv2%2Fcomments&post=1179"}],"wp:featuredmedia":[{"embeddable":true,"href":"https:\/\/stapis.com.pl\/index.php?rest_route=\/wp\/v2\/media\/1180"}],"wp:attachment":[{"href":"https:\/\/stapis.com.pl\/index.php?rest_route=%2Fwp%2Fv2%2Fmedia&parent=1179"}],"wp:term":[{"taxonomy":"product_brand","embeddable":true,"href":"https:\/\/stapis.com.pl\/index.php?rest_route=%2Fwp%2Fv2%2Fproduct_brand&post=1179"},{"taxonomy":"product_cat","embeddable":true,"href":"https:\/\/stapis.com.pl\/index.php?rest_route=%2Fwp%2Fv2%2Fproduct_cat&post=1179"},{"taxonomy":"product_tag","embeddable":true,"href":"https:\/\/stapis.com.pl\/index.php?rest_route=%2Fwp%2Fv2%2Fproduct_tag&post=1179"}],"curies":[{"name":"wp","href":"https:\/\/api.w.org\/{rel}","templated":true}]}}