{"id":1356,"date":"2017-09-13T11:13:07","date_gmt":"2017-09-13T09:13:07","guid":{"rendered":"http:\/\/stapis.com.pl\/?post_type=product&#038;p=1356"},"modified":"2026-01-04T18:36:49","modified_gmt":"2026-01-04T17:36:49","slug":"wega-tom-vii-suplement-slownik-i-indeks","status":"publish","type":"product","link":"https:\/\/stapis.com.pl\/?product=wega-tom-vii-suplement-slownik-i-indeks","title":{"rendered":"Wielka Encyklopedia G\u00f3r i Alpinizmu tom VII: Suplement, s\u0142ownik i indeks"},"content":{"rendered":"<p><strong>VII tom WEGI, <em>Suplement, s\u0142ownik i\u00a0indeks<\/em> <\/strong>to a\u017c <strong>1123<\/strong><strong>strony<\/strong> informacji uzupe\u0142niaj\u0105cych, uaktualnie\u0144 i dodatkowych hase\u0142. To r\u00f3wnie\u017c szczeg\u00f3\u0142owy s\u0142ownik oraz bardzo dok\u0142adny indeks pomagaj\u0105cy w wyszukiwaniu hase\u0142 we wszystkich pozosta\u0142ych tomach. Wraz z pozosta\u0142ymi cz\u0119\u015bciami Encyklopedii tworzy kompletn\u0105, szczeg\u00f3\u0142ow\u0105, profesjonalnie opracowan\u0105 prac\u0119 po\u015bwi\u0119con\u0105 g\u00f3rom \u015bwiata, alpinizmowi, ludziom g\u00f3r i wszelkim innym aspektom dotycz\u0105cym tej problematyki.<\/p>\n<p>&nbsp;<\/p>\n","protected":false},"excerpt":{"rendered":"<p>&nbsp;<\/p>\n<p>&nbsp;<\/p>\n<ul>\n<li>ISBN: 978-83-7967-058-1<\/li>\n<li>Format A5,<\/li>\n<li>twarda oprawa z obwolut\u0105,<\/li>\n<li>papier kredowy mat.<\/li>\n<li>Producent: Wydawnictwo Stapis Anna Pisarek, ul. Floriana 2a, 40-288 Katowice, biuro@stapis.com.pl, tel. 605 963 179<\/li>\n<\/ul>\n<p><em>\u00a0<\/em><\/p>\n","protected":false},"featured_media":1347,"comment_status":"closed","ping_status":"closed","template":"","meta":{"_acf_changed":false},"product_brand":[],"product_cat":[1369,53,576],"product_tag":[257,87,78,79,89,46,176,45,295,296],"class_list":{"0":"post-1356","1":"product","2":"type-product","3":"status-publish","4":"has-post-thumbnail","6":"product_cat-promocje","7":"product_cat-wega","8":"product_cat-wszystkie","9":"product_tag-alpinizm","10":"product_tag-alpinizm-zimowy","11":"product_tag-geografia","12":"product_tag-gory","13":"product_tag-himalaizm","14":"product_tag-himalaizm-zimowy","15":"product_tag-historia-alpinizmu","16":"product_tag-historia-himalaizmu","17":"product_tag-wega","18":"product_tag-encyklopedia-gor-i-alpinizmu","20":"first","21":"outofstock","22":"sale","23":"taxable","24":"shipping-taxable","25":"purchasable","26":"product-type-simple","28":"catalog-layout-default","29":"columns-xs-2"},"acf":[],"jetpack_sharing_enabled":true,"_links":{"self":[{"href":"https:\/\/stapis.com.pl\/index.php?rest_route=\/wp\/v2\/product\/1356","targetHints":{"allow":["GET"]}}],"collection":[{"href":"https:\/\/stapis.com.pl\/index.php?rest_route=\/wp\/v2\/product"}],"about":[{"href":"https:\/\/stapis.com.pl\/index.php?rest_route=\/wp\/v2\/types\/product"}],"replies":[{"embeddable":true,"href":"https:\/\/stapis.com.pl\/index.php?rest_route=%2Fwp%2Fv2%2Fcomments&post=1356"}],"wp:featuredmedia":[{"embeddable":true,"href":"https:\/\/stapis.com.pl\/index.php?rest_route=\/wp\/v2\/media\/1347"}],"wp:attachment":[{"href":"https:\/\/stapis.com.pl\/index.php?rest_route=%2Fwp%2Fv2%2Fmedia&parent=1356"}],"wp:term":[{"taxonomy":"product_brand","embeddable":true,"href":"https:\/\/stapis.com.pl\/index.php?rest_route=%2Fwp%2Fv2%2Fproduct_brand&post=1356"},{"taxonomy":"product_cat","embeddable":true,"href":"https:\/\/stapis.com.pl\/index.php?rest_route=%2Fwp%2Fv2%2Fproduct_cat&post=1356"},{"taxonomy":"product_tag","embeddable":true,"href":"https:\/\/stapis.com.pl\/index.php?rest_route=%2Fwp%2Fv2%2Fproduct_tag&post=1356"}],"curies":[{"name":"wp","href":"https:\/\/api.w.org\/{rel}","templated":true}]}}