{"id":1476,"date":"2017-09-28T12:26:14","date_gmt":"2017-09-28T10:26:14","guid":{"rendered":"http:\/\/stapis.com.pl\/?post_type=product&#038;p=1476"},"modified":"2025-02-12T15:21:40","modified_gmt":"2025-02-12T14:21:40","slug":"kreowanie-rzeczywistosci-przewodnik-dla-poczatkujacych-wprowadzenie-do-nauk-ramthy","status":"publish","type":"product","link":"https:\/\/stapis.com.pl\/?product=kreowanie-rzeczywistosci-przewodnik-dla-poczatkujacych-wprowadzenie-do-nauk-ramthy","title":{"rendered":"Kreowanie rzeczywisto\u015bci &#8211; Ramtha"},"content":{"rendered":"<p>Ksi\u0105\u017cka ta zosta\u0142a przygotowana na podstawie <em>Ramtha Dialogues<\/em>\u00ae, serii nagra\u0144 dokonanych podczas rozm\u00f3w ze studentami. Zredagowany materia\u0142 zawiera fragmenty nauk Ramthy wyg\u0142oszone podczas r\u00f3\u017cnych warsztat\u00f3w. Podczas swoich lekcji Ramtha pos\u0142uguje si\u0119 rysunkami, by wyja\u015bni\u0107 abstrakcyjne poj\u0119cia takie, jak: pr\u00f3\u017cnia, \u015bwiadomo\u015b\u0107, czas, energia, przestrze\u0144. Ksi\u0105\u017cka zawiera wszystkie rysunki u\u017cyte przez Ramth\u0119 podczas warsztatu. Najwa\u017cniejsze z nich s\u0105 r\u00f3wnie\u017c zamieszczone w <em>Aneksie<\/em> w formie \u0107wicze\u0144, by pom\u00f3c czytelnikowi w zapoznaniu si\u0119 z podstawow\u0105 terminologi\u0105 i u\u0142atwi\u0107 zrozumienie nauk. Ramtha odnosi si\u0119 do tych rysunk\u00f3w bardzo cz\u0119sto u\u017cywaj\u0105c s\u0142\u00f3w: \u201etutaj\u201d, \u201eto\u201d, \u201etamto\u201d etc. W przypisach i nawiasach zamieszczono wi\u0119c dodatkowe informacje, kt\u00f3re u\u0142atwi\u0105 znalezienie odpowiedniego rysunku. Intencj\u0105 wydawcy by\u0142o zapewnienie czytelnikowi do\u015bwiadczenia zbli\u017conego do uczestnictwa w warsztacie.<\/p>\n<blockquote><p><em>Zawarte w tej ksi\u0105\u017cce nauki si\u0119gaj\u0105 tradycji staro\u017cytnej m\u0105dro\u015bci i wnosz\u0105 j\u0105 w pe\u0142en niepokoj\u0105cego materializmu XXI wiek, w kt\u00f3rym ani ko\u015bci\u00f3\u0142 uwik\u0142any w dogmaty i polityczne intrygi, ani nauka uwi\u0119ziona w granicach tego, co mo\u017ce by\u0107 udowodnione do\u015bwiadczalnie, nie oferuj\u0105 wiedzy, jak przywr\u00f3ci\u0107 jednostce jedno\u015b\u0107. Nauka nie musi zmienia\u0107 metod, a jedynie poszerzy\u0107 zakres swoich bada\u0144, religie za\u015b nie musz\u0105 zmienia\u0107 swoich tradycji, a jedynie powr\u00f3ci\u0107 do \u017ar\u00f3d\u0142a: Ducha i jego podstawowego znaczenia. Odnowione po\u0142\u0105czenie mi\u0119dzy tym, co niewidzialne, a tym, co widzialne, pozwalaj\u0105ce na wprowadzenie wszechmocy do naszego codziennego \u017cycia, staje si\u0119 nowym, \u015bwiadomym pomostem mi\u0119dzy niebem a ziemi\u0105. Do tego w\u0142a\u015bnie sprowadza si\u0119 Wspania\u0142a Praca.<\/em><\/p><\/blockquote>\n","protected":false},"excerpt":{"rendered":"<blockquote><p>&nbsp;<\/p><\/blockquote>\n<p><strong>Ilo\u015b\u0107 stron:<\/strong> 224<br \/>\n<strong>Format:<\/strong> 146 x 209 cm<br \/>\n<strong>Oprawa:<\/strong> mi\u0119kka<br \/>\n<strong>ISBN:<\/strong> 978-83-6105-84-1<\/p>\n<p><b>Ilo\u015b\u0107 stron: 200<\/b><\/p>\n<p><b>Ok\u0142adka: mi\u0119kka<\/b><\/p>\n<p><b>Format: 150 x 212 mm<\/b><\/p>\n<p><b>Rok wydania: 2022<\/b><\/p>\n<p>Producent: Wydawnictwo Stapis Anna Pisarek, ul. Floriana 2a, 40-288 Katowice, biuro@stapis.com.pl, tel. 605 963 179<\/p>\n<p>&nbsp;<\/p>\n<h3>INFORMACJA O ZAM\u00d3WIENIACH<\/h3>\n<p><strong>Przesy\u0142ki zagraniczne<\/strong><\/p>\n<p>Zam\u00f3wienia zagraniczne (Europa, USA, inne): prosimy o kontakt z <a href=\"mailto:sprzedaz@stapis.com.pl\">sprzedaz@stapis.com.pl<\/a> w celu uzgodnienia szczeg\u00f3\u0142\u00f3w przesy\u0142ki i formy p\u0142atno\u015bci.<\/p>\n","protected":false},"featured_media":1014039,"comment_status":"closed","ping_status":"closed","template":"","meta":{"_acf_changed":false},"product_brand":[],"product_cat":[57,576],"product_tag":[312,309,311,308,310],"class_list":{"0":"post-1476","1":"product","2":"type-product","3":"status-publish","4":"has-post-thumbnail","6":"product_cat-ezoteryka","7":"product_cat-wszystkie","8":"product_tag-ezoteryka","9":"product_tag-kreowanie-rzeczywistosci","10":"product_tag-poszukiwania","11":"product_tag-ramtha","12":"product_tag-wprowadzenie-do-nauk-ramthy","14":"first","15":"instock","16":"taxable","17":"shipping-taxable","18":"purchasable","19":"product-type-simple","21":"catalog-layout-default","22":"columns-xs-2"},"acf":[],"jetpack_sharing_enabled":true,"_links":{"self":[{"href":"https:\/\/stapis.com.pl\/index.php?rest_route=\/wp\/v2\/product\/1476","targetHints":{"allow":["GET"]}}],"collection":[{"href":"https:\/\/stapis.com.pl\/index.php?rest_route=\/wp\/v2\/product"}],"about":[{"href":"https:\/\/stapis.com.pl\/index.php?rest_route=\/wp\/v2\/types\/product"}],"replies":[{"embeddable":true,"href":"https:\/\/stapis.com.pl\/index.php?rest_route=%2Fwp%2Fv2%2Fcomments&post=1476"}],"wp:featuredmedia":[{"embeddable":true,"href":"https:\/\/stapis.com.pl\/index.php?rest_route=\/wp\/v2\/media\/1014039"}],"wp:attachment":[{"href":"https:\/\/stapis.com.pl\/index.php?rest_route=%2Fwp%2Fv2%2Fmedia&parent=1476"}],"wp:term":[{"taxonomy":"product_brand","embeddable":true,"href":"https:\/\/stapis.com.pl\/index.php?rest_route=%2Fwp%2Fv2%2Fproduct_brand&post=1476"},{"taxonomy":"product_cat","embeddable":true,"href":"https:\/\/stapis.com.pl\/index.php?rest_route=%2Fwp%2Fv2%2Fproduct_cat&post=1476"},{"taxonomy":"product_tag","embeddable":true,"href":"https:\/\/stapis.com.pl\/index.php?rest_route=%2Fwp%2Fv2%2Fproduct_tag&post=1476"}],"curies":[{"name":"wp","href":"https:\/\/api.w.org\/{rel}","templated":true}]}}