{"id":1489,"date":"2017-09-28T12:41:45","date_gmt":"2017-09-28T10:41:45","guid":{"rendered":"http:\/\/stapis.com.pl\/?post_type=product&#038;p=1489"},"modified":"2025-02-12T15:19:51","modified_gmt":"2025-02-12T14:19:51","slug":"przebudzenie-na-niezwyklosc-ramtha","status":"publish","type":"product","link":"https:\/\/stapis.com.pl\/?product=przebudzenie-na-niezwyklosc-ramtha","title":{"rendered":"Przebudzenie na niezwyk\u0142o\u015b\u0107 &#8211; Ramtha"},"content":{"rendered":"<p>&nbsp;<\/p>\n<p>W <em>Przebudzeniu na niezwyk\u0142o\u015b\u0107 <\/em>Ramtha ka\u017ce nam obudzi\u0107 si\u0119, otworzy\u0107 na nowe, wyzwoli\u0107 z kr\u0119puj\u0105cych wi\u0119z\u00f3w. Odkry\u0107 w sobie to, co ukryte i nie ogranicza\u0107 si\u0119 tylko i wy\u0142\u0105cznie do poznania filozofii i teorii. Ramtha udowadnia, \u017ce \u017cyjemy zamkni\u0119ci w \u201epude\u0142ku osobowo\u015bci\u201d, kt\u00f3rego zrozumienie umo\u017cliwia poznanie natury ludzkiego my\u015blenia, b\u0119d\u0105cego pu\u0142apk\u0105 dla wolnej przestrzeni. Mistrz odkrywa przed nami sekrety nauki Staro\u017cytnych Szk\u00f3\u0142 M\u0105dro\u015bci, przeprowadza przez Labirynt Wtajemniczonego i prowadzi do \u201ewybrze\u017ca spokoju\u201d.<\/p>\n<blockquote><p><em>Kiedy\u017c w ko\u0144cu znudzicie si\u0119 powtarzaniem tej samej egzystencji? Kiedy\u017c w ko\u0144cu przebudzicie si\u0119, by stworzy\u0107 nowe marzenia, nowe paradygmaty? W moich czasach w\u0142a\u015bnie to nazwa\u0142bym przygodami. Kiedy\u017c w ko\u0144cu obudzicie si\u0119 i zadecydujecie, \u017ce chcecie do\u015bwiadczy\u0107 czego\u015b nowego? \u015arodki i sposoby, by tak si\u0119 sta\u0142o, pojawi\u0105 si\u0119 w niezwyk\u0142y spos\u00f3b dlatego, \u017ce pragniecie tej przygody i jeste\u015bcie na ni\u0105 gotowi. Takie jest boskie prawo. To nie b\u0119dzie przypadek. \u015awiadomo\u015b\u0107 i energia tworz\u0105 natur\u0119 rzeczywisto\u015bci. Cokolwiek my\u015blicie staje si\u0119 waszym \u017cyciem. Tak w\u0142a\u015bnie wyra\u017ca si\u0119 wasza boska esencja. <\/em><\/p><\/blockquote>\n","protected":false},"excerpt":{"rendered":"<blockquote><p>&nbsp;<\/p><\/blockquote>\n<p>&nbsp;<\/p>\n<p><strong>Ilo\u015b\u0107 stron:<\/strong> 104<br \/>\n<strong>Format:<\/strong> 150 x 212 cm<br \/>\n<strong>Oprawa:<\/strong> mi\u0119kka<\/p>\n<p>Producent: Wydawnictwo Stapis Anna Pisarek, ul. Floriana 2a, 40-288 Katowice, biuro@stapis.com.pl, tel. 605 963 179<\/p>\n","protected":false},"featured_media":1014037,"comment_status":"closed","ping_status":"closed","template":"","meta":{"_acf_changed":false},"product_brand":[],"product_cat":[57,576],"product_tag":[320,319,311,321,308],"class_list":{"0":"post-1489","1":"product","2":"type-product","3":"status-publish","4":"has-post-thumbnail","6":"product_cat-ezoteryka","7":"product_cat-wszystkie","8":"product_tag-jz-knight","9":"product_tag-nauki-ramthy","10":"product_tag-poszukiwania","11":"product_tag-przebudzenie-na-niezwyklosc","12":"product_tag-ramtha","14":"first","15":"instock","16":"taxable","17":"shipping-taxable","18":"purchasable","19":"product-type-simple","21":"catalog-layout-default","22":"columns-xs-2"},"acf":[],"jetpack_sharing_enabled":true,"_links":{"self":[{"href":"https:\/\/stapis.com.pl\/index.php?rest_route=\/wp\/v2\/product\/1489","targetHints":{"allow":["GET"]}}],"collection":[{"href":"https:\/\/stapis.com.pl\/index.php?rest_route=\/wp\/v2\/product"}],"about":[{"href":"https:\/\/stapis.com.pl\/index.php?rest_route=\/wp\/v2\/types\/product"}],"replies":[{"embeddable":true,"href":"https:\/\/stapis.com.pl\/index.php?rest_route=%2Fwp%2Fv2%2Fcomments&post=1489"}],"wp:featuredmedia":[{"embeddable":true,"href":"https:\/\/stapis.com.pl\/index.php?rest_route=\/wp\/v2\/media\/1014037"}],"wp:attachment":[{"href":"https:\/\/stapis.com.pl\/index.php?rest_route=%2Fwp%2Fv2%2Fmedia&parent=1489"}],"wp:term":[{"taxonomy":"product_brand","embeddable":true,"href":"https:\/\/stapis.com.pl\/index.php?rest_route=%2Fwp%2Fv2%2Fproduct_brand&post=1489"},{"taxonomy":"product_cat","embeddable":true,"href":"https:\/\/stapis.com.pl\/index.php?rest_route=%2Fwp%2Fv2%2Fproduct_cat&post=1489"},{"taxonomy":"product_tag","embeddable":true,"href":"https:\/\/stapis.com.pl\/index.php?rest_route=%2Fwp%2Fv2%2Fproduct_tag&post=1489"}],"curies":[{"name":"wp","href":"https:\/\/api.w.org\/{rel}","templated":true}]}}