{"id":2251,"date":"2018-01-04T11:06:29","date_gmt":"2018-01-04T10:06:29","guid":{"rendered":"http:\/\/stapis.com.pl\/?post_type=product&#038;p=2251"},"modified":"2025-02-12T15:17:41","modified_gmt":"2025-02-12T14:17:41","slug":"2251","status":"publish","type":"product","link":"https:\/\/stapis.com.pl\/?product=2251","title":{"rendered":"Mechanika lotu szybowcem &#8211; Wies\u0142awa \u0141anecka-Makaruk"},"content":{"rendered":"<p>Kompleksowe opracowanie dotycz\u0105ce mechaniki lotu szybowc\u00f3w, niezb\u0119dne zar\u00f3wno dla os\u00f3b szkol\u0105cych, ucz\u0105cych si\u0119, jak i tych, kt\u00f3rzy s\u0105 po prostu zainteresowani tematem. W ksi\u0105\u017cce om\u00f3wione zosta\u0142y takie zagadnienia, jak mechanizm powstawania si\u0142 aerodynamicznych, kszta\u0142ty aerodynamiczne, atmosfera wzorcowa, prawa aerodynamiki i wiele innych.<\/p>\n<h3>O AUTORCE<\/h3>\n<p><a href=\"http:\/\/stapis.com.pl\/wp-content\/uploads\/2018\/01\/wies\u0142awa-\u0142anecka-makaruk.jpg\"><img loading=\"lazy\" decoding=\"async\" class=\" wp-image-2246 alignleft\" src=\"http:\/\/stapis.com.pl\/wp-content\/uploads\/2018\/01\/wies\u0142awa-\u0142anecka-makaruk-222x300.jpg\" alt=\"\" width=\"240\" height=\"323\" \/><\/a>Dr in\u017c. Wies\u0142awa \u0141anecka-Makaruk, c\u00f3rka Franciszka i Franciszki \u0141aneckich, urodzi\u0142a si\u0119 31 maja 1933 roku w Bia\u0142ymstoku. Jest pierwsz\u0105 kobiet\u0105 w Polsce, kt\u00f3ra uzyska\u0142a uprawnienia szybowcowego pilota do\u015bwiadczalnego (maj 1961 r.). Pierwsze loty szybowcowe, jeszcze bez uprawnie\u0144, odby\u0142a w 1950 r., podczas wakacji u swojej siostry w Mr\u0105gowie.<\/p>\n<p>Rok p\u00f3\u017aniej, tu\u017c po maturze, kt\u00f3r\u0105 zda\u0142a w Opolu, rozpocz\u0119\u0142a studia na Wydziale Lotniczym Politechniki Warszawskiej. Kurs szybowcowy uko\u0144czy\u0142a w 1952 r. Dwa lata p\u00f3\u017aniej zdoby\u0142a Srebrn\u0105 Odznak\u0119 Szybowcow\u0105, a ju\u017c rok p\u00f3\u017aniej Z\u0142ot\u0105 Odznak\u0119 Szybowcow\u0105 i pierwszy diament. Z pocz\u0105tkiem maja 1957 r. uczestniczy\u0142a w grupowym locie szybownik\u00f3w warszawskich do ZSRR, pokonuj\u0105c odleg\u0142o\u015b\u0107 555 kilometr\u00f3w, co zapewni\u0142o jej drugi diament. W tym samym roku uzyska\u0142a licencj\u0119 samolotow\u0105. W marcu 1959 roku, przewy\u017cszeniem 5050 metr\u00f3w, uzyska\u0142a trzeci diament. Tym wyczynem, jako trzecia kobieta w Polsce i sz\u00f3sta na \u015bwiecie, zdoby\u0142a Diamentow\u0105 Odznak\u0119 Szybowcow\u0105. Potem przez wiele lat uczestniczy\u0142a w mistrzostwach Polski zar\u00f3wno szybowcowych, jak i samolotowych. Wies\u0142awa \u0141anecka-Makaruk odbywa\u0142a pr\u00f3by w locie na szybowcach \u201eJask\u00f3\u0142ka\u201d i \u201eMucha-100\u201d. Pracowa\u0142a jako wyk\u0142adowca akademicki na Wydziale Lotniczym (potem MEL) w katedrze aerodynamiki, a w 1976 obroni\u0142a doktorat na Wydziale Mechaniczno-Technologicznym Politechniki Warszawskiej. Jej m\u0119\u017cem by\u0142 pilot do\u015bwiadczalny in\u017c. S\u0142awomir Makaruk, kt\u00f3ry zgin\u0105\u0142 w czasie pr\u00f3b w locie w 1963 roku.<\/p>\n<p>Wies\u0142awa \u0141anecka-Makaruk\u00a0 zmar\u0142a\u00a029 lipca 2020 r.<\/p>\n","protected":false},"excerpt":{"rendered":"<p>&nbsp;<\/p>\n<p>ISBN: 978-83-7967-054-3<\/p>\n<p>Format: 168 x 240 mm<\/p>\n<p>Stron: 228<\/p>\n<p>Oprawa: mi\u0119kka<\/p>\n<p>Producent: Wydawnictwo Stapis Anna Pisarek, ul. Floriana 2a, 40-288 Katowice, biuro@stapis.com.pl, tel. 605 963 179<\/p>\n<h3><\/h3>\n<p>&nbsp;<\/p>\n","protected":false},"featured_media":2247,"comment_status":"closed","ping_status":"closed","template":"","meta":{"_acf_changed":false},"product_brand":[],"product_cat":[385,576],"product_tag":[386,387,390,388,389,391],"class_list":{"0":"post-2251","1":"product","2":"type-product","3":"status-publish","4":"has-post-thumbnail","6":"product_cat-lotnictwo-i-motoryzacja","7":"product_cat-wszystkie","8":"product_tag-lotnictwo","9":"product_tag-mechanika-lotu-szybowcem","10":"product_tag-szkolenie-szybowcowe","11":"product_tag-szybowce","12":"product_tag-szybowiec","13":"product_tag-teoria-aerodynamiki","15":"first","16":"instock","17":"taxable","18":"shipping-taxable","19":"purchasable","20":"product-type-simple","22":"catalog-layout-default","23":"columns-xs-2"},"acf":[],"jetpack_sharing_enabled":true,"_links":{"self":[{"href":"https:\/\/stapis.com.pl\/index.php?rest_route=\/wp\/v2\/product\/2251","targetHints":{"allow":["GET"]}}],"collection":[{"href":"https:\/\/stapis.com.pl\/index.php?rest_route=\/wp\/v2\/product"}],"about":[{"href":"https:\/\/stapis.com.pl\/index.php?rest_route=\/wp\/v2\/types\/product"}],"replies":[{"embeddable":true,"href":"https:\/\/stapis.com.pl\/index.php?rest_route=%2Fwp%2Fv2%2Fcomments&post=2251"}],"wp:featuredmedia":[{"embeddable":true,"href":"https:\/\/stapis.com.pl\/index.php?rest_route=\/wp\/v2\/media\/2247"}],"wp:attachment":[{"href":"https:\/\/stapis.com.pl\/index.php?rest_route=%2Fwp%2Fv2%2Fmedia&parent=2251"}],"wp:term":[{"taxonomy":"product_brand","embeddable":true,"href":"https:\/\/stapis.com.pl\/index.php?rest_route=%2Fwp%2Fv2%2Fproduct_brand&post=2251"},{"taxonomy":"product_cat","embeddable":true,"href":"https:\/\/stapis.com.pl\/index.php?rest_route=%2Fwp%2Fv2%2Fproduct_cat&post=2251"},{"taxonomy":"product_tag","embeddable":true,"href":"https:\/\/stapis.com.pl\/index.php?rest_route=%2Fwp%2Fv2%2Fproduct_tag&post=2251"}],"curies":[{"name":"wp","href":"https:\/\/api.w.org\/{rel}","templated":true}]}}