{"id":2547,"date":"2018-01-29T12:03:44","date_gmt":"2018-01-29T11:03:44","guid":{"rendered":"http:\/\/stapis.com.pl\/?post_type=product&#038;p=2547"},"modified":"2025-02-27T13:13:57","modified_gmt":"2025-02-27T12:13:57","slug":"gen-przygody-wojciech-lewandowski-podroze-i-wyprawy","status":"publish","type":"product","link":"https:\/\/stapis.com.pl\/?product=gen-przygody-wojciech-lewandowski-podroze-i-wyprawy","title":{"rendered":"Gen przygody \u2013 Wojciech Lewandowski"},"content":{"rendered":"<h2>O AUTORZE<\/h2>\n<p>Wojciech LEWANDOWSKI, dr geografii (geoekolog).\u00a0 Wyk\u0142adowca na Wydziale Geografii i Studi\u00f3w Regionalnych Uniwersytetu Warszawskiego. W \u201ecywilu\u201d alpinista i podr\u00f3\u017cnik, uczestnik wielu ekspedycji alpinistycznych i naukowych w g\u00f3ry \u015bwiata, mi\u0119dzy innymi na Spitsbergen, w Alpy, Kaukaz, Hindukusz, Himalaje, Karakorum, A\u0142taj, Ural, Atlas, Andy, Kordyliery, Pamir, g\u00f3ry Alaski i spor\u0105 liczb\u0119 g\u00f3r i \u201epag\u00f3r\u00f3w\u201d europejskich. Wszed\u0142 mi\u0119dzy innymi na 14 sze\u015bciotysi\u0119cznik\u00f3w w Andach, Hindukuszu i Himalajach oraz siedmiotysi\u0119czny Mustagh Ata w Pamirze. Ostatnimi laty najbardziej zwi\u0105zany jest z Ameryk\u0105 Po\u0142udniow\u0105. Przemierzy\u0142 ju\u017c wszystkie kraje andyjskie i wiele pa\u0144stw Ameryki \u015arodkowej. Wraca jednak zawsze w ukochane Tatry, od kt\u00f3rych wszystko si\u0119 zacz\u0119\u0142o. Autor i wsp\u00f3\u0142autor licznych ksi\u0105\u017cek naukowych i popularnonaukowych o tematyce geograficznej, alpinistycznej i ekologicznej, autor program\u00f3w radiowych, telewizyjnych, wsp\u00f3\u0142pracownik wielu czasopism g\u00f3rskich i geograficznych. Tw\u00f3rca program\u00f3w szkoleniowych i akcji zwi\u0105zanych z popularyzacj\u0105 g\u00f3r i ochrony \u015brodowiska. Instruktor i autor program\u00f3w w Fundacji \u201eCz\u0142owiek \u2013 Ruch \u2013 Przyroda\u201d, w Akademickim Klubie Przygody \u201eTerra\u201d i przez kilka lat we w\u0142asnej firmie szkoleniowej \u201eEko-Wi\u0119\u017a\u201d. Pomys\u0142odawca projekt\u00f3w \u201eWy\u017cej ni\u017c kondory 70 lat p\u00f3\u017aniej\u2026\u201d (kt\u00f3ry zwyci\u0119\u017cy\u0142 w konkursie Travelery 2006 magazynu \u201eNational Geographic Polska\u201d w kategorii \u201eBilet na przysz\u0142o\u015b\u0107\u201d), \u201ePolskie Andy\u201d (wyprawa w Andy nominowana w konkursie Travelery NG 2011 w kategorii wyprawa roku), wsp\u00f3\u0142pomys\u0142odawca akcji Korona G\u00f3r Polski i pomys\u0142odawca \u0141aci\u0144skiej Korony.<\/p>\n","protected":false},"excerpt":{"rendered":"<p>Podobno u jednej na cztery osoby wyst\u0119puje receptor dopaminy, zwany genem przygody. To znaczy, \u017ce zami\u0142owanie do podr\u00f3\u017cy i mocnych wra\u017ce\u0144 mo\u017ce by\u0107 zapisane r\u00f3wnie\u017c w Twoim DNA. Wybierz si\u0119 razem z Autorem w niezapomnian\u0105 podr\u00f3\u017c \u015bladami karaibskich pirat\u00f3w i korsarzy, na dzik\u0105 wypraw\u0119 do Karakorum, w bezludny Ural, czerwone ska\u0142y Sierra del las Quijadas i odkryj w sobie dusz\u0119 podr\u00f3\u017cnika \ud83d\ude42<\/p>\n<p><em><strong>Przygoda czeka na Ciebie tu\u017c za zakr\u0119tem!<\/strong><\/em><\/p>\n<p>Stron: 304<\/p>\n<p>Format: 161 x 234<\/p>\n<p>Ok\u0142adka: mi\u0119kka ze skrzyde\u0142kami<\/p>\n<p>ISBN: 978-83-7967-062-8<\/p>\n<p>Producent: Wydawnictwo Stapis Anna Pisarek, ul. Floriana 2a, 40-288 Katowice, biuro@stapis.com.pl, tel. 605 963 179<\/p>\n<p>&nbsp;<\/p>\n","protected":false},"featured_media":2548,"comment_status":"closed","ping_status":"closed","template":"","meta":{"_acf_changed":false},"product_brand":[],"product_cat":[58,1369,576],"product_tag":[],"class_list":{"0":"post-2547","1":"product","2":"type-product","3":"status-publish","4":"has-post-thumbnail","6":"product_cat-podroze-i-wyprawy-sklep","7":"product_cat-promocje","8":"product_cat-wszystkie","10":"first","11":"instock","12":"sale","13":"taxable","14":"shipping-taxable","15":"purchasable","16":"product-type-simple","18":"catalog-layout-default","19":"columns-xs-2"},"acf":[],"jetpack_sharing_enabled":true,"_links":{"self":[{"href":"https:\/\/stapis.com.pl\/index.php?rest_route=\/wp\/v2\/product\/2547","targetHints":{"allow":["GET"]}}],"collection":[{"href":"https:\/\/stapis.com.pl\/index.php?rest_route=\/wp\/v2\/product"}],"about":[{"href":"https:\/\/stapis.com.pl\/index.php?rest_route=\/wp\/v2\/types\/product"}],"replies":[{"embeddable":true,"href":"https:\/\/stapis.com.pl\/index.php?rest_route=%2Fwp%2Fv2%2Fcomments&post=2547"}],"wp:featuredmedia":[{"embeddable":true,"href":"https:\/\/stapis.com.pl\/index.php?rest_route=\/wp\/v2\/media\/2548"}],"wp:attachment":[{"href":"https:\/\/stapis.com.pl\/index.php?rest_route=%2Fwp%2Fv2%2Fmedia&parent=2547"}],"wp:term":[{"taxonomy":"product_brand","embeddable":true,"href":"https:\/\/stapis.com.pl\/index.php?rest_route=%2Fwp%2Fv2%2Fproduct_brand&post=2547"},{"taxonomy":"product_cat","embeddable":true,"href":"https:\/\/stapis.com.pl\/index.php?rest_route=%2Fwp%2Fv2%2Fproduct_cat&post=2547"},{"taxonomy":"product_tag","embeddable":true,"href":"https:\/\/stapis.com.pl\/index.php?rest_route=%2Fwp%2Fv2%2Fproduct_tag&post=2547"}],"curies":[{"name":"wp","href":"https:\/\/api.w.org\/{rel}","templated":true}]}}