{"id":268493,"date":"2019-11-13T12:46:33","date_gmt":"2019-11-13T11:46:33","guid":{"rendered":"https:\/\/stapis.com.pl\/?post_type=product&#038;p=268493"},"modified":"2025-02-12T15:43:16","modified_gmt":"2025-02-12T14:43:16","slug":"teraz-moge-wszystko-beata-znamirowska-soczawa-zbigniew-libera","status":"publish","type":"product","link":"https:\/\/stapis.com.pl\/?product=teraz-moge-wszystko-beata-znamirowska-soczawa-zbigniew-libera","title":{"rendered":"Teraz mog\u0119 wszystko &#8211; Beata Znamirowska-Soczawa, Zbigniew Libera"},"content":{"rendered":"<p>WYWIAD Z BEAT\u0104 ZNAMIROWSK\u0104 SOCZAW\u0104<\/p>\n<p><strong>Jest Pani kobiet\u0105 wielu pasji, ale ogromnym sukcesem jest to, \u017ce uda\u0142o si\u0119 Pani zaanga\u017cowa\u0107 tak wiele znamienitych os\u00f3b i po\u0142\u0105czy\u0107 ich ide\u0105 powstania ksi\u0105\u017cki. Prosz\u0119 powiedzie\u0107, jak si\u0119 Pani to uda\u0142o? <\/strong><br \/>\n<strong>Beata Znamirowska-Soczawa<\/strong>: Urodzi\u0142am si\u0119 dok\u0142adnie pi\u0119\u0107dziesi\u0105t lat temu, w Dzie\u0144 Kobiet. Jak wi\u0119kszo\u015b\u0107 z nas, gdy dobiegamy tej magicznej liczby w\u00a0naszym \u017cyciu, zacz\u0119\u0142am robi\u0107 r\u00f3\u017cne podsumowania. I w\u00f3wczas m\u00f3j przyjaciel podsun\u0105\u0142 mi pomys\u0142 napisania ksi\u0105\u017cki dla kobiet w moim wieku. Zasugerowa\u0142, \u017ce w\u0142a\u015bnie my najbardziej potrzebujemy w tym okresie dowarto\u015bciowania, dopieszczenia swojej osoby w r\u00f3\u017cnych p\u0142aszczyznach. Rozejrza\u0142am si\u0119 w ksi\u0119garniach i\u00a0rzeczywi\u015bcie &#8211; jest nisza wydawnicza. Wiele poradnik\u00f3w jest skierowanych do innych grup wiekowych, a wi\u0119kszo\u015b\u0107 jest napisana przez autor\u00f3w zagranicznych. Niewiele jest o\u00a0naszym, codziennym polskim \u017cyciu, kt\u00f3re jest bardzo specyficzne. Kobiety mojego pokolenia wychowywa\u0142y si\u0119 w siermi\u0119\u017cnym, ale stabilnym systemie, a\u00a0pracowa\u0107 i \u017cy\u0107 przychodzi nam na rynku wielu wyzwa\u0144. Chcia\u0142am pokaza\u0107 nie tylko obraz \u017cycia Polek urodzonych w przedziale lat 1955-1969, ale tak\u017ce da\u0107 im cenne rady &#8211; jak \u017cy\u0107, jak dba\u0107 o zdrowie, jak znale\u017a\u0107 w sobie warto\u015bci i\u00a0si\u0142y, aby korzysta\u0107 z \u017cycia jak najlepiej. Zwr\u00f3ci\u0142am si\u0119 do r\u00f3\u017cnych specjalist\u00f3w z dziedziny seksuologii, ginekologii, psychologii, aktywizacji ruchowej i zawodowej i najbardziej przydatne informacje zawar\u0142am w ksi\u0105\u017cce w postaci wywiad\u00f3w. I co najciekawsze, NIKT, do kogo si\u0119 zwr\u00f3ci\u0142am, mi nie odm\u00f3wi\u0142. Podzielono si\u0119 ch\u0119tnie bardzo g\u0142\u0119bok\u0105 wiedz\u0105 i do\u015bwiadczeniem. Pisanie ksi\u0105\u017cki, rozmowy, zbieranie informacji wyzwoli\u0142o we mnie tyle pozytywnej energii, \u017ce emanuje z ka\u017cdego napisanego s\u0142owa. Mam nadziej\u0119, \u017ce Czytelniczki znajd\u0105 w nich odpowiedzi na r\u00f3\u017cne nurtuj\u0105ce pytania.<\/p>\n<p><strong>Prosz\u0119 powiedzie\u0107, co chce Pani przekaza\u0107 w swojej ksi\u0105\u017cce?<\/strong><br \/>\nPolki, kt\u00f3re dobiegaj\u0105, maj\u0105 lub przekroczy\u0142y pi\u0119\u0107dziesi\u0105ty rok \u017cycia s\u0105 szczeg\u00f3lnym pokoleniem. \u015amia\u0142o mo\u017cna powiedzie\u0107, \u017ce pierwszym, kt\u00f3re ma tyle mo\u017cliwo\u015bci. Nasze babcie, a nawet mamy, gdy przekroczy\u0142y p\u00f3\u0142 wieku \u017cycia, by\u0142y ju\u017c uwa\u017cane za nestorki, staruszki. Spe\u0142ni\u0142y swoje \u017cyciowe role i pozostawa\u0142a im wy\u0142\u0105cznie funkcja babci piastuj\u0105cej wnuki i \u017cyj\u0105cej z emerytury m\u0119\u017ca. My mamy r\u00f3\u017cnorodne perspektywy. Poczynaj\u0105c od mo\u017cliwo\u015bci dbania o swoje cia\u0142o, rozw\u00f3j fizyczny, a przede wszystkim umys\u0142owy i karier\u0119 zawodow\u0105. Tyle si\u0119 m\u00f3wi o godzeniu roli matki i\u00a0osoby czynnej zawodowo. Przecie\u017c to jest wspania\u0142e! Wiele z nas jest uzale\u017cnionych od swoich partner\u00f3w, zw\u0142aszcza finansowo. Ale i oni rozumiej\u0105 coraz cz\u0119\u015bciej, \u017ce mamy swoje potrzeby, swoje zainteresowania. \u017be chcemy si\u0119 spe\u0142nia\u0107 na r\u00f3\u017cnych polach. Wiele jest jeszcze nier\u00f3wno\u015bci &#8211; w dost\u0119pie do wysokich stanowisk czy wy\u017cszych zarobk\u00f3w. Jednak chyba wyra\u017anie odczuwamy zmian\u0119 swojej pozycji spo\u0142ecznej. Nie jestem zagorza\u0142\u0105 feministk\u0105, moim celem nie jest deprecjonowanie roli m\u0119\u017cczyzny, wprost przeciwnie. Jest r\u00f3\u017cnica mi\u0119dzy byciem kobiet\u0105 niezale\u017cn\u0105, maj\u0105c\u0105 poczucie w\u0142asnej warto\u015bci i swoje zdanie a wojuj\u0105c\u0105 feministk\u0105. Uwa\u017cam, \u017ce czu\u0142y, rozumiej\u0105cy partner, to dar od losu. Ka\u017cdy sukces \u0096 domowy, zawodowy czy chocia\u017cby zmiana wizerunku albo zrzucenie kilkunastu kilogram\u00f3w, lepiej smakuje, gdy si\u0119 ma go z kim dzieli\u0107, gdy nasz m\u0119\u017cczyzna to docenia. Ale je\u015bli nie mamy takiego partnera, to nie mo\u017cemy patrze\u0107 na swoje \u017cycie tylko przez pryzmat tego, jaki jest nasz m\u0105\u017c. To my powinny\u015bmy by\u0107 dla siebie najwa\u017cniejsze. Powinny\u015bmy si\u0119 docenia\u0107, wierzy\u0107 we w\u0142asne si\u0142y. To nie egoizm. Tylko w\u0142a\u015bciwa postawa wobec samej siebie zapewni nam poczucie spe\u0142nienia i w\u0142a\u015bciwe relacje uczuciowe z otoczeniem, z rodzin\u0105, z partnerem.<\/p>\n<p><strong>Jakie s\u0105 Pani marzenia?<\/strong><br \/>\nG\u0142\u0119boko wierz\u0119 w to, \u017ce mo\u017cemy afirmowa\u0107 nasze marzenia, wp\u0142ywa\u0107 na nasze \u017cycie. Czasami realizacja niekt\u00f3rych marze\u0144 odsuwa si\u0119 w czasie albo odbywa si\u0119 w\u00a0zaskakuj\u0105cy dla nas spos\u00f3b. Codziennie wypuszczamy jakie\u015b marzenia, mniejsze lub wi\u0119ksze. Od si\u0142y naszej woli, tego jak bardzo czego\u015b pragniemy zale\u017cy, czy si\u0119 one spe\u0142ni\u0105. Trzeba sobie te\u017c czasami pom\u00f3c. Kilka lat temu mia\u0142am bardzo ci\u0119\u017cki okres, zar\u00f3wno w \u017cyciu osobistym, jak i zawodowym. Pope\u0142ni\u0142am kilka b\u0142\u0119d\u00f3w, kt\u00f3re zem\u015bci\u0142y si\u0119 tym, \u017ce pewnego dnia obudzi\u0142am si\u0119 z perspektyw\u0105 \u017cycia, kt\u00f3rego w og\u00f3le nie chcia\u0142am. Trudno sobie poradzi\u0107 w takiej chwili, gdy wszystko si\u0119 zwala na g\u0142ow\u0119. Nie zabrak\u0142o mi tylko jednego &#8211; silnej woli i wrodzonego optymizmu. Powoli, ka\u017cdego dnia zacz\u0119\u0142am odsuwa\u0107 od siebie rzeczy niedogodne i w ko\u0144cu znalaz\u0142am \u015bcie\u017ck\u0119, kt\u00f3ra doprowadzi\u0142a mnie do nowych, zaskakuj\u0105cych wyzwa\u0144. Zmieni\u0142am miejsce zamieszkania, prac\u0119, otworzy\u0142am si\u0119 na nowe propozycje. \u015amia\u0142o mog\u0119 powiedzie\u0107, \u017ce ubieg\u0142y rok by\u0142 jednym z najlepszych i najciekawszych w moim \u017cyciu. Spe\u0142ni\u0142o si\u0119 wiele moich ma\u0142ych i wi\u0119kszych marze\u0144. I teraz wierz\u0119, \u017ce w\u0142a\u015bciwie nie ma rzeczy niemo\u017cliwych, \u017ce ka\u017cd\u0105 przeszkod\u0119 mo\u017cna pokona\u0107 lub omin\u0105\u0107, a w najgorszym wypadku &#8211; oswoi\u0107. Jak ka\u017cdy miewam chwile zw\u0105tpienia. Jednak wtedy pytam siebie &#8211; po co sama sobie zatruwam \u017cycie, po co dopuszczam do siebie negatywne emocje? W czym one mi pomog\u0105? By\u0142 taki okres w moim \u017cyciu, \u017ce zapomnia\u0142am o tym, i\u017c najwa\u017cniejsze to post\u0119powa\u0107 zgodnie ze swoj\u0105 natur\u0105, kierowa\u0107 si\u0119 mi\u0142o\u015bci\u0105 i empati\u0105. Teraz kieruj\u0119 si\u0119 wy\u0142\u0105cznie tymi uczuciami. I dobrze na tym wychodz\u0119. Jestem po prostu szcz\u0119\u015bliwa. Mam kilka konkretnych marze\u0144, na przyk\u0142ad podr\u00f3\u017c do Tybetu, mo\u017cliwo\u015b\u0107 poznania duchowego wymiaru tej cz\u0119\u015bci \u015bwiata. Wiem, \u017ce kiedy\u015b tam pojad\u0119, to tylko kwestia czasu.<\/p>\n<p><strong>Czego \u017cyczy\u0142aby Pani sobie i wszystkim Polkom 50 plus?<\/strong><br \/>\n\u017bycz\u0119 wszystkim kobietom mojego pokolenia, aby czu\u0142y si\u0119 tak spe\u0142nione i szcz\u0119\u015bliwe jak ja. Gdy by\u0142am ma\u0142\u0105 dziewczynk\u0105, zawsze chcia\u0142am zosta\u0107 dziennikark\u0105 albo pisark\u0105. Zaw\u00f3d odpowiedni zdoby\u0142am, jednak uprawiam go, mo\u017cna powiedzie\u0107, hobbystycznie. Wsp\u00f3\u0142pracuj\u0119 z pras\u0105 i telewizj\u0105, ale nigdzie na sta\u0142e. Moim \u017ar\u00f3d\u0142em utrzymania jest zupe\u0142nie inny zaw\u00f3d, kt\u00f3ry te\u017c z czasem polubi\u0142am. Jednak nie o to chodzi. Czasami robimy w \u017cyciu to, co jest mo\u017cliwe, a nie to, co chcemy. Je\u015bli mo\u017cemy \u0142\u0105czy\u0107 prac\u0119 zawodow\u0105 z pasj\u0105, to najpi\u0119kniejsze co nas mo\u017ce spotka\u0107. Oczywi\u015bcie w wymiarze pracy. Podsumowuj\u0105c swoje pierwsze pi\u0119\u0107dziesi\u0105t lat \u017cycia s\u0105 rzeczy, kt\u00f3re bym zmieni\u0142a. Ale jest wiele takich, kt\u00f3re mi wysz\u0142y. Jestem dumna z moich c\u00f3rek i wnuka, mam udane \u017cycie uczuciowe. Nauczy\u0142am si\u0119 cieszy\u0107 drobiazgami, chwilami. W jakiej\u015b ksi\u0105\u017cce wyczyta\u0142am pytanie: co b\u0119d\u0119 wspomina\u0107 umieraj\u0105c? Coraz cz\u0119\u015bciej si\u0119 nad tym zastanawiam. Czy warto goni\u0107 za materialnymi atrybutami plasuj\u0105cymi nas w otoczeniu? Jasne, fajnie mie\u0107 dom, samoch\u00f3d, pieni\u0105dze, kt\u00f3re pozwalaj\u0105 nam na co\u015b wi\u0119cej ni\u017c prze\u017cycie od wyp\u0142aty do wyp\u0142aty. Ale najwa\u017cniejsze s\u0105 uczucia, relacje z innymi osobami, to co im dajemy i co od nich otrzymujemy. M\u0119\u017cczy\u017ani, kt\u00f3rzy przeczytali moj\u0105 ksi\u0105\u017ck\u0119 s\u0105 zaskoczeni, \u017ce bohaterki moich opowiada\u0144 tak bardzo potrzebuj\u0105 uczu\u0107, zainteresowania i erotycznego spe\u0142nienia. Jeden z koleg\u00f3w stwierdzi\u0142, \u017ce nie wiedzia\u0142, i\u017c dla kobiet dojrza\u0142ych seks i mi\u0142o\u015b\u0107 s\u0105 tak wa\u017cne. My\u015bla\u0142, \u017ce jak ju\u017c maj\u0105 m\u0119\u017ca i dzieci ich zainteresowania t\u0105 sfer\u0105 si\u0119 ko\u0144cz\u0105. A tu prosz\u0119 &#8211; jaka niespodzianka! W opowiadaniach moich rozm\u00f3wczy\u0144 wyra\u017anie wysz\u0142a ta potrzeba &#8211; potrzebujemy seksu i tyle. Ulegamy zauroczeniom, flirtujemy i zdradzamy. Chcemy, aby kto\u015b nas dopieszcza\u0142, docenia\u0142 i cz\u0119sto nam o tym m\u00f3wi\u0142. Jednocze\u015bnie same podejmujemy decyzje o sobie, jeste\u015bmy \u015bwiadome w\u0142asnych mo\u017cliwo\u015bci. Do pi\u0119\u0107dziesi\u0105tki musia\u0142y\u015bmy sprosta\u0107 tylu wyzwaniom, zorganizowa\u0107 tyle spraw, by\u0107 ostoj\u0105 dla tylu ludzi, \u017ce po pi\u0119\u0107dziesi\u0105tce spokojnie damy sobie rad\u0119. I to jest przes\u0142anie mojej ksi\u0105\u017cki: korzystajmy z \u017cycia, r\u00f3bmy to, co sprawia nam przyjemno\u015b\u0107, pozw\u00f3lmy si\u0119 kocha\u0107 i kochajmy, bo TERAZ MO\u017bEMY WSZYSTKO. Tylko my same mo\u017cemy sobie odebra\u0107 prawo do szcz\u0119\u015bcia. Lecz po co tak si\u0119 kara\u0107?<\/p>\n","protected":false},"excerpt":{"rendered":"<p>Ksi\u0105\u017cka sk\u0142ada si\u0119 z trzech cz\u0119\u015bci: w pierwszej zamieszczono opowiadania napisane przez autork\u0119, Beat\u0119 Znamirowsk\u0105-Soczaw\u0119, na podstawie rozm\u00f3w z wieloma kobietami (i m\u0119\u017cczyznami) dojrza\u0142ymi, do kt\u00f3rych komentarze napisa\u0142 psycholog dr Igor Pietkiewicz. Cz\u0119\u015b\u0107 druga zawiera poradnik w formie wywiad\u00f3w ze znamienitymi fachowcami w swoich dziedzinach: seksuologiem i ginekologiem dr. Zbigniewem Liberem, ginekologiem i onkologiem prof. Anit\u0105 Olejek, psychologami: prof. Katarzyn\u0105 Popio\u0142ek oraz King\u0105 Tucholsk\u0105, prof. Ew\u0105 Kozdro\u0144, propaguj\u0105c\u0105 aktywizacj\u0119 ruchow\u0105 kobiet dojrza\u0142ych oraz prezesk\u0105 Dress for Success Poland Dorot\u0105 Stasikowsk\u0105-Wo\u017aniak o wsparciu w powrocie na rynek pracy kobiet bezrobotnych. Cz\u0119\u015b\u0107 trzecia to swoisty poradnik o tym, jak spojrze\u0107 na dojrza\u0142ego partnera napisany przez seksuologa dr. Zbigniewa Liber\u0119 oraz kontrowersyjny manifest polskiego samca alfy, pokazuj\u0105cy m\u0119ski punkt widzenia na kobiety i zwi\u0105zki seksualne. Dodatkiem jest opowiadanie o zabarwieniu erotycznym o ma\u0142\u017ce\u0144stwie maj\u0105cym niekonwencjonalne podej\u015bcie do seksu pozama\u0142\u017ce\u0144skiego.<\/p>\n<p>W ksi\u0105\u017cce poruszono wiele aspekt\u00f3w dotycz\u0105cych psychiki, problem\u00f3w, przemy\u015ble\u0144 kobiet dojrza\u0142ych. Autorka podj\u0119\u0142a pr\u00f3b\u0119 uzmys\u0142owienia im, \u017ce osi\u0105gni\u0119cie 50 lat \u017cycia to nie koniec, a dopiero pocz\u0105tek czego\u015b nowego, otwarcie pi\u0119knego okresu w \u017cyciu, kiedy po spe\u0142nieniu wielu r\u00f3l i wyzwa\u0144, jakie stoj\u0105 przed kobiet\u0105 matk\u0105 i kobiet\u0105 pracownikiem, nareszcie przychodzi czas dla siebie, czas na spe\u0142nianie si\u0119 w roli w\u0142asnej przyjaci\u00f3\u0142ki i erotycznej bogini. Na szukanie nowych wyzwa\u0144, uczu\u0107 i emocji. Ksi\u0105\u017cka jest przesycona pozytywn\u0105 energi\u0105, \u015bwiadomo\u015bci\u0105 w\u0142asnej warto\u015bci, optymizmem i zach\u0119t\u0105 do spe\u0142nienia intymnego, kt\u00f3re maj\u0105 dowarto\u015bciowa\u0107 kobiety wchodz\u0105ce w okres p\u00f3\u017anego lata swojego \u017cycia.<\/p>\n<ul>\n<li>Ilo\u015b\u0107 stron: 224<\/li>\n<li>Format: 148 x 210 mm<\/li>\n<li>Oprawa: mi\u0119kka<\/li>\n<li>Cena: 29,90 z\u0142<\/li>\n<li>ISBN: 978-83-60429-31-0<\/li>\n<li>Producent: Wydawnictwo Stapis Anna Pisarek, ul.\u00a0Floriana 2a, 40-288 Katowice, biuro@stapis.com.pl, tel.\u00a0605 963 179<\/li>\n<\/ul>\n","protected":false},"featured_media":268546,"comment_status":"closed","ping_status":"closed","template":"","meta":{"_acf_changed":false},"product_brand":[],"product_cat":[1238,576],"product_tag":[728,727,730,726,729],"class_list":{"0":"post-268493","1":"product","2":"type-product","3":"status-publish","4":"has-post-thumbnail","6":"product_cat-inne","7":"product_cat-wszystkie","8":"product_tag-dojrzalosc","9":"product_tag-kobiecosc","10":"product_tag-porady","11":"product_tag-seksualnosc","12":"product_tag-zwiazki","14":"first","15":"instock","16":"taxable","17":"shipping-taxable","18":"purchasable","19":"product-type-simple","21":"catalog-layout-default","22":"columns-xs-2"},"acf":[],"jetpack_sharing_enabled":true,"_links":{"self":[{"href":"https:\/\/stapis.com.pl\/index.php?rest_route=\/wp\/v2\/product\/268493","targetHints":{"allow":["GET"]}}],"collection":[{"href":"https:\/\/stapis.com.pl\/index.php?rest_route=\/wp\/v2\/product"}],"about":[{"href":"https:\/\/stapis.com.pl\/index.php?rest_route=\/wp\/v2\/types\/product"}],"replies":[{"embeddable":true,"href":"https:\/\/stapis.com.pl\/index.php?rest_route=%2Fwp%2Fv2%2Fcomments&post=268493"}],"wp:featuredmedia":[{"embeddable":true,"href":"https:\/\/stapis.com.pl\/index.php?rest_route=\/wp\/v2\/media\/268546"}],"wp:attachment":[{"href":"https:\/\/stapis.com.pl\/index.php?rest_route=%2Fwp%2Fv2%2Fmedia&parent=268493"}],"wp:term":[{"taxonomy":"product_brand","embeddable":true,"href":"https:\/\/stapis.com.pl\/index.php?rest_route=%2Fwp%2Fv2%2Fproduct_brand&post=268493"},{"taxonomy":"product_cat","embeddable":true,"href":"https:\/\/stapis.com.pl\/index.php?rest_route=%2Fwp%2Fv2%2Fproduct_cat&post=268493"},{"taxonomy":"product_tag","embeddable":true,"href":"https:\/\/stapis.com.pl\/index.php?rest_route=%2Fwp%2Fv2%2Fproduct_tag&post=268493"}],"curies":[{"name":"wp","href":"https:\/\/api.w.org\/{rel}","templated":true}]}}