{"id":2787,"date":"2018-04-12T12:57:34","date_gmt":"2018-04-12T10:57:34","guid":{"rendered":"http:\/\/stapis.com.pl\/?post_type=product&#038;p=2787"},"modified":"2025-08-12T14:07:28","modified_gmt":"2025-08-12T12:07:28","slug":"eliksir-zwany-miloscia-prawda-o-pociagu-seksualnym-sekretnych-fantazjach-i-magii-prawdziwej-milosci-ramtha","status":"publish","type":"product","link":"https:\/\/stapis.com.pl\/?product=eliksir-zwany-miloscia-prawda-o-pociagu-seksualnym-sekretnych-fantazjach-i-magii-prawdziwej-milosci-ramtha","title":{"rendered":"Eliksir zwany mi\u0142o\u015bci\u0105 &#8211; Ramtha"},"content":{"rendered":"<p>O co tak naprawd\u0119 chodzi w mi\u0142o\u015bci? Czy jest prawdziwa, czy te\u017c stanowi iluzj\u0119, maj\u0105c\u0105 \u017ar\u00f3d\u0142o w naszych najg\u0142\u0119bszych snach? Co sprawia, \u017ce si\u0119 zakochujemy? Czego mo\u017cemy oczekiwa\u0107 od zwi\u0105zku? Czy mo\u017cemy si\u0119 nauczy\u0107 tego, kim jeste\u015bmy naprawd\u0119, kochaj\u0105c innego cz\u0142owieka?<\/p>\n<p>W <em>Eliksirze zwanym mi\u0142o\u015bci\u0105<\/em> znajdziemy wyja\u015bnienie, czym tak naprawd\u0119 jest seksualne przyci\u0105ganie i \u201eprawdziwa mi\u0142o\u015b\u0107\u201d. Obna\u017ca nasze sekretne fascynacje i jest praktycznym g\u0142osem, kt\u00f3ry ukazuje ca\u0142\u0105 prawd\u0119 o p\u0142ytkiej mi\u0142o\u015bci i trudnych zwi\u0105zkach. Z w\u0142a\u015bciw\u0105 sobie szczero\u015bci\u0105 i bystro\u015bci\u0105 Ramtha w <em>Eliksirze<\/em> prowadzi Czytelnika ku najg\u0142\u0119bszej prawdzie serca.<\/p>\n<p>Na ok\u0142adce wykorzystano obraz autorstwa Alvaro Castagneta.<\/p>\n<p>Producent: Wydawnictwo Stapis Anna Pisarek, ul. Floriana 2a, 40-288 Katowice, biuro@stapis.com.pl, tel. 605 963 179<\/p>\n<p>&nbsp;<\/p>\n","protected":false},"excerpt":{"rendered":"<p>&nbsp;<\/p>\n<p>&nbsp;<\/p>\n","protected":false},"featured_media":2778,"comment_status":"closed","ping_status":"closed","template":"","meta":{"_acf_changed":false},"product_brand":[],"product_cat":[57,576],"product_tag":[320,319,308,449],"class_list":{"0":"post-2787","1":"product","2":"type-product","3":"status-publish","4":"has-post-thumbnail","6":"product_cat-ezoteryka","7":"product_cat-wszystkie","8":"product_tag-jz-knight","9":"product_tag-nauki-ramthy","10":"product_tag-ramtha","11":"product_tag-seks","13":"first","14":"instock","15":"taxable","16":"shipping-taxable","17":"purchasable","18":"product-type-simple","20":"catalog-layout-default","21":"columns-xs-2"},"acf":[],"jetpack_sharing_enabled":true,"_links":{"self":[{"href":"https:\/\/stapis.com.pl\/index.php?rest_route=\/wp\/v2\/product\/2787","targetHints":{"allow":["GET"]}}],"collection":[{"href":"https:\/\/stapis.com.pl\/index.php?rest_route=\/wp\/v2\/product"}],"about":[{"href":"https:\/\/stapis.com.pl\/index.php?rest_route=\/wp\/v2\/types\/product"}],"replies":[{"embeddable":true,"href":"https:\/\/stapis.com.pl\/index.php?rest_route=%2Fwp%2Fv2%2Fcomments&post=2787"}],"wp:featuredmedia":[{"embeddable":true,"href":"https:\/\/stapis.com.pl\/index.php?rest_route=\/wp\/v2\/media\/2778"}],"wp:attachment":[{"href":"https:\/\/stapis.com.pl\/index.php?rest_route=%2Fwp%2Fv2%2Fmedia&parent=2787"}],"wp:term":[{"taxonomy":"product_brand","embeddable":true,"href":"https:\/\/stapis.com.pl\/index.php?rest_route=%2Fwp%2Fv2%2Fproduct_brand&post=2787"},{"taxonomy":"product_cat","embeddable":true,"href":"https:\/\/stapis.com.pl\/index.php?rest_route=%2Fwp%2Fv2%2Fproduct_cat&post=2787"},{"taxonomy":"product_tag","embeddable":true,"href":"https:\/\/stapis.com.pl\/index.php?rest_route=%2Fwp%2Fv2%2Fproduct_tag&post=2787"}],"curies":[{"name":"wp","href":"https:\/\/api.w.org\/{rel}","templated":true}]}}