{"id":2883,"date":"2018-05-17T11:39:36","date_gmt":"2018-05-17T09:39:36","guid":{"rendered":"http:\/\/stapis.com.pl\/?post_type=product&#038;p=2883"},"modified":"2025-02-12T14:43:06","modified_gmt":"2025-02-12T13:43:06","slug":"podrecznik-przetrwania-kaca-martin-baxendale","status":"publish","type":"product","link":"https:\/\/stapis.com.pl\/?product=podrecznik-przetrwania-kaca-martin-baxendale","title":{"rendered":"Podr\u0119cznik przetrwania kaca &#8211; Martin Baxendale"},"content":{"rendered":"<p>Cz\u0142owiek nie wielb\u0142\u0105d, napi\u0107 si\u0119 musi! No tak, tylko co potem??? Jak przetrwa\u0107 nast\u0119pny dzie\u0144 (zw\u0142aszcza gdy trzeba i\u015b\u0107 do pracy)? Jak zmniejszy\u0107 przykre dolegliwo\u015bci? Co zrobi\u0107 by w przysz\u0142o\u015bci unikn\u0105\u0107 ma\u0142o przyjemnych odczu\u0107? Martin Baxendale z humorem udziela odpowiedzi na te i inne pytania zwi\u0105zane z kacem.<\/p>\n","protected":false},"excerpt":{"rendered":"<p>ISBN:\u00a0\u00a0\u00a0\u00a0 978-83-60429-05-1<\/p>\n<p>Oprawa:\u00a0\u00a0\u00a0\u00a0\u00a0\u00a0\u00a0\u00a0\u00a0\u00a0\u00a0\u00a0\u00a0 mi\u0119kka<\/p>\n<p>Liczba stron:\u00a0\u00a0\u00a0\u00a0\u00a0 32<\/p>\n<p>Format:\u00a0\u00a0\u00a0\u00a0\u00a0\u00a0\u00a0\u00a0\u00a0\u00a0\u00a0\u00a0\u00a0\u00a0 21.0 x 15.0 cm<\/p>\n<p>Rok wydania:\u00a0\u00a0\u00a0 2006<\/p>\n<p>Producent: Wydawnictwo Stapis Anna Pisarek, ul. Floriana 2a, 40-288 Katowice, biuro@stapis.com.pl, tel. 605 963 179<\/p>\n<p>&nbsp;<\/p>\n","protected":false},"featured_media":2884,"comment_status":"closed","ping_status":"closed","template":"","meta":{"_acf_changed":false},"product_brand":[],"product_cat":[56,576],"product_tag":[237,462,465],"class_list":{"0":"post-2883","1":"product","2":"type-product","3":"status-publish","4":"has-post-thumbnail","6":"product_cat-humor","7":"product_cat-wszystkie","8":"product_tag-humor","9":"product_tag-martin-baxendale","10":"product_tag-prezent","12":"first","13":"instock","14":"taxable","15":"shipping-taxable","16":"purchasable","17":"product-type-simple","19":"catalog-layout-default","20":"columns-xs-2"},"acf":[],"jetpack_sharing_enabled":true,"_links":{"self":[{"href":"https:\/\/stapis.com.pl\/index.php?rest_route=\/wp\/v2\/product\/2883","targetHints":{"allow":["GET"]}}],"collection":[{"href":"https:\/\/stapis.com.pl\/index.php?rest_route=\/wp\/v2\/product"}],"about":[{"href":"https:\/\/stapis.com.pl\/index.php?rest_route=\/wp\/v2\/types\/product"}],"replies":[{"embeddable":true,"href":"https:\/\/stapis.com.pl\/index.php?rest_route=%2Fwp%2Fv2%2Fcomments&post=2883"}],"wp:featuredmedia":[{"embeddable":true,"href":"https:\/\/stapis.com.pl\/index.php?rest_route=\/wp\/v2\/media\/2884"}],"wp:attachment":[{"href":"https:\/\/stapis.com.pl\/index.php?rest_route=%2Fwp%2Fv2%2Fmedia&parent=2883"}],"wp:term":[{"taxonomy":"product_brand","embeddable":true,"href":"https:\/\/stapis.com.pl\/index.php?rest_route=%2Fwp%2Fv2%2Fproduct_brand&post=2883"},{"taxonomy":"product_cat","embeddable":true,"href":"https:\/\/stapis.com.pl\/index.php?rest_route=%2Fwp%2Fv2%2Fproduct_cat&post=2883"},{"taxonomy":"product_tag","embeddable":true,"href":"https:\/\/stapis.com.pl\/index.php?rest_route=%2Fwp%2Fv2%2Fproduct_tag&post=2883"}],"curies":[{"name":"wp","href":"https:\/\/api.w.org\/{rel}","templated":true}]}}