{"id":2885,"date":"2018-05-17T11:43:13","date_gmt":"2018-05-17T09:43:13","guid":{"rendered":"http:\/\/stapis.com.pl\/?post_type=product&#038;p=2885"},"modified":"2025-02-12T14:41:34","modified_gmt":"2025-02-12T13:41:34","slug":"w-biurze-poradnik-przetrwania-martin-baxendale","status":"publish","type":"product","link":"https:\/\/stapis.com.pl\/?product=w-biurze-poradnik-przetrwania-martin-baxendale","title":{"rendered":"W biurze. Podr\u0119cznik przetrwania &#8211; Martin Baxendale"},"content":{"rendered":"<p>&nbsp;<\/p>\n<p>Niezast\u0105piony, satyryczny poradnik przetrwania dla wszystkich pracownik\u00f3w biurowych i korporacyjnych&#8230;<\/p>\n<p>Martin Baxendale wykorzysta\u0142 wieloletnie do\u015bwiadczenie (oraz najwyra\u017aniej chor\u0105 wyobra\u017ani\u0119), by stworzy\u0107 ten prawdziwie bezcenny zbi\u00f3r wskaz\u00f3wek i porad, kt\u00f3re pomog\u0105 czytelnikom poradzi\u0107 sobie z codziennymi wzlotami i upadkami biurowego \u017cycia.<\/p>\n","protected":false},"excerpt":{"rendered":"<p>&nbsp;<\/p>\n<ul>\n<li>ISBN: 9788388212291<\/li>\n<li>Rok wydania: 2012<\/li>\n<li>Ilo\u015b\u0107 stron: 32<\/li>\n<li>Format: 21 x 14,5 cm<\/li>\n<li>Producent: Wydawnictwo Stapis Anna Pisarek, ul. Floriana 2a, 40-288 Katowice, biuro@stapis.com.pl, tel. 605 963 179<\/li>\n<li><\/li>\n<\/ul>\n","protected":false},"featured_media":2886,"comment_status":"closed","ping_status":"closed","template":"","meta":{"_acf_changed":false},"product_brand":[],"product_cat":[56,576],"product_tag":[237,462,466,464],"class_list":{"0":"post-2885","1":"product","2":"type-product","3":"status-publish","4":"has-post-thumbnail","6":"product_cat-humor","7":"product_cat-wszystkie","8":"product_tag-humor","9":"product_tag-martin-baxendale","10":"product_tag-pomysl-na-prezent","11":"product_tag-smiech","13":"first","14":"instock","15":"taxable","16":"shipping-taxable","17":"purchasable","18":"product-type-simple","20":"catalog-layout-default","21":"columns-xs-2"},"acf":[],"jetpack_sharing_enabled":true,"_links":{"self":[{"href":"https:\/\/stapis.com.pl\/index.php?rest_route=\/wp\/v2\/product\/2885","targetHints":{"allow":["GET"]}}],"collection":[{"href":"https:\/\/stapis.com.pl\/index.php?rest_route=\/wp\/v2\/product"}],"about":[{"href":"https:\/\/stapis.com.pl\/index.php?rest_route=\/wp\/v2\/types\/product"}],"replies":[{"embeddable":true,"href":"https:\/\/stapis.com.pl\/index.php?rest_route=%2Fwp%2Fv2%2Fcomments&post=2885"}],"wp:featuredmedia":[{"embeddable":true,"href":"https:\/\/stapis.com.pl\/index.php?rest_route=\/wp\/v2\/media\/2886"}],"wp:attachment":[{"href":"https:\/\/stapis.com.pl\/index.php?rest_route=%2Fwp%2Fv2%2Fmedia&parent=2885"}],"wp:term":[{"taxonomy":"product_brand","embeddable":true,"href":"https:\/\/stapis.com.pl\/index.php?rest_route=%2Fwp%2Fv2%2Fproduct_brand&post=2885"},{"taxonomy":"product_cat","embeddable":true,"href":"https:\/\/stapis.com.pl\/index.php?rest_route=%2Fwp%2Fv2%2Fproduct_cat&post=2885"},{"taxonomy":"product_tag","embeddable":true,"href":"https:\/\/stapis.com.pl\/index.php?rest_route=%2Fwp%2Fv2%2Fproduct_tag&post=2885"}],"curies":[{"name":"wp","href":"https:\/\/api.w.org\/{rel}","templated":true}]}}