{"id":2887,"date":"2018-05-17T11:46:56","date_gmt":"2018-05-17T09:46:56","guid":{"rendered":"http:\/\/stapis.com.pl\/?post_type=product&#038;p=2887"},"modified":"2025-02-12T14:41:45","modified_gmt":"2025-02-12T13:41:45","slug":"twoja-ciaza-podrecznik-przetrwania-martin-baxendale","status":"publish","type":"product","link":"https:\/\/stapis.com.pl\/?product=twoja-ciaza-podrecznik-przetrwania-martin-baxendale","title":{"rendered":"Twoja ci\u0105\u017ca. Podr\u0119cznik przetrwania &#8211; Martin Baxendale"},"content":{"rendered":"<p>Ci\u0105\u017ca mo\u017ce by\u0107 cudownym, podniecaj\u0105cym, radosnym do\u015bwiadczeniem dla ciebie i twojego partnera; magicznym okresem wype\u0142nionym wsp\u00f3lnymi prze\u017cyciami, planami na przysz\u0142o\u015b\u0107 i bezustannym dreszczem wyczekiwania, gdy zbli\u017ca si\u0119 chwila przyj\u015bcia na \u015bwiat waszego Nowego Dziecka. Dlatego w\u0142a\u015bnie na samym szczycie twojej ci\u0105\u017cowej listy zakup\u00f3w powinien si\u0119 znale\u017a\u0107 ten wyj\u0105tkowo pouczaj\u0105cy i skuteczny podr\u0119cznik przetrwania. Pe\u0142en cennych uwag i wskaz\u00f3wek, kt\u00f3re pozwol\u0105 ci prze\u017cy\u0107 to wszystko, zachowuj\u0105c zdrowie psychiczne, partnera, kt\u00f3ry wci\u0105\u017c jeszcze z tob\u0105 rozmawia i tak nieliczne \u015blady rozst\u0119p\u00f3w, jak to tylko mo\u017cliwe.<\/p>\n<p>Kolejna porcja humoru Martina Baxendale&#8217;a, tym razem o tym, jak przetrwa\u0107 ci\u0105\u017c\u0119&#8230;<\/p>\n","protected":false},"excerpt":{"rendered":"<p>&nbsp;<\/p>\n<p>&nbsp;<\/p>\n<ul>\n<li>ISBN:\u00a0\u00a0\u00a0\u00a0 978-83-61050-17-9<\/li>\n<li>Rok wydania:\u00a0\u00a0\u00a0 2008<\/li>\n<li>Oprawa:\u00a0\u00a0\u00a0\u00a0\u00a0\u00a0\u00a0\u00a0\u00a0\u00a0\u00a0\u00a0\u00a0 mi\u0119kka<\/li>\n<li>Liczba stron:\u00a0\u00a0\u00a0\u00a0\u00a0 32<\/li>\n<li>Format:\u00a0 \u00a0\u00a0\u00a0\u00a0\u00a0\u00a0\u00a0\u00a0\u00a0\u00a0\u00a0\u00a0 21.0 x 15.0 cm<\/li>\n<li>Producent: Wydawnictwo Stapis Anna Pisarek, ul. Floriana 2a, 40-288 Katowice, biuro@stapis.com.pl, tel. 605 963 179<\/li>\n<\/ul>\n","protected":false},"featured_media":2888,"comment_status":"closed","ping_status":"closed","template":"","meta":{"_acf_changed":false},"product_brand":[],"product_cat":[56,576],"product_tag":[237,462,466,464],"class_list":{"0":"post-2887","1":"product","2":"type-product","3":"status-publish","4":"has-post-thumbnail","6":"product_cat-humor","7":"product_cat-wszystkie","8":"product_tag-humor","9":"product_tag-martin-baxendale","10":"product_tag-pomysl-na-prezent","11":"product_tag-smiech","13":"first","14":"instock","15":"taxable","16":"shipping-taxable","17":"purchasable","18":"product-type-simple","20":"catalog-layout-default","21":"columns-xs-2"},"acf":[],"jetpack_sharing_enabled":true,"_links":{"self":[{"href":"https:\/\/stapis.com.pl\/index.php?rest_route=\/wp\/v2\/product\/2887","targetHints":{"allow":["GET"]}}],"collection":[{"href":"https:\/\/stapis.com.pl\/index.php?rest_route=\/wp\/v2\/product"}],"about":[{"href":"https:\/\/stapis.com.pl\/index.php?rest_route=\/wp\/v2\/types\/product"}],"replies":[{"embeddable":true,"href":"https:\/\/stapis.com.pl\/index.php?rest_route=%2Fwp%2Fv2%2Fcomments&post=2887"}],"wp:featuredmedia":[{"embeddable":true,"href":"https:\/\/stapis.com.pl\/index.php?rest_route=\/wp\/v2\/media\/2888"}],"wp:attachment":[{"href":"https:\/\/stapis.com.pl\/index.php?rest_route=%2Fwp%2Fv2%2Fmedia&parent=2887"}],"wp:term":[{"taxonomy":"product_brand","embeddable":true,"href":"https:\/\/stapis.com.pl\/index.php?rest_route=%2Fwp%2Fv2%2Fproduct_brand&post=2887"},{"taxonomy":"product_cat","embeddable":true,"href":"https:\/\/stapis.com.pl\/index.php?rest_route=%2Fwp%2Fv2%2Fproduct_cat&post=2887"},{"taxonomy":"product_tag","embeddable":true,"href":"https:\/\/stapis.com.pl\/index.php?rest_route=%2Fwp%2Fv2%2Fproduct_tag&post=2887"}],"curies":[{"name":"wp","href":"https:\/\/api.w.org\/{rel}","templated":true}]}}