{"id":2889,"date":"2018-05-17T11:51:39","date_gmt":"2018-05-17T09:51:39","guid":{"rendered":"http:\/\/stapis.com.pl\/?post_type=product&#038;p=2889"},"modified":"2025-02-12T14:42:00","modified_gmt":"2025-02-12T13:42:00","slug":"twoja-tesciowa-instrukcja-obslugi-martin-baxendale","status":"publish","type":"product","link":"https:\/\/stapis.com.pl\/?product=twoja-tesciowa-instrukcja-obslugi-martin-baxendale","title":{"rendered":"Twoja te\u015bciowa. Instrukcja obs\u0142ugi &#8211; Martin Baxendale"},"content":{"rendered":"<p>&nbsp;<\/p>\n<p>Precyzyjne wskaz\u00f3wki dotycz\u0105ce eksploatacji, konserwacji i deprawacji produktu <em>Twoja Te\u015bciowa<\/em>. Gdyby\u015b usiad\u0142 za sterami my\u015bliwca F-16 (bez instrukcji obs\u0142ugi), nie zamkn\u0105\u0142by\u015b nawet prawid\u0142owo kabiny pilota. Nasza instrukcja dotyczy urz\u0105dzenia o wiele bardziej skomplikowanego i nieobliczalnego ni\u017c (w sumie) banalny F-16. W r\u0119kach szale\u0144ca (ka\u017cdy pan m\u0142ody jest poniek\u0105d szale\u0144cem), pozbawionego instrukcji obs\u0142ugi, takie urz\u0105dzenia mog\u0105 by\u0107 przyczyn\u0105 wybuchu III wojny \u015bwiatowej. Przeczytaj! Naucz si\u0119 na pami\u0119\u0107! Post\u0119puj \u015bci\u015ble wed\u0142ug zalece\u0144! Nie kopiuj! Kup drugi egzemplarz dla kolegi, kt\u00f3ry jeszcze jest kawalerem!<\/p>\n<p>O tym, jak nale\u017cy post\u0119powa\u0107 z te\u015bciow\u0105, jak zwykle z humorem pisze (i rysuje) Martin Baxendale!<\/p>\n","protected":false},"excerpt":{"rendered":"<p>&nbsp;<\/p>\n<ul>\n<li>ISBN:\u00a0\u00a0\u00a0\u00a0 978-83-61050-80-3<\/li>\n<li>Oprawa:\u00a0\u00a0\u00a0\u00a0\u00a0\u00a0\u00a0\u00a0\u00a0\u00a0\u00a0\u00a0\u00a0 mi\u0119kka<\/li>\n<li>Ilo\u015b\u0107 stron:\u00a0\u00a0\u00a0\u00a0\u00a0\u00a0\u00a0\u00a0 32<\/li>\n<li>Wymiar:\u00a0\u00a0\u00a0\u00a0\u00a0\u00a0\u00a0\u00a0\u00a0\u00a0\u00a0\u00a0\u00a0 210 x 150 mm<\/li>\n<li>Rok wyd.:\u00a0\u00a0\u00a0\u00a0\u00a0\u00a0\u00a0\u00a0\u00a0\u00a0 2012<\/li>\n<li>Producent: Wydawnictwo Stapis Anna Pisarek, ul. Floriana 2a, 40-288 Katowice, biuro@stapis.com.pl, tel. 605 963 179<\/li>\n<\/ul>\n","protected":false},"featured_media":2890,"comment_status":"closed","ping_status":"closed","template":"","meta":{"_acf_changed":false},"product_brand":[],"product_cat":[56,576],"product_tag":[],"class_list":{"0":"post-2889","1":"product","2":"type-product","3":"status-publish","4":"has-post-thumbnail","6":"product_cat-humor","7":"product_cat-wszystkie","9":"first","10":"instock","11":"taxable","12":"shipping-taxable","13":"purchasable","14":"product-type-simple","16":"catalog-layout-default","17":"columns-xs-2"},"acf":[],"jetpack_sharing_enabled":true,"_links":{"self":[{"href":"https:\/\/stapis.com.pl\/index.php?rest_route=\/wp\/v2\/product\/2889","targetHints":{"allow":["GET"]}}],"collection":[{"href":"https:\/\/stapis.com.pl\/index.php?rest_route=\/wp\/v2\/product"}],"about":[{"href":"https:\/\/stapis.com.pl\/index.php?rest_route=\/wp\/v2\/types\/product"}],"replies":[{"embeddable":true,"href":"https:\/\/stapis.com.pl\/index.php?rest_route=%2Fwp%2Fv2%2Fcomments&post=2889"}],"wp:featuredmedia":[{"embeddable":true,"href":"https:\/\/stapis.com.pl\/index.php?rest_route=\/wp\/v2\/media\/2890"}],"wp:attachment":[{"href":"https:\/\/stapis.com.pl\/index.php?rest_route=%2Fwp%2Fv2%2Fmedia&parent=2889"}],"wp:term":[{"taxonomy":"product_brand","embeddable":true,"href":"https:\/\/stapis.com.pl\/index.php?rest_route=%2Fwp%2Fv2%2Fproduct_brand&post=2889"},{"taxonomy":"product_cat","embeddable":true,"href":"https:\/\/stapis.com.pl\/index.php?rest_route=%2Fwp%2Fv2%2Fproduct_cat&post=2889"},{"taxonomy":"product_tag","embeddable":true,"href":"https:\/\/stapis.com.pl\/index.php?rest_route=%2Fwp%2Fv2%2Fproduct_tag&post=2889"}],"curies":[{"name":"wp","href":"https:\/\/api.w.org\/{rel}","templated":true}]}}