{"id":2893,"date":"2018-05-17T11:56:59","date_gmt":"2018-05-17T09:56:59","guid":{"rendered":"http:\/\/stapis.com.pl\/?post_type=product&#038;p=2893"},"modified":"2025-02-12T14:38:52","modified_gmt":"2025-02-12T13:38:52","slug":"twoj-ptaszek-instrukcja-obslugi-martin-baxendale","status":"publish","type":"product","link":"https:\/\/stapis.com.pl\/?product=twoj-ptaszek-instrukcja-obslugi-martin-baxendale","title":{"rendered":"Tw\u00f3j ptaszek. Instrukcja obs\u0142ugi &#8211; Martin Baxendale"},"content":{"rendered":"<p>&nbsp;<\/p>\n<p>Ten wyj\u0105tkowy poradnik dla u\u017cytkownik\u00f3w Ptaszk\u00f3w pozwoli Ci zdecydowanie rozszerzy\u0107 mo\u017cliwo\u015bci wykorzystania swego bezcennego organu.<\/p>\n","protected":false},"excerpt":{"rendered":"<p>&nbsp;<\/p>\n<p>&nbsp;<\/p>\n<ul class=\"bullet\">\n<li>ISBN: 978-83-6105-015-5<\/li>\n<li class=\"display-detail\">Oprawa:\u00a0Mi\u0119kka<\/li>\n<li class=\"display-detail\">Rok wydania:\u00a02008<\/li>\n<li>Producent: Wydawnictwo Stapis Anna Pisarek, ul. Floriana 2a, 40-288 Katowice, biuro@stapis.com.pl, tel. 605 963 179<\/li>\n<li><\/li>\n<li class=\"display-detail\">Ilo\u015b\u0107 stron:\u00a032<\/li>\n<li class=\"display-detail\">Format:\u00a021&#215;15 cm<\/li>\n<\/ul>\n","protected":false},"featured_media":2894,"comment_status":"closed","ping_status":"closed","template":"","meta":{"_acf_changed":false},"product_brand":[],"product_cat":[56,576],"product_tag":[237,462,466,464],"class_list":{"0":"post-2893","1":"product","2":"type-product","3":"status-publish","4":"has-post-thumbnail","6":"product_cat-humor","7":"product_cat-wszystkie","8":"product_tag-humor","9":"product_tag-martin-baxendale","10":"product_tag-pomysl-na-prezent","11":"product_tag-smiech","13":"first","14":"outofstock","15":"taxable","16":"shipping-taxable","17":"purchasable","18":"product-type-simple","20":"catalog-layout-default","21":"columns-xs-2"},"acf":[],"jetpack_sharing_enabled":true,"_links":{"self":[{"href":"https:\/\/stapis.com.pl\/index.php?rest_route=\/wp\/v2\/product\/2893","targetHints":{"allow":["GET"]}}],"collection":[{"href":"https:\/\/stapis.com.pl\/index.php?rest_route=\/wp\/v2\/product"}],"about":[{"href":"https:\/\/stapis.com.pl\/index.php?rest_route=\/wp\/v2\/types\/product"}],"replies":[{"embeddable":true,"href":"https:\/\/stapis.com.pl\/index.php?rest_route=%2Fwp%2Fv2%2Fcomments&post=2893"}],"wp:featuredmedia":[{"embeddable":true,"href":"https:\/\/stapis.com.pl\/index.php?rest_route=\/wp\/v2\/media\/2894"}],"wp:attachment":[{"href":"https:\/\/stapis.com.pl\/index.php?rest_route=%2Fwp%2Fv2%2Fmedia&parent=2893"}],"wp:term":[{"taxonomy":"product_brand","embeddable":true,"href":"https:\/\/stapis.com.pl\/index.php?rest_route=%2Fwp%2Fv2%2Fproduct_brand&post=2893"},{"taxonomy":"product_cat","embeddable":true,"href":"https:\/\/stapis.com.pl\/index.php?rest_route=%2Fwp%2Fv2%2Fproduct_cat&post=2893"},{"taxonomy":"product_tag","embeddable":true,"href":"https:\/\/stapis.com.pl\/index.php?rest_route=%2Fwp%2Fv2%2Fproduct_tag&post=2893"}],"curies":[{"name":"wp","href":"https:\/\/api.w.org\/{rel}","templated":true}]}}