{"id":2909,"date":"2015-05-17T12:31:04","date_gmt":"2015-05-17T10:31:04","guid":{"rendered":"http:\/\/stapis.com.pl\/?post_type=product&#038;p=2909"},"modified":"2025-11-21T10:40:46","modified_gmt":"2025-11-21T09:40:46","slug":"kiedy-mi-wypadnie-moj-mleczny-mozg-martin-baxendale","status":"publish","type":"product","link":"https:\/\/stapis.com.pl\/?product=kiedy-mi-wypadnie-moj-mleczny-mozg-martin-baxendale","title":{"rendered":"Kiedy mi wypadnie m\u00f3j mleczny m\u00f3zg? &#8211; Martin Baxendale"},"content":{"rendered":"","protected":false},"excerpt":{"rendered":"<p><span style=\"font-family: Verdana;\">Millie zawsze m\u0119czy si\u0119 z prac\u0105 domow\u0105. Jej starszy brat Alfie m\u00f3wi, \u017ce to przez jej ma\u0142y, jeszcze mleczny m\u00f3zg. Wi\u0119c Millie chce wiedzie\u0107, kiedy jej mleczny m\u00f3zg wreszcie wypadnie &#8211; tak jak wypadaj\u0105 mleczne z\u0119by &#8211; \u017ceby na jego miejscu wyr\u00f3s\u0142 nowy, m\u0105dry m\u00f3zg du\u017cej dziewczynki. I tak zaczyna si\u0119 seria zabawnych zdarze\u0144, oczywi\u015bcie z udzia\u0142em Mamy i Taty&#8230;<\/span><\/p>\n<p>&nbsp;<\/p>\n<p>Producent: Wydawnictwo Stapis Anna Pisarek, ul. Floriana 2a, 40-288 Katowice, biuro@stapis.com.pl, tel. 605 963 179<\/p>\n","protected":false},"featured_media":2910,"comment_status":"closed","ping_status":"closed","template":"","meta":{"_acf_changed":false},"product_brand":[],"product_cat":[56,576],"product_tag":[237,475,476,466,464],"class_list":{"0":"post-2909","1":"product","2":"type-product","3":"status-publish","4":"has-post-thumbnail","6":"product_cat-humor","7":"product_cat-wszystkie","8":"product_tag-humor","9":"product_tag-ksiazki-dla-dzieci","10":"product_tag-mleczaki","11":"product_tag-pomysl-na-prezent","12":"product_tag-smiech","14":"first","15":"instock","16":"taxable","17":"shipping-taxable","18":"purchasable","19":"product-type-simple","21":"catalog-layout-default","22":"columns-xs-2"},"acf":[],"jetpack_sharing_enabled":true,"_links":{"self":[{"href":"https:\/\/stapis.com.pl\/index.php?rest_route=\/wp\/v2\/product\/2909","targetHints":{"allow":["GET"]}}],"collection":[{"href":"https:\/\/stapis.com.pl\/index.php?rest_route=\/wp\/v2\/product"}],"about":[{"href":"https:\/\/stapis.com.pl\/index.php?rest_route=\/wp\/v2\/types\/product"}],"replies":[{"embeddable":true,"href":"https:\/\/stapis.com.pl\/index.php?rest_route=%2Fwp%2Fv2%2Fcomments&post=2909"}],"wp:featuredmedia":[{"embeddable":true,"href":"https:\/\/stapis.com.pl\/index.php?rest_route=\/wp\/v2\/media\/2910"}],"wp:attachment":[{"href":"https:\/\/stapis.com.pl\/index.php?rest_route=%2Fwp%2Fv2%2Fmedia&parent=2909"}],"wp:term":[{"taxonomy":"product_brand","embeddable":true,"href":"https:\/\/stapis.com.pl\/index.php?rest_route=%2Fwp%2Fv2%2Fproduct_brand&post=2909"},{"taxonomy":"product_cat","embeddable":true,"href":"https:\/\/stapis.com.pl\/index.php?rest_route=%2Fwp%2Fv2%2Fproduct_cat&post=2909"},{"taxonomy":"product_tag","embeddable":true,"href":"https:\/\/stapis.com.pl\/index.php?rest_route=%2Fwp%2Fv2%2Fproduct_tag&post=2909"}],"curies":[{"name":"wp","href":"https:\/\/api.w.org\/{rel}","templated":true}]}}