{"id":2923,"date":"2016-05-18T08:47:09","date_gmt":"2016-05-18T06:47:09","guid":{"rendered":"http:\/\/stapis.com.pl\/?post_type=product&#038;p=2923"},"modified":"2025-09-18T11:06:07","modified_gmt":"2025-09-18T09:06:07","slug":"2923","status":"publish","type":"product","link":"https:\/\/stapis.com.pl\/?product=2923","title":{"rendered":"By\u0142em Masta. Wspomnienia z podr\u00f3\u017cy po Nigerii &#8211; Andrzej Kuczera"},"content":{"rendered":"<h3>Afryka na wyci\u0105gni\u0119cie r\u0119ki, dla ka\u017cdego. Wystarczy tylko odrobina ch\u0119ci, wyobra\u017ani i otwarto\u015bci!<\/h3>\n<blockquote><p>Kieruj\u0119 t\u0119 ksi\u0105\u017ck\u0119 do wszystkich tych, podobnych do mnie, kt\u00f3rzy marz\u0105 o wyprawie \u017cycia w egzotyczne, obce i dalekie kraje. Afryka jest miejscem, gdzie mo\u017cna do\u015bwiadczy\u0107 tego, o czym czasem si\u0119 \u015bni. Uda\u0142o mi si\u0119 tam by\u0107, prze\u017cy\u0107 wiele przyg\u00f3d i gro\u017anych moment\u00f3w. Chcia\u0142bym si\u0119 z Wami tym podzieli\u0107. A przez to, \u017ce jestem normalnym, \u017cyj\u0105cym na co dzie\u0144 w Polsce \u015bmiertelnikiem, jest to jakby te\u017c Wasza wyprawa. Zorganizowa\u0142em j\u0105 bez przygotowania, wi\u0119c Wy te\u017c mo\u017cecie tego dokona\u0107. \u017beby jednak przedtem co\u015b wiedzie\u0107 na temat tego rodzaju eskapad, warto sprawdza\u0107, co mo\u017ce Was w takich rejonach \u015bwiata czeka\u0107. Nigeria jest jakby Afryk\u0105 w pigu\u0142ce. Skupiaj\u0105 si\u0119 w niej problemy wielu innych kraj\u00f3w tego kontynentu. Postara\u0142em si\u0119 to w spos\u00f3b wartki, barwny, ale absolutnie uczciwy przedstawi\u0107. Je\u017celi mi zaufasz i kupisz opis tych niesamowitych zdarze\u0144, jakie mnie tam spotka\u0142y, gwarantuj\u0119 Ci, \u017ce poczujesz si\u0119 tak jakby\u015b tam by\u0142 i prze\u017cy\u0142 te przygody razem ze mn\u0105.<\/p>\n<p>Andrzej Kuczera<\/p><\/blockquote>\n","protected":false},"excerpt":{"rendered":"<blockquote><p>&nbsp;<\/p><\/blockquote>\n<div class=\"txtpozpola\">ISBN: <span class=\"boldi\">9788388212390<\/span><\/div>\n<div class=\"txtpozpola\">Rok wydania: <span class=\"boldi\">2004<\/span><\/div>\n<div class=\"txtpozpola\">Oprawa: <span class=\"boldi\">broszurowa<\/span><\/div>\n<div class=\"txtpozpola\">Format: <span class=\"boldi\">14&#215;20,5 cm<\/span><\/div>\n<div class=\"txtpozpola\">Strony: <span class=\"boldi\">74<\/span><\/div>\n<div>Zdj\u0119cia: kolorowe<\/div>\n<div>Producent: Wydawnictwo Stapis Anna Pisarek, ul. Floriana 2a, 40-288 Katowice, biuro@stapis.com.pl, tel. 605 963 179<\/div>\n<p>&nbsp;<\/p>\n","protected":false},"featured_media":2924,"comment_status":"closed","ping_status":"closed","template":"","meta":{"_acf_changed":false},"product_brand":[],"product_cat":[55,58,576],"product_tag":[486,487,405,488,38],"class_list":{"0":"post-2923","1":"product","2":"type-product","3":"status-publish","4":"has-post-thumbnail","6":"product_cat-biografie-i-wspomnienia","7":"product_cat-podroze-i-wyprawy-sklep","8":"product_cat-wszystkie","9":"product_tag-afryka","10":"product_tag-nigeria","11":"product_tag-podroze","12":"product_tag-reportaz","13":"product_tag-wspomnienia","15":"first","16":"instock","17":"taxable","18":"shipping-taxable","19":"purchasable","20":"product-type-simple","22":"catalog-layout-default","23":"columns-xs-2"},"acf":[],"jetpack_sharing_enabled":true,"_links":{"self":[{"href":"https:\/\/stapis.com.pl\/index.php?rest_route=\/wp\/v2\/product\/2923","targetHints":{"allow":["GET"]}}],"collection":[{"href":"https:\/\/stapis.com.pl\/index.php?rest_route=\/wp\/v2\/product"}],"about":[{"href":"https:\/\/stapis.com.pl\/index.php?rest_route=\/wp\/v2\/types\/product"}],"replies":[{"embeddable":true,"href":"https:\/\/stapis.com.pl\/index.php?rest_route=%2Fwp%2Fv2%2Fcomments&post=2923"}],"wp:featuredmedia":[{"embeddable":true,"href":"https:\/\/stapis.com.pl\/index.php?rest_route=\/wp\/v2\/media\/2924"}],"wp:attachment":[{"href":"https:\/\/stapis.com.pl\/index.php?rest_route=%2Fwp%2Fv2%2Fmedia&parent=2923"}],"wp:term":[{"taxonomy":"product_brand","embeddable":true,"href":"https:\/\/stapis.com.pl\/index.php?rest_route=%2Fwp%2Fv2%2Fproduct_brand&post=2923"},{"taxonomy":"product_cat","embeddable":true,"href":"https:\/\/stapis.com.pl\/index.php?rest_route=%2Fwp%2Fv2%2Fproduct_cat&post=2923"},{"taxonomy":"product_tag","embeddable":true,"href":"https:\/\/stapis.com.pl\/index.php?rest_route=%2Fwp%2Fv2%2Fproduct_tag&post=2923"}],"curies":[{"name":"wp","href":"https:\/\/api.w.org\/{rel}","templated":true}]}}