{"id":3029,"date":"2019-11-26T09:51:15","date_gmt":"2019-11-26T08:51:15","guid":{"rendered":"http:\/\/stapis.com.pl\/?post_type=product&#038;p=3029"},"modified":"2025-12-23T13:53:07","modified_gmt":"2025-12-23T12:53:07","slug":"revelations-jerry-moffatt","status":"publish","type":"product","link":"https:\/\/stapis.com.pl\/?product=revelations-jerry-moffatt","title":{"rendered":"Revelations &#8211; Jerry Moffatt"},"content":{"rendered":"<h2><strong>Cyfra, nabita bu\u0142a, krew, pot i \u0142zy <\/strong><\/h2>\n<h3><strong>Mistrz ska\u0142y lat 80. pisze o pocz\u0105tkach wspinaczki sportowej<\/strong><\/h3>\n<p>&nbsp;<\/p>\n<p><strong>Brytyjczyk Jerry Moffatt<\/strong> \u2013 legenda wspinaczki lat 80., niepokorny, ambitny, niedaj\u0105cy za\u00a0wygran\u0105 mistrz ska\u0142y i\u00a0zawodnik. W\u00a0wieku 17\u00a0lat, po\u00a0latach niepowodze\u0144 w\u00a0szkole, wybra\u0142 w\u0142asny spos\u00f3b na\u00a0\u017cycie. Stawiaj\u0105c wszystko na\u00a0jedn\u0105 kart\u0119, dopi\u0105\u0142 swego \u2013 zapisa\u0142 si\u0119 na\u00a0kartach historii wspinaczki nie\u00a0tylko\u00a0brytyjskiej, ale\u00a0te\u017c \u015bwiatowej.<\/p>\n<p>Ksi\u0105\u017cka Jerry\u2019ego pt.: \u00a0<em>Revelations, <\/em>kt\u00f3rej tytu\u0142 wprost nawi\u0105zuje do s\u0142ynnej w\u015br\u00f3d wspinaczy drogi Revelations (8a+) w Raven Tor<em>, <\/em>opowiada o\u00a0robieniu \u201ecyfry\u201d, wygrywaniu zawod\u00f3w, pracy nad\u00a0sob\u0105, podnoszeniu poprzeczki i\u00a0\u0142amaniu zasad grawitacji. O\u00a0ambicji i\u00a0spe\u0142nianiu marze\u0144. O\u00a0trudnych pocz\u0105tkach, z\u00a0kred\u0105 krawieck\u0105 zamiast magnezji. O\u00a0sk\u00f3rze spalonej s\u0142o\u0144cem i\u00a0bia\u0142ych podkolan\u00f3wkach z&#8230;\u00a0koniecznie\u00a0dwoma paskami. O\u00a0sukcesach. I\u00a0wreszcie o\u00a0schodzeniu ze\u00a0sceny. Przeczytacie w\u00a0niej te\u017c o\u00a0treningu, diecie i\u00a0systematycznej pracy nad\u00a0tym, by\u00a0zosta\u0107 najlepszym wspinaczem w\u00a0historii.<\/p>\n<h2><\/h2>\n<p>&nbsp;<\/p>\n<p>&nbsp;<\/p>\n","protected":false},"excerpt":{"rendered":"<p>Przek\u0142ad z j\u0119zyka angielskiego: Anna Go\u0142\u0119biowska<\/p>\n<p>ISBN: 978-83-7967-082-6<\/p>\n<p>Ilo\u015b\u0107 stron: 300 (czarno-bia\u0142ych),\u00a0 34 (wk\u0142adka ze zdj\u0119ciami)<\/p>\n<p>Oprawa: mi\u0119kka ze skrzyde\u0142kami<\/p>\n<p>Producent: Wydawnictwo Stapis Anna Pisarek, ul. Floriana 2a, 40-288 Katowice, biuro@stapis.com.pl, tel. 605 963 179<\/p>\n<p><a href=\"https:\/\/stapis.com.pl\/?product_cat=literatura-gorska-na-swiecie\"><img loading=\"lazy\" decoding=\"async\" class=\"alignnone size-medium wp-image-293\" src=\"http:\/\/stapis.com.pl\/wp-content\/uploads\/2016\/10\/czarna_lit_gor_n_Swiecie-300x134.jpg\" alt=\"\" width=\"300\" height=\"134\" srcset=\"https:\/\/stapis.com.pl\/wp-content\/uploads\/2016\/10\/czarna_lit_gor_n_Swiecie-300x134.jpg 300w, https:\/\/stapis.com.pl\/wp-content\/uploads\/2016\/10\/czarna_lit_gor_n_Swiecie-450x200.jpg 450w, https:\/\/stapis.com.pl\/wp-content\/uploads\/2016\/10\/czarna_lit_gor_n_Swiecie-768x342.jpg 768w, https:\/\/stapis.com.pl\/wp-content\/uploads\/2016\/10\/czarna_lit_gor_n_Swiecie-1024x456.jpg 1024w\" sizes=\"auto, (max-width: 300px) 100vw, 300px\" \/><\/a><\/p>\n","protected":false},"featured_media":3025,"comment_status":"closed","ping_status":"closed","template":"","meta":{"_acf_changed":false},"product_brand":[],"product_cat":[55,52,1369,576],"product_tag":[701,699,494,43,704,700,702,703],"class_list":{"0":"post-3029","1":"product","2":"type-product","3":"status-publish","4":"has-post-thumbnail","6":"product_cat-biografie-i-wspomnienia","7":"product_cat-literatura-gorska-na-swiecie","8":"product_cat-promocje","9":"product_cat-wszystkie","10":"product_tag-bouldering","11":"product_tag-historia-wspinaczki-sportowej","12":"product_tag-jerry-moffatt","13":"product_tag-literatura-gorska-na-swiecie","14":"product_tag-skala","15":"product_tag-sport","16":"product_tag-technika-wspinaczkowa","17":"product_tag-yosemite","19":"first","20":"instock","21":"taxable","22":"shipping-taxable","23":"purchasable","24":"product-type-simple","26":"catalog-layout-default","27":"columns-xs-2"},"acf":[],"jetpack_sharing_enabled":true,"_links":{"self":[{"href":"https:\/\/stapis.com.pl\/index.php?rest_route=\/wp\/v2\/product\/3029","targetHints":{"allow":["GET"]}}],"collection":[{"href":"https:\/\/stapis.com.pl\/index.php?rest_route=\/wp\/v2\/product"}],"about":[{"href":"https:\/\/stapis.com.pl\/index.php?rest_route=\/wp\/v2\/types\/product"}],"replies":[{"embeddable":true,"href":"https:\/\/stapis.com.pl\/index.php?rest_route=%2Fwp%2Fv2%2Fcomments&post=3029"}],"wp:featuredmedia":[{"embeddable":true,"href":"https:\/\/stapis.com.pl\/index.php?rest_route=\/wp\/v2\/media\/3025"}],"wp:attachment":[{"href":"https:\/\/stapis.com.pl\/index.php?rest_route=%2Fwp%2Fv2%2Fmedia&parent=3029"}],"wp:term":[{"taxonomy":"product_brand","embeddable":true,"href":"https:\/\/stapis.com.pl\/index.php?rest_route=%2Fwp%2Fv2%2Fproduct_brand&post=3029"},{"taxonomy":"product_cat","embeddable":true,"href":"https:\/\/stapis.com.pl\/index.php?rest_route=%2Fwp%2Fv2%2Fproduct_cat&post=3029"},{"taxonomy":"product_tag","embeddable":true,"href":"https:\/\/stapis.com.pl\/index.php?rest_route=%2Fwp%2Fv2%2Fproduct_tag&post=3029"}],"curies":[{"name":"wp","href":"https:\/\/api.w.org\/{rel}","templated":true}]}}