{"id":3128,"date":"2018-08-28T08:03:10","date_gmt":"2018-08-28T06:03:10","guid":{"rendered":"http:\/\/stapis.com.pl\/?post_type=product&#038;p=3128"},"modified":"2025-12-18T14:37:31","modified_gmt":"2025-12-18T13:37:31","slug":"zdobycie-tatr-tom-i-prehistoria-i-poczatki-taternictwa-do-roku-1903","status":"publish","type":"product","link":"https:\/\/stapis.com.pl\/?product=zdobycie-tatr-tom-i-prehistoria-i-poczatki-taternictwa-do-roku-1903","title":{"rendered":"Zdobycie Tatr. Tom I \u2013 Jan Kie\u0142kowski"},"content":{"rendered":"<h4>Pierwszy tom cyklu po\u015bwi\u0119conego historii zdobywania Tatr<\/h4>\n<h4><em> Prehistoria i pocz\u0105tki Taternictwa do roku 1903<\/em><\/h4>\n<p><em>Tatry s\u0105 dla wielu z\u00a0nas g\u00f3rami najwa\u017cniejszymi. Cho\u0107 stanowi\u0105 niewielkie pod\u00a0wzgl\u0119dem obszaru pasmo, zosta\u0142y szeroko opisane w\u00a0literaturze polskiej, niemieckiej, w\u0119gierskiej, czeskiej i\u00a0s\u0142owackiej. Doczeka\u0142y si\u0119 r\u00f3wnie\u017c swojej encyklopedii, najwi\u0119kszej, jak\u0105 po\u015bwi\u0119cono jednemu pasmu g\u00f3rskiemu, oraz\u00a0niezwykle szczeg\u00f3\u0142owych przewodnik\u00f3w, alpinistycznych i\u00a0turystycznych. Nie\u00a0doczeka\u0142y si\u0119 jednak opracowania w\u0142asnej szczeg\u00f3\u0142owej historii eksploracji alpinistycznej, mimo \u017ce\u00a0po\u00a0obu stronach grani g\u0142\u00f3wnej s\u0105 kolebk\u0105 alpinist\u00f3w nale\u017c\u0105cych przez\u00a0wiele lat do\u00a0\u015bcis\u0142ej czo\u0142\u00f3wki we\u00a0wszystkich g\u00f3rach \u015bwiata.<\/em><\/p>\n<p>Powy\u017cszymi s\u0142owami Jan Kie\u0142kowski zaczyna niezwyk\u0142\u0105 epopej\u0119, jak\u0105 niew\u0105tpliwie jest siedmiotomowe dzie\u0142o pt. \u201eZdobycie Tatr\u201d. Jego pierwszy tom obejmuje prehistori\u0119 i pocz\u0105tki taternictwa, a\u017c do roku 1903.<\/p>\n<p>Autor skupi\u0142 si\u0119 w\u00a0nim przede wszystkim na\u00a0dzia\u0142alno\u015bci eksploracyjnej, kt\u00f3rej\u00a0efektem by\u0142y pierwsze tatrza\u0144skie wej\u015bcia i\u00a0przej\u015bcia. Dowiemy si\u0119, co dzia\u0142o si\u0119 w\u00a0tych g\u00f3rach do\u00a0prze\u0142omowego roku 1614, gdy\u00a0David Fr\u00f6lich zdoby\u0142 jeden z\u00a0najwy\u017cszych szczyt\u00f3w Tatr, nast\u0119pnie poznamy reszt\u0119 dziej\u00f3w siedemnastowiecznych, a\u00a0tak\u017ce\u00a0 maj\u0105ce miejsce ju\u017c w\u00a0wieku XVIII pierwsze wej\u015bcia na Krywa\u0144 i\u00a0\u0141omnic\u0119. Przeczytamy tak\u017ce o\u00a0czasach taternickiego regresu z\u00a0ko\u0144ca XIX wieku i\u00a0o\u00a0fascynuj\u0105cej historii Karola Englischa.<\/p>\n<p>Przedstawione w\u00a0\u201eZdobyciu Tatr\u201d dzieje dzia\u0142alno\u015bci g\u00f3rskiej: ich intensywno\u015b\u0107, rozmach i\u00a0zasi\u0119g, zapieraj\u0105 dech w\u00a0piersiach, a\u00a0dba\u0142o\u015b\u0107 o\u00a0ka\u017cdy detal, starannie wybrane grafiki, ryciny, cytaty, a\u00a0tak\u017ce przebogaty spis literatury \u017ar\u00f3d\u0142owej sprawiaj\u0105, \u017ce\u00a0dzie\u0142o Jana Kie\u0142kowskiego ju\u017c teraz mo\u017cna zaliczy\u0107 do\u00a0najwa\u017cniejszych opracowa\u0144 na\u00a0temat problematyki tatrza\u0144skiej w\u00a0historii literatury polskiej.<\/p>\n<h4><\/h4>\n","protected":false},"excerpt":{"rendered":"<p>&nbsp;<\/p>\n<p>ISBN: 978-83-7967-080-2<\/p>\n<p>Ilo\u015b\u0107 stron: 364<\/p>\n<p>Format: <span class=\"st\">170 x 250 mm<\/span><\/p>\n<p>Oprawa: twarda<\/p>\n<p>Rok wydania: 2018<\/p>\n<p>Producent: Wydawnictwo Stapis Anna Pisarek, ul. Floriana 2a, 40-288 Katowice, biuro@stapis.com.pl, tel. 605 963 179<\/p>\n","protected":false},"featured_media":3035,"comment_status":"closed","ping_status":"closed","template":"","meta":{"_acf_changed":false},"product_brand":[],"product_cat":[52,576],"product_tag":[40,176,499,500,255],"class_list":{"0":"post-3128","1":"product","2":"type-product","3":"status-publish","4":"has-post-thumbnail","6":"product_cat-literatura-gorska-na-swiecie","7":"product_cat-wszystkie","8":"product_tag-historia","9":"product_tag-historia-alpinizmu","10":"product_tag-historia-wspinania","11":"product_tag-malgorzata-i-jan-kielkowscy","12":"product_tag-tatry","14":"first","15":"outofstock","16":"taxable","17":"shipping-taxable","18":"purchasable","19":"product-type-simple","21":"catalog-layout-default","22":"columns-xs-2"},"acf":[],"jetpack_sharing_enabled":true,"_links":{"self":[{"href":"https:\/\/stapis.com.pl\/index.php?rest_route=\/wp\/v2\/product\/3128","targetHints":{"allow":["GET"]}}],"collection":[{"href":"https:\/\/stapis.com.pl\/index.php?rest_route=\/wp\/v2\/product"}],"about":[{"href":"https:\/\/stapis.com.pl\/index.php?rest_route=\/wp\/v2\/types\/product"}],"replies":[{"embeddable":true,"href":"https:\/\/stapis.com.pl\/index.php?rest_route=%2Fwp%2Fv2%2Fcomments&post=3128"}],"wp:featuredmedia":[{"embeddable":true,"href":"https:\/\/stapis.com.pl\/index.php?rest_route=\/wp\/v2\/media\/3035"}],"wp:attachment":[{"href":"https:\/\/stapis.com.pl\/index.php?rest_route=%2Fwp%2Fv2%2Fmedia&parent=3128"}],"wp:term":[{"taxonomy":"product_brand","embeddable":true,"href":"https:\/\/stapis.com.pl\/index.php?rest_route=%2Fwp%2Fv2%2Fproduct_brand&post=3128"},{"taxonomy":"product_cat","embeddable":true,"href":"https:\/\/stapis.com.pl\/index.php?rest_route=%2Fwp%2Fv2%2Fproduct_cat&post=3128"},{"taxonomy":"product_tag","embeddable":true,"href":"https:\/\/stapis.com.pl\/index.php?rest_route=%2Fwp%2Fv2%2Fproduct_tag&post=3128"}],"curies":[{"name":"wp","href":"https:\/\/api.w.org\/{rel}","templated":true}]}}