{"id":3316,"date":"2018-11-20T14:34:25","date_gmt":"2018-11-20T13:34:25","guid":{"rendered":"https:\/\/stapis.com.pl\/?post_type=product&#038;p=3316"},"modified":"2025-02-27T13:11:39","modified_gmt":"2025-02-27T12:11:39","slug":"zimna-anna-marek-ratajczak","status":"publish","type":"product","link":"https:\/\/stapis.com.pl\/?product=zimna-anna-marek-ratajczak","title":{"rendered":"Zimna Anna &#8211; Marek Ratajczak"},"content":{"rendered":"<p><strong><em>Marek Ratajczak, autor kultowej \u201eKrwi Bacy\u201d, wraca do\u00a0Czytelnik\u00f3w z\u00a0najnowsz\u0105 powie\u015bci\u0105 o\u00a0samotnej wyprawie na\u00a0Aconcagu\u0119, czyli tytu\u0142ow\u0105 \u201eZimn\u0105 Ann\u0119\u201d. Nie\u00a0jest to\u00a0jednak wyprawa taka jak inne\u2026<\/em><\/strong><\/p>\n<p>Pe\u0142na w\u0105tk\u00f3w autotematycznych <em>Zimna Anna<\/em> stanowi powie\u015b\u0107 drogi, czy\u00a0mo\u017ce raczej w\u0119dr\u00f3wki, ze\u00a0spor\u0105 doz\u0105 refleksji nad\u00a0kondycj\u0105 wsp\u00f3\u0142czesnego \u015bwiata. To\u00a0tak\u017ce zapis walki g\u0142\u00f3wnego bohatera z\u00a0kapry\u015bn\u0105 g\u00f3r\u0105, przeciwno\u015bciami losu, samym sob\u0105 \u2013 organizmem, umys\u0142em i\u00a0uczuciami. \u00a0Liryczna egzotyka przeplata si\u0119 tu sprawn\u0105 proz\u0105 z\u00a0blokowiskow\u0105 poetyk\u0105, a\u00a0fabu\u0142a czasem przywodzi na\u00a0my\u015bl rasowy thriller. Autor doprawia t\u0119 smakowit\u0105 ca\u0142o\u015b\u0107 dobrym alkoholem i\u00a0\u00a0muzyk\u0105. W\u00a0efekcie \u00a0Czytelnik otrzymuje wyborny, idealnie sch\u0142odzony andyjskim mrozem drink\u2026<\/p>\n<h4>O AUTORZE<\/h4>\n<p><strong>Marek Ratajczak (ur. 1968)<\/strong> \u2013 szczecinianin, urodzony i\u00a0wychowany na\u00a0Przedg\u00f3rzu Sudeckim. Absolwent Instytutu Polonistyki Uniwersytetu Szczeci\u0144skiego. \u00a0Przemieszcza si\u0119 na\u00a0og\u00f3\u0142 pomi\u0119dzy g\u00f3rami, Policami a\u00a0Szczecinem (ostatni odcinek pokonuje cz\u0119sto truchtem, przez\u00a0Puszcz\u0119 Wkrza\u0144sk\u0105). Ksi\u0105\u017cko-,\u00a0 kino- i\u00a0muzykomaniak. Fotoamator, \u00a0podr\u00f3\u017cnik, \u201eg\u00f3ral\u201d z\u00a0Pomorza Zachodniego, niedzielny wspinacz, zapalony biegacz oraz\u00a0raczkuj\u0105cy literat. Autor debiutanckiej \u201eKrwi Bacy\u201d (wyd. Stapis, 2014).<\/p>\n<p>&nbsp;<\/p>\n<p>&nbsp;<\/p>\n","protected":false},"excerpt":{"rendered":"<p>&nbsp;<\/p>\n<p>&nbsp;<\/p>\n<ul>\n<li>ISBN: <span class=\"st\">978-83-7967-012-3<\/span><\/li>\n<li>O<span class=\"st\">k\u0142adka: mi\u0119kka ze skrzyde\u0142kami<\/span><\/li>\n<li><span class=\"st\">Ilo\u015b\u0107 stron: 288<br \/>\n<\/span><\/li>\n<li>Producent: Wydawnictwo Stapis Anna Pisarek, ul. Floriana 2a, 40-288 Katowice, biuro@stapis.com.pl, tel. 605 963 179<\/li>\n<\/ul>\n<p><a href=\"https:\/\/stapis.com.pl\/?product_cat=literatura-gorska-na-swiecie\"><img loading=\"lazy\" decoding=\"async\" class=\" wp-image-293 alignleft\" src=\"https:\/\/stapis.com.pl\/wp-content\/uploads\/2016\/10\/czarna_lit_gor_n_Swiecie-300x134.jpg\" alt=\"\" width=\"264\" height=\"118\" srcset=\"https:\/\/stapis.com.pl\/wp-content\/uploads\/2016\/10\/czarna_lit_gor_n_Swiecie-300x134.jpg 300w, https:\/\/stapis.com.pl\/wp-content\/uploads\/2016\/10\/czarna_lit_gor_n_Swiecie-450x200.jpg 450w, https:\/\/stapis.com.pl\/wp-content\/uploads\/2016\/10\/czarna_lit_gor_n_Swiecie-768x342.jpg 768w, https:\/\/stapis.com.pl\/wp-content\/uploads\/2016\/10\/czarna_lit_gor_n_Swiecie-1024x456.jpg 1024w\" sizes=\"auto, (max-width: 264px) 100vw, 264px\" \/><\/a><\/p>\n","protected":false},"featured_media":3202,"comment_status":"closed","ping_status":"closed","template":"","meta":{"_acf_changed":false},"product_brand":[],"product_cat":[52,1369,576],"product_tag":[533,257,522,79,43,534,528,708,97],"class_list":{"0":"post-3316","1":"product","2":"type-product","3":"status-publish","4":"has-post-thumbnail","6":"product_cat-literatura-gorska-na-swiecie","7":"product_cat-promocje","8":"product_cat-wszystkie","9":"product_tag-aconcagua","10":"product_tag-alpinizm","11":"product_tag-ameryka-poludniowa","12":"product_tag-gory","13":"product_tag-literatura-gorska-na-swiecie","14":"product_tag-podroz","15":"product_tag-przygoda","16":"product_tag-samotna-wyprawa","17":"product_tag-wyprawa","19":"first","20":"instock","21":"sale","22":"taxable","23":"shipping-taxable","24":"purchasable","25":"product-type-simple","27":"catalog-layout-default","28":"columns-xs-2"},"acf":[],"jetpack_sharing_enabled":true,"_links":{"self":[{"href":"https:\/\/stapis.com.pl\/index.php?rest_route=\/wp\/v2\/product\/3316","targetHints":{"allow":["GET"]}}],"collection":[{"href":"https:\/\/stapis.com.pl\/index.php?rest_route=\/wp\/v2\/product"}],"about":[{"href":"https:\/\/stapis.com.pl\/index.php?rest_route=\/wp\/v2\/types\/product"}],"replies":[{"embeddable":true,"href":"https:\/\/stapis.com.pl\/index.php?rest_route=%2Fwp%2Fv2%2Fcomments&post=3316"}],"wp:featuredmedia":[{"embeddable":true,"href":"https:\/\/stapis.com.pl\/index.php?rest_route=\/wp\/v2\/media\/3202"}],"wp:attachment":[{"href":"https:\/\/stapis.com.pl\/index.php?rest_route=%2Fwp%2Fv2%2Fmedia&parent=3316"}],"wp:term":[{"taxonomy":"product_brand","embeddable":true,"href":"https:\/\/stapis.com.pl\/index.php?rest_route=%2Fwp%2Fv2%2Fproduct_brand&post=3316"},{"taxonomy":"product_cat","embeddable":true,"href":"https:\/\/stapis.com.pl\/index.php?rest_route=%2Fwp%2Fv2%2Fproduct_cat&post=3316"},{"taxonomy":"product_tag","embeddable":true,"href":"https:\/\/stapis.com.pl\/index.php?rest_route=%2Fwp%2Fv2%2Fproduct_tag&post=3316"}],"curies":[{"name":"wp","href":"https:\/\/api.w.org\/{rel}","templated":true}]}}