{"id":344,"date":"2016-10-20T08:54:09","date_gmt":"2016-10-20T06:54:09","guid":{"rendered":"http:\/\/stapis.com.pl\/?post_type=product&#038;p=344"},"modified":"2025-02-12T14:06:49","modified_gmt":"2025-02-12T13:06:49","slug":"aleksander-doba-na-fali-i-pod-prad-pelna-autobiografia","status":"publish","type":"product","link":"https:\/\/stapis.com.pl\/?product=aleksander-doba-na-fali-i-pod-prad-pelna-autobiografia","title":{"rendered":"Na fali i pod pr\u0105d \u2013 Aleksander Doba"},"content":{"rendered":"<h4>Ksi\u0105\u017cka o ca\u0142ym \u017cyciu Aleksandra Doby: jego przodkach, domu rodzinnym, latach nauki; o fascynacjach, \u017cyciu rodzinnym, zawodowym i&#8230; o kajaku.<\/h4>\n<p>&nbsp;<\/p>\n<p><em>Na fali i pod pr\u0105d<\/em> jest opowie\u015bci\u0105 o ca\u0142ym \u017cyciu Aleksandra Doby. O przodkach, po kt\u00f3rych odziedziczy\u0142 hart cia\u0142a i ducha, domu rodzinnym, latach nauki, m\u0142odzie\u0144czych fascynacjach lekturowych i turystycznych, \u017cyciu zawodowym, ma\u0142\u017ce\u0144stwie, dzieciach.<\/p>\n<p>Jest te\u017c histori\u0105 o\u00a0odkrytej po trzydziestce kajakowej pasji i coraz odwa\u017cniejszych podr\u00f3\u017cach \u0096 w tym o\u00a0trzeciej, odbytej latem 2016 roku, transatlantyckiej wyprawie kajakowej z Nowego Jorku do Lizbony. Na jej kartach spotykamy niezwykle siln\u0105 i\u00a0z\u0142o\u017con\u0105 osobowo\u015b\u0107. Wizjonera i marzyciela z\u00a0in\u017cyniersk\u0105 precyzj\u0105 realizuj\u0105cego nawet najbardziej \u015bmia\u0142e projekty. Patriot\u0119 nie tylko chwal\u0105cego, ale te\u017c krytykuj\u0105cego sw\u00f3j nar\u00f3d. Roze\u015bmianego gaw\u0119dziarza, kt\u00f3ry nie rezygnuje z\u00a0w\u0142asnego zdania pod naciskiem innych. Dusz\u0119 towarzystwa podr\u00f3\u017cuj\u0105c\u0105 w pojedynk\u0119. Obie\u017cy\u015bwiata nigdy nie maj\u0105cego do\u015b\u0107 p\u0142ywania, a jednocze\u015bnie kochaj\u0105cego m\u0119\u017ca, ojca i dziadka. Jedynego kajakarza na \u015bwiecie, kt\u00f3ry przemierzy\u0142 Atlantyk w\u00a0ca\u0142o\u015bci, od kontynentu do kontynentu, w dodatku b\u0119d\u0105c ju\u017c po sze\u015b\u0107dziesi\u0105tce, a kt\u00f3ry uparcie nazywa si\u0119 turyst\u0105, nie sportowcem.<\/p>\n<p>&nbsp;<\/p>\n<p>&nbsp;<\/p>\n<blockquote><p><i>Trudno \u017cy\u0107 z pasjonatem d\u0105\u017c\u0105cym do realizacji niebezpiecznych i karko\u0142omnych marze\u0144. Niepok\u00f3j i obawa towarzysz\u0105 mi przy ka\u017cdej wyprawie Olka, ale zdaj\u0119 sobie spraw\u0119, \u017ce gdybym by\u0142a przeciwna jego poczynaniom, sta\u0142by si\u0119 sfrustrowanym cz\u0142owiekiem. Dlatego zawsze: \u017cyj\u0119 nadziej\u0105 na powodzenie ka\u017cdej wyprawy, wierz\u0119, \u017ce wr\u00f3ci, ufam i czekam. (<\/i>Gabriela Doba, \u017cona)<\/p><\/blockquote>\n<blockquote><p><i>Olek, m\u00f3j tata, jest dla mnie wielk\u0105 inspiracj\u0105, \u017ce \u017cycie mo\u017ce by\u0107 przygod\u0105. Ju\u017c kiedy by\u0142em ma\u0142ym ch\u0142opcem, tata zaszczepi\u0142 we mnie pragnienie odkrywania \u015bwiata. Zacz\u0119\u0142o si\u0119 od ciekawo\u015bci, co jest za najbli\u017csz\u0105 g\u00f3rk\u0105, a potem pojawi\u0142y si\u0119 kolejne wyzwania, jak kajakarstwo g\u00f3rskie, wspinaczka, skoki spadochronowe oraz podr\u00f3\u017ce. Teraz tata motywuje mnie w inny spos\u00f3b, pokazuj\u0105c, \u017ce przygody nie musz\u0105 si\u0119 ko\u0144czy\u0107 po za\u0142o\u017ceniu rodziny. M\u0142odo\u015b\u0107 jest stanem umys\u0142u, nie metryki. Razem z \u017con\u0105 wyczekujemy narodzin naszego pierwszego potomka, wierz\u0105c, \u017ce nie jedna przygoda jeszcze przed nami. (<\/i>Czes\u0142aw Doba, syn)<\/p><\/blockquote>\n<blockquote><p><i>Ojciec zawsze by\u0142 i jest bardzo konsekwentny, co przejawia\u0142o si\u0119 i w naszym wychowaniu, i w d\u0105\u017ceniu do spe\u0142niania swoich marze\u0144. Jak ojciec wyznaczy sobie jaki\u015b cel, staje si\u0119 niczym rozp\u0119dzona lokomotywa. Nic nie jest w stanie go zatrzyma\u0107. Dzi\u0119ki jego przyk\u0142adowi nauczy\u0142em si\u0119, \u017ce tylko ci\u0119\u017cka praca i dobrze poj\u0119ty up\u00f3r pozwala osi\u0105gn\u0105\u0107 sukces. Ojciec w g\u0142\u0119bi serca wci\u0105\u017c pozostaje m\u0142odym cz\u0142owiekiem, kt\u00f3rego cieszy ka\u017cda chwila, a w zabawach z moimi c\u00f3rkami jest jak r\u00f3wny z r\u00f3wnym. (<\/i>Bartek Doba, syn)<\/p><\/blockquote>\n","protected":false},"excerpt":{"rendered":"<p>&nbsp;<\/p>\n<p>ISBN: 978-83-7967-025-3<\/p>\n<p>Ilo\u015b\u0107 stron: 272<\/p>\n<p>Ok\u0142adka: mi\u0119kka ze skrzyde\u0142kami<\/p>\n<p>Format: 161 x 234 mm<\/p>\n<p>Rok wydania: 2016<\/p>\n<p>Producent: Wydawnictwo Stapis Anna Pisarek, ul. Floriana 2a, 40-288 Katowice, biuro@stapis.com.pl, tel. 605 963 179<\/p>\n<p>&nbsp;<\/p>\n<p><a href=\"https:\/\/www.stapis.com.pl\/?product_cat=podroze-i-wyprawy-sklep\"><img loading=\"lazy\" decoding=\"async\" class=\"alignnone wp-image-1014585\" src=\"https:\/\/www.stapis.com.pl\/wp-content\/uploads\/2020\/05\/seria-Podr\u00f3\u017ce-i-wyprawy-150x150-1.png\" alt=\"\" width=\"132\" height=\"132\" \/><\/a><\/p>\n<p>&nbsp;<\/p>\n<p>&nbsp;<\/p>\n","protected":false},"featured_media":320,"comment_status":"closed","ping_status":"closed","template":"","meta":{"_acf_changed":false},"product_brand":[],"product_cat":[55,58,576],"product_tag":[34,35,33,31,32,37,38,36],"class_list":{"0":"post-344","1":"product","2":"type-product","3":"status-publish","4":"has-post-thumbnail","6":"product_cat-biografie-i-wspomnienia","7":"product_cat-podroze-i-wyprawy-sklep","8":"product_cat-wszystkie","9":"product_tag-aleksander-doba","10":"product_tag-biografia","11":"product_tag-kajaki","12":"product_tag-literatura-podroznicza","13":"product_tag-literatura-turystyczna","14":"product_tag-splyw","15":"product_tag-wspomnienia","16":"product_tag-wyprawa-transatlantycka","18":"first","19":"instock","20":"taxable","21":"shipping-taxable","22":"purchasable","23":"product-type-simple","25":"catalog-layout-default","26":"columns-xs-2"},"acf":[],"jetpack_sharing_enabled":true,"_links":{"self":[{"href":"https:\/\/stapis.com.pl\/index.php?rest_route=\/wp\/v2\/product\/344","targetHints":{"allow":["GET"]}}],"collection":[{"href":"https:\/\/stapis.com.pl\/index.php?rest_route=\/wp\/v2\/product"}],"about":[{"href":"https:\/\/stapis.com.pl\/index.php?rest_route=\/wp\/v2\/types\/product"}],"replies":[{"embeddable":true,"href":"https:\/\/stapis.com.pl\/index.php?rest_route=%2Fwp%2Fv2%2Fcomments&post=344"}],"wp:featuredmedia":[{"embeddable":true,"href":"https:\/\/stapis.com.pl\/index.php?rest_route=\/wp\/v2\/media\/320"}],"wp:attachment":[{"href":"https:\/\/stapis.com.pl\/index.php?rest_route=%2Fwp%2Fv2%2Fmedia&parent=344"}],"wp:term":[{"taxonomy":"product_brand","embeddable":true,"href":"https:\/\/stapis.com.pl\/index.php?rest_route=%2Fwp%2Fv2%2Fproduct_brand&post=344"},{"taxonomy":"product_cat","embeddable":true,"href":"https:\/\/stapis.com.pl\/index.php?rest_route=%2Fwp%2Fv2%2Fproduct_cat&post=344"},{"taxonomy":"product_tag","embeddable":true,"href":"https:\/\/stapis.com.pl\/index.php?rest_route=%2Fwp%2Fv2%2Fproduct_tag&post=344"}],"curies":[{"name":"wp","href":"https:\/\/api.w.org\/{rel}","templated":true}]}}