{"id":348626,"date":"2019-11-27T10:53:13","date_gmt":"2019-11-27T09:53:13","guid":{"rendered":"https:\/\/stapis.com.pl\/?post_type=product&#038;p=348626"},"modified":"2025-02-12T15:21:55","modified_gmt":"2025-02-12T14:21:55","slug":"internet-w-swietle-filozofii-techniki-alfred-skorupka","status":"publish","type":"product","link":"https:\/\/stapis.com.pl\/?product=internet-w-swietle-filozofii-techniki-alfred-skorupka","title":{"rendered":"Internet w \u015bwietle filozofii techniki &#8211; Alfred Skorupka"},"content":{"rendered":"<p>&nbsp;<\/p>\n<p>Ksi\u0105\u017cka po\u015bwi\u0119cona racjonalnej refleksji nad przyczynami, skutkami i perspektywami rozwoju techniki. Zosta\u0142y w niej przedstawione pogl\u0105dy m.in.: Lewisa Mumforda, Arnolda Gehlena, Stanis\u0142awa Lema, Alvina Tofflera czy Francisa Fukuyamy. Ich koncepcje zestawiono z wiedz\u0105 o internecie i jego prze\u0142omow\u0105 rol\u0105 w cywilizacji.<\/p>\n<p>&nbsp;<\/p>\n<h3>O\u00a0AUTORZE<\/h3>\n<p>Alfred Skorupka (ur. 1979) studiowa\u0142 filozofi\u0119 i\u00a0psychologi\u0119 na\u00a0Uniwersytecie \u015al\u0105skim. Prac\u0119 doktorsk\u0105 obroni\u0142 w\u00a02004\u00a0r. z\u00a0filozofii pod\u00a0kierunkiem prof.\u00a0J\u00f3zefa Ba\u0144ki. Pracuje na\u00a0Politechnice \u015al\u0105skiej. Zajmuje si\u0119 filozofi\u0105 cywilizacji, recentywizmem, etyk\u0105, buddyzmem zen, komunikacj\u0105 spo\u0142eczn\u0105 i\u00a0psychologi\u0105 menad\u017cersk\u0105. Jest autorem oko\u0142o 50\u00a0artyku\u0142\u00f3w i\u00a0recenzji oraz\u00a013\u00a0ksi\u0105\u017cek, mi\u0119dzy innymi: \u201cIdea cywilizacji na\u00a0tle kryzysu filozofii XX wieku\u201d, \u201cCywilizacja jako problem filozofii polityki\u201d, \u201cGry i\u00a0zabawy. Wittgenstein-Huizinga-Ba\u0144ka\u201d i\u00a0\u201cWok\u00f3\u0142 teorii Samuela Huntingtona i\u00a0Francisa Fukuyamy\u201d.<\/p>\n","protected":false},"excerpt":{"rendered":"<p>&nbsp;<\/p>\n<p>&nbsp;<\/p>\n<p>&nbsp;<\/p>\n<ul>\n<li>978-83-7967-128-1<\/li>\n<li>Ok\u0142adka: mi\u0119kka<\/li>\n<li>Format: 142 x 204mm<\/li>\n<li>Producent: Wydawnictwo Stapis Anna Pisarek, ul. Floriana 2a, 40-288 Katowice, biuro@stapis.com.pl, tel. 605 963 179<\/li>\n<\/ul>\n<p>&nbsp;<\/p>\n<p>&nbsp;<\/p>\n","protected":false},"featured_media":348628,"comment_status":"closed","ping_status":"closed","template":"","meta":{"_acf_changed":false},"product_brand":[],"product_cat":[575,576],"product_tag":[442,746,747],"class_list":{"0":"post-348626","1":"product","2":"type-product","3":"status-publish","4":"has-post-thumbnail","6":"product_cat-hist-polit","7":"product_cat-wszystkie","8":"product_tag-filozofia","9":"product_tag-internet","10":"product_tag-mysl-wspolczesna","12":"first","13":"instock","14":"taxable","15":"shipping-taxable","16":"purchasable","17":"product-type-simple","19":"catalog-layout-default","20":"columns-xs-2"},"acf":[],"jetpack_sharing_enabled":true,"_links":{"self":[{"href":"https:\/\/stapis.com.pl\/index.php?rest_route=\/wp\/v2\/product\/348626","targetHints":{"allow":["GET"]}}],"collection":[{"href":"https:\/\/stapis.com.pl\/index.php?rest_route=\/wp\/v2\/product"}],"about":[{"href":"https:\/\/stapis.com.pl\/index.php?rest_route=\/wp\/v2\/types\/product"}],"replies":[{"embeddable":true,"href":"https:\/\/stapis.com.pl\/index.php?rest_route=%2Fwp%2Fv2%2Fcomments&post=348626"}],"wp:featuredmedia":[{"embeddable":true,"href":"https:\/\/stapis.com.pl\/index.php?rest_route=\/wp\/v2\/media\/348628"}],"wp:attachment":[{"href":"https:\/\/stapis.com.pl\/index.php?rest_route=%2Fwp%2Fv2%2Fmedia&parent=348626"}],"wp:term":[{"taxonomy":"product_brand","embeddable":true,"href":"https:\/\/stapis.com.pl\/index.php?rest_route=%2Fwp%2Fv2%2Fproduct_brand&post=348626"},{"taxonomy":"product_cat","embeddable":true,"href":"https:\/\/stapis.com.pl\/index.php?rest_route=%2Fwp%2Fv2%2Fproduct_cat&post=348626"},{"taxonomy":"product_tag","embeddable":true,"href":"https:\/\/stapis.com.pl\/index.php?rest_route=%2Fwp%2Fv2%2Fproduct_tag&post=348626"}],"curies":[{"name":"wp","href":"https:\/\/api.w.org\/{rel}","templated":true}]}}