{"id":3675,"date":"2019-03-14T10:11:12","date_gmt":"2019-03-14T09:11:12","guid":{"rendered":"https:\/\/stapis.com.pl\/?post_type=product&#038;p=3675"},"modified":"2025-02-12T15:29:23","modified_gmt":"2025-02-12T14:29:23","slug":"gruzja-dla-niezdecydowanych-artur-zygmuntowicz","status":"publish","type":"product","link":"https:\/\/stapis.com.pl\/?product=gruzja-dla-niezdecydowanych-artur-zygmuntowicz","title":{"rendered":"Gruzja dla pocz\u0105tkuj\u0105cych \u2013 Artur Zygmuntowicz"},"content":{"rendered":"<h4>Chcesz si\u0119 dowiedzie\u0107 o Gruzji czego\u015b, o czym nie przeczytasz w \u017cadnym przewodniku turystycznym? Si\u0119gnij po <em>Gruzj\u0119 dla pocz\u0105tkuj\u0105cych<\/em> Artura Zygmuntowicza i poznaj Sakartwelo od kuchni \u2013 tej s\u0142odkiej i tej pe\u0142nej goryczy&#8230;<\/h4>\n<p>&nbsp;<\/p>\n<p>To ksi\u0105\u017cka, dzi\u0119ki kt\u00f3rej podr\u00f3\u017c do tego niezwyk\u0142ej kraju mo\u017ce okaza\u0107 si\u0119 zdecydowanie \u0142atwiejsza, przyjemniejsza i bogatsza. A sama lektura, to emocjonalny roller coaster, bo pe\u0142no tu historii, po kt\u00f3rych trudno opanowa\u0107 wybuchy \u015bmiechu, oraz takich, po kt\u00f3rych nastr\u00f3j radykalnie si\u0119 zmienia. I tak przez przez ca\u0142y tekst \u2013 ostre por\u00f3wnania, niepoprawny j\u0119zyk i tok my\u015blenia, humor wyrafinowany na zmian\u0119 z rubasznym, a do tego zawsze pe\u0142ne empatii d\u0105\u017cenie do zrozumienia drugiego cz\u0142owieka.<\/p>\n<h4><\/h4>\n<p>&nbsp;<\/p>\n<h4>Patronat medialny miesi\u0119cznika \u201ePoznaj \u015awiat\u201d<\/h4>\n<p><a href=\"https:\/\/www.poznaj-swiat.pl\/\"><img loading=\"lazy\" decoding=\"async\" class=\" wp-image-3632 alignleft\" src=\"https:\/\/stapis.com.pl\/wp-content\/uploads\/2019\/02\/Poznaj-\u015bwiat-logo-300x134.jpg\" alt=\"\" width=\"204\" height=\"91\" srcset=\"https:\/\/stapis.com.pl\/wp-content\/uploads\/2019\/02\/Poznaj-\u015bwiat-logo-300x134.jpg 300w, https:\/\/stapis.com.pl\/wp-content\/uploads\/2019\/02\/Poznaj-\u015bwiat-logo-450x201.jpg 450w, https:\/\/stapis.com.pl\/wp-content\/uploads\/2019\/02\/Poznaj-\u015bwiat-logo.jpg 600w\" sizes=\"auto, (max-width: 204px) 100vw, 204px\" \/><\/a><\/p>\n","protected":false},"excerpt":{"rendered":"<p>&nbsp;<\/p>\n<p>ISBN: 978-83-7967-086<\/p>\n<p>Ilo\u015b\u0107 stron: 224<\/p>\n<p>Format: 161 x 234<\/p>\n<p>Ok\u0142adka: mi\u0119kka ze skrzyde\u0142kami<\/p>\n<p>Rok wydania: 2019<\/p>\n<p>Producent: Wydawnictwo Stapis Anna Pisarek, ul. Floriana 2a, 40-288 Katowice, biuro@stapis.com.pl, tel. 605 963 179<\/p>\n<p><a href=\"https:\/\/stapis.com.pl\/wp-content\/uploads\/2019\/02\/logo-podr\u00f3\u017ce-i-wyprawy.png\"><img loading=\"lazy\" decoding=\"async\" class=\"alignnone wp-image-3631\" src=\"https:\/\/stapis.com.pl\/wp-content\/uploads\/2019\/02\/logo-podr\u00f3\u017ce-i-wyprawy-300x186.png\" alt=\"\" width=\"202\" height=\"125\" srcset=\"https:\/\/stapis.com.pl\/wp-content\/uploads\/2019\/02\/logo-podr\u00f3\u017ce-i-wyprawy-300x186.png 300w, https:\/\/stapis.com.pl\/wp-content\/uploads\/2019\/02\/logo-podr\u00f3\u017ce-i-wyprawy-450x279.png 450w, https:\/\/stapis.com.pl\/wp-content\/uploads\/2019\/02\/logo-podr\u00f3\u017ce-i-wyprawy-768x476.png 768w, https:\/\/stapis.com.pl\/wp-content\/uploads\/2019\/02\/logo-podr\u00f3\u017ce-i-wyprawy.png 1017w\" sizes=\"auto, (max-width: 202px) 100vw, 202px\" \/><\/a><\/p>\n<p>&nbsp;<\/p>\n","protected":false},"featured_media":1014033,"comment_status":"closed","ping_status":"closed","template":"","meta":{"_acf_changed":false},"product_brand":[],"product_cat":[58,576],"product_tag":[360,558,1169,559,605,560],"class_list":{"0":"post-3675","1":"product","2":"type-product","3":"status-publish","4":"has-post-thumbnail","6":"product_cat-podroze-i-wyprawy-sklep","7":"product_cat-wszystkie","8":"product_tag-artur-zygmuntowicz","9":"product_tag-gruzja","10":"product_tag-ksiazki-podroznicze","11":"product_tag-podroze-i-wyprawy","12":"product_tag-przewodnik","13":"product_tag-wedrowki","15":"first","16":"instock","17":"taxable","18":"shipping-taxable","19":"purchasable","20":"product-type-simple","22":"catalog-layout-default","23":"columns-xs-2"},"acf":[],"jetpack_sharing_enabled":true,"_links":{"self":[{"href":"https:\/\/stapis.com.pl\/index.php?rest_route=\/wp\/v2\/product\/3675","targetHints":{"allow":["GET"]}}],"collection":[{"href":"https:\/\/stapis.com.pl\/index.php?rest_route=\/wp\/v2\/product"}],"about":[{"href":"https:\/\/stapis.com.pl\/index.php?rest_route=\/wp\/v2\/types\/product"}],"replies":[{"embeddable":true,"href":"https:\/\/stapis.com.pl\/index.php?rest_route=%2Fwp%2Fv2%2Fcomments&post=3675"}],"wp:featuredmedia":[{"embeddable":true,"href":"https:\/\/stapis.com.pl\/index.php?rest_route=\/wp\/v2\/media\/1014033"}],"wp:attachment":[{"href":"https:\/\/stapis.com.pl\/index.php?rest_route=%2Fwp%2Fv2%2Fmedia&parent=3675"}],"wp:term":[{"taxonomy":"product_brand","embeddable":true,"href":"https:\/\/stapis.com.pl\/index.php?rest_route=%2Fwp%2Fv2%2Fproduct_brand&post=3675"},{"taxonomy":"product_cat","embeddable":true,"href":"https:\/\/stapis.com.pl\/index.php?rest_route=%2Fwp%2Fv2%2Fproduct_cat&post=3675"},{"taxonomy":"product_tag","embeddable":true,"href":"https:\/\/stapis.com.pl\/index.php?rest_route=%2Fwp%2Fv2%2Fproduct_tag&post=3675"}],"curies":[{"name":"wp","href":"https:\/\/api.w.org\/{rel}","templated":true}]}}